{"id":1194,"date":"2020-04-08T12:27:59","date_gmt":"2020-04-08T10:27:59","guid":{"rendered":"http:\/\/mariangorynia.pl\/?page_id=1194"},"modified":"2025-02-22T12:14:56","modified_gmt":"2025-02-22T11:14:56","slug":"monografie-naukowe","status":"publish","type":"page","link":"https:\/\/mariangorynia.pl\/?page_id=1194","title":{"rendered":"Monografie naukowe"},"content":{"rendered":"\n<table class=\"wp-block-table aligncenter\">\n<tbody>\n<tr>\n<td colspan=\"2\">\n<h4><strong>Nowo\u015bci<\/strong><\/h4>\n<\/td>\n<\/tr>\n<tr>\n<td width=\"25%\">\n<figure>\n\n<img loading=\"lazy\" decoding=\"async\" class=\"alignnone size-full wp-image-115\" src=\"https:\/\/mariangorynia.pl\/wp-content\/uploads\/book_okladka_zagrozenia_zwiazane_z_nowymi_tech_2024.jpg\" alt=\"\" width=\"177\" height=\"265\"><\/figure>\n<\/td>\n<td><p span=\"\" style=\"color: black\">Fa\u0142kowski Andrzej, Gorynia Marian, Kuczewska Joanna, Pietrusiewicz Krzysztof, <strong>Zagro\u017cenia zwi\u0105zane z wprowadzaniem nowych technologii cyfrowych w ma\u0142ych i \u015brednich przedsi\u0119biorstwach w kontek\u015bcie bezpiecze\u0144stwa pa\u0144stwa. Diagnoza i rekomendacje<\/strong>, 2024, Warszawa: Polskie Wydawnictwo Ekonomiczne, 177 s., ISBN:978-83-208-2648-7\n<a href=\"https:\/\/www.researchgate.net\/publication\/388593026_Zagrozenia_zwiazane_z_wprowadzaniem_nowych_technologii_cyfrowych_w_malych_i_srednich_przedsiebiorstwach_w_kontekscie_bezpieczenstwa_panstwa_Diagnoza_i_rekomendacje\"><span style=\"color: blue\">\n<strong>[pobierz]<\/strong><\/a>\n<a href=\"https:\/\/www.pwe.com.pl\/pobierz.php?id=564859656&#038;f=falkowski-goynia-zagrozenia-zwiazane.pdf\"><span style=\"color: blue\">\n<strong>[link do strony wydawcy]<\/strong><\/a>\n<\/td>\n<\/tr>\n\n\n<tr>\n<td>\n<img loading=\"lazy\" decoding=\"async\" class=\"alignnone size-full wp-image-114\" src=\"https:\/\/mariangorynia.pl\/wp-content\/uploads\/book_okladka_zmiany_wywolane_covid-19.jpg\" alt=\"\" width=\"177\" height=\"265\"><\/figure>\n<\/td>\n<td><p span=\"\" style=\"color: black\">Gorynia Marian, Kuczewska Joanna, <strong>Zmiany wywo\u0142ane pandemi\u0105 COVID-19 w sektorze M\u015aP i ich wp\u0142yw na realizacje proces\u00f3w biznesowych <\/strong>, 2023, Warszawa: Polskie Wydawnictwo Ekonomiczne, 106 s., ISBN:978-83-208-2594-7\n<a href=\"https:\/\/mariangorynia.pl\/wp-content\/uploads\/Gorynia_Kuczewska_2023_Zmiany-wywolane_pandemia_covid-19-compressed.pdf\"><span style=\"color: blue\">\n<strong>[pobierz]<\/strong><\/a>\n<a href=\"https:\/\/www.pwe.com.pl\/files\/1088408288\/file\/Gorynia_Kuczewska_Zmiany_wywolane_pandemia.pdf\"><span style=\"color: blue\">\n<strong>[link do strony wydawcy]<\/strong><\/a>\n<\/td>\n<\/tr>\n\n\n<tr>\n<td>\n<img loading=\"lazy\" decoding=\"async\" class=\"alignnone size-full wp-image-113\" src=\"https:\/\/mariangorynia.pl\/wp-content\/uploads\/Book_Keynes_okladka.jpg\" alt=\"\" width=\"177\" height=\"265\"><\/figure>\n<\/td>\n<td><p span=\"\" style=\"color: black\">M\u0105czy\u0144ska El\u017cbieta, Gorynia Marian, Urbaniec Maria (red.), <strong>Keynes a wsp\u00f3\u0142czesno\u015b\u0107 : Ekonomiczne perspektywy dla naszych wnuk\u00f3w <\/strong>, 2023, Warszawa: Wydawnictwo Polskiego Towarzystwa Ekonomicznego, 353 s., ISBN:9788365269447\n<a href=\"https:\/\/mariangorynia.pl\/wp-content\/uploads\/Book_red_Keynes_2023_short.pdf\"><span style=\"color: blue\">\n<strong>[pobierz]\n<\/strong>\n<\/a>\n<\/td>\n<\/tr>\n\n\n\n\n<tr>\n<td>\n<img loading=\"lazy\" decoding=\"async\" class=\"alignnone size-full wp-image-112\" src=\"https:\/\/mariangorynia.pl\/wp-content\/uploads\/okladka_ENE_2023.jpg\" alt=\"\" width=\"177\" height=\"265\"><\/figure>\n<\/td>\n<td><p span=\"\" style=\"color: black\">Fiedor Bogus\u0142aw, Gorynia Marian, Szablewski Andrzej (red.), <strong>Ewolucja nauk ekonomicznych II : Ekonomia a pandemia COVID-19 \u2013 potrzeba bie\u017c\u0105cych dostosowa\u0144 czy zmiany paradygmatu? <\/strong>, 2023, Warszawa: Wydawnictwo Polskiego Towarzystwa Ekonomicznego, 275 s., ISBN:978-83-65269-43-0\n<a href=\"https:\/\/mariangorynia.pl\/wp-content\/uploads\/Fiedor_Gorynia_Szablewski_red._BOOK_ENE_II_2023_wstep.pdf\"><span style=\"color: blue\">\n<strong>[pobierz]\n<\/strong>\n<\/a>\n<\/td>\n<\/tr>\n\n\n\n<tr>\n<td>\n<img loading=\"lazy\" decoding=\"async\" class=\"alignnone size-full wp-image-111\" src=\"https:\/\/mariangorynia.pl\/wp-content\/uploads\/okladka_book_2023.jpg\" alt=\"\" width=\"177\" height=\"265\"><\/figure>\n<\/td>\n<td><p span=\"\" style=\"color: black\">Gorynia Marian (red.), <strong>Pandemia, wojna, globalne przesilenie <\/strong>, 2023, Pozna\u0144: Wydawnictwo Uniwersytetu Ekonomicznego w Poznaniu, 212 s., ISBN:978-83-8211-177-4\n<a href=\"https:\/\/mariangorynia.pl\/wp-content\/uploads\/Gorynia_red_2023_pandemia_wojna_glob_przesilenie_book.pdf\"><span style=\"color: blue\">\n<strong>[pobierz]\n<\/strong>\n<\/a>\n<\/td>\n<\/tr>\n\n\n<tr>\n<td>\n<figure>\n<img loading=\"lazy\" decoding=\"async\" class=\"alignnone size-full wp-image-110\" src=\"https:\/\/mariangorynia.pl\/wp-content\/uploads\/Okladka_Economic_sciences_and_contemporary_2022.jpg\" alt=\"\" width=\"177\" height=\"265\"><\/figure>\n<\/td>\n<td><p span=\"\" style=\"color: black\">Fiedor Bogus\u0142aw, Gorynia Marian, M\u0105czy\u0144ska El\u017cbieta (red.), <strong>The Economic Sciences and Contemporary Challenges: Fundamental Problems in Theory and Practice <\/strong>, 2022, Warszawa: PTE, 302 s., ISBN:978-83-65269-37-9\n<!--<a href=\"https:\/\/mariangorynia.pl\/wp-content\/uploads\/Gorynia_Kuczewska_Nowak_Polskie_przedsiebiorstwo_2022_PWE_short.pdf\"><span style=\"color: blue\">\n<strong>[pobierz WST\u0118P]\n<\/strong>\n<\/a>-->\n<\/td>\n<\/tr>\n\n<tr>\n<td>\n<figure>\n<img loading=\"lazy\" decoding=\"async\" class=\"alignnone size-full wp-image-109\" src=\"https:\/\/mariangorynia.pl\/wp-content\/uploads\/Polskie_przedsiebiorstwo_okladka_2022.jpg\" alt=\"\" width=\"177\" height=\"265\"><\/figure>\n<\/td>\n<td><p span=\"\" style=\"color: black\">Gorynia Marian, Kuczewska Joanna, Nowak Alojzy Z. (red.), <strong>Polskie przedsi\u0119biorstwo na jednolitym rynku europejskim. Wyzwania wsp\u00f3\u0142czesno\u015bci <\/strong>, 2022, Warszawa: PWE, 246 s., ISBN:978-83-208-2489-6\n<a href=\"https:\/\/mariangorynia.pl\/wp-content\/uploads\/Gorynia_Kuczewska_Nowak_Polskie_przedsiebiorstwo_2022_PWE_short.pdf\"><span style=\"color: blue\">\n<strong>[pobierz]\n<\/strong>\n<\/a>\n<\/td>\n<\/tr>\n\n<tr>\n<td>\n<figure>\n<img loading=\"lazy\" decoding=\"async\" class=\"alignnone size-full wp-image-108\" src=\"https:\/\/mariangorynia.pl\/wp-content\/uploads\/okladka_pandemia_cedewu_2021.jpg\" alt=\"\" width=\"177\" height=\"265\"><\/figure>\n<\/td>\n<td><p span=\"\" style=\"color: black\">Gorynia Marian (red.), <strong>\u015awiat w obliczu pandemii <\/strong>, 2021, Warszawa: CeDeWu, 126 s., ISBN:978-83-8102-538-6\n<a href=\"https:\/\/mariangorynia.pl\/wp-content\/uploads\/Gorynia_M_Swiat_w_obliczu_pandemii_2021_CeDeWu-1.pdf\"><span style=\"color: blue\">\n<strong>[pobierz]\n<\/strong>\n<\/a>\n<\/td>\n<\/tr>\n\n\n<tr>\n<td>\n<figure>\n<img loading=\"lazy\" decoding=\"async\" class=\"alignnone size-full wp-image-106\" src=\"https:\/\/mariangorynia.pl\/wp-content\/uploads\/Jednosc_czy_pluralizm_red_okladka-1.jpg\" alt=\"\" width=\"182\" height=\"265\"><\/figure>\n<\/td>\n<td><p span=\"\" style=\"color: black\">Fiedor B., Gorynia M., Hardt \u0141., (red.),\n<strong>Jednorodno\u015b\u0107 czy pluralizm. Rozwa\u017cania nad natur\u0105 nauk ekonomicznych i gospodarki\n<\/strong>, 2021, Warszawa: PTE, 457 s.,\n\n<a href=\"https:\/\/mariangorynia.pl\/wp-content\/uploads\/Fiedor_Gorynia_Hardt_Wstep_Jednosc_czy_pluralizm_2021_17-25.pdf\"><span style=\"color: blue\">\n<strong>[pobierz WST\u0118P]\n<\/strong><\/a>\n<\/td>\n<\/tr>\n\n<tr>\n<td>\n<figure>\n<img loading=\"lazy\" decoding=\"async\" class=\"alignnone size-full wp-image-105\" src=\"https:\/\/mariangorynia.pl\/wp-content\/uploads\/brexit_and_the_future_book_okladka.jpg\" alt=\"\" width=\"177\" height=\"265\"><\/figure>\n<\/td>\n<td><p span=\"\" style=\"color: black\">Gorynia Marian, Jankowska Barbara, Mroczek-D\u0105browska Katarzyna (red.),\n<strong>Brexit and the Future of the European Union\n<\/strong>, 2021, London: Routledge, 168 s., DOI:10.4324\/9781003008606\n\n<a href=\"https:\/\/www.taylorfrancis.com\/books\/edit\/10.4324\/9781003008606\/brexit-future-european-union-marian-gorynia-barbara-jankowska-katarzyna-mroczek-d%C4%85browska?context=ubx&amp;refId=feca0242-0a46-4fd7-82d1-a15b35de5cc0\"><span style=\"color: blue\">\n<strong>[LINK]\n<\/strong>\n<\/a><\/td>\n<\/tr>\n<tr>\n<td>\n<figure>\n<img loading=\"lazy\" decoding=\"async\" class=\"alignnone size-full wp-image-103\" src=\"https:\/\/mariangorynia.pl\/wp-content\/uploads\/Przedsiebiorstwo_w_biznesie_miedzynarodowym_20201228_front.jpg\" alt=\"\" width=\"200\" height=\"265\"><\/figure>\n<\/td>\n<td><p span=\"\" style=\"color: black\">Gorynia M.,\n<strong>Przedsi\u0119biorstwo w biznesie mi\u0119dzynarodowym: Aspekty ekonomiczne, finansowe i mened\u017cerskie\n<\/strong>. Warszawa: Wydawnictwo Naukowe PWN, 2021.\n\n<a href=\"https:\/\/mariangorynia.pl\/wp-content\/uploads\/Gorynia_Przedsiebiorstwo_w_biznesie_miedzynarodowym_book_2021_pwn.pdf\"><span style=\"color: blue\">\n<strong>[pobierz]\n<\/strong>\n<\/a>\n\n<a href=\"https:\/\/ksiegarnia.pwn.pl\/Przedsiebiorstwo-w-biznesie-miedzynarodowym,875092158,p.html\"><span style=\"color: blue\">\n<strong>[Ksi\u0119garnia PWN eBook]\n<\/strong>\n<\/a>\n\n<a href=\"https:\/\/ksiegarnia.pwn.pl\/Przedsiebiorstwo-w-biznesie-miedzynarodowym,872835096,p.html\"><span style=\"color: blue\">\n<strong>[Ksi\u0119garnia PWN Ksi\u0105\u017cka]\n<\/strong>\n<\/a>\n\n<a href=\"https:\/\/pwn.pl\/aktualnosci-od-pwn\/nagroda-sgh-dla-prof-mariana-goryni\/\"><span style=\"color: blue\">\n<strong>[Nagroda za ksi\u0105\u017ck\u0119]\n<\/strong>\n<\/a>\n\n\n\n\n\n\n<a href=\"https:\/\/www.youtube.com\/watch?v=jBhzUOjGYu4\"><span style=\"color: blue\">\n<strong>zapowied\u017a autora\n<\/strong>\n<\/a><\/td>\n<\/tr>\n<tr>\n<td>\n<figure>\n<img loading=\"lazy\" decoding=\"async\" class=\"alignnone size-full wp-image-102\" src=\"https:\/\/mariangorynia.pl\/wp-content\/uploads\/ERD_2020_okladka.jpg\" alt=\"\" width=\"200\" height=\"265\"><\/figure>\n<\/td>\n<td><p span=\"\" style=\"color: black\">Fiedor B., Gorynia M., M\u0105czy\u0144ska E. (red.),\n<strong>Nauki ekonomiczne i wyzwania wsp\u00f3\u0142czesno\u015bci: Fundamentalne problemy w teorii i praktyce\n<\/strong>. Warszawa: PTE, 2020.\n\n<a href=\"https:\/\/mariangorynia.pl\/wp-content\/uploads\/Book_EDR_2020_str_1-36.pdf\"><span style=\"color: blue\">\n<strong>[pobierz WST\u0118P]\n<\/strong>\n<\/a><\/td>\n<\/tr>\n<tr>\n<td>\n<figure>\n<img loading=\"lazy\" decoding=\"async\" class=\"alignnone size-full wp-image-101\" src=\"https:\/\/mariangorynia.pl\/wp-content\/uploads\/0001.jpg\" alt=\"\" width=\"200\" height=\"265\"><\/figure>\n<\/td>\n<td><p span=\"\" style=\"color: black\">Gorynia M. (red.),\n<strong>Ewolucja nauk ekonomicznych. Jedno\u015b\u0107 a r\u00f3\u017cnorodno\u015b\u0107, relacje do innych nauk, problemy klasyfikacyjne\n<\/strong>. Warszawa: Polska Akademia Nauk (PAN), 2019.\n\nDost\u0119pne r\u00f3wnie\u017c w\n<a href=\"https:\/\/publikacje.pan.pl\/book\/131636\/ewolucja-nauk-ekonomicznych-jednosc-a-roznorodnosc-relacje-do-innych-nauk-problemy-klasyfikacyjne\"><span style=\"color: blue\">\n<strong>publikacje PAN\n<\/strong>\n<\/a><br><a href=\"https:\/\/mariangorynia.pl\/wp-content\/uploads\/Ewolucja_nauk_ekonomicznych.pdf\"><span style=\"color: blue\">\n<strong>[pobierz]\n<\/strong>\n<\/a>.<\/td>\n<\/tr>\n<tr>\n<td>\n<figure>\n<img loading=\"lazy\" decoding=\"async\" class=\"alignnone size-full wp-image-100\" src=\"https:\/\/mariangorynia.pl\/wp-content\/uploads\/ekonomia_i_polityka_okladka.jpg\" alt=\"\" width=\"200\" height=\"281\"><\/figure>\n<\/td>\n<td><p span=\"\" style=\"color: black\">Gorynia M.,\n<strong>Czy nowy pragmatyzm jest pragmatyczny?\n<\/strong> [w:] Ekonomia i polityka: wok\u00f3\u0142 teorii Grzegorza W. Ko\u0142odko, red. E. M\u0105czy\u0144ska, Warszawa: PWN, 2019.\n\n<a href=\"https:\/\/mariangorynia.pl\/wp-content\/uploads\/Gorynia_Nowy_pragmatyzm_jest_pragmatyczny_2019.pdf\"><span style=\"color: blue\">\n<strong>[pobierz]\n<\/strong>\n<\/a><\/td>\n<\/tr>\n<tr>\n<td>\n<figure>\n<img loading=\"lazy\" decoding=\"async\" class=\"alignnone size-full wp-image-99\" src=\"https:\/\/mariangorynia.pl\/wp-content\/uploads\/2017\/04\/International-competitiveness.jpg\" alt=\"\" width=\"200\" height=\"281\"><\/figure>\n<\/td>\n<td><p span=\"\" style=\"color: black\">Dzikowska M., Gorynia M., Jankowska B. (ed.),\n<strong>International Competitiveness of Polish Companies During and After the Global Economic Crisis\n<\/strong>. Difin, 2017.\n\n<strong>\n<a href=\"https:\/\/mariangorynia.pl\/wp-content\/uploads\/Dzikowska_Gorynia_Jankowska_ed._International_competitiveness_eng_2017.pdf\"><span style=\"color: blue\">[pobierz]\n<\/a>\n<\/strong><\/td>\n<\/tr>\n<tr>\n<td>\n<figure>\n<img loading=\"lazy\" decoding=\"async\" class=\"alignnone size-full wp-image-97\" src=\"https:\/\/mariangorynia.pl\/wp-content\/uploads\/2018\/03\/book_34.jpg\" alt=\"\" width=\"200\" height=\"281\"><\/figure>\n<\/td>\n<td><p span=\"\" style=\"color: black\">Dzikowska M., Gorynia M., Jankowska B. (redakcja naukowa),\n<strong>Mi\u0119dzynarodowa konkurencyjno\u015b\u0107 polskich przedsi\u0119biorstw w okresie globalnego kryzysu gospodarczego i po jego wyst\u0105pieniu\n<\/strong>, Difin, 2016.\n\n<strong>\n<a href=\"https:\/\/mariangorynia.pl\/wp-content\/uploads\/Dzikowska_Gorynia_Jankowska_red_Miedzynarodowa_konkurencyjnosc_polskich_przedsiebiorstw_2016.pdf\"><span style=\"color: blue\">[pobierz]\n<\/a>\n<\/strong><\/td>\n<\/tr>\n<tr>\n<td>\n<figure>\n<img loading=\"lazy\" decoding=\"async\" class=\"alignnone size-full wp-image-96\" src=\"https:\/\/mariangorynia.pl\/wp-content\/uploads\/2018\/03\/book_29.jpg\" alt=\"\" width=\"200\" height=\"281\"><\/figure>\n<\/td>\n<td><p span=\"\" style=\"color: black\">Gorynia M., Jankowska B. (redakcja naukowa),\n<strong>The Influence of Poland\u2019s Accession to the EURO ZONE on the International Competitiveness and Internationalisation of Polish Companies\n<\/strong>. Difin, Warszawa, 2013.<\/td>\n<\/tr>\n<tr>\n<td>\n<figure>\n<img loading=\"lazy\" decoding=\"async\" class=\"alignnone size-full wp-image-95\" src=\"https:\/\/mariangorynia.pl\/wp-content\/uploads\/2018\/03\/book_28.jpg\" alt=\"\" width=\"200\" height=\"281\"><\/figure>\n<\/td>\n<td><p span=\"\" style=\"color: black\">\u0141a\u017aniewska E., Gorynia M. (redakcja naukowa),\n<strong>Konkurencyjno\u015b\u0107 regionalna. Koncepcje \u2013 strategie \u2013 przyk\u0142ady\n<\/strong>. Wydawnictwo Naukowe PWN, 2012.\n\n<a href=\"https:\/\/mariangorynia.pl\/wp-content\/uploads\/Gorynia_konkurencyjnosc_regionalna_2012_introduction.pdf\"><span style=\"color: blue\">\n<strong>[pobierz wst\u0119p]\n<\/strong>\n<\/a>\n<strong>\n<\/strong><\/td>\n<\/tr>\n<tr>\n<td>\n<figure>\n<img loading=\"lazy\" decoding=\"async\" class=\"alignnone size-full wp-image-94\" src=\"https:\/\/mariangorynia.pl\/wp-content\/uploads\/2018\/03\/book_24.jpg\" alt=\"\" width=\"200\" height=\"281\"><\/figure>\n<\/td>\n<td><p span=\"\" style=\"color: black\">Gorynia M., Jankowska B. (redakcja naukowa),\n<strong>Wej\u015bcie Polski do strefy euro a mi\u0119dzynarodowa konkurencyjno\u015b\u0107 i internacjonalizacja polskich przedsi\u0119biorstw\n<\/strong>. Difin, Warszawa, 2011.\n\n<a href=\"https:\/\/mariangorynia.pl\/wp-content\/uploads\/Marian_Gorynia_Wejscie_Polski_do_strefy_Euro-2011.pdf\"><span style=\"color: blue\">\n<strong>[pobierz]\n<\/strong>\n<\/a>\n<strong>\n<\/strong><\/td>\n<\/tr>\n<tr>\n<td>\n<figure>\n<img loading=\"lazy\" decoding=\"async\" class=\"alignnone size-full wp-image-93\" src=\"https:\/\/mariangorynia.pl\/wp-content\/uploads\/2018\/03\/book_23.jpg\" alt=\"\" width=\"200\" height=\"281\"><\/figure>\n<\/td>\n<td><p span=\"\" style=\"color: black\">Gorynia M., \u0141a\u017aniewska E. (redakcja naukowa),\n<strong>Kompendium wiedzy o konkurencyjno\u015bci\n<\/strong>. Wydawnictwo Naukowe PWN, Warszawa, 2009.\n\n<a href=\"https:\/\/mariangorynia.pl\/wp-content\/uploads\/Gorynia_Lazniewska_Wstep_Kompendium_wiedzy_o_konkurencyjnosci_2009.pdf\"><span style=\"color: blue\">\n<strong>[pobierz wst\u0119p]\n<\/strong>\n<\/a><\/td>\n<\/tr>\n<tr>\n<td>\n<figure>\n<img loading=\"lazy\" decoding=\"async\" class=\"alignnone size-full wp-image-92\" src=\"https:\/\/mariangorynia.pl\/wp-content\/uploads\/in_transition.jpg\" alt=\"\" width=\"200\" height=\"281\"><\/figure>\n<\/td>\n<td><p span=\"\" style=\"color: black\">Gorynia M. (editor),\n<strong>International business in transition\n<\/strong>. Difin, Warszawa, 2009.\n\n<a href=\"https:\/\/mariangorynia.pl\/wp-content\/uploads\/International_business_cala_7.05.09-.pdf\"><span style=\"color: blue\">\n<strong>[pobierz]\n<\/strong>\n<\/a><\/td>\n<\/tr>\n<tr>\n<td>\n<figure>\n<img loading=\"lazy\" decoding=\"async\" class=\"alignnone size-full wp-image-91\" src=\"https:\/\/mariangorynia.pl\/wp-content\/uploads\/2018\/03\/book_22.jpg\" alt=\"\" width=\"200\" height=\"281\"><\/figure>\n<\/td>\n<td><p span=\"\" style=\"color: black\">Gorynia M., Jankowska B.,\n<strong>Klastry a mi\u0119dzynarodowa konkurencyjno\u015b\u0107 i internacjonalizacja przedsi\u0119biorstwa\n<\/strong>. Difin, Warszawa, 2008.\n\n<a href=\"https:\/\/mariangorynia.pl\/wp-content\/uploads\/Klastry_a_miedzynarodowa_konkurencyjnosc.pdf\"><span style=\"color: blue\">\n<strong>[pobierz]\n<\/strong>\n<\/a>\n<strong>\n<\/strong><\/td>\n<\/tr>\n<tr>\n<td>\n<figure>\n<img loading=\"lazy\" decoding=\"async\" class=\"alignnone size-full wp-image-90\" src=\"https:\/\/mariangorynia.pl\/wp-content\/uploads\/2018\/03\/book_21.jpg\" alt=\"\" width=\"200\" height=\"281\"><\/figure>\n<\/td>\n<td><p span=\"\" style=\"color: black\">Gorynia M.,\n<strong>Studia nad transformacj\u0105 i internacjonalizacj\u0105 gospodarki polskiej\n<\/strong>. Difin, Warszawa 2007.\n\n<a href=\"https:\/\/mariangorynia.pl\/wp-content\/uploads\/Studia-nad-transformacja-i-internacjonalizacja_cala_19.01.2012.pdf\"><span style=\"color: blue\">\n<strong>[pobierz]\n<\/strong>\n<\/a><\/td>\n<\/tr>\n<tr>\n<td>\n<figure>\n<img loading=\"lazy\" decoding=\"async\" class=\"alignnone size-full wp-image-89\" src=\"https:\/\/mariangorynia.pl\/wp-content\/uploads\/2018\/03\/book_20.jpg\" alt=\"\" width=\"200\" height=\"281\"><\/figure>\n<\/td>\n<td><p span=\"\" style=\"color: black\">Gorynia M.,\n<strong>Strategie zagranicznej ekspansji przedsi\u0119biorstw\n<\/strong>. Polskie Wydawnictwo Ekonomiczne (PWE), Warszawa, 2007.\n\n<a href=\"https:\/\/mariangorynia.pl\/wp-content\/uploads\/MGorynia__Strategie_zagranicznej_ekspansji_przedsiebiorstw.pdf\"><span style=\"color: blue\">\n<strong>[pobierz]\n<\/strong>\n<\/a><\/td>\n<\/tr>\n<tr>\n<td>\n<figure>\n<img loading=\"lazy\" decoding=\"async\" class=\"alignnone size-full wp-image-88\" src=\"https:\/\/mariangorynia.pl\/wp-content\/uploads\/2018\/03\/book_17.jpg\" alt=\"\" width=\"200\" height=\"281\"><\/figure>\n<\/td>\n<td><p span=\"\" style=\"color: black\">Bartosik-Purgat M., Gorynia M. (redakcja naukowa), Jankowska B., Owczarzak R.,\n<strong>Strategie firm polskich wobec ekspansji inwestor\u00f3w zagranicznych\n<\/strong>. Polskie Wydawnictwo Ekonomiczne (PWE), Warszawa, 2005.\n\n<a href=\"https:\/\/www.researchgate.net\/publication\/255696898_Strategie_firm_polskich_wobec_ekspansji_inwestorow_zagranicznych\"><span style=\"color: blue\">\n<strong>[pobierz]\n<\/strong>\n<\/a>\n<strong>\n<\/strong><\/td>\n<\/tr>\n<tr>\n<td>\n<figure>\n<img loading=\"lazy\" decoding=\"async\" class=\"alignnone size-full wp-image-87\" src=\"https:\/\/mariangorynia.pl\/wp-content\/uploads\/2018\/03\/book_12.jpg\" alt=\"\" width=\"200\" height=\"281\"><\/figure>\n<\/td>\n<td><p span=\"\" style=\"color: black\">Gorynia M. (redakcja naukowa),\n<strong>Luka konkurencyjna na poziomie przedsi\u0119biorstwa a przyst\u0105pienie Polski do Unii Europejskiej\n<\/strong>. Wydawnictwo Akademii Ekonomicznej, Pozna\u0144, 2002, Wydanie 2 popr.\n\n<a href=\"https:\/\/www.researchgate.net\/publication\/255699865_Luka_konkurencyjna_na_poziomie_przedsiebiorstwa_a_przystapienie_Polski_do_Unii_Europejskiej\"><span style=\"color: blue\">\n<strong>[pobierz]\n<\/strong>\n<\/a>\n<strong>\n<\/strong><\/td>\n<\/tr>\n<tr>\n<td>\n<figure>\n<img loading=\"lazy\" decoding=\"async\" class=\"alignnone size-full wp-image-86\" src=\"https:\/\/mariangorynia.pl\/wp-content\/uploads\/2018\/03\/book_11.jpg\" alt=\"\" width=\"200\" height=\"281\"><\/figure>\n<\/td>\n<td><p span=\"\" style=\"color: black\">Fonfara K., Gorynia M. (redakcja naukowa), Najlepszy E., Schroeder J.,\n<strong>Strategie przedsi\u0119biorstw w biznesie mi\u0119dzynarodowym\n<\/strong>&nbsp;. Wydawnictwo Akademii Ekonomicznej w Poznaniu, Pozna\u0144, 2000.\n\n<a href=\"https:\/\/www.researchgate.net\/publication\/255700022_Strategie_przedsiebiorstw_w_biznesie_miedzynarodowym\"><span style=\"color: blue\">\n<strong>[pobierz]\n<\/strong>\n<\/a><\/td>\n<\/tr>\n<tr>\n<td>\n<figure>\n<img loading=\"lazy\" decoding=\"async\" class=\"alignnone size-full wp-image-85\" src=\"https:\/\/mariangorynia.pl\/wp-content\/uploads\/2018\/03\/book_10.jpg\" alt=\"\" width=\"200\" height=\"281\"><\/figure>\n<\/td>\n<td><p span=\"\" style=\"color: black\">Gorynia M.,\n<strong>&nbsp;Zachowania przedsi\u0119biorstw w okresie transformacji. Mikroekonomia przej\u015bcia\n<\/strong>. Wydawnictwo Akademii Ekonomicznej w Poznaniu, Pozna\u0144, 1998.\n\n<a href=\"https:\/\/www.researchgate.net\/publication\/255700064_Zachowania_przedsiebiorstw_w_okresie_transformacji_Mikroekonomia_przejscia\"><span style=\"color: blue\">\n<strong>[pobierz]\n<\/strong>\n<\/a>\n<strong>\n<\/strong><\/td>\n<\/tr>\n<tr>\n<td>\n<figure>\n<img loading=\"lazy\" decoding=\"async\" class=\"alignnone size-full wp-image-84\" src=\"https:\/\/mariangorynia.pl\/wp-content\/uploads\/2018\/03\/book_09.jpg\" alt=\"\" width=\"200\" height=\"281\"><\/figure>\n<\/td>\n<td><p span=\"\" style=\"color: black\">Gorynia M.,\n<strong>Teoria i polityka regulacji mezosystem\u00f3w gospodarczych a transformacja post-socjalistycznej gospodarki polskiej\n<\/strong>(praca habilitacyjna), Wydawnictwo Akademii Ekonomicznej w Poznaniu, Pozna\u0144, 1995.\n\n<a href=\"https:\/\/www.researchgate.net\/publication\/255700216_Teoria_i_polityka_regulacji_mezosystemow_gospodarczych_a_transformacja_post-socjalistycznej_gospodarki_polskiej'\"><span style=\"color: blue\">\n<strong>[pobierz]\n<\/strong>\n<\/a><\/td>\n<\/tr>\n<tr>\n<td>\n<figure>\n<img loading=\"lazy\" decoding=\"async\" class=\"alignnone size-full wp-image-82\" src=\"https:\/\/mariangorynia.pl\/wp-content\/uploads\/2018\/03\/book_03.jpg\" alt=\"\" width=\"200\" height=\"281\"><\/figure>\n<\/td>\n<td><p span=\"\" style=\"color: black\">Otta Wies\u0142aw J., Gorynia M.,\n<strong>&nbsp;Regulacja sfery turystyki zagranicznej. Przyczynek do teorii regulacji system\u00f3w gospodarczych\n<\/strong>. Instytut Turystyki, Towarzystwo Naukowe Organizacji i Kierownictwa, Pozna\u0144, 1991.\n\n<a href=\"https:\/\/www.researchgate.net\/publication\/255700182_Regulacja_sfery_turystyki_zagranicznej_Przyczynek_do_teorii_regulacji_systemow_gospodarczych\"><span style=\"color: blue\">\n<strong>[pobierz]\n<\/strong>\n<\/a><\/td>\n<\/tr>\n<tr>\n<td>\n<figure>\n<img loading=\"lazy\" decoding=\"async\" class=\"alignnone size-full wp-image-81\" src=\"https:\/\/mariangorynia.pl\/wp-content\/uploads\/2018\/03\/book_02.jpg\" alt=\"\" width=\"200\" height=\"281\"><\/figure>\n<\/td>\n<td><p span=\"\" style=\"color: black\">Gorynia M., Wojciechowski H.,\n<strong>Materia\u0142y do nauczania organizacji i techniki handlu zagranicznego\n<\/strong>(skrypt uczelniany). Wydawnictwo Akademii Ekonomicznej w Poznaniu, Pozna\u0144, 1990.\n\n<a href=\"https:\/\/www.researchgate.net\/publication\/255700314_Materialy_do_nauczania_organizacji_i_techniki_handlu_zagranicznego_skrypt_uczelniany\"><span style=\"color: blue\">\n<strong>[pobierz]\n<\/strong>\n<\/a><\/td>\n<\/tr>\n<tr>\n<td>\n<figure>\n<img loading=\"lazy\" decoding=\"async\" class=\"alignnone size-full wp-image-80\" src=\"https:\/\/mariangorynia.pl\/wp-content\/uploads\/2018\/03\/book_01.jpg\" alt=\"\" width=\"200\" height=\"281\"><\/figure>\n<\/td>\n<td><p span=\"\" style=\"color: black\">Gorynia M.,\n<strong>Organizowanie dzia\u0142alno\u015bci eksportowej producenta\n<\/strong>. Towarzystwo Naukowe Organizacji i Kierownictwa w Poznaniu, Pozna\u0144, 1986.\n\n<a href=\"https:\/\/mariangorynia.pl\/wp-content\/uploads\/Marian_Gorynia__Organizowanie_dzialalnosci_eksportowej_producenta.pdf\"><span style=\"color: blue\">\n<strong>[pobierz]\n<\/strong>\n<\/a><\/td>\n<\/tr>\n<\/tbody>\n<\/table>\n","protected":false},"excerpt":{"rendered":"<p>Nowo\u015bci Fa\u0142kowski Andrzej, Gorynia Marian, Kuczewska Joanna, Pietrusiewicz Krzysztof, Zagro\u017cenia zwi\u0105zane z wprowadzaniem nowych technologii cyfrowych w ma\u0142ych i \u015brednich przedsi\u0119biorstwach w kontek\u015bcie bezpiecze\u0144stwa pa\u0144stwa. Diagnoza i rekomendacje, 2024, Warszawa: Polskie Wydawnictwo Ekonomiczne, 177 s., ISBN:978-83-208-2648-7 [pobierz] [link do strony&hellip;&nbsp;<a href=\"https:\/\/mariangorynia.pl\/?page_id=1194\" class=\"more-link\">Read More<\/a><\/p>\n","protected":false},"author":1,"featured_media":0,"parent":0,"menu_order":0,"comment_status":"closed","ping_status":"closed","template":"","meta":{"footnotes":""},"class_list":["post-1194","page","type-page","status-publish","hentry"],"_links":{"self":[{"href":"https:\/\/mariangorynia.pl\/index.php?rest_route=\/wp\/v2\/pages\/1194"}],"collection":[{"href":"https:\/\/mariangorynia.pl\/index.php?rest_route=\/wp\/v2\/pages"}],"about":[{"href":"https:\/\/mariangorynia.pl\/index.php?rest_route=\/wp\/v2\/types\/page"}],"author":[{"embeddable":true,"href":"https:\/\/mariangorynia.pl\/index.php?rest_route=\/wp\/v2\/users\/1"}],"replies":[{"embeddable":true,"href":"https:\/\/mariangorynia.pl\/index.php?rest_route=%2Fwp%2Fv2%2Fcomments&post=1194"}],"version-history":[{"count":160,"href":"https:\/\/mariangorynia.pl\/index.php?rest_route=\/wp\/v2\/pages\/1194\/revisions"}],"predecessor-version":[{"id":8658,"href":"https:\/\/mariangorynia.pl\/index.php?rest_route=\/wp\/v2\/pages\/1194\/revisions\/8658"}],"wp:attachment":[{"href":"https:\/\/mariangorynia.pl\/index.php?rest_route=%2Fwp%2Fv2%2Fmedia&parent=1194"}],"curies":[{"name":"wp","href":"https:\/\/api.w.org\/{rel}","templated":true}]}}