{"id":138,"date":"2018-03-05T01:34:33","date_gmt":"2018-03-05T00:34:33","guid":{"rendered":"http:\/\/centaur2.ue.poznan.pl\/mgorynia\/?page_id=138"},"modified":"2025-02-27T11:42:21","modified_gmt":"2025-02-27T10:42:21","slug":"pelnione-funkcje","status":"publish","type":"page","link":"https:\/\/mariangorynia.pl\/?page_id=138","title":{"rendered":"Pe\u0142nione funkcje"},"content":{"rendered":"<h2><span style=\"color: #000000;\"><b>Funkcje w Uniwersytecie Ekonomicznym (Akademii Ekonomicznej) w Poznaniu<\/b><\/span><\/h2>\n<ul>\n<li><span style=\"color: #000000;\">cz\u0142onek Rady Wydzia\u0142u Zarz\u0105dzania (1996-2006)<\/span><\/li>\n<li><span style=\"color: #000000;\">cz\u0142onek Senatu Uniwersytetu Ekonomicznego w Poznaniu (wcze\u015bniej Akademii Ekonomicznej) (17.09.1999 \u2013 22.02.2019)<\/span><\/li>\n<li><span style=\"color: #000000;\">Prodziekan Wydzia\u0142u Zarz\u0105dzania Akademii Ekonomicznej w Poznaniu (1999-2002)<\/span><\/li>\n<li><span style=\"color: #000000;\">Przewodnicz\u0105cy Wydzia\u0142owej Komisji ds. Nostryfikacji Dyplom\u00f3w i Tytu\u0142\u00f3w Naukowych uzyskanych za granic\u0105 (1999-2002)<\/span><\/li>\n<li><span style=\"color: #000000;\">Prorektor ds. Nauki i Wsp\u00f3\u0142pracy z Zagranic\u0105 Akademii Ekonomicznej w Poznaniu (2002-2008)<\/span><\/li>\n<li><span style=\"color: #000000;\">Przewodnicz\u0105cy Rady Centrum Informatyki (2002-2008)<\/span><\/li>\n<li><span style=\"color: #000000;\">Przewodnicz\u0105cy Rady Naukowej Angloj\u0119zycznego Seminarium Doktorskiego (2004-2008)<\/span><\/li>\n<li><span style=\"color: #000000;\">Przewodnicz\u0105cy Senackiej Komisji ds. Statutu (2005-2008)<\/span><\/li>\n<li><span style=\"color: #000000;\">Kierownik Katedry Strategii i Polityki Konkurencyjno\u015bci Mi\u0119dzynarodowej (2006-2008)<\/span><\/li>\n<li><span style=\"color: #000000;\">cz\u0142onek Rady Wydzia\u0142u Gospodarki Mi\u0119dzynarodowej (2006-2019)<\/span><\/li>\n<li><span style=\"color: #000000;\">Rektor Uniwersytetu Ekonomicznego w Poznaniu (wcze\u015bniej Akademii Ekonomicznej) (2008-2016)<\/span><\/li>\n<li><span style=\"color: #000000;\">Przewodnicz\u0105cy Rady Fundacji Uniwersytetu Ekonomicznego w Poznaniu (2008-2016)<\/span><\/li>\n<li><span style=\"color: #000000;\">Przewodnicz\u0105cy Rady Fundacji \u201eKadry dla Wielkopolski\u201d (2008-2016)<\/span><\/li>\n<li><span style=\"color: #000000;\">Przewodnicz\u0105cy Rady Programowej Otwartej Wszechnicy Ekonomicznej \u201eERGA OMNES\u201d (2009-2016)<\/span><\/li>\n<li><span style=\"color: #000000;\">Przewodnicz\u0105cy Komisji do Przeprowadzenia Oceny Cz\u0142onk\u00f3w Komisji Oceniaj\u0105cych (2016-2020)<\/span><\/li>\n<li><span style=\"color: #000000;\">cz\u0142onek Komisji Dyscyplinarnej dla Nauczycieli Akademickich (2016-2020)<\/span><\/li>\n<li><span style=\"color: #000000;\">cz\u0142onek Kapitu\u0142y \u201eMedalu za Zas\u0142ugi dla Uniwersytetu Ekonomicznego w Poznaniu\u201d, a od 2020 roku przewodnicz\u0105cy Kapitu\u0142y (2016-obecnie)<\/span><\/li>\n<li><span style=\"color: #000000;\">cz\u0142onek Konwentu Uniwersytetu Ekonomicznego w Poznaniu (1.01.2017 \u2013 30.09.2018)<\/span><\/li>\n<li><span style=\"color: #000000;\">cz\u0142onek Rady Uczelni Uniwersytetu Ekonomicznego w Poznaniu (1.03.2019 \u2013 31.12.2020 oraz 1.01.2021 \u2013 31.12.2024)<\/span><\/li>\n<\/ul>\n<h2><span style=\"color: #000000;\"><b>Funkcje zawodowe, honorowe i spo\u0142eczne pe\u0142nione poza UEP<\/b><\/span><\/h2>\n<ul>\n<li><span style=\"color: #000000;\">radca Wielkopolskiej Izby Przemys\u0142owo-Handlowej (1995-1999)<\/span><\/li>\n<li><span style=\"color: #000000;\">cz\u0142onek Komitetu Nauk Ekonomicznych Polskiej Akademii Nauk (kadencje: 2003-2006, 2007-2010, 2011-2014, 2014-2017, 2017-2020, 2020 \u2013 obecnie)<\/span><\/li>\n<li><span style=\"color: #000000;\">cz\u0142onek Wielkopolskiego Komitetu Monitoruj\u0105cego Programy Rozwoju Regionalnego (2004-2008)<\/span><\/li>\n<li><span style=\"color: #000000;\">cz\u0142onek Rady Naukowej Polskiego Towarzystwa Ekonomicznego (2005- obecnie)<\/span><\/li>\n<li><span style=\"color: #000000;\">cz\u0142onek Rady Naukowej Instytutu Nauk Ekonomicznych Polskiej Akademii Nauk (2007-2010, 2011-2014)<\/span><\/li>\n<li><span style=\"color: #000000;\">przewodnicz\u0105cy Kapitu\u0142y Z\u0142otego Hipolita na rok 2010<\/span><\/li>\n<li><span style=\"color: #000000;\">cz\u0142onek Centralnej Komisji ds. Stopni i Tytu\u0142\u00f3w (2011-2012 oraz 2017-2020)<\/span><\/li>\n<li><span style=\"color: #000000;\">cz\u0142onek Krajowej Rady Przedsi\u0119biorczo\u015bci (2013-2015)<\/span><\/li>\n<li><span style=\"color: #000000;\">cz\u0142onek kapitu\u0142y konkursu Rzeczpospolitej i Ministerstwa Gospodarki \u2013\u00a0 S\u0142awa Polski, Or\u0142y Eksportu, Dobra Firma (2013, 2015)<\/span><\/li>\n<li><span style=\"color: #000000;\">przewodnicz\u0105cy Rady Naukowo-Programowej Wielkopolskiej Izby Przemys\u0142owo-Handlowej (2008-2016) oraz cz\u0142onek Rady Naukowo-Programowej Wielkopolskiej Izby Przemys\u0142owo-Handlowej (2008-obecnie)<\/span><\/li>\n<li><span style=\"color: #000000;\">cz\u0142onek Kapitu\u0142y Nagrody Gospodarczej Prezydenta RP (2011-2015)<\/span><\/li>\n<li><span style=\"color: #000000;\">cz\u0142onek Wielkopolskiej Rady Trzydziestu (2011-2014 )<\/span><\/li>\n<li><span style=\"color: #000000;\">przewodnicz\u0105cy Konferencji Rektor\u00f3w Uczelni Ekonomicznych (2012\/2013-2015\/2016)<\/span><\/li>\n<li><span style=\"color: #000000;\">wiceprzewodnicz\u0105cy Kolegium Rektor\u00f3w Miasta Poznania (2012-2016)<\/span><\/li>\n<li><span style=\"color: #000000;\">przewodnicz\u0105cy Rady Naukowej Polskiego Towarzystwa Ekonomicznego (2015-2021)<\/span><\/li>\n<li><span style=\"color: #000000;\">cz\u0142onek Rady Teatru Muzycznego w Poznaniu oraz wiceprzewodnicz\u0105cy Rady Teatru Muzycznego w Poznaniu, przewodnicz\u0105cy Rady Teatru Muzycznego (od 2020) (2016 \u2013 obecnie)<\/span><\/li>\n<li><span style=\"color: #000000;\">zast\u0119pca przewodnicz\u0105cego Centralnej Komisji ds. Stopni i Tytu\u0142\u00f3w (2017-2020)<\/span><\/li>\n<li><span style=\"color: #000000;\">zast\u0119pca Przewodnicz\u0105cego Komisji ds. Ekonomicznych Konferencji Rektor\u00f3w Akademickich Szk\u00f3\u0142 Polskich (2016-2020)<\/span><\/li>\n<li><span style=\"color: #000000;\">cz\u0142onek Komisji ds. Wsp\u00f3\u0142pracy Mi\u0119dzynarodowej Konferencji Akademickich Szk\u00f3\u0142 Polskich (2016-2020)<\/span><\/li>\n<li><span style=\"color: #000000;\">cz\u0142onek Prezydium Komitetu Nauk Ekonomicznych (2019-2024)<\/span><\/li>\n<li><span style=\"color: #000000;\">wiceprzewodnicz\u0105cy Rady Doskona\u0142o\u015bci Naukowej (2019-2023 oraz 2024-2027)<\/span><\/li>\n<li><span style=\"color: #000000;\">cz\u0142onek Rady Akademickiego i Naukowego Poznania (2021-obecnie)<\/span><\/li>\n<li><span style=\"color: #000000;\">prezes Polskiego Towarzystwa Ekonomicznego (2021-obecnie)<\/span><\/li>\n<li><span style=\"color: #000000;\">cz\u0142onek korespondent w Wydziale I Nauk Humanistycznych i Spo\u0142ecznych PAN (2021-obecnie)<\/span><\/li>\n<li><span style=\"color: #000000;\">cz\u0142onek Rady Naukowej Instytutu Nauk Ekonomicznych PAN (2023-2026)<\/span><\/li>\n<\/ul>\n","protected":false},"excerpt":{"rendered":"<p>Funkcje w Uniwersytecie Ekonomicznym (Akademii Ekonomicznej) w Poznaniu cz\u0142onek Rady Wydzia\u0142u Zarz\u0105dzania (1996-2006) cz\u0142onek Senatu Uniwersytetu Ekonomicznego w Poznaniu (wcze\u015bniej Akademii Ekonomicznej) (17.09.1999 \u2013 22.02.2019) Prodziekan Wydzia\u0142u Zarz\u0105dzania Akademii Ekonomicznej w Poznaniu (1999-2002) Przewodnicz\u0105cy Wydzia\u0142owej Komisji ds. Nostryfikacji Dyplom\u00f3w i&hellip;&nbsp;<a href=\"https:\/\/mariangorynia.pl\/?page_id=138\" class=\"more-link\">Read More<\/a><\/p>\n","protected":false},"author":1,"featured_media":0,"parent":0,"menu_order":0,"comment_status":"closed","ping_status":"closed","template":"","meta":{"footnotes":""},"class_list":["post-138","page","type-page","status-publish","hentry"],"_links":{"self":[{"href":"https:\/\/mariangorynia.pl\/index.php?rest_route=\/wp\/v2\/pages\/138"}],"collection":[{"href":"https:\/\/mariangorynia.pl\/index.php?rest_route=\/wp\/v2\/pages"}],"about":[{"href":"https:\/\/mariangorynia.pl\/index.php?rest_route=\/wp\/v2\/types\/page"}],"author":[{"embeddable":true,"href":"https:\/\/mariangorynia.pl\/index.php?rest_route=\/wp\/v2\/users\/1"}],"replies":[{"embeddable":true,"href":"https:\/\/mariangorynia.pl\/index.php?rest_route=%2Fwp%2Fv2%2Fcomments&post=138"}],"version-history":[{"count":23,"href":"https:\/\/mariangorynia.pl\/index.php?rest_route=\/wp\/v2\/pages\/138\/revisions"}],"predecessor-version":[{"id":8657,"href":"https:\/\/mariangorynia.pl\/index.php?rest_route=\/wp\/v2\/pages\/138\/revisions\/8657"}],"wp:attachment":[{"href":"https:\/\/mariangorynia.pl\/index.php?rest_route=%2Fwp%2Fv2%2Fmedia&parent=138"}],"curies":[{"name":"wp","href":"https:\/\/api.w.org\/{rel}","templated":true}]}}