{"id":139,"date":"2018-03-05T01:34:33","date_gmt":"2018-03-05T00:34:33","guid":{"rendered":"http:\/\/centaur2.ue.poznan.pl\/mgorynia\/?page_id=139"},"modified":"2020-06-28T14:34:48","modified_gmt":"2020-06-28T12:34:48","slug":"pelnione-stanowiska","status":"publish","type":"page","link":"https:\/\/mariangorynia.pl\/?page_id=139","title":{"rendered":"Zajmowane stanowiska"},"content":{"rendered":"<h2><span style=\"color: #000000;\"><b>Stanowiska w Uniwersytecie Ekonomicznym (Akademii Ekonomicznej) w Poznaniu<\/b><\/span><\/h2>\n<ul>\n<li><span style=\"color: #000000;\">2003 &#8211; profesor zwyczajny<\/span><\/li>\n<li><span style=\"color: #000000;\">1998 &#8211; profesor nadzwyczajny Akademii Ekonomicznej w Poznaniu<\/span><\/li>\n<li><span style=\"color: #000000;\">1986 &#8211; adiunkt w Instytucie Mi\u0119dzynarodowych Stosunk\u00f3w Gospodarczych (p\u00f3\u017aniej Katedrze Handlu Mi\u0119dzynarodowego)<\/span><\/li>\n<li><span style=\"color: #000000;\">1985 &#8211; starszy asystent w Instytucie Mi\u0119dzynarodowych Stosunk\u00f3w Gospodarczych<\/span><\/li>\n<li><span style=\"color: #000000;\">1983 &#8211; asystent w Instytucie Mi\u0119dzynarodowych Stosunk\u00f3w Gospodarczych<\/span><\/li>\n<\/ul>\n","protected":false},"excerpt":{"rendered":"<p>Stanowiska w Uniwersytecie Ekonomicznym (Akademii Ekonomicznej) w Poznaniu 2003 &#8211; profesor zwyczajny 1998 &#8211; profesor nadzwyczajny Akademii Ekonomicznej w Poznaniu 1986 &#8211; adiunkt w Instytucie Mi\u0119dzynarodowych Stosunk\u00f3w Gospodarczych (p\u00f3\u017aniej Katedrze Handlu Mi\u0119dzynarodowego) 1985 &#8211; starszy asystent w Instytucie Mi\u0119dzynarodowych Stosunk\u00f3w&hellip;&nbsp;<a href=\"https:\/\/mariangorynia.pl\/?page_id=139\" class=\"more-link\">Read More<\/a><\/p>\n","protected":false},"author":1,"featured_media":0,"parent":0,"menu_order":0,"comment_status":"closed","ping_status":"closed","template":"","meta":{"footnotes":""},"class_list":["post-139","page","type-page","status-publish","hentry"],"_links":{"self":[{"href":"https:\/\/mariangorynia.pl\/index.php?rest_route=\/wp\/v2\/pages\/139"}],"collection":[{"href":"https:\/\/mariangorynia.pl\/index.php?rest_route=\/wp\/v2\/pages"}],"about":[{"href":"https:\/\/mariangorynia.pl\/index.php?rest_route=\/wp\/v2\/types\/page"}],"author":[{"embeddable":true,"href":"https:\/\/mariangorynia.pl\/index.php?rest_route=\/wp\/v2\/users\/1"}],"replies":[{"embeddable":true,"href":"https:\/\/mariangorynia.pl\/index.php?rest_route=%2Fwp%2Fv2%2Fcomments&post=139"}],"version-history":[{"count":8,"href":"https:\/\/mariangorynia.pl\/index.php?rest_route=\/wp\/v2\/pages\/139\/revisions"}],"predecessor-version":[{"id":1568,"href":"https:\/\/mariangorynia.pl\/index.php?rest_route=\/wp\/v2\/pages\/139\/revisions\/1568"}],"wp:attachment":[{"href":"https:\/\/mariangorynia.pl\/index.php?rest_route=%2Fwp%2Fv2%2Fmedia&parent=139"}],"curies":[{"name":"wp","href":"https:\/\/api.w.org\/{rel}","templated":true}]}}