{"id":140,"date":"2018-03-05T01:34:33","date_gmt":"2018-03-05T00:34:33","guid":{"rendered":"http:\/\/centaur2.ue.poznan.pl\/mgorynia\/?page_id=140"},"modified":"2024-05-17T09:20:32","modified_gmt":"2024-05-17T07:20:32","slug":"organizacje","status":"publish","type":"page","link":"https:\/\/mariangorynia.pl\/?page_id=140","title":{"rendered":"Organizacje"},"content":{"rendered":"<h2><span style=\"color: #000000;\"><b>Rady programowe i komitety redakcyjne pism naukowych<\/b><\/span><\/h2>\n<ul>\n<li><span style=\"color: #000000;\">member of Editorial Review Board of &#8222;Journal of Transnational Management&#8221; (2001- obecnie)<\/span><\/li>\n<li><span style=\"color: #000000;\">member of Editorial Board of &#8222;International Journal of Institutional Governance&#8221; (2001- obecnie)<\/span><\/li>\n<li><span style=\"color: #000000;\">cz\u0142onek Komitetu Redakcyjnego czasopisma Instytutu Nauk Ekonomicznych PAN &#8222;Studia Ekonomiczne&#8221; (2002- obecnie)<\/span><\/li>\n<li><span style=\"color: #000000;\">cz\u0142onek Komitetu Redakcyjnego &#8222;Zeszyt\u00f3w Naukowych PTE&#8221; (2002- obecnie)<\/span><\/li>\n<li><span style=\"color: #000000;\">cz\u0142onek Komitetu Redakcyjnego serii wydawniczej &#8222;Raporty CASE&#8221; (2003- obecnie)<\/span><\/li>\n<li><span style=\"color: #000000;\">cz\u0142onek Rady Programowej pisma &#8222;Problemy Zarz\u0105dzania&#8221; &#8211; Wydzia\u0142u Zarz\u0105dzania Uniwersytetu Warszawskiego (2004- obecnie)<\/span><\/li>\n<li><span style=\"color: #000000;\">cz\u0142onek Komitetu Redakcyjnego &#8222;Gospodarki Narodowej&#8221; (2009- obecnie)<\/span><\/li>\n<li><span style=\"color: #000000;\">cz\u0142onek Komitetu Redakcyjnego &#8222;Ekonomisty&#8221; (2010- obecnie)<\/span><\/li>\n<li><span style=\"color: #000000;\">redaktor naczelny \u201eEkonomisty\u201d (2021 \u2013 obecnie)<\/span><\/li>\n<li><span style=\"color: #000000;\">cz\u0142onek Rady Naukowej &#8222;Internetowego Kwartalnika Antymonopolowego i Regulacyjnego&#8221; (2011- obecnie)<\/span><\/li>\n<li><span style=\"color: #000000;\">cz\u0142onek Rady Programowej &#8222;Gospodarki Narodowej&#8221; (2006-2008)<\/span><\/li>\n<\/ul>\n<h2><\/h2>\n<h2><span style=\"color: #000000;\"><b>Cz\u0142onkostwo w organizacjach profesjonalnych<\/b><\/span><\/h2>\n<ul>\n<li><span style=\"color: #000000;\">cz\u0142onek European International Business Academy (1993- obecnie)<\/span><\/li>\n<li><span style=\"color: #000000;\">Board Member European International Business Academy (2007-2015)<\/span><\/li>\n<li><span style=\"color: #000000;\">cz\u0142onek International Management Development Association (1999- obecnie)<\/span><\/li>\n<li><span style=\"color: #000000;\">cz\u0142onek Academy of International Business<\/span><\/li>\n<li><span style=\"color: #000000;\">cz\u0142onek Polskiego Towarzystwa Ekonomicznego<\/span><\/li>\n<li><span style=\"color: #000000;\">cz\u0142onek Pozna\u0144skiego Towarzystwa Przyjaci\u00f3\u0142 Nauk<\/span><\/li>\n<li><span style=\"color: #000000;\">cz\u0142onek Towarzystwa Naukowego Organizacji i Kierownictwa<\/span><\/li>\n<\/ul>\n<h2><\/h2>\n<h2><span style=\"color: #000000;\"><b>Cz\u0142onkostwo w radach nadzorczych i podobnych<\/b><\/span><\/h2>\n<ul>\n<li><span style=\"color: #000000;\">wiceprzewodnicz\u0105cy Rady Inwestycyjnej Wielkopolskiego Funduszu Rozwoju (2017 &#8211; obecnie)<\/span><\/li>\n<li><span style=\"color: #000000;\"><span style=\"color: #000000;\">cz\u0142onek Rady Nadzorczej <\/span>Mi\u0119dzynarodowych Targ\u00f3w Pozna\u0144skich Sp. z o.o. (5 czerwca 2009 &#8211; 6 czerwca 2017)<\/span><\/li>\n<li><span style=\"color: #000000;\">przewodnicz\u0105cy Rady Nadzorczej Mi\u0119dzynarodowych Targ\u00f3w Pozna\u0144skich Sp. z o.o. (7 czerwca 2017 &#8211; 30 kwietnia 2024)<\/span><\/li>\n<li><span style=\"color: #000000;\">cz\u0142onek Rady Nadzorczej Trust S.A. (7 listopada 2007 &#8211; 15 maja 2019)<\/span><\/li>\n<li><span style=\"color: #000000;\">przewodnicz\u0105cy Rady Nadzorczej Polskiej Agencji Rozwoju Przedsi\u0119biorczo\u015bci (1 pa\u017adziernika 2014 \u2013 20 stycznia 2016)<\/span><\/li>\n<li><span style=\"color: #000000;\">cz\u0142onek Rady Nadzorczej Enea S.A. Pozna\u0144 (30 czerwca 2015 &#8211; 23 wrze\u015bnia 2015)<\/span><\/li>\n<li><span style=\"color: #000000;\">cz\u0142onek Rady Nadzorczej Wielkopolska Sp\u00f3\u0142ka Gazownictwa Sp. z o.o. (27 lutego 2003 &#8211; 15 czerwca 2006)<\/span><\/li>\n<li><span style=\"color: #000000;\">wiceprzewodnicz\u0105cy Rady Nadzorczej KGHM Polska Mied\u017a S.A. (14 sierpnia 2001 &#8211; 11 grudnia 2001)<\/span><\/li>\n<li>przewodnicz\u0105cy Rady Nadzorczej AQUANET S.A. (1 maja 2024 &#8211; obecnie)<\/li>\n<\/ul>\n","protected":false},"excerpt":{"rendered":"<p>Rady programowe i komitety redakcyjne pism naukowych member of Editorial Review Board of &#8222;Journal of Transnational Management&#8221; (2001- obecnie) member of Editorial Board of &#8222;International Journal of Institutional Governance&#8221; (2001- obecnie) cz\u0142onek Komitetu Redakcyjnego czasopisma Instytutu Nauk Ekonomicznych PAN &#8222;Studia&hellip;&nbsp;<a href=\"https:\/\/mariangorynia.pl\/?page_id=140\" class=\"more-link\">Read More<\/a><\/p>\n","protected":false},"author":1,"featured_media":0,"parent":0,"menu_order":0,"comment_status":"closed","ping_status":"closed","template":"","meta":{"footnotes":""},"class_list":["post-140","page","type-page","status-publish","hentry"],"_links":{"self":[{"href":"https:\/\/mariangorynia.pl\/index.php?rest_route=\/wp\/v2\/pages\/140"}],"collection":[{"href":"https:\/\/mariangorynia.pl\/index.php?rest_route=\/wp\/v2\/pages"}],"about":[{"href":"https:\/\/mariangorynia.pl\/index.php?rest_route=\/wp\/v2\/types\/page"}],"author":[{"embeddable":true,"href":"https:\/\/mariangorynia.pl\/index.php?rest_route=\/wp\/v2\/users\/1"}],"replies":[{"embeddable":true,"href":"https:\/\/mariangorynia.pl\/index.php?rest_route=%2Fwp%2Fv2%2Fcomments&post=140"}],"version-history":[{"count":16,"href":"https:\/\/mariangorynia.pl\/index.php?rest_route=\/wp\/v2\/pages\/140\/revisions"}],"predecessor-version":[{"id":8042,"href":"https:\/\/mariangorynia.pl\/index.php?rest_route=\/wp\/v2\/pages\/140\/revisions\/8042"}],"wp:attachment":[{"href":"https:\/\/mariangorynia.pl\/index.php?rest_route=%2Fwp%2Fv2%2Fmedia&parent=140"}],"curies":[{"name":"wp","href":"https:\/\/api.w.org\/{rel}","templated":true}]}}