{"id":141,"date":"2018-03-05T01:34:33","date_gmt":"2018-03-05T00:34:33","guid":{"rendered":"http:\/\/centaur2.ue.poznan.pl\/mgorynia\/?page_id=141"},"modified":"2020-06-28T15:05:17","modified_gmt":"2020-06-28T13:05:17","slug":"staze-zagraniczne","status":"publish","type":"page","link":"https:\/\/mariangorynia.pl\/?page_id=141","title":{"rendered":"Sta\u017ce zagraniczne"},"content":{"rendered":"<h2><span style=\"color: #000000;\"><b>Sta\u017ce zagraniczne<\/b><\/span><\/h2>\n<ul>\n<li><span style=\"color: #000000;\">1987 &#8211; Francja, Uniwersytet w Lyonie, Instytut Administracji Przedsi\u0119biorstw &#8211; sta\u017c naukowy, wyk\u0142ady na temat funkcjonowania handlu zagranicznego w krajach RWPG oraz udzia\u0142 w programie doktoranckim na temat strategii przedsi\u0119biorstw w handlu mi\u0119dzynarodowym<\/span><\/li>\n<li><span style=\"color: #000000;\">1990 &#8211; Wielka Brytania, Buckinghamshire College of Higher Education, sta\u017c naukowo &#8211; badawczy<\/span><\/li>\n<li><span style=\"color: #000000;\">1991-1992 &#8211; Wielka Brytania, Trent University Nottingham, wyjazdy konsultacyjne<\/span><\/li>\n<li><span style=\"color: #000000;\">1991 &#8211; Francja, Uniwersytet Nauk Spo\u0142ecznych w Tuluzie, wyjazd konsultacyjny<\/span><\/li>\n<li><span style=\"color: #000000;\">1992 &#8211; Hiszpania, Portugalia, wy\u017csze szko\u0142y biznesu w Barcelonie i Lizbonie, wyjazdy konsultacyjne<\/span><\/li>\n<li><span style=\"color: #000000;\">1997 &#8211; Francja, Institut de Gestion des Enterprises w Rennes, wyjazd konsultacyjny<\/span><\/li>\n<li><span style=\"color: #000000;\">1997, 1998, 1999 &#8211; Uniwersytet Georga Augusta w Getyndze &#8211; pobyty studyjne<\/span><\/li>\n<\/ul>\n","protected":false},"excerpt":{"rendered":"<p>Sta\u017ce zagraniczne 1987 &#8211; Francja, Uniwersytet w Lyonie, Instytut Administracji Przedsi\u0119biorstw &#8211; sta\u017c naukowy, wyk\u0142ady na temat funkcjonowania handlu zagranicznego w krajach RWPG oraz udzia\u0142 w programie doktoranckim na temat strategii przedsi\u0119biorstw w handlu mi\u0119dzynarodowym 1990 &#8211; Wielka Brytania, Buckinghamshire&hellip;&nbsp;<a href=\"https:\/\/mariangorynia.pl\/?page_id=141\" class=\"more-link\">Read More<\/a><\/p>\n","protected":false},"author":1,"featured_media":0,"parent":0,"menu_order":0,"comment_status":"closed","ping_status":"closed","template":"","meta":{"footnotes":""},"class_list":["post-141","page","type-page","status-publish","hentry"],"_links":{"self":[{"href":"https:\/\/mariangorynia.pl\/index.php?rest_route=\/wp\/v2\/pages\/141"}],"collection":[{"href":"https:\/\/mariangorynia.pl\/index.php?rest_route=\/wp\/v2\/pages"}],"about":[{"href":"https:\/\/mariangorynia.pl\/index.php?rest_route=\/wp\/v2\/types\/page"}],"author":[{"embeddable":true,"href":"https:\/\/mariangorynia.pl\/index.php?rest_route=\/wp\/v2\/users\/1"}],"replies":[{"embeddable":true,"href":"https:\/\/mariangorynia.pl\/index.php?rest_route=%2Fwp%2Fv2%2Fcomments&post=141"}],"version-history":[{"count":4,"href":"https:\/\/mariangorynia.pl\/index.php?rest_route=\/wp\/v2\/pages\/141\/revisions"}],"predecessor-version":[{"id":331,"href":"https:\/\/mariangorynia.pl\/index.php?rest_route=\/wp\/v2\/pages\/141\/revisions\/331"}],"wp:attachment":[{"href":"https:\/\/mariangorynia.pl\/index.php?rest_route=%2Fwp%2Fv2%2Fmedia&parent=141"}],"curies":[{"name":"wp","href":"https:\/\/api.w.org\/{rel}","templated":true}]}}