{"id":145,"date":"2018-03-05T01:34:33","date_gmt":"2018-03-05T00:34:33","guid":{"rendered":"http:\/\/centaur2.ue.poznan.pl\/mgorynia\/?page_id=145"},"modified":"2020-06-28T16:07:53","modified_gmt":"2020-06-28T14:07:53","slug":"badania-granty","status":"publish","type":"page","link":"https:\/\/mariangorynia.pl\/?page_id=145","title":{"rendered":"Badania\/granty"},"content":{"rendered":"<h2><span style=\"color: #000000;\">Wykaz projekt\u00f3w badawczych, sfinansowanych przez KBN, MNiI, MNiSZW, NCN realizowanych pod kierunkiem naukowym i\/lub z udzia\u0142em prof. dr hab. Mariana Goryni<\/span><\/h2>\n<table style=\"height: 672px;\" border=\"1\" width=\"824\" cellspacing=\"0\" cellpadding=\"0\">\n<tbody>\n<tr>\n<td align=\"center\" bgcolor=\"#c0c0c0\"><span style=\"color: #000000;\"><strong>Lp.<\/strong><\/span><\/td>\n<td align=\"center\" bgcolor=\"#c0c0c0\"><span style=\"color: #000000;\"><strong>Nr rejestracyjny<\/strong><\/span><\/td>\n<td align=\"center\" bgcolor=\"#c0c0c0\"><span style=\"color: #000000;\"><strong>Temat projektu<\/strong><\/span><\/td>\n<td align=\"center\" bgcolor=\"#c0c0c0\"><span style=\"color: #000000;\"><strong>Okres realizacji<\/strong><\/span><\/td>\n<\/tr>\n<tr>\n<td align=\"center\"><span style=\"color: #000000;\">1<\/span><\/td>\n<td align=\"center\"><span style=\"color: #000000;\">OPUS 14 2017\/27\/B\/HS4\/00754<\/span><\/td>\n<td><span style=\"color: #000000;\">Strategie firm polskich wobec wyj\u015bcia Wielkiej Brytanii z Unii Europejskiej<\/span><\/td>\n<td align=\"center\"><span style=\"color: #000000;\">22.05.2018 21.05.2020<\/span><\/td>\n<\/tr>\n<tr>\n<td align=\"center\"><span style=\"color: #000000;\">2<\/span><\/td>\n<td align=\"center\"><span style=\"color: #000000;\">OPUS 11 UMO-2016\/21\/B\/HS4\/03030<\/span><\/td>\n<td><span style=\"color: #000000;\">Sprawno\u015b\u0107 innowacyjna filii zagranicznej a jej pozycja w sieci przedsi\u0119biorstwa mi\u0119dzynarodowego &#8211; perspektywa filii utworzonych w Polsce<\/span><\/td>\n<td align=\"center\"><span style=\"color: #000000;\">25.04.2017 24.04.2019<\/span><\/td>\n<\/tr>\n<tr>\n<td align=\"center\"><span style=\"color: #000000;\">3<\/span><\/td>\n<td align=\"center\"><span style=\"color: #000000;\">PRELUDIUM 4 UMO-2012\/07\/N\/HS4\/00283<\/span><\/td>\n<td><span style=\"color: #000000;\">Determinanty efektywno\u015bci zagranicznych inwestycji bezpo\u015brednich w procesie internacjonalizacji polskich przedsi\u0119biorstw. (mgr Piotr Tr\u0105pczy\u0144ski)<\/span><\/td>\n<td align=\"center\"><span style=\"color: #000000;\">24.07.2013 23.01.2015<\/span><\/td>\n<\/tr>\n<tr>\n<td align=\"center\"><span style=\"color: #000000;\">4<\/span><\/td>\n<td align=\"center\"><span style=\"color: #000000;\">PRELUDIUM 4 UMO-2012\/07\/N\/HS4\/00282<\/span><\/td>\n<td><span style=\"color: #000000;\">Koszty transakcyjne jako determinanta wyboru formy wej\u015bcia na rynki zagraniczne. (mgr Katarzyna Mroczek)<\/span><\/td>\n<td align=\"center\"><span style=\"color: #000000;\">18.07.2013 17.11.2014<\/span><\/td>\n<\/tr>\n<tr>\n<td align=\"center\"><span style=\"color: #000000;\">5<\/span><\/td>\n<td align=\"center\"><span style=\"color: #000000;\">OPUS 4 UMO-2012\/07\/B\/HS4\/03050<\/span><\/td>\n<td><span style=\"color: #000000;\">Mi\u0119dzynarodowa konkurencyjno\u015b\u0107 polskich przedsi\u0119biorstw w okresie prosperity i globalnego kryzysu gospodarczego.<\/span><\/td>\n<td align=\"center\"><span style=\"color: #000000;\">10.07.2013 09.07.2015<\/span><\/td>\n<\/tr>\n<tr>\n<td align=\"center\"><span style=\"color: #000000;\">6<\/span><\/td>\n<td align=\"center\"><span style=\"color: #000000;\">N HS4 01309<\/span><\/td>\n<td><span style=\"color: #000000;\">Rola klastr\u00f3w innowacyjnych w budowaniu konkurencyjno\u015bci regionu na przyk\u0142adzie kraju zwi\u0105zkowego Badenia &#8211; Wirtembergia oraz wojew\u00f3dztwa wielkopolskiego (PROMOTORSKI, mgr Aleksandra Kania).<\/span><\/td>\n<td align=\"center\"><span style=\"color: #000000;\">15.12.2011 15.03.2013<\/span><\/td>\n<\/tr>\n<tr>\n<td align=\"center\"><span style=\"color: #000000;\">7<\/span><\/td>\n<td align=\"center\"><span style=\"color: #000000;\">N N112 122739<\/span><\/td>\n<td><span style=\"color: #000000;\">Wp\u0142yw delokalizacji modu\u0142\u00f3w \u0142a\u0144cucha warto\u015bci na konkurencyjno\u015b\u0107 polskich przedsi\u0119biorstw (PROMOTORSKI, mgr Marlena Dzikowska).<\/span><\/td>\n<td align=\"center\"><span style=\"color: #000000;\">08.11.2010 07.06.2012<\/span><\/td>\n<\/tr>\n<tr>\n<td align=\"center\"><span style=\"color: #000000;\">8<\/span><\/td>\n<td align=\"center\"><span style=\"color: #000000;\">N N115 257136<\/span><\/td>\n<td><span style=\"color: #000000;\">Wp\u0142yw przyst\u0105pienia Polski do strefy euro na mi\u0119dzynarodow\u0105 konkurencyjno\u015b\u0107 i internacjonalizacj\u0119 polskich przedsi\u0119biorstw.<\/span><\/td>\n<td align=\"center\"><span style=\"color: #000000;\">28.04.2009 27.10.2010<\/span><\/td>\n<\/tr>\n<tr>\n<td align=\"center\"><span style=\"color: #000000;\">9<\/span><\/td>\n<td align=\"center\"><span style=\"color: #000000;\">1 H02D 103 28<\/span><\/td>\n<td><span style=\"color: #000000;\">Rola klaster\u00f3w we wspieraniu mi\u0119dzynarodowej konkurencyjno\u015bci oraz internacjonalizacji polskich przedsi\u0119biorstw.<\/span><\/td>\n<td align=\"center\"><span style=\"color: #000000;\">16.05.2005 15.11.2006<\/span><\/td>\n<\/tr>\n<tr>\n<td align=\"center\"><span style=\"color: #000000;\">10<\/span><\/td>\n<td align=\"center\"><span style=\"color: #000000;\">2 H02D 11 24<\/span><\/td>\n<td><span style=\"color: #000000;\">Strategie firm polskich wobec ekspansji inwestor\u00f3w zagranicznych.<\/span><\/td>\n<td align=\"center\"><span style=\"color: #000000;\">16.05.2003 15.11.2004<\/span><\/td>\n<\/tr>\n<tr>\n<td align=\"center\"><span style=\"color: #000000;\">11<\/span><\/td>\n<td align=\"center\"><span style=\"color: #000000;\">1 H02C 035 19<\/span><\/td>\n<td><span style=\"color: #000000;\">Problem pomiaru, oceny i likwidacji luki konkurencyjnej na poziomie przedsi\u0119biorstwa, w \u015bwietle przyst\u0105pienia Polski do Unii Europejskiej (PROMOTORSKI).<\/span><\/td>\n<td align=\"center\"><span style=\"color: #000000;\">01.09.2000 31.08.2003<\/span><\/td>\n<\/tr>\n<tr>\n<td align=\"center\"><span style=\"color: #000000;\">12<\/span><\/td>\n<td align=\"center\"><span style=\"color: #000000;\">1 H02D 013 17<\/span><\/td>\n<td><span style=\"color: #000000;\">Luka przystosowawcza na poziomie przedsi\u0119biorstwa a przyst\u0105pienie Polski do Unii Europejskiej. Implikacje dla strategii firm i polityki gospodarczej.<\/span><\/td>\n<td align=\"center\"><span style=\"color: #000000;\">01.07.1999 31.12.2000<\/span><\/td>\n<\/tr>\n<tr>\n<td align=\"center\"><span style=\"color: #000000;\">13<\/span><\/td>\n<td align=\"center\" width=\"15%\"><span style=\"color: #000000;\">1 H02D 029 14<\/span><\/td>\n<td><span style=\"color: #000000;\">Zwrot strategiczny i operacyjny w przedsi\u0119biorstwach postsocjalistycznych. Aspekt transformacji instytucjonalnej (PROMOTORSKI).<\/span><\/td>\n<td align=\"center\"><span style=\"color: #000000;\">01.01.1998 31.12.1999<\/span><\/td>\n<\/tr>\n<\/tbody>\n<\/table>\n","protected":false},"excerpt":{"rendered":"<p>Wykaz projekt\u00f3w badawczych, sfinansowanych przez KBN, MNiI, MNiSZW, NCN realizowanych pod kierunkiem naukowym i\/lub z udzia\u0142em prof. dr hab. Mariana Goryni Lp. Nr rejestracyjny Temat projektu Okres realizacji 1 OPUS 14 2017\/27\/B\/HS4\/00754 Strategie firm polskich wobec wyj\u015bcia Wielkiej Brytanii z&hellip;&nbsp;<a href=\"https:\/\/mariangorynia.pl\/?page_id=145\" class=\"more-link\">Read More<\/a><\/p>\n","protected":false},"author":1,"featured_media":0,"parent":0,"menu_order":0,"comment_status":"closed","ping_status":"closed","template":"","meta":{"footnotes":""},"class_list":["post-145","page","type-page","status-publish","hentry"],"_links":{"self":[{"href":"https:\/\/mariangorynia.pl\/index.php?rest_route=\/wp\/v2\/pages\/145"}],"collection":[{"href":"https:\/\/mariangorynia.pl\/index.php?rest_route=\/wp\/v2\/pages"}],"about":[{"href":"https:\/\/mariangorynia.pl\/index.php?rest_route=\/wp\/v2\/types\/page"}],"author":[{"embeddable":true,"href":"https:\/\/mariangorynia.pl\/index.php?rest_route=\/wp\/v2\/users\/1"}],"replies":[{"embeddable":true,"href":"https:\/\/mariangorynia.pl\/index.php?rest_route=%2Fwp%2Fv2%2Fcomments&post=145"}],"version-history":[{"count":10,"href":"https:\/\/mariangorynia.pl\/index.php?rest_route=\/wp\/v2\/pages\/145\/revisions"}],"predecessor-version":[{"id":1609,"href":"https:\/\/mariangorynia.pl\/index.php?rest_route=\/wp\/v2\/pages\/145\/revisions\/1609"}],"wp:attachment":[{"href":"https:\/\/mariangorynia.pl\/index.php?rest_route=%2Fwp%2Fv2%2Fmedia&parent=145"}],"curies":[{"name":"wp","href":"https:\/\/api.w.org\/{rel}","templated":true}]}}