{"id":148,"date":"2018-03-05T01:34:33","date_gmt":"2018-03-05T00:34:33","guid":{"rendered":"http:\/\/centaur2.ue.poznan.pl\/mgorynia\/?page_id=148"},"modified":"2020-06-28T14:39:05","modified_gmt":"2020-06-28T12:39:05","slug":"zajecia","status":"publish","type":"page","link":"https:\/\/mariangorynia.pl\/?page_id=148","title":{"rendered":"Zaj\u0119cia"},"content":{"rendered":"<div class=\"tekst\">\n<ul>\n<li><span style=\"color: #0000ff;\"><span style=\"color: #000000;\">Ankieta<\/span><strong> &#8211; <span style=\"color: #0000ff;\"><a style=\"color: #0000ff;\" href=\"https:\/\/mariangorynia.pl\/old\/files\/ankieta_mgr.doc\">seminarium magisterskie<\/a><\/span><\/strong><\/span><\/li>\n<li><span style=\"color: #0000ff;\"><span style=\"color: #000000;\">Wyk\u0142ad<\/span> &#8211; <a style=\"color: #0000ff;\" href=\"http:\/\/moodle.ue.poznan.pl\/course\/view.php?id=70\">Strategia przedsi\u0119biorstwa w biznesie mi\u0119dzynarodowym<\/a><\/span><\/li>\n<li><span style=\"color: #0000ff;\"><span style=\"color: #000000;\">Wyk\u0142ad<\/span> &#8211; <a style=\"color: #0000ff;\" href=\"http:\/\/moodle.ue.poznan.pl\/course\/view.php?id=119\">Konkurencyjno\u015b\u0107 w biznesie mi\u0119dzynarodowym<\/a><\/span><\/li>\n<li><span style=\"color: #0000ff;\"><span style=\"color: #000000;\">Studia doktoranckie<\/span> &#8211; <a style=\"color: #0000ff;\" href=\"http:\/\/moodle.ue.poznan.pl\/course\/view.php?id=437\">Metodologia nauk ekonomicznych<\/a><\/span><\/li>\n<li><span style=\"color: #0000ff;\"><span style=\"color: #000000;\">Studia doktoranckie<\/span> &#8211; <a style=\"color: #0000ff;\" href=\"http:\/\/moodle.ue.poznan.pl\/course\/view.php?id=438\">Teorie przedsi\u0119biorstwa<\/a><\/span><\/li>\n<\/ul>\n<\/div>\n<div><\/div>\n","protected":false},"excerpt":{"rendered":"<p>Ankieta &#8211; seminarium magisterskie Wyk\u0142ad &#8211; Strategia przedsi\u0119biorstwa w biznesie mi\u0119dzynarodowym Wyk\u0142ad &#8211; Konkurencyjno\u015b\u0107 w biznesie mi\u0119dzynarodowym Studia doktoranckie &#8211; Metodologia nauk ekonomicznych Studia doktoranckie &#8211; Teorie przedsi\u0119biorstwa<\/p>\n","protected":false},"author":1,"featured_media":0,"parent":0,"menu_order":0,"comment_status":"closed","ping_status":"closed","template":"","meta":{"footnotes":""},"class_list":["post-148","page","type-page","status-publish","hentry"],"_links":{"self":[{"href":"https:\/\/mariangorynia.pl\/index.php?rest_route=\/wp\/v2\/pages\/148"}],"collection":[{"href":"https:\/\/mariangorynia.pl\/index.php?rest_route=\/wp\/v2\/pages"}],"about":[{"href":"https:\/\/mariangorynia.pl\/index.php?rest_route=\/wp\/v2\/types\/page"}],"author":[{"embeddable":true,"href":"https:\/\/mariangorynia.pl\/index.php?rest_route=\/wp\/v2\/users\/1"}],"replies":[{"embeddable":true,"href":"https:\/\/mariangorynia.pl\/index.php?rest_route=%2Fwp%2Fv2%2Fcomments&post=148"}],"version-history":[{"count":7,"href":"https:\/\/mariangorynia.pl\/index.php?rest_route=\/wp\/v2\/pages\/148\/revisions"}],"predecessor-version":[{"id":1571,"href":"https:\/\/mariangorynia.pl\/index.php?rest_route=\/wp\/v2\/pages\/148\/revisions\/1571"}],"wp:attachment":[{"href":"https:\/\/mariangorynia.pl\/index.php?rest_route=%2Fwp%2Fv2%2Fmedia&parent=148"}],"curies":[{"name":"wp","href":"https:\/\/api.w.org\/{rel}","templated":true}]}}