{"id":150,"date":"2018-03-05T01:34:33","date_gmt":"2018-03-05T00:34:33","guid":{"rendered":"http:\/\/centaur2.ue.poznan.pl\/mgorynia\/?page_id=150"},"modified":"2020-07-14T14:26:25","modified_gmt":"2020-07-14T12:26:25","slug":"materialy-dydaktyczne","status":"publish","type":"page","link":"https:\/\/mariangorynia.pl\/?page_id=150","title":{"rendered":"Materia\u0142y dydaktyczne"},"content":{"rendered":"<h2>Materia\u0142y konferencyjne dla magistrant\u00f3w i doktorant\u00f3w<\/h2>\n<ul>\n<li><a href=\"https:\/\/mariangorynia.pl\/files\/semdr\/eiba2019.zip\" target=\"_blank\" rel=\"noopener noreferrer\">EIBA 2019 (75.30 MB)<\/a><\/li>\n<li><a href=\"https:\/\/mariangorynia.pl\/files\/semdr\/eiba2018.zip\" target=\"_blank\" rel=\"noopener noreferrer\">EIBA 2018 (166 MB)<\/a><\/li>\n<li><a href=\"https:\/\/mariangorynia.pl\/files\/semdr\/eiba2017.zip\" target=\"_blank\" rel=\"noopener noreferrer\">EIBA 2017 (150.88 MB)<\/a><\/li>\n<li><a href=\"https:\/\/mariangorynia.pl\/files\/semdr\/eiba2016.zip\" target=\"_blank\" rel=\"noopener noreferrer\">EIBA 2016 (394.83 MB)<\/a><\/li>\n<li><a href=\"https:\/\/mariangorynia.pl\/files\/semdr\/eiba2015.zip\" target=\"_blank\" rel=\"noopener noreferrer\">EIBA 2015 (94.88 MB)<\/a><\/li>\n<li><a href=\"https:\/\/mariangorynia.pl\/files\/semdr\/eiba2014.zip\" target=\"_blank\" rel=\"noopener noreferrer\">EIBA 2014 (208.92 MB)<\/a><\/li>\n<li><a href=\"https:\/\/mariangorynia.pl\/files\/semdr\/eiba2013.zip\" target=\"_blank\" rel=\"noopener noreferrer\">EIBA 2013 (38.23 MB)<\/a><\/li>\n<li><a href=\"https:\/\/mariangorynia.pl\/files\/semdr\/eiba2012.zip\" target=\"_blank\" rel=\"noopener noreferrer\">EIBA 2012 (190.64 MB)<\/a><\/li>\n<li><a href=\"https:\/\/mariangorynia.pl\/files\/semdr\/eiba2011.zip\" target=\"_blank\" rel=\"noopener noreferrer\">EIBA 2011 (121.83 MB)<\/a><\/li>\n<li><a href=\"https:\/\/mariangorynia.pl\/files\/semdr\/eiba2010.zip\" target=\"_blank\" rel=\"noopener noreferrer\">EIBA 2010 (63.18 MB)<\/a><\/li>\n<li><a href=\"https:\/\/mariangorynia.pl\/files\/semdr\/Gdansk_2010_Uminski.pdf\" target=\"_blank\" rel=\"noopener noreferrer\">Analiza trend\u00f3w rozwojowych firm wojew\u00f3dztwa pomorskiego w zakresie eksportu oraz bezpo\u015brednich inwestycji zagranicznych 2010 (1.95 MB)<\/a><\/li>\n<li><a href=\"https:\/\/mariangorynia.pl\/files\/semdr\/Gdansk_2009_Uminski.pdf\" target=\"_blank\" rel=\"noopener noreferrer\">Analiza trend\u00f3w rozwojowych firm wojew\u00f3dztwa pomorskiego w zakresie eksportu oraz bezpo\u015brednich inwestycji zagranicznych 2009 (3.52 MB)<\/a><\/li>\n<li><a href=\"https:\/\/mariangorynia.pl\/files\/semdr\/eiba2009.zip\" target=\"_blank\" rel=\"noopener noreferrer\">EIBA 2009 (65.75 MB)<\/a><\/li>\n<li><a href=\"https:\/\/mariangorynia.pl\/files\/semdr\/cope2009.zip\" target=\"_blank\" rel=\"noopener noreferrer\">Congress of Political Economists International 2009 (5.24 MB)<\/a><\/li>\n<li><a href=\"https:\/\/mariangorynia.pl\/files\/semdr\/cope2008.zip\" target=\"_blank\" rel=\"noopener noreferrer\">Congress of Political Economists International 2008 (7.85 MB)<\/a><\/li>\n<li><a href=\"https:\/\/mariangorynia.pl\/files\/semdr\/Grounded%20theory%20in%20IB%20Vincze.pdf\" target=\"_blank\" rel=\"noopener noreferrer\">Grounded theory (3.61 MB)<\/a><\/li>\n<li><a href=\"https:\/\/mariangorynia.pl\/files\/semdr\/eiba2008.zip\" target=\"_blank\" rel=\"noopener noreferrer\">EIBA 2008 (28.7 MB)<\/a><\/li>\n<li><a href=\"https:\/\/mariangorynia.pl\/files\/semdr\/enterprise_odyssey.zip\" target=\"_blank\" rel=\"noopener noreferrer\">An Enterprise Odyssey: Tourism &#8211; Governance and Entrepreneurship (14.49 MB)<\/a><\/li>\n<li><a href=\"https:\/\/mariangorynia.pl\/files\/semdr\/eiba2007.zip\" target=\"_blank\" rel=\"noopener noreferrer\">EIBA 2007 (28.94 MB)<\/a><\/li>\n<li><a href=\"https:\/\/mariangorynia.pl\/files\/semdr\/eit2007.zip\" target=\"_blank\" rel=\"noopener noreferrer\">Seventh International Conference on \u201cEnterprise in Transition\u201d (40.88 MB)<\/a><\/li>\n<li><a href=\"https:\/\/mariangorynia.pl\/files\/semdr\/referaty_ue.pdf\" target=\"_blank\" rel=\"noopener noreferrer\">55eme Congres d&#8217;Association Internationale des Economistes de Langue Francaise (9.8 MB)<\/a><\/li>\n<li><a href=\"https:\/\/mariangorynia.pl\/files\/semdr\/bbsed.zip\" target=\"_blank\" rel=\"noopener noreferrer\">3rd &#8222;Baltic Business and Socio-Economic Development&#8221; conference (7.58 MB)<\/a><\/li>\n<li><a href=\"https:\/\/mariangorynia.pl\/files\/semdr\/smeegc2006.zip\" target=\"_blank\" rel=\"noopener noreferrer\">SME &#8211; EGC 2006 (43.59 MB)<\/a><\/li>\n<li><a href=\"https:\/\/mariangorynia.pl\/files\/semdr\/eiba2006.zip\" target=\"_blank\" rel=\"noopener noreferrer\">EIBA 2006 (34.89 MB)<\/a><\/li>\n<li><a href=\"https:\/\/mariangorynia.pl\/files\/semdr\/eiba2005.zip\" target=\"_blank\" rel=\"noopener noreferrer\">EIBA 2005 (46.34 MB)<\/a><\/li>\n<li><a href=\"https:\/\/mariangorynia.pl\/files\/semdr\/eiba2004.zip\" target=\"_blank\" rel=\"noopener noreferrer\">EIBA 2004 (58.32 MB)<\/a><\/li>\n<li><a href=\"https:\/\/mariangorynia.pl\/files\/semdr\/eiba2003.zip\" target=\"_blank\" rel=\"noopener noreferrer\">EIBA 2003 (18.68 MB)<\/a><\/li>\n<li><a href=\"https:\/\/mariangorynia.pl\/files\/semdr\/eiba2002.zip\" target=\"_blank\" rel=\"noopener noreferrer\">EIBA 2002 (37.31 MB)<\/a><\/li>\n<li><a href=\"https:\/\/mariangorynia.pl\/files\/semdr\/eiba2001.zip\" target=\"_blank\" rel=\"noopener noreferrer\">EIBA 2001 (4.34 MB)<\/a><\/li>\n<li><a href=\"https:\/\/mariangorynia.pl\/files\/semdr\/eiba2000.zip\" target=\"_blank\" rel=\"noopener noreferrer\">EIBA 2000 (30.88 MB)<\/a><\/li>\n<li><a href=\"https:\/\/mariangorynia.pl\/files\/semdr\/eiba1999.zip\" target=\"_blank\" rel=\"noopener noreferrer\">EIBA 1999 (28.61 MB)<\/a><\/li>\n<li><a href=\"https:\/\/mariangorynia.pl\/files\/semdr\/eiba1998.zip\" target=\"_blank\" rel=\"noopener noreferrer\">EIBA 1998 (72.87 MB)<\/a><\/li>\n<\/ul>\n","protected":false},"excerpt":{"rendered":"<p>Materia\u0142y konferencyjne dla magistrant\u00f3w i doktorant\u00f3w EIBA 2019 (75.30 MB) EIBA 2018 (166 MB) EIBA 2017 (150.88 MB) EIBA 2016 (394.83 MB) EIBA 2015 (94.88 MB) EIBA 2014 (208.92 MB) EIBA 2013 (38.23 MB) EIBA 2012 (190.64 MB) EIBA 2011&hellip;&nbsp;<a href=\"https:\/\/mariangorynia.pl\/?page_id=150\" class=\"more-link\">Read More<\/a><\/p>\n","protected":false},"author":1,"featured_media":0,"parent":0,"menu_order":0,"comment_status":"closed","ping_status":"closed","template":"","meta":{"footnotes":""},"class_list":["post-150","page","type-page","status-publish","hentry"],"_links":{"self":[{"href":"https:\/\/mariangorynia.pl\/index.php?rest_route=\/wp\/v2\/pages\/150"}],"collection":[{"href":"https:\/\/mariangorynia.pl\/index.php?rest_route=\/wp\/v2\/pages"}],"about":[{"href":"https:\/\/mariangorynia.pl\/index.php?rest_route=\/wp\/v2\/types\/page"}],"author":[{"embeddable":true,"href":"https:\/\/mariangorynia.pl\/index.php?rest_route=\/wp\/v2\/users\/1"}],"replies":[{"embeddable":true,"href":"https:\/\/mariangorynia.pl\/index.php?rest_route=%2Fwp%2Fv2%2Fcomments&post=150"}],"version-history":[{"count":6,"href":"https:\/\/mariangorynia.pl\/index.php?rest_route=\/wp\/v2\/pages\/150\/revisions"}],"predecessor-version":[{"id":1684,"href":"https:\/\/mariangorynia.pl\/index.php?rest_route=\/wp\/v2\/pages\/150\/revisions\/1684"}],"wp:attachment":[{"href":"https:\/\/mariangorynia.pl\/index.php?rest_route=%2Fwp%2Fv2%2Fmedia&parent=150"}],"curies":[{"name":"wp","href":"https:\/\/api.w.org\/{rel}","templated":true}]}}