{"id":155,"date":"2018-03-05T01:34:33","date_gmt":"2018-03-05T00:34:33","guid":{"rendered":"http:\/\/centaur2.ue.poznan.pl\/mgorynia\/?page_id=155"},"modified":"2025-12-29T11:26:26","modified_gmt":"2025-12-29T10:26:26","slug":"informacje-prasowe","status":"publish","type":"page","link":"https:\/\/mariangorynia.pl\/?page_id=155","title":{"rendered":"Recenzje"},"content":{"rendered":"<p><span style=\"color: #000000;\">2025<\/span><\/p>\n<ul>\n<li><span style=\"color: #000000;\">Recenzja &#8211; s\u0142owo wst\u0119pne : <span style=\"color: #0000ff;\"><a style=\"color: #0000ff;\" href=\"https:\/\/mariangorynia.pl\/wp-content\/uploads\/Gorynia_rec_80_lat_PTE_Biuletyn_PTE_2025_90-90.pdf\">Polskie Towarzystwo Ekonomiczne i instytucje poprzedzaj\u0105ce w s\u0142u\u017cbie nauk ekonomicznych<\/a><\/span>, Biuletyn PTE, 2025, nr 4, s. 90-90.<\/span><\/li>\n<\/ul>\n<p><span style=\"color: #000000;\">2021<\/span><\/p>\n<ul>\n<li><span style=\"color: #000000;\">Book review: <span style=\"color: #0000ff;\"><a style=\"color: #0000ff;\" href=\"https:\/\/mariangorynia.pl\/wp-content\/uploads\/10.2478_ijme-2021-0022.pdf\">The economic and legal impact of COVID-19. The case of Poland<\/a><\/span>, International Journal of Management and Economics, 57(4) 373-375.<\/span>\u00a0<a href=\"https:\/\/doi.org\/10.2478\/ijme-2021-0022\" data-uw-rm-brl=\"false\">https:\/\/doi.org\/10.2478\/ijme-2021-0022<\/a><\/li>\n<li><span style=\"color: #000000;\">Recenzja ksi\u0105\u017cki: <a href=\"https:\/\/mariangorynia.pl\/wp-content\/uploads\/Gorynia_M_rec_Ekon_inf_Ekonomista_2021_2_309-312.pdf\"><span style=\"color: #0000ff;\">Przemys\u0142aw Deszczy\u0144ski (red.), Ekonomia informacji<\/span><\/a>, Ekonomista, nr 2, s. 309-312.<\/span><\/li>\n<\/ul>\n<p><span style=\"color: #000000;\">2020<\/span><\/p>\n<ul>\n<li><span style=\"color: #0000ff;\"><span style=\"color: #000000;\">Recenzja ksi\u0105\u017cki: <\/span><a style=\"color: #0000ff;\" href=\"https:\/\/mariangorynia.pl\/wp-content\/uploads\/Gorynia_rec_Konkurencyjnosc_miedzynarodowa_Ekonomista_2020_5.pdf\">Hanna G. Adamkiewicz, &#8222;Konkurencyjno\u015b\u0107 mi\u0119dzynarodowa kraj\u00f3w&#8221;, Wydawnictwo Politechniki Gda\u0144skiej, Gda\u0144sk 2019, ss. 329<\/a><\/span><span style=\"color: #0000ff;\">, <span style=\"color: #000000;\">Ekonomista<\/span><\/span><span style=\"color: #000000;\">, nr 5, s. 769-773.<\/span><\/li>\n<\/ul>\n<p><span style=\"color: #000000;\">2019<\/span><\/p>\n<ul>\n<li><span style=\"color: #0000ff;\"><a style=\"color: #0000ff;\" href=\"https:\/\/mariangorynia.pl\/wp-content\/uploads\/Gorynia_M_rec_O_indywidualnych_uwarunkowaniach_umiedzynarodowienia_KNoP_2019_3.pdf\">O indywidualnych uwarunkowaniach umi\u0119dzynarodowienia firmy<\/a><\/span> &#8211; <span style=\"color: #000000;\">Recenzja ksi\u0105\u017cki: A. W\u0105sowska &#8222;Przedsi\u0119biorcy wobec okazji na rynkach zagranicznych. Mikrofundamenty umi\u0119dzynarodowienia firmy&#8221;, Kwartalnik Nauk o Przedsi\u0119biorstwie, nr 3, s. 101-103.<\/span><\/li>\n<\/ul>\n<p><span style=\"color: #000000;\">2018<\/span><\/p>\n<ul>\n<li><span style=\"color: #000000;\">Recenzja ksi\u0105\u017cki: <span style=\"color: #0000ff;\"><a style=\"color: #0000ff;\" href=\"https:\/\/mariangorynia.pl\/wp-content\/uploads\/Gorynia_rec_Metaekonomia_EBR_2018_4.pdf\">M. Gorazda, \u0141. Hardt, T. Kwarci\u0144ski (red.) &#8222;Metaekonomia. Zagadnienia z filozofii ekonomii&#8221; [Metaeconomics]<\/a><\/span> ENG,\u00a0Economics and Business Review, vol. 4 (18), nr 1, s. 107-110.<\/span><\/li>\n<li><span style=\"color: #000000;\"><span style=\"color: #0000ff;\"><a style=\"color: #0000ff;\" href=\"https:\/\/mariangorynia.pl\/wp-content\/uploads\/Gorynia_rec_Kompleksowe_dzielo_o_fin_biznesu_miedzynar_2018.pdf\">Kompleksowe dzie\u0142o o finansach biznesu mi\u0119dzynarodowego<\/a><\/span> &#8211; Recenzja ksi\u0105\u017cki: J. Rymarczyka &#8222;Finanse biznesu mi\u0119dzynarodowego&#8221;,\u00a0Kwartalnik Nauk o Przedsi\u0119biorstwie, nr 1,\u00a0s. 99-103.<\/span><\/li>\n<\/ul>\n<p><span style=\"color: #000000;\">2017<\/span><\/p>\n<ul>\n<li><span style=\"color: #000000;\">Recenzja ksi\u0105\u017cki: <span style=\"color: #0000ff;\"><a style=\"color: #0000ff;\" href=\"https:\/\/mariangorynia.pl\/wp-content\/uploads\/Gorynia_rec._migracje_i_delokalizacja_przedsiebiorstw.pdf\">E. Ma\u0142uszy\u0144skiej &#8222;Migracje i delokalizacja przedsi\u0119biorstw&#8221;<\/a><\/span>,\u00a0Ruch Prawniczy, Ekonomiczny i Socjologiczny, nr 1,\u00a0s. 268-271.<\/span><\/li>\n<li><span style=\"color: #000000;\">Recenzja ksi\u0105\u017cki: <span style=\"color: #0000ff;\"><a style=\"color: #0000ff;\" href=\"https:\/\/mariangorynia.pl\/wp-content\/uploads\/Gorynia_rec._ekonomia_przyszlosci_wokol_nowego_pragmatyzmu_Grzegorza_W._Kolodko.pdf\">M. Ba\u0142towskiego (red.) &#8222;Ekonomia przysz\u0142o\u015bci. Wok\u00f3\u0142 nowego pragmatyzmu Grzegorza W. Ko\u0142odko&#8221;<\/a><\/span>, Ekonomista, nr 2,\u00a0s. 229-235.<\/span><\/li>\n<li><span style=\"color: #000000;\">Recenzja ksi\u0105\u017cki: <span style=\"color: #0000ff;\"><a style=\"color: #0000ff;\" href=\"https:\/\/mariangorynia.pl\/wp-content\/uploads\/Gorynia_rec_Metaekonomia_Ekonomista_2017_6.pdf\">M. Gorazda, \u0141. Hardt, T. Kwarci\u0144ski (red.) &#8222;Metaekonomia. Zagadnienia z filozofii ekonomii&#8221;<\/a><\/span>, Ekonomista, nr 6,\u00a0s. 723-730.\u00a0<\/span><\/li>\n<\/ul>\n<p>2016<\/p>\n<ul>\n<li><span style=\"color: #000000;\">Recenzja ksi\u0105\u017cki:<\/span> <span style=\"color: #0000ff;\"><a style=\"color: #0000ff;\" href=\"https:\/\/mariangorynia.pl\/wp-content\/uploads\/Gorynia_rec._Ekonomiczne_instytucjonalne_i_kulturalne_uwarunkowania_korupcji_Brol.pdf\">M. Brola &#8222;Ekonomiczne, instytucjonalne i kulturowe uwarunkowania korupcji&#8221;<\/a><\/span> <span style=\"color: #000000;\">[Economic, institutional and cultural determinants of corruption],\u00a0Argumenta Oeconomica, nr 1 (36),\u00a0s. 298-301.<\/span><\/li>\n<\/ul>\n<p>2013<\/p>\n<ul>\n<li><span style=\"color: #000000;\">\u00a0Recenzja ksi\u0105\u017cki: <span style=\"color: #0000ff;\"><a style=\"color: #0000ff;\" href=\"https:\/\/mariangorynia.pl\/wp-content\/uploads\/Gorynia_rec_Rozwoj_globalnych_sieci_biznesowych_jako_strategia_konkurencyjna_Gospodarka_Narodowa_2013_11_12.pdf\">M. Rosi\u0144skiej-Bukowskiej\u00a0 &#8222;Rozw\u00f3j globalnych sieci biznesowych jako strategia konkurencyjna korporacji transnarodowych&#8221;<\/a><\/span>, Gospodarka Narodowa, nr 11-12,\u00a0s. 147-151.<\/span><\/li>\n<li><span style=\"color: #000000;\">Recenzja ksi\u0105\u017cki: <span style=\"color: #0000ff;\"><a style=\"color: #0000ff;\" href=\"https:\/\/mariangorynia.pl\/wp-content\/uploads\/Gorynia_rec_Regionalizacja_rynkow_energii_Studia_Ekonomiczne_2013-3.pdf\">D. Niedzi\u00f3\u0142ki &#8222;Regionalizacja rynk\u00f3w energii&#8221;<\/a><\/span>, Studia Ekonomiczne, nr 3,\u00a0s. 502-506.<\/span><\/li>\n<li><span style=\"color: #000000;\">Recenzja ksi\u0105\u017cki: <span style=\"color: #0000ff;\"><a style=\"color: #0000ff;\" href=\"https:\/\/mariangorynia.pl\/wp-content\/uploads\/Gorynia_rec_Segmentacja_rynkow_zagranicznych_Studia_Ekonomiczne_2013-2.pdf\">E. Sobczak &#8222;Segmentacja rynk\u00f3w zagranicznych&#8221;<\/a><\/span>, Studia Ekonomiczne, nr 2,\u00a0s. 347-350.<\/span><\/li>\n<li><span style=\"color: #000000;\">Recenzja ksi\u0105\u017cki: <span style=\"color: #0000ff;\"><a style=\"color: #0000ff;\" href=\"https:\/\/mariangorynia.pl\/wp-content\/uploads\/Gorynia_rec_Biznes_miedzynarodowy_Ekonomista_2013_nr_5.pdf\">J. Rymarczyka &#8222;Biznes mi\u0119dzynarodowy&#8221;<\/a><\/span>, Ekonomista, nr 5,\u00a0s. 719-722.<\/span><\/li>\n<\/ul>\n<p>2012<\/p>\n<ul>\n<li><span style=\"color: #000000;\">Recenzja ksi\u0105\u017cki: <span style=\"color: #0000ff;\"><a style=\"color: #0000ff;\" href=\"https:\/\/mariangorynia.pl\/wp-content\/uploads\/Gorynia_rec_Regionalny_wymiar_procesow_innowacji_Gospodarka_Narodowa_2012.pdf\">A. Nowakowskiej &#8222;Regionalny wymiar proces\u00f3w innowacji&#8221;<\/a><\/span>, Gospodarka Narodowa, nr 9,\u00a0s. 102-104.<\/span><\/li>\n<li><span style=\"color: #000000;\">Recenzja ksi\u0105\u017cki: <span style=\"color: #0000ff;\"><a style=\"color: #0000ff;\" href=\"https:\/\/mariangorynia.pl\/wp-content\/uploads\/Gorynia_rec_Pozytywizm_a_sady_wartosciujace_w_ekonomii_Ekonomista_2012.pdf\">B. Czarnego &#8222;Pozytywizm a s\u0105dy warto\u015bciuj\u0105ce w ekonomii&#8221;<\/a><\/span>, Ekonomista, nr 1,\u00a0s. 132-134.<\/span><\/li>\n<li><span style=\"color: #000000;\">Recenzja ksi\u0105\u017cki: <span style=\"color: #0000ff;\"><a style=\"color: #0000ff;\" href=\"https:\/\/mariangorynia.pl\/wp-content\/uploads\/Gorynia_rec_Firma_we_wspolczesnej_mysli_ekonomicznej_studium_teoretyczno_metodologiczne_GN_2012_1_2.pdf\">J. Boehlke &#8222;Firma we wsp\u00f3\u0142czesnej my\u015bli ekonomicznej: studium teoretyczno-metodologiczne&#8221;<\/a><\/span>, Gospodarka Narodowa, nr 1-2,\u00a0s. 161-166.<\/span><\/li>\n<li><span style=\"color: #000000;\">Recenzja ksi\u0105\u017cki: <span style=\"color: #0000ff;\"><a style=\"color: #0000ff;\" href=\"https:\/\/mariangorynia.pl\/wp-content\/uploads\/Gorynia_rec_Rola_biz_w_ksztal_profilu_gosp_Ekonomista_2012.pdf\">J. \u015awiergockiego &#8222;Rola bezpo\u015brednich inwestycji zagranicznych w kszta\u0142towaniu aktualnego i przysz\u0142ego profilu gospodarczego wojew\u00f3dztwa \u0142\u00f3dzkiego&#8221;<\/a><\/span>, Ekonomista, nr 2,\u00a0s. 270-272.<\/span><\/li>\n<li><span style=\"color: #000000;\"><span style=\"color: #0000ff;\"><a style=\"color: #0000ff;\" href=\"https:\/\/mariangorynia.pl\/wp-content\/uploads\/Gorynia_rec_Konsorcjum_czyli_wspolczesna_forma_wspolpracy_KNOP_4_2012.pdf\">Konsorcjum czyli wsp\u00f3\u0142czesna forma wsp\u00f3\u0142pracy<\/a><\/span> &#8211;\u00a0Recenzja ksi\u0105\u017cki: R. Koszewskiego &#8222;Konsorcja eksportowe jako instrument aktywizacji eksportu dla ma\u0142ych i \u015brednich przedsi\u0119biorstw&#8221;,\u00a0Kwartalnik Nauk o Przedsi\u0119biorstwie, nr 4 (25),\u00a0s. 99-101.<\/span><\/li>\n<li><span style=\"color: #000000;\">Recenzja ksi\u0105\u017cki: <span style=\"color: #0000ff;\"><a style=\"color: #0000ff;\" href=\"https:\/\/mariangorynia.pl\/wp-content\/uploads\/Gorynia_rec_Specjalne_strefy_ekonomiczne_jako_stymulator_rozwoju_gospodarczego_RPEIS_2012.pdf\">R. Patusiaka &#8222;Specjalne strefy ekonomiczne jako stymulator rozwoju gospodarczego&#8221;<\/a><\/span>,\u00a0Ruch Prawniczy, Ekonomiczny i Socjologiczny, nr 4,\u00a0s. 299-301.<\/span><\/li>\n<\/ul>\n<p>2011<\/p>\n<ul>\n<li><span style=\"color: #000000;\">Recenzja ksi\u0105\u017cki: <span style=\"color: #0000ff;\"><a style=\"color: #0000ff;\" href=\"https:\/\/mariangorynia.pl\/wp-content\/uploads\/Gorynia_rec_Kierunki_rozwoju_polskich_grup_kapitalowych_perspektywa_miedzynarodowa.pdf\">M. Aluchny &#8222;Kierunki rozwoju polskich grup kapita\u0142owych: perspektywa mi\u0119dzynarodowa&#8221;<\/a><\/span>, Przegl\u0105d Organizacji, nr 11,\u00a0s. 41-43.<\/span><\/li>\n<li><span style=\"color: #000000;\">Recenzja ksi\u0105\u017cki: <\/span><em><strong>M. Majewskiej-Bator &#8222;Rozw\u00f3j endogenicznej przewagi w handlu mi\u0119dzynarodowym a proces zmniejszania luki technologicznej&#8221;<\/strong><\/em><span style=\"color: #000000;\">,\u00a0Ruch Prawniczy, Ekonomiczny i Socjologiczny, nr 4,\u00a0s. 245-247.<\/span><\/li>\n<\/ul>\n<p>2010<\/p>\n<ul>\n<li><span style=\"color: #000000;\">\u00a0<a href=\"https:\/\/mariangorynia.pl\/wp-content\/uploads\/Gorynia_rec_Theories_of_enterprises_ECONOMICS_BUSINESS_ADMINISTRATION_JOURNAL_2010.pdf\"><span style=\"color: #0000ff;\">Theories of Enterprises<\/span><\/a> &#8211; Recenzja ksi\u0105\u017cki:\u00a0A. Nogi &#8222;Teorie przedsi\u0119biorstw&#8221; [Theories of Enterprises], eng.,\u00a0Economics &amp; Business Administration Journal, vol. 2,\u00a0s. 148-149.<\/span><\/li>\n<li><span style=\"color: #000000;\">Recenzja ksi\u0105\u017cki: <span style=\"color: #0000ff;\"><a style=\"color: #0000ff;\" href=\"https:\/\/mariangorynia.pl\/wp-content\/uploads\/Gorynia_rec_Polityka_wspolpracy_z_zagranica_Gospodarka_Narodowa_2010_7-8.pdf\">B. Jeli\u0144skiego &#8222;Polityka wsp\u00f3\u0142pracy z zagranic\u0105&#8221;<\/a><\/span>, Gospodarka Narodowa, nr 7-8, s.\u00a0129-132.<\/span><\/li>\n<li><span style=\"color: #000000;\">Recenzja ksi\u0105\u017cki: <span style=\"color: #0000ff;\"><a style=\"color: #0000ff;\" href=\"https:\/\/mariangorynia.pl\/wp-content\/uploads\/Gorynia_Jankowska_rec_Klastry_biznesowe_w_rozwoju_konkurencyjnosci_i_innowacyjnosci_regionow_Ekonomista_2010_3.pdf\">&#8222;Klastry biznesowe w rozwoju konkurencyjno\u015bci i innowacyjno\u015bci region\u00f3w. \u015awiat &#8211; Europa &#8211; Polska&#8221;, red. E. Skawi\u0144ska<\/a><\/span>, R. Zalewski, Ekonomista, nr 3,\u00a0s. 434-437 (wsp\u00f3\u0142autorstwo z B. Jankowska).<\/span><\/li>\n<li><span style=\"color: #000000;\">Recenzja ksi\u0105\u017cki: <span style=\"color: #0000ff;\"><a style=\"color: #0000ff;\" href=\"https:\/\/mariangorynia.pl\/wp-content\/uploads\/Gorynia_Kowalski_rec_Wzrost_gospodarczy_w_krajach_transformacji_konwergencja_czy_dywergencja_Ekonomista_2010_1.pdf\">R. Rapackiego (red.) &#8222;Wzrost gospodarczy w krajach transformacji: konwergencja czy dywergencja?&#8221;<\/a><\/span>, Ekonomista, nr 1,\u00a0s. 130-132 (wsp\u00f3\u0142autorstwo z T. Kowalski).<\/span><\/li>\n<li><span style=\"color: #000000;\">Recenzja ksi\u0105\u017cki: <span style=\"color: #0000ff;\"><a style=\"color: #0000ff;\" href=\"https:\/\/mariangorynia.pl\/wp-content\/uploads\/Gorynia_rec_Prywatyzacja_restrukturyzacja_konkurencyjnosc_polskich_przedsiebiorstw_Gospodarka_Narodowa_2010_3.pdf\">S. Krajewskiego &#8222;Prywatyzacja, restrukturyzacja, konkurencyjno\u015b\u0107 polskich przedsi\u0119biorstw&#8221;<\/a><\/span>, Gospodarka Narodowa, nr 3,\u00a0s. 121-124.<\/span><\/li>\n<\/ul>\n<p>2009<\/p>\n<ul>\n<li><span style=\"color: #000000;\">\u00a0<span style=\"color: #0000ff;\"><a style=\"color: #0000ff;\" href=\"https:\/\/mariangorynia.pl\/wp-content\/uploads\/Gorynia_rec_Eurobiznes_KNOP_2009_1.pdf\">Specyfika biznesu w Unii Europejskiej<\/a><\/span> &#8211; Recenzja ksi\u0105\u017cki:\u00a0&#8222;Eurobiznes&#8221;, red. Marcin K. Nowakowski,\u00a0Kwartalnik Nauk o Przedsi\u0119biorstwie, nr 1 (10), s. 111-113.<\/span><\/li>\n<li><span style=\"color: #000000;\"><span style=\"color: #0000ff;\"><a style=\"color: #0000ff;\" href=\"https:\/\/mariangorynia.pl\/wp-content\/uploads\/Gorynia_rec_Teorie_przedsiebiorstw_KNOP_2009_2.pdf\">Nowa koncepcja przedsi\u0119biorstwa<\/a><\/span> &#8211; Recenzja ksi\u0105\u017cki:\u00a0A. Nogi &#8222;Teorie przedsi\u0119biorstw&#8221;,\u00a0Kwartalnik Nauk o Przedsi\u0119biorstwie, nr 2 (11), s. 104-105.<\/span><\/li>\n<li><span style=\"color: #000000;\">Recenzja ksi\u0105\u017cki: <span style=\"color: #0000ff;\"><a style=\"color: #0000ff;\" href=\"https:\/\/mariangorynia.pl\/wp-content\/uploads\/Gorynia_rec_Globalization_and_the_State_in_Central_and_Eastern_Europe.pdf\">J. Drahokoupil: &#8222;Globalization and the State in Central and Eastern Europe. The Politics of Foreign Direct Investment&#8221;<\/a><\/span>,\u00a0Czech Sociological Review, nr 6, s. 1336-1339.<\/span><\/li>\n<li><span style=\"color: #000000;\">Recenzja ksi\u0105\u017cki: <span style=\"color: #0000ff;\"><a style=\"color: #0000ff;\" href=\"https:\/\/mariangorynia.pl\/wp-content\/uploads\/Gorynia_rec_Modele_biznesu_polskich_przedsiebiorstw_Gospodarka_Narodowa_2009_7-8.pdf\">T. Go\u0142\u0119biowskiego, T. M. Dudzik, M. Lewandowskiej, M. Witek-Hajduk &#8222;Modele biznesu polskich przedsi\u0119biorstw&#8221;<\/a><\/span>, Gospodarka Narodowa, nr 7-8, s. 121-124.<\/span><\/li>\n<\/ul>\n<p>2008<\/p>\n<ul>\n<li>\u00a0<span style=\"color: #000000;\">Recenzja ksi\u0105\u017cki: <span style=\"color: #0000ff;\"><a style=\"color: #0000ff;\" href=\"https:\/\/mariangorynia.pl\/wp-content\/uploads\/Gorynia_rec_Instytucje_a_polityka_ekonomiczna_RPEiS_2008.pdf\">&#8222;Instytucje a polityka ekonomiczna w krajach na \u015brednim poziomie rozwoju&#8221;, red. A. Wojtyna<\/a><\/span>,\u00a0Ruch Prawniczy, Ekonomiczny i Socjologiczny, nr 3, 236-238.<\/span><\/li>\n<li><span style=\"color: #000000;\">Recenzja ksi\u0105\u017cki: <span style=\"color: #0000ff;\"><a style=\"color: #0000ff;\" href=\"https:\/\/mariangorynia.pl\/wp-content\/uploads\/Gorynia_rec_Korporacje_transnarodowe_Ekonomista_2008_3.pdf\">A. Zorskiej &#8222;Korporacje transnarodowe. Przemiany, oddzia\u0142ywania, wyzwania&#8221;<\/a><\/span>, Ekonomista, nr 3,\u00a0s. 428-431.<\/span><\/li>\n<li><span style=\"color: #000000;\">Recenzja ksi\u0105\u017cki: <span style=\"color: #0000ff;\"><a style=\"color: #0000ff;\" href=\"https:\/\/mariangorynia.pl\/wp-content\/uploads\/Gorynia_rec_Kreowanie_przewagi_konkurencyjnej_w_handlu_detalicznym_Gospodarka_Narodowa_2008_3.pdf\">G. \u015amigielskiej &#8222;Kreowanie przewagi konkurencyjnej w handlu detalicznym&#8221;<\/a><\/span>, Gospodarka Narodowa, nr 9, s.\u00a0s. 121-126.<\/span><\/li>\n<li><span style=\"color: #000000;\">Recenzja ksi\u0105\u017cki: <span style=\"color: #0000ff;\"><a style=\"color: #0000ff;\" href=\"https:\/\/mariangorynia.pl\/wp-content\/uploads\/Gorynia_rec_Ekon_przeslanki_GN_2008.pdf\">J. \u015awierkockiego &#8222;Ekonomiczne przes\u0142anki wielostronnej regulacji mi\u0119dzynarodowego handlu towarami&#8221;<\/a><\/span>, Gospodarka Narodowa, nr 3,\u00a0s. 123-124.<\/span><\/li>\n<li><span style=\"color: #000000;\">Recenzja ksi\u0105\u017cki: <span style=\"color: #0000ff;\"><a style=\"color: #0000ff;\" href=\"https:\/\/mariangorynia.pl\/wp-content\/uploads\/Gorynia_rec_Strategia_ogranizacji_Przeglad_Organizacji_2008_6.pdf\">K. Ob\u0142\u00f3j &#8222;Strategia organizacji. W poszukiwaniu trwa\u0142ej przewagi konkurencyjnej&#8221;<\/a><\/span>, Przegl\u0105d Organizacji, nr 6,\u00a0s. 43-45.<\/span><\/li>\n<li><span style=\"color: #000000;\">Recenzja ksi\u0105\u017cki: <span style=\"color: #0000ff;\"><a style=\"color: #0000ff;\" href=\"https:\/\/mariangorynia.pl\/wp-content\/uploads\/Gorynia_rec_Integracja_i_globalizacja_a_system_gospodarczy.pdf\">S. Swad\u017aby &#8222;Integracja i globalizacja a system gospodarczy. Konsekwencje dla Polski&#8221;<\/a><\/span>, Studia Ekonomiczne, nr 1-2,\u00a0s. 149-151.\u00a0<\/span><\/li>\n<\/ul>\n<p>2002<\/p>\n<ul>\n<li><span style=\"color: #000000;\">Recenzja ksi\u0105\u017cki: <span style=\"color: #0000ff;\"><a style=\"color: #0000ff;\" href=\"https:\/\/mariangorynia.pl\/wp-content\/uploads\/Gorynia_rec_Zarzadzanie_strategiczne_Przeglad_Organizacji_2002_3.pdf\">T. Go\u0142\u0119biowskiego pt.: Zarz\u0105dzanie strategiczne. Planowanie i kontrola<\/a><\/span>, Przegl\u0105d Organizacji, nr 3, s. 38-39.<\/span><\/li>\n<li><span style=\"color: #000000;\">Recenzja ksi\u0105\u017cki: <span style=\"color: #0000ff;\"><a style=\"color: #0000ff;\" href=\"https:\/\/mariangorynia.pl\/wp-content\/uploads\/Gorynia_rec_Procesy_integracyjne_we_wspolczesnej_gospodarce_swiatowej_Gospodarka_Narodowa_2002_1_2_1.pdf\">Procesy integracyjne we wsp\u00f3\u0142czesnej gospodarce \u015bwiatowej, red. E. Oziewicz<\/a><\/span>, Gospodarka Narodowa, nr 1-2, s. 115-117.<\/span><\/li>\n<\/ul>\n<p>1997<\/p>\n<ul>\n<li><span style=\"color: #000000;\">Recenzja ksi\u0105\u017cki: <span style=\"color: #0000ff;\"><a style=\"color: #0000ff;\" href=\"https:\/\/mariangorynia.pl\/wp-content\/uploads\/Gorynia_rec_Internacjonalizacja_przedsiebiorstwa_Ekonomista_1997_5_6.pdf\">J. Rymarczyka pt. \u201cInternacjonalizacja przedsi\u0119biorstwa&#8221;<\/a><\/span>, Ekonomista, nr 5-6, s. 813-817.<\/span><\/li>\n<\/ul>\n<p>1989<\/p>\n<ul>\n<li>\u00a0<span style=\"color: #000000;\"><a href=\"https:\/\/mariangorynia.pl\/wp-content\/uploads\/Gorynia_rec_Strategis_eksportowa_producenta_Przeglad_Organizacji_1989_8.pdf\"><span style=\"color: #0000ff;\">Strategia w eksporcie<\/span><\/a> &#8211; Recenzja ksi\u0105\u017cki: \u201cStrategia eksportowa producenta\u201d, W. J. Otta, Przegl\u0105d Organizacji, nr 8, s. 20.<\/span><\/li>\n<\/ul>\n<p>1988<\/p>\n<ul>\n<li><span style=\"color: #0000ff;\"><a style=\"color: #0000ff;\" href=\"https:\/\/mariangorynia.pl\/wp-content\/uploads\/2018\/11\/Gorynia_rec_O_praktycznych_aspektach_koniuktury.pdf\">O praktycznych aspektach koniunktury<\/a><\/span><span style=\"color: #000000;\">\u00a0&#8211; Recenzja ksi\u0105\u017cki: \u201cZagadnienia koniunktury gospodarczej\u201d, red. Z. Kowalczyk, Handel Zagraniczny, nr 12,\u00a0s. 28-29.<\/span><\/li>\n<li><span style=\"color: #000000;\"><span style=\"color: #0000ff;\"><a style=\"color: #0000ff;\" href=\"https:\/\/mariangorynia.pl\/wp-content\/uploads\/2018\/11\/Gorynia_rec_Competition_in_Global_Industries.pdf\">O strategii przedsi\u0119biorstwa w skali globalnej<\/a><\/span> &#8211;\u00a0Recenzja ksi\u0105\u017cki \u201cCompetition in Global Industries\u201d, red. M. E. Porter, Handel Zagraniczny, nr 3, s. 28-30.<\/span><\/li>\n<\/ul>\n<p>1986<\/p>\n<ul>\n<li>\u00a0<span style=\"color: #000000;\">Recenzja ksi\u0105\u017cki:<\/span> <a href=\"https:\/\/mariangorynia.pl\/wp-content\/uploads\/Gorynia_rec_Zasady_zarzadzania_organizacjami_RPEIS_1986_1.pdf\"><span style=\"color: #0000ff;\">R. A. Webera \u201cZasady zarz\u0105dzania organizacjami\u201d<\/span><\/a>,\u00a0<span style=\"color: #000000;\">Ruch Prawniczy, Ekonomiczny i Socjologiczny, nr 1,\u00a0s. 326-329.<\/span><\/li>\n<\/ul>\n<p>1982<\/p>\n<ul>\n<li><span style=\"color: #000000;\">\u00a0Recenzja ksi\u0105\u017cki: <span style=\"color: #0000ff;\"><a style=\"color: #0000ff;\" href=\"https:\/\/mariangorynia.pl\/wp-content\/uploads\/2018\/11\/Gorynia_rec_Fukncjonowanie_handlu_zagranicznego_a_wzrost_intensywny_-Zycie_Gospodarcze_1982_4.pdf\">U. P\u0142owiec \u201cFunkcjonowanie handlu zagranicznego a wzrost intensywny\u201d<\/a><\/span>, \u017bycie Gospodarcze, nr 4, s. 2.<\/span><\/li>\n<\/ul>\n","protected":false},"excerpt":{"rendered":"<p>2025 Recenzja &#8211; s\u0142owo wst\u0119pne : Polskie Towarzystwo Ekonomiczne i instytucje poprzedzaj\u0105ce w s\u0142u\u017cbie nauk ekonomicznych, Biuletyn PTE, 2025, nr 4, s. 90-90. 2021 Book review: The economic and legal impact of COVID-19. The case of Poland, International Journal of&hellip;&nbsp;<a href=\"https:\/\/mariangorynia.pl\/?page_id=155\" class=\"more-link\">Read More<\/a><\/p>\n","protected":false},"author":1,"featured_media":0,"parent":0,"menu_order":0,"comment_status":"closed","ping_status":"closed","template":"","meta":{"footnotes":""},"class_list":["post-155","page","type-page","status-publish","hentry"],"_links":{"self":[{"href":"https:\/\/mariangorynia.pl\/index.php?rest_route=\/wp\/v2\/pages\/155"}],"collection":[{"href":"https:\/\/mariangorynia.pl\/index.php?rest_route=\/wp\/v2\/pages"}],"about":[{"href":"https:\/\/mariangorynia.pl\/index.php?rest_route=\/wp\/v2\/types\/page"}],"author":[{"embeddable":true,"href":"https:\/\/mariangorynia.pl\/index.php?rest_route=\/wp\/v2\/users\/1"}],"replies":[{"embeddable":true,"href":"https:\/\/mariangorynia.pl\/index.php?rest_route=%2Fwp%2Fv2%2Fcomments&post=155"}],"version-history":[{"count":62,"href":"https:\/\/mariangorynia.pl\/index.php?rest_route=\/wp\/v2\/pages\/155\/revisions"}],"predecessor-version":[{"id":9137,"href":"https:\/\/mariangorynia.pl\/index.php?rest_route=\/wp\/v2\/pages\/155\/revisions\/9137"}],"wp:attachment":[{"href":"https:\/\/mariangorynia.pl\/index.php?rest_route=%2Fwp%2Fv2%2Fmedia&parent=155"}],"curies":[{"name":"wp","href":"https:\/\/api.w.org\/{rel}","templated":true}]}}