{"id":1850,"date":"2020-11-14T13:44:47","date_gmt":"2020-11-14T12:44:47","guid":{"rendered":"http:\/\/mariangorynia.pl\/?page_id=1850"},"modified":"2025-02-18T09:38:52","modified_gmt":"2025-02-18T08:38:52","slug":"recenzje-ksiazek-m-goryni","status":"publish","type":"page","link":"https:\/\/mariangorynia.pl\/?page_id=1850","title":{"rendered":"Recenzje ksi\u0105\u017cek M. Goryni"},"content":{"rendered":"\n<ul span style=\"color: black\"><li>Kowalski Arkadiusz M., <strong><em>A review of the book titled \u201cChanges caused by the COVID-19 pandemic in the SMEs sector and their impact on the implementation of business processes\u201d by Marian Gorynia and Joanna Kuczewska (recenzja),<\/em><\/strong> &#8222;The Review of European Affairs&#8221;, nr 8(1), 2024, s. 1-2. <strong><a href=\"https:\/\/mariangorynia.pl\/wp-content\/uploads\/Kowalski_rec_book_Gorynia_zmiany_wywolane.pdf\"><span style=\"color: blue\"> [pobierz]<\/a><\/strong><\/li><li>Ma\u0142ek M., <strong><em>Ekonomia a pandemia COVID-19 \u2013 wa\u017cne pytania, nieoczywiste odpowiedzi (recenzja),<\/em><\/strong> &#8222;Eurogospodarka&#8221;, nr 6, 2024, s. 64-66. <strong><a href=\"https:\/\/mariangorynia.pl\/wp-content\/uploads\/Malek_rec_Ekonomia_a_pandemia_COVID-19_Eurogospodarka_2024_6_64-66.pdf\"><span style=\"color: blue\"> [pobierz]<\/a><\/strong><\/li><li>Ma\u0142ek M., <strong><em>Po co nam edukacja ekonomiczna,\nczyli inaczej o SGR [RECENZJA],<\/em><\/strong> &#8222;Eurogospodarka&#8221;, nr 5, 2024, s. 16-21. <strong><a href=\"https:\/\/mariangorynia.pl\/wp-content\/uploads\/Malek_M_rec_inaczej_o_SGR_Eurogospodarka_2024_5_16-21.pdf\"><span style=\"color: blue\"> [pobierz]<\/a><\/strong><\/li><li>Ma\u0142ek M., <strong><em>Pandemia ukaza\u0142a now\u0105, gro\u017an\u0105 twarz globalizmu [RECENZJA KSI\u0104\u017bKI],<\/em><\/strong> &#8222;Eurogospodarka&#8221;, nr 3, 2024, s. 56-59. <strong><a href=\"https:\/\/mariangorynia.pl\/wp-content\/uploads\/Malek_M._recenzja_EUROGOSPODARKA_03_2024.pdf\"><span style=\"color: blue\"> [pobierz]<\/a><\/strong><\/li><li>Ma\u0142ek M., <strong><em>Keynes aktualny do dzi\u015b [RECENZJA KSI\u0104\u017bKI],<\/em><\/strong> &#8222;Eurogospodarka&#8221;, nr 2, 2024, s. 62-63. <strong><a href=\"https:\/\/mariangorynia.pl\/wp-content\/uploads\/Malek_rec_EUROGOSPODARKA_02_2024.pdf\"><span style=\"color: blue\"> [pobierz]<\/a><\/strong><\/li><li>Ma\u0142ek M., <strong><em>RECENZJA KSI\u0104\u017bKI: red. Maciej J. Nowak, Rafa\u0142 Rakoczy, Nauka Polska. Szanse, bariery i wyzwania,<\/em><\/strong> Wydawnictwo Naukowe Scholar, Warszawa 2023, &#8222;Eurogospodarka&#8221;, nr 11, 2023, s. 55. <strong><a href=\"https:\/\/mariangorynia.pl\/wp-content\/uploads\/recenzja_Malek_wyd-Scholar_2023-2.pdf\"><span style=\"color: blue\"> [pobierz]<\/a><\/strong><\/li><li>Ma\u0142ek M., <strong><em>RECENZJA KSI\u0104\u017bKI: Marian Gorynia, Pandemia, wojna, globalne przesilenie,<\/em><\/strong> Wydawnictwo UEP, Pozna\u0144 2023, &#8222;Eurogospodarka&#8221;, nr 10, 2023, s. 13. <strong><a href=\"https:\/\/mariangorynia.pl\/wp-content\/uploads\/Malek_rec_book_Gorynia_Pandemia_wojna_przesilenie_2023_2.pdf\"><span style=\"color: blue\"> [pobierz]<\/a><\/strong><\/li><li>Jarosi\u0144ski M., <strong><em>RECENZJA KSI\u0104\u017bKI: Marian Gorynia, Przedsi\u0119biorstwo w biznesie mi\u0119dzynarodowym. Aspekty ekonomiczne, finansowe i mened\u017cerskie,<\/em><\/strong> Wydawnictwo Naukowe PWN, Warszawa 2021, s. 503, &#8222;Organizacja i Kierowanie&#8221;, nr 1(190), 2022, s. 177-180. <strong><a href=\"https:\/\/mariangorynia.pl\/wp-content\/uploads\/Rec_book_MG_Organizacja-i-kierowanie-2022.pdf\"><span style=\"color: blue\"> [pobierz]<\/a><\/strong><\/li><li>Karasiewicz G., <strong><em>Book review: Marian Gorynia,\nPrzedsi\u0119biorstwo w biznesie mi\u0119dzynarodowym. Aspekty ekonomiczne, finansowe i mened\u017cerskie,<\/em><\/strong> Wydawnictwo Naukowe PWN, Warszawa 2021, s. 503, &#8222;Problemy Zarz\u0105dzania&#8221;, nr 3(93), 2021, s. 211-219. <strong><a href=\"https:\/\/mariangorynia.pl\/wp-content\/uploads\/Book_review_Probl_Zarz_2021_392_211-219.pdf\"><span style=\"color: blue\"> [pobierz]<\/a><\/strong><\/li><li>K.A.K., <strong><em>Notka o ksi\u0105\u017cce M. Goryni: Pandemia opisana na gor\u0105co,<\/em><\/strong> &#8222;Rzeczpospolita&#8221; z dn. 05.12.2021, nr 283, 2021, s. A19. <strong><a href=\"https:\/\/mariangorynia.pl\/wp-content\/uploads\/20211205_RZECZPOSPOLITA_PANDEMIA_OPISANA_NA__5357147831_204f2.pdf\"><span style=\"color: blue\"> [pobierz]<\/a><\/strong><\/li><li>Drelich-Skulska B., <strong><em>Recenzja monografii Mariana Goryni,  Ekonomiczne, fnansowe i mened\u017cerskie aspekty zagranicznej ekspansji przedsi\u0119biorstw,<\/em><\/strong> Wydawnictwo Naukowe PWN, Warszawa 2021, &#8222;Ekonomista&#8221;, 2021, nr 5, s. 702-705. <strong><a href=\"https:\/\/mariangorynia.pl\/wp-content\/uploads\/Drelich_rec_Aspekty_ekspansji_przedsieb_Gorynia_2021_702-706-1.pdf\"><span style=\"color: blue\"> [pobierz]<\/a><\/strong><\/li><li>Wiktor J.W., <strong><em>Book review: Przedsi\u0119biorstwo w biznesie mi\u0119dzynarodowym. Aspekty ekonomiczne, finansowe i mened\u017cerskie,<\/em><\/strong> Wydawnictwo Naukowe PWN, Warszawa 2021, &#8222;Przegl\u0105d Organizacji&#8221;, 2021, 1, s. 50-52. <strong><a href=\"https:\/\/mariangorynia.pl\/wp-content\/uploads\/Wiktor_J_rec_ENG_Przedsieb_w_biznes_Gorynii_Przeglad_Org_2021.pdf\"><span style=\"color: blue\"> [pobierz]<\/a><\/strong><\/li><li>Wiktor J.W., <strong><em>Recenzja monografii Mariana Goryni, Przedsi\u0119biorstwo w biznesie mi\u0119dzynarodowym. Aspekty ekonomiczne, finansowe i mened\u017cerskie,<\/em><\/strong> Wydawnictwo Naukowe PWN, Warszawa 2021, &#8222;Biuletyn PTE&#8221;, 2021, 1, s. 104-106. <strong><a href=\"https:\/\/mariangorynia.pl\/wp-content\/uploads\/Wiktor_J_rec_Przedsieb_w_biznes_Gorynii_Biuletyn_PTE_2021_104-106.pdf\"><span style=\"color: blue\"> [pobierz]<\/a><\/strong><\/li><li>Osi\u0144ska M., <strong><em>Book review: Gorynia, M. (Ed.), &#8222;Ewolucja nauk ekonomicznych: jedno\u015b\u0107 a r\u00f3\u017cnorodno\u015b\u0107, relacje do innych nauk, problemy klasyfikacyjne&#8221;,<\/em><\/strong> Warszawa: Polska Akademia Nauk, &#8222;Ekonomia i Prawo &#8211; Economics and Law&#8221;, 2020, 19(1), s. 201-210. <strong><a href=\"https:\/\/mariangorynia.pl\/wp-content\/uploads\/ENE-recenzja-M.Osi\u0144ska-2020.pdf\"><span style=\"color: blue\"> [pobierz]<\/a><\/strong><\/li><li>Czaja S., <strong><em>Obraz wsp\u00f3\u0142czesnej ekonomii i jej ewolucji,<\/em><\/strong> Recenzja ksi\u0105\u017cki: &#8222;Ewolucja nauk ekonomicznych. Jedno\u015b\u0107 a r\u00f3\u017cnorodno\u015b\u0107, relacje do innych nauk. Problemy klasyfikacyjne&#8221;, praca zbiorowa pod red. Mariana Goryni, Polska Akademia Nauk, Warszawa 2019, ss. 252 &#8211; &#8222;Ekonomista&#8221;, 2020, nr 4, s. 646-650. <strong><a href=\"https:\/\/mariangorynia.pl\/wp-content\/uploads\/2020-4-148-152.pdf\"><span style=\"color: blue\"> [pobierz]<\/a><\/strong><\/li><li>Hardt \u0141., <strong><em>Recenzja ksi\u0105\u017cki: &#8222;Ewolucja nauk ekonomicznych. Jedno\u015b\u0107 a r\u00f3\u017cnorodno\u015b\u0107, relacje do innych nauk. Problemy klasyfikacyjne&#8221;,<\/em><\/strong> praca zbiorowa pod red. Mariana Goryni, Polska Akademia Nauk, Warszawa 2019, ss. 252 &#8211; &#8222;Ekonomista&#8221;, 2020, nr 4, s. 650-654. <strong><a href=\"https:\/\/mariangorynia.pl\/wp-content\/uploads\/2020-4-152-156.pdf\"><span style=\"color: blue\"> [pobierz]<\/a><\/strong><\/li><li>Wach K., <strong><em>Recenzja ksi\u0105\u017cki: &#8222;Mi\u0119dzynarodowa konkurencyjno\u015b\u0107 polskich przedsi\u0119biorstw w okresie globalnego kryzysu gospodarczego i po jego wyst\u0105pieniu&#8221;,<\/em><\/strong> red. M. Dzikowska, M. Gorynia, B. Jankowska, Difin, Warszawa 2016, s. 326 &#8211; &#8222;Ekonomista&#8221;, 2017, nr 5, s. 608-611. <strong><a href=\"https:\/\/mariangorynia.pl\/wp-content\/uploads\/Ekonomista_2017_nr_5.pdf\"><span style=\"color: blue\"> [pobierz]<\/a><\/strong><\/li><li>\u015awierkocki J., <strong><em>Recenzja ksi\u0105\u017cki: &#8222;Wej\u015bcie Polski do strefy euro a mi\u0119dzynarodowa konkurencyjno\u015b\u0107 i internacjonalizacja polskich przedsi\u0119biorstw&#8221;,<\/em><\/strong> redakcja naukowa Marian Gorynia, Barbara Jankowska, Difin, Warszawa 2011, s. 277 &#8211; &#8222;Gospodarka Narodowa&#8221;, 2012, nr 3, s. 112-117. <strong><a href=\"https:\/\/mariangorynia.pl\/wp-content\/uploads\/Gospodarka_Narodowa_2012_nr_3.pdf\"><span style=\"color: blue\"> [pobierz]<\/a><\/strong><\/li><li>Do\u0142\u0119gowski T., <strong><em>Recenzja ksi\u0105\u017cki: &#8222;Kompendium wiedzy o konkurencyjno\u015bci&#8221;,<\/em><\/strong> praca zbiorowa pod red. Mariana Goryni i Ewy \u0141a\u017aniewskiej, Wydawnictwo Naukowe PWN, Warszawa 2009, s. 350 &#8211; Gospodarka Narodowa, 2010, nr 5-6, s. 131-135. <strong><a href=\"https:\/\/mariangorynia.pl\/wp-content\/uploads\/Gospodarka_Narodowa_2010_nr_5-6.pdf\n\"><span style=\"color: blue\"> [pobierz]<\/a><\/strong><\/li><li>Dziewulski P., <strong><em>Recenzja ksi\u0105\u017cki: &#8222;International business in transition&#8221;,<\/em><\/strong> pod red. Mariana Goryni, Difin, Warszawa 2009, s. 328 &#8211; &#8222;Gospodarka Narodowa&#8221;, 2010, nr 1-2, s. 149-152. <strong><a href=\"https:\/\/mariangorynia.pl\/wp-content\/uploads\/Gospodarka_Narodowa_2010_nr_1-2.pdf\n\"><span style=\"color: blue\"> [pobierz]<\/a><\/strong><\/li><li>Deszczy\u0144ski P., <strong><em>Recenzja ksi\u0105\u017cki: Marian Gorynia, Barbara Jankowska, &#8222;Klastry a mi\u0119dzynarodowa konkurencyjno\u015b\u0107 i internacjonalizacja przedsi\u0119biorstwa&#8221;,<\/em><\/strong> Wydawnictwo Difin, Warszawa 2008, s. 228 &#8211; &#8222;Gospodarka Narodowa&#8221;, 2009, nr 1-2, s. 159-162. <strong><a href=\"https:\/\/mariangorynia.pl\/wp-content\/uploads\/Gospodarka_Narodowa_2009_nr_1-2.pdf\n\"><span style=\"color: blue\"> [pobierz]<\/a><\/strong><\/li><li>P\u0142owiec U., <strong><em>Recenzja ksi\u0105\u017cki: Marian Gorynia, &#8222;Strategia zagranicznej ekspansji przedsi\u0119biorstw&#8221;,<\/em><\/strong> Polskie Wydawnictwo Ekonomiczne, Warszawa 2007, s. 200 &#8211; &#8222;Gospodarka Narodowa&#8221;, 2009, nr 9, s. 118-120. <strong><a href=\"https:\/\/mariangorynia.pl\/wp-content\/uploads\/Gospodarka_Narodowa_2009_nr_9.pdf\n\"><span style=\"color: blue\"> [pobierz]<\/a><\/strong><\/li><li>Fiedor B., <strong><em>Recenzja ksi\u0105\u017cki: Marian Gorynia, &#8222;Wybrane problemy transformacji i internacjonalizacji gospodarki polskiej&#8221;,<\/em><\/strong> Wydawnictwo DIFIN, Warszawa 2008 &#8211; &#8222;Ekonomista&#8221;, 2009, nr 1, s. 149-151. <strong><a href=\"https:\/\/mariangorynia.pl\/wp-content\/uploads\/Ekonomista_2009_nr_1.pdf\n\"><span style=\"color: blue\"> [pobierz]<\/a><\/strong><\/li><li>Dominiak P., <strong><em>Recenzja ksi\u0105\u017cki: Marian Gorynia, Barbara Jankowska, &#8222;Klastry a mi\u0119dzynarodowa konkurencyjno\u015b\u0107 i internacjonalizacja przedsi\u0119biorstwa&#8221;,<\/em><\/strong> Difin, Warszawa 2008, s. 228 &#8211; &#8222;Ekonomista&#8221;, 2008, nr 6, s. 1-3. <strong><a href=\"https:\/\/mariangorynia.pl\/wp-content\/uploads\/Ekonomista_2008_nr_6.pdf\n\"><span style=\"color: blue\"> [pobierz]<\/a><\/strong><\/li><li>Kwa\u015bnicki W., <strong><em>Recenzja ksi\u0105\u017cki: Marian Gorynia, &#8222;Studia nad transformacj\u0105 i internacjonalizacj\u0105 gospodarki polskiej&#8221;,<\/em><\/strong> Difin, Warszawa 2007 &#8211; &#8222;Studia Ekonomiczne&#8221;, 2008, nr 1-2, s. 143-148. <strong><a href=\"https:\/\/mariangorynia.pl\/wp-content\/uploads\/studia-1-2-2008-recenzje-1.pdf\n\"><span style=\"color: blue\"> [pobierz]<\/a><\/strong><\/li><li>Go\u0142\u0119biowski T., <strong><em>Recenzja ksi\u0105\u017cki: Marian Gorynia, &#8222;Strategie zagranicznej ekspansji przedsi\u0119biorstw&#8221;,<\/em><\/strong> PWE, Warszawa 2007, s. 200 &#8211; &#8222;Ekonomista&#8221;, 2008, nr 1, s. 133-138. <strong><a href=\"https:\/\/mariangorynia.pl\/wp-content\/uploads\/Recenzja-Strategie-zagranicznej-ekspansji-przedsi\u0119biorstw-Ekonomista_2008_nr_1.pdf\n\"><span style=\"color: blue\"> [pobierz]<\/a><\/strong><\/li><li>Sznajder A., <strong><em>Recenzja ksi\u0105\u017cki: Marian Gorynia, &#8222;Strategie zagranicznej ekspansji przedsi\u0119biorstw&#8221;,<\/em><\/strong> PWE, Warszawa 2007, s. 200 &#8211; &#8222;Gospodarka Narodowa&#8221;, 2008, nr 1-2, s. 114-117. <strong><a href=\"https:\/\/mariangorynia.pl\/wp-content\/uploads\/Recenzja-Strategie-zagranicznej-ekspansji-przedsi\u0119biorstw-GN_2008_nr_1-2.pdf\n\"><span style=\"color: blue\"> [pobierz]<\/a><\/strong><\/li><li>Ob\u0142\u00f3j K., <strong><em>Recenzja ksi\u0105\u017cki: Marian Gorynia, &#8222;Strategie zagranicznej ekspansji przedsi\u0119biorstw&#8221;,<\/em><\/strong> PWE, Warszawa, 2007 &#8211; &#8222;Przegl\u0105d Organizacji&#8221;, 2007, nr 11, s. 41-41. <strong><a href=\"https:\/\/mariangorynia.pl\/wp-content\/uploads\/Strategie-zagranicznej-ekspansji-przedsi\u0119biorstw-Przegl\u0105d-Organizacji_2007_nr_11.pdf\n\"><span style=\"color: blue\"> [pobierz]<\/a><\/strong><\/li><li>Go\u0142\u0119biowski T., <strong><em>Recenzja ksi\u0105\u017cki: &#8222;Strategie firm polskich wobec ekspansji inwestor\u00f3w zagranicznych&#8221;,<\/em><\/strong> red. Marian Gorynia, Polskie Wydawnictwo Ekonomiczne, Warszawa 2005, s. 327 &#8211; &#8222;Ekonomista&#8221;, 2006, nr 2, s. 1-5. <strong><a href=\"https:\/\/mariangorynia.pl\/wp-content\/uploads\/Recenzja-Strategie-firm-polskich-wobec-ekspansji-inwestor\u00f3w-zagranicznych-Ekonomista_2006_nr_2.pdf\n\"><span style=\"color: blue\"> [pobierz]<\/a><\/strong><\/li><li>Sznajder A., <strong><em>Recenzja ksi\u0105\u017cki: pod red. nauk. Mariana Goryni: &#8222;Strategie firm polskich wobec ekspansji inwestor\u00f3w z zagranicy&#8221;,<\/em><\/strong> Polskie Wydawnictwo Ekonomiczne, Warszawa, 2005, s. 327 &#8211; &#8222;Gospodarka Narodowa&#8221;, 2006, nr 3, s. 111-114. <strong><a href=\"https:\/\/mariangorynia.pl\/wp-content\/uploads\/Recenzja-Strategie-firm-polskich-wobec-ekspansji-inwestor\u00f3w-zagranicznych-GN_2006_nr_3.pdf\n\"><span style=\"color: blue\"> [pobierz]<\/a><\/strong><\/li><li>Go\u0142\u0119biowski T., <strong><em>Recenzja monografii: &#8222;Luka konkurencyjna na poziomie przedsi\u0119biorstwa a przyst\u0105pienie Polski do Unii Europejskiej&#8221;,<\/em><\/strong> pod redakcj\u0105 Mariana Goryni, Wydawnictwo Akademii Ekonomicznej w Poznaniu, Pozna\u0144 2002, s. 321 &#8211; &#8222;Gospodarka Narodowa&#8221;, 2002, nr 7-8, s. 108-111. <strong><a href=\"https:\/\/mariangorynia.pl\/wp-content\/uploads\/Recenzja-Luka-konkurencyjna-na-poziomie-przedsi\u0119biorstwa-a-przyst\u0105pienie-Polski-do-Unii-Europejskiej-GN_2002_nr_7-8.pdf\n\"><span style=\"color: blue\"> [pobierz]<\/a><\/strong><\/li><li>Bilski J., <strong><em>Recenzja ksi\u0105\u017cki: &#8222;Strategie przedsi\u0119biorstw w biznesie mi\u0119dzynarodowym&#8221;,<\/em><\/strong> praca zbiorowa pod red. Mariana Goryni, Wydawnictwo Akademii Ekonomicznej w Poznaniu, Pozna\u0144 2000, s. 234 &#8211; &#8222;Ekonomista&#8221;, 2000, nr 4, s. 1-3. <strong><a href=\"https:\/\/mariangorynia.pl\/wp-content\/uploads\/Rec_Strategie-przedsi\u0119biorstw-w-biznesie-mi\u0119dzynarodowym-Ekonomista_2000_nr_4.pdf\n\"><span style=\"color: blue\"> [pobierz]<\/a><\/strong><\/li><li>Oziewicz E., <strong><em>Recenzja ksi\u0105\u017cki: &#8222;Strategie przedsi\u0119biorstw w biznesie mi\u0119dzynarodowym&#8221;,<\/em><\/strong> pod red. nauk. M. Goryni, Wydawnictwo Akademii Ekonomicznej w Poznaniu, 2000 &#8211; &#8222;Przegl\u0105d Organizacji&#8221;, 2000, nr 7-8, s. 58-59. <strong><a href=\"https:\/\/mariangorynia.pl\/wp-content\/uploads\/Strategie-przedsi\u0119biorstw-w-biznesie-mi\u0119dzynarodowym-Przegl\u0105d-Organizacji_2000_nr_7-8.pdf\n\"><span style=\"color: blue\"> [pobierz]<\/a><\/strong><\/li>\n\n \n\n<\/ul>\n\n\n\n<p><\/p>\n","protected":false},"excerpt":{"rendered":"<p>Kowalski Arkadiusz M., A review of the book titled \u201cChanges caused by the COVID-19 pandemic in the SMEs sector and their impact on the implementation of business processes\u201d by Marian Gorynia and Joanna Kuczewska (recenzja), &#8222;The Review of European Affairs&#8221;,&hellip;&nbsp;<a href=\"https:\/\/mariangorynia.pl\/?page_id=1850\" class=\"more-link\">Read More<\/a><\/p>\n","protected":false},"author":1,"featured_media":0,"parent":0,"menu_order":0,"comment_status":"closed","ping_status":"closed","template":"","meta":{"footnotes":""},"class_list":["post-1850","page","type-page","status-publish","hentry"],"_links":{"self":[{"href":"https:\/\/mariangorynia.pl\/index.php?rest_route=\/wp\/v2\/pages\/1850"}],"collection":[{"href":"https:\/\/mariangorynia.pl\/index.php?rest_route=\/wp\/v2\/pages"}],"about":[{"href":"https:\/\/mariangorynia.pl\/index.php?rest_route=\/wp\/v2\/types\/page"}],"author":[{"embeddable":true,"href":"https:\/\/mariangorynia.pl\/index.php?rest_route=\/wp\/v2\/users\/1"}],"replies":[{"embeddable":true,"href":"https:\/\/mariangorynia.pl\/index.php?rest_route=%2Fwp%2Fv2%2Fcomments&post=1850"}],"version-history":[{"count":46,"href":"https:\/\/mariangorynia.pl\/index.php?rest_route=\/wp\/v2\/pages\/1850\/revisions"}],"predecessor-version":[{"id":8649,"href":"https:\/\/mariangorynia.pl\/index.php?rest_route=\/wp\/v2\/pages\/1850\/revisions\/8649"}],"wp:attachment":[{"href":"https:\/\/mariangorynia.pl\/index.php?rest_route=%2Fwp%2Fv2%2Fmedia&parent=1850"}],"curies":[{"name":"wp","href":"https:\/\/api.w.org\/{rel}","templated":true}]}}