{"id":4232,"date":"2022-04-25T09:05:57","date_gmt":"2022-04-25T07:05:57","guid":{"rendered":"http:\/\/mariangorynia.pl\/?page_id=4232"},"modified":"2026-04-16T07:40:58","modified_gmt":"2026-04-16T05:40:58","slug":"bieganie","status":"publish","type":"page","link":"https:\/\/mariangorynia.pl\/?page_id=4232","title":{"rendered":"bieganie"},"content":{"rendered":"\n<hr class=\"wp-block-separator has-css-opacity\"\/>\n\n\n\n<h4 class=\"wp-block-heading\">2026<\/h4>\n\n\n\n<p><a href=\"https:\/\/mariangorynia.pl\/?page_id=9318\">XV Ekonomiczna Pi\u0105tka<\/a> &#8211; 12.04.2026<\/p>\n\n\n\n<hr class=\"wp-block-separator has-alpha-channel-opacity\"\/>\n\n\n\n<h4 class=\"wp-block-heading\"><strong>2025<\/strong><\/h4>\n\n\n\n<p><a href=\"https:\/\/mariangorynia.pl\/?page_id=8791\">12. Bieg 10km Szpot Swarz\u0119dz &#8211; 15.06.2025<\/a><\/p>\n\n\n\n<p><a href=\"https:\/\/mariangorynia.pl\/?page_id=8775\">Bieg Lwa &#8211; P\u00f3\u0142maraton w Tarnowie Podg\u00f3rnym &#8211; 24.05.2025<\/a><\/p>\n\n\n\n<p><a href=\"https:\/\/mariangorynia.pl\/?page_id=8694\">17. PKO Pozna\u0144 P\u00f3\u0142maraton &#8211; 13.04.2025<\/a><\/p>\n\n\n\n<p><a href=\"https:\/\/mariangorynia.pl\/?page_id=8686\">GENERALI BERLINER HALBMARATHON 2025 &#8211; 6.04.2025<\/a><\/p>\n\n\n\n<hr class=\"wp-block-separator has-alpha-channel-opacity\"\/>\n\n\n\n<h4 class=\"wp-block-heading\">2024<\/h4>\n\n\n\n<p><a href=\"https:\/\/mariangorynia.pl\/?page_id=8439\">I Bieg Crossowy w Gostyniu &#8211; 26.10.2024<\/a><\/p>\n\n\n\n<p><a href=\"https:\/\/mariangorynia.pl\/?page_id=8457\">III Laur Przyrodnika &#8211; 20.10.2024<\/a><\/p>\n\n\n\n<p><a href=\"https:\/\/mariangorynia.pl\/?page_id=8359\">23. Pozna\u0144 Maraton &#8211; 13.10.2024<\/a><\/p>\n\n\n\n<p><a href=\"https:\/\/mariangorynia.pl\/?page_id=8335\">II Sucholeska Zadyshka &#8211; 22.09.2024<\/a><\/p>\n\n\n\n<p><a href=\"https:\/\/mariangorynia.pl\/?page_id=8282\">47. P\u00f3\u0142maraton Lechit\u00f3w &#8211; 15.09.2024<\/a><\/p>\n\n\n\n<p><a href=\"https:\/\/mariangorynia.pl\/?page_id=8134\">41. Bieg o Z\u0142oty K\u0142os &#8211; 14.07.2024<\/a><\/p>\n\n\n\n<p><a href=\"https:\/\/mariangorynia.pl\/?page_id=8081\">Bieg Lwa &#8211; P\u00f3\u0142maraton w Tarnowie Podg\u00f3rnym &#8211; 18.05.2024<\/a><\/p>\n\n\n\n<p><a href=\"https:\/\/mariangorynia.pl\/?page_id=7992\">16. PKO Pozna\u0144 P\u00f3\u0142maraton &#8211; 14.04.2024<\/a><\/p>\n\n\n\n<p><a href=\"https:\/\/mariangorynia.pl\/?page_id=7984\">XIII Ekonomiczna Pi\u0105tka &#8211; 7.04.2024<\/a><\/p>\n\n\n\n<hr class=\"wp-block-separator has-alpha-channel-opacity\"\/>\n\n\n\n<h4 class=\"wp-block-heading\">2023<\/h4>\n\n\n\n<p><a href=\"https:\/\/mariangorynia.pl\/?page_id=7630\">I Sucholeska zaDYSHKA &#8211; 1.10.2023<\/a><\/p>\n\n\n\n<p><a href=\"https:\/\/mariangorynia.pl\/?page_id=6008\">40. Bieg o Z\u0142oty K\u0142os &#8211; 9.07.2023<\/a><\/p>\n\n\n\n<p><a href=\"https:\/\/mariangorynia.pl\/?page_id=5858\">10. Bieg 10km Szpot Swarz\u0119dz &#8211; 4.06.2023<\/a><\/p>\n\n\n\n<p><a href=\"https:\/\/mariangorynia.pl\/?page_id=5827\">Bieg Lwa &#8211; P\u00f3\u0142maraton w Tarnowie Podg\u00f3rnym &#8211; 20.05.2023<\/a><\/p>\n\n\n\n<p><a href=\"https:\/\/mariangorynia.pl\/?page_id=5845\">15. PKO Pozna\u0144 P\u00f3\u0142maraton &#8211; 16.04.2023<\/a><\/p>\n\n\n\n<p><a href=\"https:\/\/mariangorynia.pl\/?page_id=5835\">XII Ekonomiczna Pi\u0105tka &#8211; 2.04.2023<\/a><\/p>\n\n\n\n<hr class=\"wp-block-separator has-css-opacity\"\/>\n\n\n\n<h4 class=\"wp-block-heading\">2022<\/h4>\n\n\n\n<p><a href=\"https:\/\/mariangorynia.pl\/?page_id=5178\">Bieg Niepodleg\u0142o\u015bci &#8211; Run Poland &#8211; Pozna\u0144 &#8211; 11.11.2022<\/a><\/p>\n\n\n\n<p><a href=\"https:\/\/mariangorynia.pl\/?page_id=5033\">39. Bieg o Z\u0142oty K\u0142os &#8211; 10.07.2022<\/a><\/p>\n\n\n\n<p><a href=\"https:\/\/mariangorynia.pl\/?page_id=4840\">Bieg Lwa &#8211; P\u00f3\u0142maraton w Tarnowie Podg\u00f3rnym &#8211; 21.05.2022<\/a><\/p>\n\n\n\n<p><a href=\"https:\/\/mariangorynia.pl\/?page_id=4843\">XI Ekonomiczna Pi\u0105tka &#8211; 24.04.2022<\/a><\/p>\n\n\n\n<hr class=\"wp-block-separator has-css-opacity\"\/>\n\n\n\n<h4 class=\"wp-block-heading\" id=\"mce_0\">2021<\/h4>\n\n\n\n<p><a href=\"https:\/\/mariangorynia.pl\/?page_id=4847\">13. PKO Pozna\u0144 P\u00f3\u0142maraton &#8211; 17.10.2021<\/a><\/p>\n\n\n\n<hr class=\"wp-block-separator has-css-opacity\"\/>\n\n\n\n<h4 class=\"wp-block-heading\">2019<\/h4>\n\n\n\n<p><a href=\"https:\/\/mariangorynia.pl\/?page_id=4851\">20. PKO Pozna\u0144 Maraton &#8211; 20.10.2019<\/a><\/p>\n\n\n\n<p><a href=\"https:\/\/mariangorynia.pl\/?page_id=4855\">IX Ekonomiczna Pi\u0105tka &#8211; 7.04.2019<\/a><\/p>\n\n\n\n<hr class=\"wp-block-separator has-css-opacity\"\/>\n\n\n\n<h4 class=\"wp-block-heading\">2018<\/h4>\n\n\n\n<p><a href=\"https:\/\/mariangorynia.pl\/?page_id=5019\">Valencia Marathon 2018 &#8211; 2.12.2018<\/a><\/p>\n\n\n\n<p><a href=\"https:\/\/mariangorynia.pl\/?page_id=5012\">3. Pozna\u0144ski Bieg Niepodleg\u0142o\u015bci &#8211; 11.11.2018<\/a><\/p>\n\n\n\n<p><a href=\"https:\/\/mariangorynia.pl\/?page_id=5006\">Pozna\u0144 P\u00f3\u0142maraton &#8211; 14.10.2018<\/a><\/p>\n\n\n\n<p><a href=\"https:\/\/mariangorynia.pl\/?page_id=5002\">28. P\u00f3\u0142maraton Philips Pi\u0142a &#8211; 02.09.2018<\/a><\/p>\n\n\n\n<p><a href=\"https:\/\/mariangorynia.pl\/?page_id=4995\">1\/4 Iron Man, \u015aroda Wlkp. &#8211; 19.08.2018<\/a><\/p>\n\n\n\n<p><a href=\"https:\/\/mariangorynia.pl\/?page_id=4988\">VI Sucholeska Dziesi\u0105tka Fightera &#8211; 24.06.2018<\/a><\/p>\n\n\n\n<p><a href=\"https:\/\/mariangorynia.pl\/?page_id=4983\">P\u00f3\u0142maraton Tarnowo Podg\u00f3rne &#8211; 3.06.2018<\/a><\/p>\n\n\n\n<p><a href=\"https:\/\/mariangorynia.pl\/?page_id=4976\">Swarz\u0119dz Szpot 10km &#8211; 22.04.2018<\/a><\/p>\n\n\n\n<p><a href=\"https:\/\/mariangorynia.pl\/?page_id=4968\">Pozna\u0144 P\u00f3\u0142maraton &#8211; 15.04.2018<\/a><\/p>\n\n\n\n<p><a href=\"https:\/\/mariangorynia.pl\/?page_id=4957\">Ekonomiczna Pi\u0105tka &#8211; 8.04.2018<\/a><\/p>\n\n\n\n<p><a href=\"https:\/\/mariangorynia.pl\/?page_id=4954\">Rekordowa Dziesi\u0105tka, 10 km, Pozna\u0144 &#8211; 11.03.2018<\/a><\/p>\n\n\n\n<hr class=\"wp-block-separator has-css-opacity\"\/>\n\n\n\n<h4 class=\"wp-block-heading\">2017<\/h4>\n\n\n\n<p><a href=\"https:\/\/mariangorynia.pl\/?page_id=4949\">2. Pozna\u0144ski Bieg Niepodleg\u0142o\u015bci &#8211; 11.11.2017<\/a><\/p>\n\n\n\n<p><a href=\"https:\/\/mariangorynia.pl\/?page_id=4934\">36. Mainova Frankfurt Marathon &#8211; 29.10.2017<\/a><\/p>\n\n\n\n<p>Swarz\u0119dz Szpot P\u00f3\u0142maraton &#8211; 10.09.2017<\/p>\n\n\n\n<p><a href=\"https:\/\/mariangorynia.pl\/?page_id=4926\">K\u00f3rnik Triathlon 2017 &#8211; GreatMan Trilogy &#8211; 13.08.2017<\/a><\/p>\n\n\n\n<p><a href=\"https:\/\/mariangorynia.pl\/?page_id=4915\">36. Bieg o Z\u0142oty K\u0142os, Ko\u0142aczkowo &#8211; 9.07.2017<\/a><\/p>\n\n\n\n<p><a href=\"https:\/\/mariangorynia.pl\/?page_id=4910\">Bieg Nadziei 10km, \u015aroda Wielkopolska &#8211; 4.06.2017<\/a><\/p>\n\n\n\n<p><a href=\"https:\/\/mariangorynia.pl\/?page_id=4906\">Fura \u015awietlik\u00f3w 5km, Pozna\u0144 &#8211; 3.06.2017<\/a><\/p>\n\n\n\n<p><a href=\"https:\/\/mariangorynia.pl\/?page_id=4898\">XLPL EKIDEN Pozna\u0144 &#8211; 28.05.2017<\/a><\/p>\n\n\n\n<p><a href=\"https:\/\/mariangorynia.pl\/?page_id=4888\">Swarz\u0119dz Szpot 10km &#8211; 14.05.2017<\/a><\/p>\n\n\n\n<p><a href=\"https:\/\/mariangorynia.pl\/?page_id=4875\">Ekonomiczna Pi\u0105tka &#8211; 9.04.2017<\/a><\/p>\n\n\n\n<p><a href=\"https:\/\/mariangorynia.pl\/?page_id=4867\">Pozna\u0144 P\u00f3\u0142maraton &#8211; 26.03.2017<\/a><\/p>\n\n\n\n<p><a href=\"https:\/\/mariangorynia.pl\/?page_id=4860\">Maniacka Dziesi\u0105tka &#8211; 11.03.2017<\/a><\/p>\n\n\n\n<hr class=\"wp-block-separator has-css-opacity\"\/>\n\n\n\n<h4 class=\"wp-block-heading\">2016<\/h4>\n\n\n\n<p><a href=\"https:\/\/mariangorynia.pl\/?page_id=4831\">17. PKO Pozna\u0144 Maraton &#8211; 9.10.2016<\/a><\/p>\n\n\n\n<p><a href=\"https:\/\/mariangorynia.pl\/?page_id=4823\">Swarz\u0119dz Szpot P\u00f3\u0142maraton &#8211; 25.09.2016<\/a><\/p>\n\n\n\n<p><a href=\"https:\/\/mariangorynia.pl\/?page_id=4815\">K\u00f3rnik Triathlon 1\/4 Iron Man &#8211; 18.09.2016<\/a><\/p>\n\n\n\n<p><a href=\"https:\/\/mariangorynia.pl\/?page_id=4805\">IV Sucholeska Dziesi\u0105tka Fightera &#8211; 11.06.2016<\/a><\/p>\n\n\n\n<p><a href=\"https:\/\/mariangorynia.pl\/?page_id=4798\">P\u00f3\u0142maraton Tarnowo Podg\u00f3rne &#8211; 23.05.2016<\/a><\/p>\n\n\n\n<p><a href=\"https:\/\/mariangorynia.pl\/?page_id=4789\">9. PKO Pozna\u0144 P\u00f3\u0142maraton &#8211; 17.04.2016<\/a><\/p>\n\n\n\n<p><a href=\"https:\/\/mariangorynia.pl\/?page_id=4778\">Ekonomiczna Pi\u0105tka &#8211; 10.04.2016<\/a><\/p>\n\n\n\n<p><a href=\"https:\/\/mariangorynia.pl\/?page_id=4773\">Maniacka Dziesi\u0105tka &#8211; 19.03.2016<\/a><\/p>\n\n\n\n<hr class=\"wp-block-separator has-css-opacity\"\/>\n\n\n\n<h4 class=\"wp-block-heading\">2015<\/h4>\n\n\n\n<p><a href=\"https:\/\/mariangorynia.pl\/?page_id=4766\">XI Ko\u015bcia\u0144ski P\u00f3\u0142maraton &#8211; 8.11.2015<\/a><\/p>\n\n\n\n<p><a href=\"https:\/\/mariangorynia.pl\/?page_id=4758\">Bieg \u015aniadaniowy Cytadela &#8211; 17.10.2015<\/a><\/p>\n\n\n\n<p><a href=\"https:\/\/mariangorynia.pl\/?page_id=4745\">16.PKO Pozna\u0144 Maraton &#8211; 11.10.2015<\/a><\/p>\n\n\n\n<p><a href=\"https:\/\/mariangorynia.pl\/?page_id=4738\">25. P\u00f3\u0142maraton Philips Pi\u0142a &#8211; 6.09.2015<\/a><\/p>\n\n\n\n<p><a href=\"https:\/\/mariangorynia.pl\/?page_id=4731\">II Wildecki Bieg \u015aniadaniowy &#8211; 23.08.2015<\/a><\/p>\n\n\n\n<p><a href=\"https:\/\/mariangorynia.pl\/?page_id=4719\">Pozna\u0144 Triathlon &#8211; 26.07.2015<\/a><\/p>\n\n\n\n<p><a href=\"https:\/\/mariangorynia.pl\/?page_id=4710\">III Sucholeska Dziesi\u0105tka Fightera &#8211; 21.06.2015<\/a><\/p>\n\n\n\n<p><a href=\"https:\/\/mariangorynia.pl\/?page_id=4703\">EKIDEN Pozna\u0144 &#8211; 14.06.2015<\/a><\/p>\n\n\n\n<p><a href=\"https:\/\/mariangorynia.pl\/?page_id=4691\">P\u00f3\u0142maraton Tarnowo Podg\u00f3rne &#8211; 24.05.2015<\/a><\/p>\n\n\n\n<p><a href=\"https:\/\/mariangorynia.pl\/?page_id=4686\">Swarz\u0119dz Szpot 10km &#8211; 10.05.2015<\/a><\/p>\n\n\n\n<p><a href=\"https:\/\/mariangorynia.pl\/?page_id=4663\">Ekonomiczna Pi\u0105tka &#8211; 26.04.2015<\/a><\/p>\n\n\n\n<p><a href=\"https:\/\/mariangorynia.pl\/?page_id=4649\">8 Pozna\u0144 P\u00f3\u0142maraton  &#8211; 12.04.2015<\/a><\/p>\n\n\n\n<p><a href=\"https:\/\/mariangorynia.pl\/?page_id=4637\">Maniacka Dziesi\u0105tka &#8211; 14.03.2015<\/a><\/p>\n\n\n\n<hr class=\"wp-block-separator has-css-opacity\"\/>\n\n\n\n<h4 class=\"wp-block-heading\">2014<\/h4>\n\n\n\n<p><a href=\"https:\/\/mariangorynia.pl\/?page_id=4627\">Pozna\u0144 Maraton &#8211; 12.10.2014<\/a><\/p>\n\n\n\n<p><a href=\"https:\/\/mariangorynia.pl\/?page_id=4622\">P\u00f3\u0142maraton Pi\u0142a &#8211; 07.09.2014<\/a><\/p>\n\n\n\n<p><a href=\"https:\/\/mariangorynia.pl\/?page_id=4614\">II Sucholeska Dziesi\u0105tka Fightera &#8211; 22.06.2014<\/a><\/p>\n\n\n\n<p><a href=\"https:\/\/mariangorynia.pl\/?page_id=4608\">EKIDEN Pozna\u0144 &#8211; 15.06.2014<\/a><\/p>\n\n\n\n<p><a href=\"https:\/\/mariangorynia.pl\/?page_id=4600\">\u015aroda Bieg Nadziei &#8211; 06.06.2014<\/a><\/p>\n\n\n\n<p><a href=\"https:\/\/mariangorynia.pl\/?page_id=4588\">P\u00f3\u0142maraton w Tarnowie Podg\u00f3rnym &#8211; 18.05.2014<\/a><\/p>\n\n\n\n<p><a href=\"https:\/\/mariangorynia.pl\/?page_id=4582\">Swarz\u0119dz Szpot 10km &#8211; 11.05.2014<\/a><\/p>\n\n\n\n<p><a href=\"https:\/\/mariangorynia.pl\/?page_id=4565\">Ekonomiczna Pi\u0105tka &#8211; 13.04.2014<\/a><\/p>\n\n\n\n<p><a href=\"https:\/\/mariangorynia.pl\/?page_id=4556\">P\u00f3\u0142maraton Pozna\u0144 &#8211; 06.04.2014<\/a><\/p>\n\n\n\n<p><a href=\"https:\/\/mariangorynia.pl\/?page_id=4551\">Maniacka Dziesi\u0105tka &#8211; 15.03.2014<\/a><\/p>\n\n\n\n<hr class=\"wp-block-separator has-css-opacity\"\/>\n\n\n\n<h4 class=\"wp-block-heading\">2013<\/h4>\n\n\n\n<p><a href=\"https:\/\/mariangorynia.pl\/?page_id=4546\">IX Ko\u015bcia\u0144ski P\u00f3\u0142maraton &#8211; Ko\u015bcian 10.11.2013<\/a><\/p>\n\n\n\n<p><a href=\"https:\/\/mariangorynia.pl\/?page_id=4537\">Pozna\u0144 Maraton &#8211; 13.10.2013<\/a><\/p>\n\n\n\n<p><a href=\"https:\/\/mariangorynia.pl\/?page_id=4532\">P\u00f3\u0142maraton w Pile 2013 &#8211; 08.09.2013<\/a><\/p>\n\n\n\n<p><a href=\"https:\/\/mariangorynia.pl\/?page_id=4525\">I Sucholeska Dziesi\u0105tka Fightera &#8211; 22.06.2013<\/a><\/p>\n\n\n\n<p><a href=\"https:\/\/mariangorynia.pl\/?page_id=4519\">P\u00f3\u0142maraton w Murowanej Go\u015blinie 2013 &#8211; 02.06.2013<\/a><\/p>\n\n\n\n<p><a href=\"https:\/\/mariangorynia.pl\/?page_id=4515\">P\u00f3\u0142maraton w Tarnowie Podg\u00f3rnym &#8211; 26.05.2013<\/a><\/p>\n\n\n\n<p><a href=\"https:\/\/mariangorynia.pl\/?page_id=4510\">Swarz\u0119dz Szpot 10km &#8211; 12.05.2013<\/a><\/p>\n\n\n\n<p><a href=\"https:\/\/mariangorynia.pl\/?page_id=4502\">Ekonomiczna Pi\u0105tka &#8211; 21.04.2013<\/a><\/p>\n\n\n\n<p><a href=\"https:\/\/mariangorynia.pl\/?page_id=4497\">P\u00f3\u0142maraton Pozna\u0144 &#8211; 07.04.2013<\/a><\/p>\n\n\n\n<hr class=\"wp-block-separator has-css-opacity\"\/>\n\n\n\n<h4 class=\"wp-block-heading\">2012<\/h4>\n\n\n\n<p><a href=\"https:\/\/mariangorynia.pl\/?page_id=4489\">Ekonomiczna Pi\u0105tka &#8211; 26.10.2012<\/a><\/p>\n\n\n\n<p><a href=\"https:\/\/mariangorynia.pl\/?page_id=4483\">Pozna\u0144 Maraton &#8211; 14.10.2012<\/a><\/p>\n\n\n\n<p><a href=\"https:\/\/mariangorynia.pl\/?page_id=4476\">P\u00f3\u0142maraton w Pile 2012 &#8211; 09.09.2012<\/a><\/p>\n\n\n\n<p><a href=\"https:\/\/mariangorynia.pl\/?page_id=4464\">P\u00f3\u0142maraton w Murowanej Go\u015blinie 2012 &#8211; 03.06.2012<\/a><\/p>\n\n\n\n<p><a href=\"https:\/\/mariangorynia.pl\/?page_id=4459\">Pozna\u0144 P\u00f3\u0142maraton 2012 &#8211; 01.04.2012<\/a><\/p>\n\n\n\n<p><a href=\"https:\/\/mariangorynia.pl\/?page_id=4454\">Maniacka Dziesi\u0105tka 2012 &#8211; 17.03.2012<\/a><\/p>\n\n\n\n<hr class=\"wp-block-separator has-css-opacity\"\/>\n\n\n\n<h4 class=\"wp-block-heading\">2011<\/h4>\n\n\n\n<p><a href=\"https:\/\/mariangorynia.pl\/?page_id=4444\">Jubileuszowa Pi\u0105tka 2011 &#8211; 21.10.2011<\/a><\/p>\n\n\n\n<p><a href=\"https:\/\/mariangorynia.pl\/?page_id=4431\">P\u00f3\u0142maraton Pi\u0142a 2011 &#8211; 4.09.2011<\/a><\/p>\n","protected":false},"excerpt":{"rendered":"<p>2026 XV Ekonomiczna Pi\u0105tka &#8211; 12.04.2026 2025 12. Bieg 10km Szpot Swarz\u0119dz &#8211; 15.06.2025 Bieg Lwa &#8211; P\u00f3\u0142maraton w Tarnowie Podg\u00f3rnym &#8211; 24.05.2025 17. PKO Pozna\u0144 P\u00f3\u0142maraton &#8211; 13.04.2025 GENERALI BERLINER HALBMARATHON 2025 &#8211; 6.04.2025 2024 I Bieg Crossowy w&hellip;&nbsp;<a href=\"https:\/\/mariangorynia.pl\/?page_id=4232\" class=\"more-link\">Read More<\/a><\/p>\n","protected":false},"author":1,"featured_media":0,"parent":0,"menu_order":0,"comment_status":"closed","ping_status":"closed","template":"","meta":{"footnotes":""},"class_list":["post-4232","page","type-page","status-publish","hentry"],"_links":{"self":[{"href":"https:\/\/mariangorynia.pl\/index.php?rest_route=\/wp\/v2\/pages\/4232"}],"collection":[{"href":"https:\/\/mariangorynia.pl\/index.php?rest_route=\/wp\/v2\/pages"}],"about":[{"href":"https:\/\/mariangorynia.pl\/index.php?rest_route=\/wp\/v2\/types\/page"}],"author":[{"embeddable":true,"href":"https:\/\/mariangorynia.pl\/index.php?rest_route=\/wp\/v2\/users\/1"}],"replies":[{"embeddable":true,"href":"https:\/\/mariangorynia.pl\/index.php?rest_route=%2Fwp%2Fv2%2Fcomments&post=4232"}],"version-history":[{"count":117,"href":"https:\/\/mariangorynia.pl\/index.php?rest_route=\/wp\/v2\/pages\/4232\/revisions"}],"predecessor-version":[{"id":9328,"href":"https:\/\/mariangorynia.pl\/index.php?rest_route=\/wp\/v2\/pages\/4232\/revisions\/9328"}],"wp:attachment":[{"href":"https:\/\/mariangorynia.pl\/index.php?rest_route=%2Fwp%2Fv2%2Fmedia&parent=4232"}],"curies":[{"name":"wp","href":"https:\/\/api.w.org\/{rel}","templated":true}]}}