{"id":4431,"date":"2022-07-15T07:38:13","date_gmt":"2022-07-15T05:38:13","guid":{"rendered":"http:\/\/mariangorynia.pl\/?page_id=4431"},"modified":"2022-07-15T07:38:13","modified_gmt":"2022-07-15T05:38:13","slug":"polmaraton-pila-2011-4-09-2011","status":"publish","type":"page","link":"https:\/\/mariangorynia.pl\/?page_id=4431","title":{"rendered":"P\u00f3\u0142maraton Pi\u0142a 2011 &#8211; 4.09.2011"},"content":{"rendered":"\n<ul class=\"wp-block-gallery columns-3 wp-block-gallery-1 is-layout-flex wp-block-gallery-is-layout-flex\"><li class=\"blocks-gallery-item\"><figure><img loading=\"lazy\" decoding=\"async\" width=\"419\" height=\"600\" src=\"https:\/\/mariangorynia.pl\/wp-content\/uploads\/pp10.jpg\" alt=\"\" data-id=\"4432\" data-link=\"https:\/\/mariangorynia.pl\/?attachment_id=4432\" class=\"wp-image-4432\" srcset=\"https:\/\/mariangorynia.pl\/wp-content\/uploads\/pp10.jpg 419w, https:\/\/mariangorynia.pl\/wp-content\/uploads\/pp10-210x300.jpg 210w, https:\/\/mariangorynia.pl\/wp-content\/uploads\/pp10-189x270.jpg 189w\" sizes=\"(max-width: 419px) 100vw, 419px\" \/><\/figure><\/li><li class=\"blocks-gallery-item\"><figure><img loading=\"lazy\" decoding=\"async\" width=\"400\" height=\"600\" src=\"https:\/\/mariangorynia.pl\/wp-content\/uploads\/pp09.jpg\" alt=\"\" data-id=\"4433\" data-link=\"https:\/\/mariangorynia.pl\/?attachment_id=4433\" class=\"wp-image-4433\" srcset=\"https:\/\/mariangorynia.pl\/wp-content\/uploads\/pp09.jpg 400w, https:\/\/mariangorynia.pl\/wp-content\/uploads\/pp09-200x300.jpg 200w, https:\/\/mariangorynia.pl\/wp-content\/uploads\/pp09-180x270.jpg 180w\" sizes=\"(max-width: 400px) 100vw, 400px\" \/><\/figure><\/li><li class=\"blocks-gallery-item\"><figure><img loading=\"lazy\" decoding=\"async\" width=\"399\" height=\"600\" src=\"https:\/\/mariangorynia.pl\/wp-content\/uploads\/pp08.jpg\" alt=\"\" data-id=\"4434\" data-link=\"https:\/\/mariangorynia.pl\/?attachment_id=4434\" class=\"wp-image-4434\" srcset=\"https:\/\/mariangorynia.pl\/wp-content\/uploads\/pp08.jpg 399w, https:\/\/mariangorynia.pl\/wp-content\/uploads\/pp08-200x300.jpg 200w, https:\/\/mariangorynia.pl\/wp-content\/uploads\/pp08-180x270.jpg 180w\" sizes=\"(max-width: 399px) 100vw, 399px\" \/><\/figure><\/li><li class=\"blocks-gallery-item\"><figure><img loading=\"lazy\" decoding=\"async\" width=\"399\" height=\"600\" src=\"https:\/\/mariangorynia.pl\/wp-content\/uploads\/pp07.jpg\" alt=\"\" data-id=\"4435\" data-link=\"https:\/\/mariangorynia.pl\/?attachment_id=4435\" class=\"wp-image-4435\" srcset=\"https:\/\/mariangorynia.pl\/wp-content\/uploads\/pp07.jpg 399w, https:\/\/mariangorynia.pl\/wp-content\/uploads\/pp07-200x300.jpg 200w, https:\/\/mariangorynia.pl\/wp-content\/uploads\/pp07-180x270.jpg 180w\" sizes=\"(max-width: 399px) 100vw, 399px\" \/><\/figure><\/li><li class=\"blocks-gallery-item\"><figure><img loading=\"lazy\" decoding=\"async\" width=\"399\" height=\"600\" src=\"https:\/\/mariangorynia.pl\/wp-content\/uploads\/pp06.jpg\" alt=\"\" data-id=\"4436\" data-link=\"https:\/\/mariangorynia.pl\/?attachment_id=4436\" class=\"wp-image-4436\" srcset=\"https:\/\/mariangorynia.pl\/wp-content\/uploads\/pp06.jpg 399w, https:\/\/mariangorynia.pl\/wp-content\/uploads\/pp06-200x300.jpg 200w, https:\/\/mariangorynia.pl\/wp-content\/uploads\/pp06-180x270.jpg 180w\" sizes=\"(max-width: 399px) 100vw, 399px\" \/><\/figure><\/li><li class=\"blocks-gallery-item\"><figure><img loading=\"lazy\" decoding=\"async\" width=\"399\" height=\"600\" src=\"https:\/\/mariangorynia.pl\/wp-content\/uploads\/pp05.jpg\" alt=\"\" data-id=\"4437\" data-link=\"https:\/\/mariangorynia.pl\/?attachment_id=4437\" class=\"wp-image-4437\" srcset=\"https:\/\/mariangorynia.pl\/wp-content\/uploads\/pp05.jpg 399w, https:\/\/mariangorynia.pl\/wp-content\/uploads\/pp05-200x300.jpg 200w, https:\/\/mariangorynia.pl\/wp-content\/uploads\/pp05-180x270.jpg 180w\" sizes=\"(max-width: 399px) 100vw, 399px\" \/><\/figure><\/li><li class=\"blocks-gallery-item\"><figure><img loading=\"lazy\" decoding=\"async\" width=\"800\" height=\"531\" src=\"https:\/\/mariangorynia.pl\/wp-content\/uploads\/pp04.jpg\" alt=\"\" data-id=\"4438\" data-link=\"https:\/\/mariangorynia.pl\/?attachment_id=4438\" class=\"wp-image-4438\" srcset=\"https:\/\/mariangorynia.pl\/wp-content\/uploads\/pp04.jpg 800w, https:\/\/mariangorynia.pl\/wp-content\/uploads\/pp04-300x199.jpg 300w, https:\/\/mariangorynia.pl\/wp-content\/uploads\/pp04-768x510.jpg 768w, https:\/\/mariangorynia.pl\/wp-content\/uploads\/pp04-360x239.jpg 360w\" sizes=\"(max-width: 800px) 100vw, 800px\" \/><\/figure><\/li><li class=\"blocks-gallery-item\"><figure><img loading=\"lazy\" decoding=\"async\" width=\"800\" height=\"531\" src=\"https:\/\/mariangorynia.pl\/wp-content\/uploads\/pp03.jpg\" alt=\"\" data-id=\"4439\" data-link=\"https:\/\/mariangorynia.pl\/?attachment_id=4439\" class=\"wp-image-4439\" srcset=\"https:\/\/mariangorynia.pl\/wp-content\/uploads\/pp03.jpg 800w, https:\/\/mariangorynia.pl\/wp-content\/uploads\/pp03-300x199.jpg 300w, https:\/\/mariangorynia.pl\/wp-content\/uploads\/pp03-768x510.jpg 768w, https:\/\/mariangorynia.pl\/wp-content\/uploads\/pp03-360x239.jpg 360w\" sizes=\"(max-width: 800px) 100vw, 800px\" \/><\/figure><\/li><li class=\"blocks-gallery-item\"><figure><img loading=\"lazy\" decoding=\"async\" width=\"800\" height=\"531\" src=\"https:\/\/mariangorynia.pl\/wp-content\/uploads\/pp02.jpg\" alt=\"\" data-id=\"4440\" data-link=\"https:\/\/mariangorynia.pl\/?attachment_id=4440\" class=\"wp-image-4440\" srcset=\"https:\/\/mariangorynia.pl\/wp-content\/uploads\/pp02.jpg 800w, https:\/\/mariangorynia.pl\/wp-content\/uploads\/pp02-300x199.jpg 300w, https:\/\/mariangorynia.pl\/wp-content\/uploads\/pp02-768x510.jpg 768w, https:\/\/mariangorynia.pl\/wp-content\/uploads\/pp02-360x239.jpg 360w\" sizes=\"(max-width: 800px) 100vw, 800px\" \/><\/figure><\/li><li class=\"blocks-gallery-item\"><figure><img loading=\"lazy\" decoding=\"async\" width=\"800\" height=\"450\" src=\"https:\/\/mariangorynia.pl\/wp-content\/uploads\/pp01.jpg\" alt=\"\" data-id=\"4441\" data-link=\"https:\/\/mariangorynia.pl\/?attachment_id=4441\" class=\"wp-image-4441\" srcset=\"https:\/\/mariangorynia.pl\/wp-content\/uploads\/pp01.jpg 800w, https:\/\/mariangorynia.pl\/wp-content\/uploads\/pp01-300x169.jpg 300w, https:\/\/mariangorynia.pl\/wp-content\/uploads\/pp01-768x432.jpg 768w, https:\/\/mariangorynia.pl\/wp-content\/uploads\/pp01-360x203.jpg 360w\" sizes=\"(max-width: 800px) 100vw, 800px\" \/><\/figure><\/li><\/ul>\n","protected":false},"excerpt":{"rendered":"","protected":false},"author":1,"featured_media":0,"parent":0,"menu_order":0,"comment_status":"closed","ping_status":"closed","template":"","meta":{"footnotes":""},"class_list":["post-4431","page","type-page","status-publish","hentry"],"_links":{"self":[{"href":"https:\/\/mariangorynia.pl\/index.php?rest_route=\/wp\/v2\/pages\/4431"}],"collection":[{"href":"https:\/\/mariangorynia.pl\/index.php?rest_route=\/wp\/v2\/pages"}],"about":[{"href":"https:\/\/mariangorynia.pl\/index.php?rest_route=\/wp\/v2\/types\/page"}],"author":[{"embeddable":true,"href":"https:\/\/mariangorynia.pl\/index.php?rest_route=\/wp\/v2\/users\/1"}],"replies":[{"embeddable":true,"href":"https:\/\/mariangorynia.pl\/index.php?rest_route=%2Fwp%2Fv2%2Fcomments&post=4431"}],"version-history":[{"count":1,"href":"https:\/\/mariangorynia.pl\/index.php?rest_route=\/wp\/v2\/pages\/4431\/revisions"}],"predecessor-version":[{"id":4442,"href":"https:\/\/mariangorynia.pl\/index.php?rest_route=\/wp\/v2\/pages\/4431\/revisions\/4442"}],"wp:attachment":[{"href":"https:\/\/mariangorynia.pl\/index.php?rest_route=%2Fwp%2Fv2%2Fmedia&parent=4431"}],"curies":[{"name":"wp","href":"https:\/\/api.w.org\/{rel}","templated":true}]}}