{"id":4459,"date":"2022-07-15T07:44:13","date_gmt":"2022-07-15T05:44:13","guid":{"rendered":"http:\/\/mariangorynia.pl\/?page_id=4459"},"modified":"2022-07-15T07:44:13","modified_gmt":"2022-07-15T05:44:13","slug":"poznan-polmaraton-2012-01-04-2012%ef%bb%bf","status":"publish","type":"page","link":"https:\/\/mariangorynia.pl\/?page_id=4459","title":{"rendered":"Pozna\u0144 P\u00f3\u0142maraton 2012 &#8211; 01.04.2012\ufeff"},"content":{"rendered":"\n<ul class=\"wp-block-gallery columns-2 is-cropped wp-block-gallery-1 is-layout-flex wp-block-gallery-is-layout-flex\"><li class=\"blocks-gallery-item\"><figure><img loading=\"lazy\" decoding=\"async\" width=\"800\" height=\"600\" src=\"https:\/\/mariangorynia.pl\/wp-content\/uploads\/poz02.jpg\" alt=\"\" data-id=\"4460\" data-link=\"https:\/\/mariangorynia.pl\/?attachment_id=4460\" class=\"wp-image-4460\" srcset=\"https:\/\/mariangorynia.pl\/wp-content\/uploads\/poz02.jpg 800w, https:\/\/mariangorynia.pl\/wp-content\/uploads\/poz02-300x225.jpg 300w, https:\/\/mariangorynia.pl\/wp-content\/uploads\/poz02-768x576.jpg 768w, https:\/\/mariangorynia.pl\/wp-content\/uploads\/poz02-360x270.jpg 360w\" sizes=\"(max-width: 800px) 100vw, 800px\" \/><\/figure><\/li><li class=\"blocks-gallery-item\"><figure><img loading=\"lazy\" decoding=\"async\" width=\"800\" height=\"600\" src=\"https:\/\/mariangorynia.pl\/wp-content\/uploads\/poz01.jpg\" alt=\"\" data-id=\"4461\" data-link=\"https:\/\/mariangorynia.pl\/?attachment_id=4461\" class=\"wp-image-4461\" srcset=\"https:\/\/mariangorynia.pl\/wp-content\/uploads\/poz01.jpg 800w, https:\/\/mariangorynia.pl\/wp-content\/uploads\/poz01-300x225.jpg 300w, https:\/\/mariangorynia.pl\/wp-content\/uploads\/poz01-768x576.jpg 768w, https:\/\/mariangorynia.pl\/wp-content\/uploads\/poz01-360x270.jpg 360w\" sizes=\"(max-width: 800px) 100vw, 800px\" \/><\/figure><\/li><\/ul>\n","protected":false},"excerpt":{"rendered":"","protected":false},"author":1,"featured_media":0,"parent":0,"menu_order":0,"comment_status":"closed","ping_status":"closed","template":"","meta":{"footnotes":""},"class_list":["post-4459","page","type-page","status-publish","hentry"],"_links":{"self":[{"href":"https:\/\/mariangorynia.pl\/index.php?rest_route=\/wp\/v2\/pages\/4459"}],"collection":[{"href":"https:\/\/mariangorynia.pl\/index.php?rest_route=\/wp\/v2\/pages"}],"about":[{"href":"https:\/\/mariangorynia.pl\/index.php?rest_route=\/wp\/v2\/types\/page"}],"author":[{"embeddable":true,"href":"https:\/\/mariangorynia.pl\/index.php?rest_route=\/wp\/v2\/users\/1"}],"replies":[{"embeddable":true,"href":"https:\/\/mariangorynia.pl\/index.php?rest_route=%2Fwp%2Fv2%2Fcomments&post=4459"}],"version-history":[{"count":1,"href":"https:\/\/mariangorynia.pl\/index.php?rest_route=\/wp\/v2\/pages\/4459\/revisions"}],"predecessor-version":[{"id":4462,"href":"https:\/\/mariangorynia.pl\/index.php?rest_route=\/wp\/v2\/pages\/4459\/revisions\/4462"}],"wp:attachment":[{"href":"https:\/\/mariangorynia.pl\/index.php?rest_route=%2Fwp%2Fv2%2Fmedia&parent=4459"}],"curies":[{"name":"wp","href":"https:\/\/api.w.org\/{rel}","templated":true}]}}