{"id":4464,"date":"2022-07-15T07:46:51","date_gmt":"2022-07-15T05:46:51","guid":{"rendered":"http:\/\/mariangorynia.pl\/?page_id=4464"},"modified":"2022-07-15T07:46:52","modified_gmt":"2022-07-15T05:46:52","slug":"polmaraton-w-murowanej-goslinie-2012-03-06-2012","status":"publish","type":"page","link":"https:\/\/mariangorynia.pl\/?page_id=4464","title":{"rendered":"P\u00f3\u0142maraton w Murowanej Go\u015blinie 2012 &#8211; 03.06.2012"},"content":{"rendered":"\n<ul class=\"wp-block-gallery columns-3 is-cropped wp-block-gallery-1 is-layout-flex wp-block-gallery-is-layout-flex\"><li class=\"blocks-gallery-item\"><figure><img loading=\"lazy\" decoding=\"async\" width=\"800\" height=\"600\" src=\"https:\/\/mariangorynia.pl\/wp-content\/uploads\/pmg09.jpg\" alt=\"\" data-id=\"4465\" data-link=\"https:\/\/mariangorynia.pl\/?attachment_id=4465\" class=\"wp-image-4465\" srcset=\"https:\/\/mariangorynia.pl\/wp-content\/uploads\/pmg09.jpg 800w, https:\/\/mariangorynia.pl\/wp-content\/uploads\/pmg09-300x225.jpg 300w, https:\/\/mariangorynia.pl\/wp-content\/uploads\/pmg09-768x576.jpg 768w, https:\/\/mariangorynia.pl\/wp-content\/uploads\/pmg09-360x270.jpg 360w\" sizes=\"(max-width: 800px) 100vw, 800px\" \/><\/figure><\/li><li class=\"blocks-gallery-item\"><figure><img loading=\"lazy\" decoding=\"async\" width=\"800\" height=\"600\" src=\"https:\/\/mariangorynia.pl\/wp-content\/uploads\/pmg08.jpg\" alt=\"\" data-id=\"4466\" data-link=\"https:\/\/mariangorynia.pl\/?attachment_id=4466\" class=\"wp-image-4466\" srcset=\"https:\/\/mariangorynia.pl\/wp-content\/uploads\/pmg08.jpg 800w, https:\/\/mariangorynia.pl\/wp-content\/uploads\/pmg08-300x225.jpg 300w, https:\/\/mariangorynia.pl\/wp-content\/uploads\/pmg08-768x576.jpg 768w, https:\/\/mariangorynia.pl\/wp-content\/uploads\/pmg08-360x270.jpg 360w\" sizes=\"(max-width: 800px) 100vw, 800px\" \/><\/figure><\/li><li class=\"blocks-gallery-item\"><figure><img loading=\"lazy\" decoding=\"async\" width=\"821\" height=\"593\" src=\"https:\/\/mariangorynia.pl\/wp-content\/uploads\/pmg07.jpg\" alt=\"\" data-id=\"4467\" data-link=\"https:\/\/mariangorynia.pl\/?attachment_id=4467\" class=\"wp-image-4467\" srcset=\"https:\/\/mariangorynia.pl\/wp-content\/uploads\/pmg07.jpg 821w, https:\/\/mariangorynia.pl\/wp-content\/uploads\/pmg07-300x217.jpg 300w, https:\/\/mariangorynia.pl\/wp-content\/uploads\/pmg07-768x555.jpg 768w, https:\/\/mariangorynia.pl\/wp-content\/uploads\/pmg07-360x260.jpg 360w\" sizes=\"(max-width: 821px) 100vw, 821px\" \/><\/figure><\/li><li class=\"blocks-gallery-item\"><figure><img loading=\"lazy\" decoding=\"async\" width=\"791\" height=\"593\" src=\"https:\/\/mariangorynia.pl\/wp-content\/uploads\/pmg06.jpg\" alt=\"\" data-id=\"4468\" data-link=\"https:\/\/mariangorynia.pl\/?attachment_id=4468\" class=\"wp-image-4468\" srcset=\"https:\/\/mariangorynia.pl\/wp-content\/uploads\/pmg06.jpg 791w, https:\/\/mariangorynia.pl\/wp-content\/uploads\/pmg06-300x225.jpg 300w, https:\/\/mariangorynia.pl\/wp-content\/uploads\/pmg06-768x576.jpg 768w, https:\/\/mariangorynia.pl\/wp-content\/uploads\/pmg06-360x270.jpg 360w\" sizes=\"(max-width: 791px) 100vw, 791px\" \/><\/figure><\/li><li class=\"blocks-gallery-item\"><figure><img loading=\"lazy\" decoding=\"async\" width=\"800\" height=\"600\" src=\"https:\/\/mariangorynia.pl\/wp-content\/uploads\/pmg05.jpg\" alt=\"\" data-id=\"4469\" data-link=\"https:\/\/mariangorynia.pl\/?attachment_id=4469\" class=\"wp-image-4469\" srcset=\"https:\/\/mariangorynia.pl\/wp-content\/uploads\/pmg05.jpg 800w, https:\/\/mariangorynia.pl\/wp-content\/uploads\/pmg05-300x225.jpg 300w, https:\/\/mariangorynia.pl\/wp-content\/uploads\/pmg05-768x576.jpg 768w, https:\/\/mariangorynia.pl\/wp-content\/uploads\/pmg05-360x270.jpg 360w\" sizes=\"(max-width: 800px) 100vw, 800px\" \/><\/figure><\/li><li class=\"blocks-gallery-item\"><figure><img loading=\"lazy\" decoding=\"async\" width=\"800\" height=\"600\" src=\"https:\/\/mariangorynia.pl\/wp-content\/uploads\/pmg04.jpg\" alt=\"\" data-id=\"4470\" data-link=\"https:\/\/mariangorynia.pl\/?attachment_id=4470\" class=\"wp-image-4470\" srcset=\"https:\/\/mariangorynia.pl\/wp-content\/uploads\/pmg04.jpg 800w, https:\/\/mariangorynia.pl\/wp-content\/uploads\/pmg04-300x225.jpg 300w, https:\/\/mariangorynia.pl\/wp-content\/uploads\/pmg04-768x576.jpg 768w, https:\/\/mariangorynia.pl\/wp-content\/uploads\/pmg04-360x270.jpg 360w\" sizes=\"(max-width: 800px) 100vw, 800px\" \/><\/figure><\/li><li class=\"blocks-gallery-item\"><figure><img loading=\"lazy\" decoding=\"async\" width=\"800\" height=\"600\" src=\"https:\/\/mariangorynia.pl\/wp-content\/uploads\/pmg03.jpg\" alt=\"\" data-id=\"4471\" data-link=\"https:\/\/mariangorynia.pl\/?attachment_id=4471\" class=\"wp-image-4471\" srcset=\"https:\/\/mariangorynia.pl\/wp-content\/uploads\/pmg03.jpg 800w, https:\/\/mariangorynia.pl\/wp-content\/uploads\/pmg03-300x225.jpg 300w, https:\/\/mariangorynia.pl\/wp-content\/uploads\/pmg03-768x576.jpg 768w, https:\/\/mariangorynia.pl\/wp-content\/uploads\/pmg03-360x270.jpg 360w\" sizes=\"(max-width: 800px) 100vw, 800px\" \/><\/figure><\/li><li class=\"blocks-gallery-item\"><figure><img loading=\"lazy\" decoding=\"async\" width=\"800\" height=\"600\" src=\"https:\/\/mariangorynia.pl\/wp-content\/uploads\/pmg01.jpg\" alt=\"\" data-id=\"4472\" data-link=\"https:\/\/mariangorynia.pl\/?attachment_id=4472\" class=\"wp-image-4472\" srcset=\"https:\/\/mariangorynia.pl\/wp-content\/uploads\/pmg01.jpg 800w, https:\/\/mariangorynia.pl\/wp-content\/uploads\/pmg01-300x225.jpg 300w, https:\/\/mariangorynia.pl\/wp-content\/uploads\/pmg01-768x576.jpg 768w, https:\/\/mariangorynia.pl\/wp-content\/uploads\/pmg01-360x270.jpg 360w\" sizes=\"(max-width: 800px) 100vw, 800px\" \/><\/figure><\/li><\/ul>\n","protected":false},"excerpt":{"rendered":"","protected":false},"author":1,"featured_media":0,"parent":0,"menu_order":0,"comment_status":"closed","ping_status":"closed","template":"","meta":{"footnotes":""},"class_list":["post-4464","page","type-page","status-publish","hentry"],"_links":{"self":[{"href":"https:\/\/mariangorynia.pl\/index.php?rest_route=\/wp\/v2\/pages\/4464"}],"collection":[{"href":"https:\/\/mariangorynia.pl\/index.php?rest_route=\/wp\/v2\/pages"}],"about":[{"href":"https:\/\/mariangorynia.pl\/index.php?rest_route=\/wp\/v2\/types\/page"}],"author":[{"embeddable":true,"href":"https:\/\/mariangorynia.pl\/index.php?rest_route=\/wp\/v2\/users\/1"}],"replies":[{"embeddable":true,"href":"https:\/\/mariangorynia.pl\/index.php?rest_route=%2Fwp%2Fv2%2Fcomments&post=4464"}],"version-history":[{"count":1,"href":"https:\/\/mariangorynia.pl\/index.php?rest_route=\/wp\/v2\/pages\/4464\/revisions"}],"predecessor-version":[{"id":4473,"href":"https:\/\/mariangorynia.pl\/index.php?rest_route=\/wp\/v2\/pages\/4464\/revisions\/4473"}],"wp:attachment":[{"href":"https:\/\/mariangorynia.pl\/index.php?rest_route=%2Fwp%2Fv2%2Fmedia&parent=4464"}],"curies":[{"name":"wp","href":"https:\/\/api.w.org\/{rel}","templated":true}]}}