{"id":4497,"date":"2022-07-15T09:25:06","date_gmt":"2022-07-15T07:25:06","guid":{"rendered":"http:\/\/mariangorynia.pl\/?page_id=4497"},"modified":"2022-07-15T09:25:06","modified_gmt":"2022-07-15T07:25:06","slug":"polmaraton-poznan-07-04-2013","status":"publish","type":"page","link":"https:\/\/mariangorynia.pl\/?page_id=4497","title":{"rendered":"P\u00f3\u0142maraton Pozna\u0144 &#8211; 07.04.2013"},"content":{"rendered":"\n<ul class=\"wp-block-gallery columns-2 wp-block-gallery-1 is-layout-flex wp-block-gallery-is-layout-flex\"><li class=\"blocks-gallery-item\"><figure><img loading=\"lazy\" decoding=\"async\" width=\"424\" height=\"600\" src=\"https:\/\/mariangorynia.pl\/wp-content\/uploads\/pp02-2.jpg\" alt=\"\" data-id=\"4498\" data-link=\"https:\/\/mariangorynia.pl\/?attachment_id=4498\" class=\"wp-image-4498\" srcset=\"https:\/\/mariangorynia.pl\/wp-content\/uploads\/pp02-2.jpg 424w, https:\/\/mariangorynia.pl\/wp-content\/uploads\/pp02-2-212x300.jpg 212w, https:\/\/mariangorynia.pl\/wp-content\/uploads\/pp02-2-191x270.jpg 191w\" sizes=\"(max-width: 424px) 100vw, 424px\" \/><\/figure><\/li><li class=\"blocks-gallery-item\"><figure><img loading=\"lazy\" decoding=\"async\" width=\"800\" height=\"532\" src=\"https:\/\/mariangorynia.pl\/wp-content\/uploads\/pp01-2.jpg\" alt=\"\" data-id=\"4499\" data-link=\"https:\/\/mariangorynia.pl\/?attachment_id=4499\" class=\"wp-image-4499\" srcset=\"https:\/\/mariangorynia.pl\/wp-content\/uploads\/pp01-2.jpg 800w, https:\/\/mariangorynia.pl\/wp-content\/uploads\/pp01-2-300x200.jpg 300w, https:\/\/mariangorynia.pl\/wp-content\/uploads\/pp01-2-768x511.jpg 768w, https:\/\/mariangorynia.pl\/wp-content\/uploads\/pp01-2-360x239.jpg 360w\" sizes=\"(max-width: 800px) 100vw, 800px\" \/><\/figure><\/li><\/ul>\n","protected":false},"excerpt":{"rendered":"","protected":false},"author":1,"featured_media":0,"parent":0,"menu_order":0,"comment_status":"closed","ping_status":"closed","template":"","meta":{"footnotes":""},"class_list":["post-4497","page","type-page","status-publish","hentry"],"_links":{"self":[{"href":"https:\/\/mariangorynia.pl\/index.php?rest_route=\/wp\/v2\/pages\/4497"}],"collection":[{"href":"https:\/\/mariangorynia.pl\/index.php?rest_route=\/wp\/v2\/pages"}],"about":[{"href":"https:\/\/mariangorynia.pl\/index.php?rest_route=\/wp\/v2\/types\/page"}],"author":[{"embeddable":true,"href":"https:\/\/mariangorynia.pl\/index.php?rest_route=\/wp\/v2\/users\/1"}],"replies":[{"embeddable":true,"href":"https:\/\/mariangorynia.pl\/index.php?rest_route=%2Fwp%2Fv2%2Fcomments&post=4497"}],"version-history":[{"count":1,"href":"https:\/\/mariangorynia.pl\/index.php?rest_route=\/wp\/v2\/pages\/4497\/revisions"}],"predecessor-version":[{"id":4500,"href":"https:\/\/mariangorynia.pl\/index.php?rest_route=\/wp\/v2\/pages\/4497\/revisions\/4500"}],"wp:attachment":[{"href":"https:\/\/mariangorynia.pl\/index.php?rest_route=%2Fwp%2Fv2%2Fmedia&parent=4497"}],"curies":[{"name":"wp","href":"https:\/\/api.w.org\/{rel}","templated":true}]}}