{"id":4515,"date":"2022-07-15T09:38:27","date_gmt":"2022-07-15T07:38:27","guid":{"rendered":"http:\/\/mariangorynia.pl\/?page_id=4515"},"modified":"2022-07-15T09:38:27","modified_gmt":"2022-07-15T07:38:27","slug":"polmaraton-w-tarnowie-podgornym-26-05-2013","status":"publish","type":"page","link":"https:\/\/mariangorynia.pl\/?page_id=4515","title":{"rendered":"P\u00f3\u0142maraton w Tarnowie Podg\u00f3rnym &#8211; 26.05.2013"},"content":{"rendered":"\n<figure class=\"wp-block-image is-resized\"><img loading=\"lazy\" decoding=\"async\" src=\"https:\/\/mariangorynia.pl\/wp-content\/uploads\/bl01.jpg\" alt=\"\" class=\"wp-image-4516\" width=\"311\" height=\"431\" srcset=\"https:\/\/mariangorynia.pl\/wp-content\/uploads\/bl01.jpg 576w, https:\/\/mariangorynia.pl\/wp-content\/uploads\/bl01-216x300.jpg 216w, https:\/\/mariangorynia.pl\/wp-content\/uploads\/bl01-194x270.jpg 194w\" sizes=\"(max-width: 311px) 100vw, 311px\" \/><\/figure>\n","protected":false},"excerpt":{"rendered":"","protected":false},"author":1,"featured_media":0,"parent":0,"menu_order":0,"comment_status":"closed","ping_status":"closed","template":"","meta":{"footnotes":""},"class_list":["post-4515","page","type-page","status-publish","hentry"],"_links":{"self":[{"href":"https:\/\/mariangorynia.pl\/index.php?rest_route=\/wp\/v2\/pages\/4515"}],"collection":[{"href":"https:\/\/mariangorynia.pl\/index.php?rest_route=\/wp\/v2\/pages"}],"about":[{"href":"https:\/\/mariangorynia.pl\/index.php?rest_route=\/wp\/v2\/types\/page"}],"author":[{"embeddable":true,"href":"https:\/\/mariangorynia.pl\/index.php?rest_route=\/wp\/v2\/users\/1"}],"replies":[{"embeddable":true,"href":"https:\/\/mariangorynia.pl\/index.php?rest_route=%2Fwp%2Fv2%2Fcomments&post=4515"}],"version-history":[{"count":1,"href":"https:\/\/mariangorynia.pl\/index.php?rest_route=\/wp\/v2\/pages\/4515\/revisions"}],"predecessor-version":[{"id":4517,"href":"https:\/\/mariangorynia.pl\/index.php?rest_route=\/wp\/v2\/pages\/4515\/revisions\/4517"}],"wp:attachment":[{"href":"https:\/\/mariangorynia.pl\/index.php?rest_route=%2Fwp%2Fv2%2Fmedia&parent=4515"}],"curies":[{"name":"wp","href":"https:\/\/api.w.org\/{rel}","templated":true}]}}