{"id":4546,"date":"2022-07-15T09:44:42","date_gmt":"2022-07-15T07:44:42","guid":{"rendered":"http:\/\/mariangorynia.pl\/?page_id=4546"},"modified":"2022-07-15T09:44:43","modified_gmt":"2022-07-15T07:44:43","slug":"ix-koscianski-polmaraton-koscian-10-11-2013","status":"publish","type":"page","link":"https:\/\/mariangorynia.pl\/?page_id=4546","title":{"rendered":"IX Ko\u015bcia\u0144ski P\u00f3\u0142maraton &#8211; Ko\u015bcian 10.11.2013"},"content":{"rendered":"\n<figure class=\"wp-block-image is-resized\"><img loading=\"lazy\" decoding=\"async\" src=\"https:\/\/mariangorynia.pl\/wp-content\/uploads\/kpm01.jpg\" alt=\"\" class=\"wp-image-4547\" width=\"334\" height=\"445\" srcset=\"https:\/\/mariangorynia.pl\/wp-content\/uploads\/kpm01.jpg 614w, https:\/\/mariangorynia.pl\/wp-content\/uploads\/kpm01-225x300.jpg 225w, https:\/\/mariangorynia.pl\/wp-content\/uploads\/kpm01-202x270.jpg 202w\" sizes=\"(max-width: 334px) 100vw, 334px\" \/><\/figure>\n","protected":false},"excerpt":{"rendered":"","protected":false},"author":1,"featured_media":0,"parent":0,"menu_order":0,"comment_status":"closed","ping_status":"closed","template":"","meta":{"footnotes":""},"class_list":["post-4546","page","type-page","status-publish","hentry"],"_links":{"self":[{"href":"https:\/\/mariangorynia.pl\/index.php?rest_route=\/wp\/v2\/pages\/4546"}],"collection":[{"href":"https:\/\/mariangorynia.pl\/index.php?rest_route=\/wp\/v2\/pages"}],"about":[{"href":"https:\/\/mariangorynia.pl\/index.php?rest_route=\/wp\/v2\/types\/page"}],"author":[{"embeddable":true,"href":"https:\/\/mariangorynia.pl\/index.php?rest_route=\/wp\/v2\/users\/1"}],"replies":[{"embeddable":true,"href":"https:\/\/mariangorynia.pl\/index.php?rest_route=%2Fwp%2Fv2%2Fcomments&post=4546"}],"version-history":[{"count":1,"href":"https:\/\/mariangorynia.pl\/index.php?rest_route=\/wp\/v2\/pages\/4546\/revisions"}],"predecessor-version":[{"id":4548,"href":"https:\/\/mariangorynia.pl\/index.php?rest_route=\/wp\/v2\/pages\/4546\/revisions\/4548"}],"wp:attachment":[{"href":"https:\/\/mariangorynia.pl\/index.php?rest_route=%2Fwp%2Fv2%2Fmedia&parent=4546"}],"curies":[{"name":"wp","href":"https:\/\/api.w.org\/{rel}","templated":true}]}}