{"id":4565,"date":"2022-07-16T13:51:57","date_gmt":"2022-07-16T11:51:57","guid":{"rendered":"http:\/\/mariangorynia.pl\/?page_id=4565"},"modified":"2022-07-16T13:51:58","modified_gmt":"2022-07-16T11:51:58","slug":"ekonomiczna-piatka-13-04-2014","status":"publish","type":"page","link":"https:\/\/mariangorynia.pl\/?page_id=4565","title":{"rendered":"Ekonomiczna Pi\u0105tka &#8211; 13.04.2014"},"content":{"rendered":"\n<p><a href=\"https:\/\/mariangorynia.pl\/wp-content\/uploads\/SL_2014_05.pdf\"><strong>Pobiegli\u015bmy na pi\u0105tk\u0119, &#8222;Sucholeski Magazyn Mieszka\u0144c\u00f3w Gminy&#8221; numer 5(28), maj 2014<\/strong><\/a><\/p>\n\n\n\n<ul class=\"wp-block-gallery columns-3 wp-block-gallery-1 is-layout-flex wp-block-gallery-is-layout-flex\"><li class=\"blocks-gallery-item\"><figure><img loading=\"lazy\" decoding=\"async\" width=\"441\" height=\"600\" src=\"https:\/\/mariangorynia.pl\/wp-content\/uploads\/ep13.jpg\" alt=\"\" data-id=\"4567\" data-link=\"https:\/\/mariangorynia.pl\/?attachment_id=4567\" class=\"wp-image-4567\" srcset=\"https:\/\/mariangorynia.pl\/wp-content\/uploads\/ep13.jpg 441w, https:\/\/mariangorynia.pl\/wp-content\/uploads\/ep13-221x300.jpg 221w, https:\/\/mariangorynia.pl\/wp-content\/uploads\/ep13-198x270.jpg 198w\" sizes=\"(max-width: 441px) 100vw, 441px\" \/><\/figure><\/li><li class=\"blocks-gallery-item\"><figure><img loading=\"lazy\" decoding=\"async\" width=\"800\" height=\"534\" src=\"https:\/\/mariangorynia.pl\/wp-content\/uploads\/ep12.jpg\" alt=\"\" data-id=\"4568\" data-link=\"https:\/\/mariangorynia.pl\/?attachment_id=4568\" class=\"wp-image-4568\" srcset=\"https:\/\/mariangorynia.pl\/wp-content\/uploads\/ep12.jpg 800w, https:\/\/mariangorynia.pl\/wp-content\/uploads\/ep12-300x200.jpg 300w, https:\/\/mariangorynia.pl\/wp-content\/uploads\/ep12-768x513.jpg 768w, https:\/\/mariangorynia.pl\/wp-content\/uploads\/ep12-360x240.jpg 360w\" sizes=\"(max-width: 800px) 100vw, 800px\" \/><\/figure><\/li><li class=\"blocks-gallery-item\"><figure><img loading=\"lazy\" decoding=\"async\" width=\"800\" height=\"534\" src=\"https:\/\/mariangorynia.pl\/wp-content\/uploads\/ep11.jpg\" alt=\"\" data-id=\"4569\" data-link=\"https:\/\/mariangorynia.pl\/?attachment_id=4569\" class=\"wp-image-4569\" srcset=\"https:\/\/mariangorynia.pl\/wp-content\/uploads\/ep11.jpg 800w, https:\/\/mariangorynia.pl\/wp-content\/uploads\/ep11-300x200.jpg 300w, https:\/\/mariangorynia.pl\/wp-content\/uploads\/ep11-768x513.jpg 768w, https:\/\/mariangorynia.pl\/wp-content\/uploads\/ep11-360x240.jpg 360w\" sizes=\"(max-width: 800px) 100vw, 800px\" \/><\/figure><\/li><li class=\"blocks-gallery-item\"><figure><img loading=\"lazy\" decoding=\"async\" width=\"800\" height=\"534\" src=\"https:\/\/mariangorynia.pl\/wp-content\/uploads\/ep10.jpg\" alt=\"\" data-id=\"4570\" data-link=\"https:\/\/mariangorynia.pl\/?attachment_id=4570\" class=\"wp-image-4570\" srcset=\"https:\/\/mariangorynia.pl\/wp-content\/uploads\/ep10.jpg 800w, https:\/\/mariangorynia.pl\/wp-content\/uploads\/ep10-300x200.jpg 300w, https:\/\/mariangorynia.pl\/wp-content\/uploads\/ep10-768x513.jpg 768w, https:\/\/mariangorynia.pl\/wp-content\/uploads\/ep10-360x240.jpg 360w\" sizes=\"(max-width: 800px) 100vw, 800px\" \/><\/figure><\/li><li class=\"blocks-gallery-item\"><figure><img loading=\"lazy\" decoding=\"async\" width=\"800\" height=\"534\" src=\"https:\/\/mariangorynia.pl\/wp-content\/uploads\/ep09.jpg\" alt=\"\" data-id=\"4571\" data-link=\"https:\/\/mariangorynia.pl\/?attachment_id=4571\" class=\"wp-image-4571\" srcset=\"https:\/\/mariangorynia.pl\/wp-content\/uploads\/ep09.jpg 800w, https:\/\/mariangorynia.pl\/wp-content\/uploads\/ep09-300x200.jpg 300w, https:\/\/mariangorynia.pl\/wp-content\/uploads\/ep09-768x513.jpg 768w, https:\/\/mariangorynia.pl\/wp-content\/uploads\/ep09-360x240.jpg 360w\" sizes=\"(max-width: 800px) 100vw, 800px\" \/><\/figure><\/li><li class=\"blocks-gallery-item\"><figure><img loading=\"lazy\" decoding=\"async\" width=\"800\" height=\"534\" src=\"https:\/\/mariangorynia.pl\/wp-content\/uploads\/ep08.jpg\" alt=\"\" data-id=\"4572\" data-link=\"https:\/\/mariangorynia.pl\/?attachment_id=4572\" class=\"wp-image-4572\" srcset=\"https:\/\/mariangorynia.pl\/wp-content\/uploads\/ep08.jpg 800w, https:\/\/mariangorynia.pl\/wp-content\/uploads\/ep08-300x200.jpg 300w, https:\/\/mariangorynia.pl\/wp-content\/uploads\/ep08-768x513.jpg 768w, https:\/\/mariangorynia.pl\/wp-content\/uploads\/ep08-360x240.jpg 360w\" sizes=\"(max-width: 800px) 100vw, 800px\" \/><\/figure><\/li><li class=\"blocks-gallery-item\"><figure><img loading=\"lazy\" decoding=\"async\" width=\"800\" height=\"534\" src=\"https:\/\/mariangorynia.pl\/wp-content\/uploads\/ep07.jpg\" alt=\"\" data-id=\"4573\" data-link=\"https:\/\/mariangorynia.pl\/?attachment_id=4573\" class=\"wp-image-4573\" srcset=\"https:\/\/mariangorynia.pl\/wp-content\/uploads\/ep07.jpg 800w, https:\/\/mariangorynia.pl\/wp-content\/uploads\/ep07-300x200.jpg 300w, https:\/\/mariangorynia.pl\/wp-content\/uploads\/ep07-768x513.jpg 768w, https:\/\/mariangorynia.pl\/wp-content\/uploads\/ep07-360x240.jpg 360w\" sizes=\"(max-width: 800px) 100vw, 800px\" \/><\/figure><\/li><li class=\"blocks-gallery-item\"><figure><img loading=\"lazy\" decoding=\"async\" width=\"800\" height=\"600\" src=\"https:\/\/mariangorynia.pl\/wp-content\/uploads\/ep06-1.jpg\" alt=\"\" data-id=\"4574\" data-link=\"https:\/\/mariangorynia.pl\/?attachment_id=4574\" class=\"wp-image-4574\" srcset=\"https:\/\/mariangorynia.pl\/wp-content\/uploads\/ep06-1.jpg 800w, https:\/\/mariangorynia.pl\/wp-content\/uploads\/ep06-1-300x225.jpg 300w, https:\/\/mariangorynia.pl\/wp-content\/uploads\/ep06-1-768x576.jpg 768w, https:\/\/mariangorynia.pl\/wp-content\/uploads\/ep06-1-360x270.jpg 360w\" sizes=\"(max-width: 800px) 100vw, 800px\" \/><\/figure><\/li><li class=\"blocks-gallery-item\"><figure><img loading=\"lazy\" decoding=\"async\" width=\"800\" height=\"600\" src=\"https:\/\/mariangorynia.pl\/wp-content\/uploads\/ep05-2.jpg\" alt=\"\" data-id=\"4575\" data-link=\"https:\/\/mariangorynia.pl\/?attachment_id=4575\" class=\"wp-image-4575\" srcset=\"https:\/\/mariangorynia.pl\/wp-content\/uploads\/ep05-2.jpg 800w, https:\/\/mariangorynia.pl\/wp-content\/uploads\/ep05-2-300x225.jpg 300w, https:\/\/mariangorynia.pl\/wp-content\/uploads\/ep05-2-768x576.jpg 768w, https:\/\/mariangorynia.pl\/wp-content\/uploads\/ep05-2-360x270.jpg 360w\" sizes=\"(max-width: 800px) 100vw, 800px\" \/><\/figure><\/li><li class=\"blocks-gallery-item\"><figure><img loading=\"lazy\" decoding=\"async\" width=\"800\" height=\"600\" src=\"https:\/\/mariangorynia.pl\/wp-content\/uploads\/ep04-2.jpg\" alt=\"\" data-id=\"4576\" data-link=\"https:\/\/mariangorynia.pl\/?attachment_id=4576\" class=\"wp-image-4576\" srcset=\"https:\/\/mariangorynia.pl\/wp-content\/uploads\/ep04-2.jpg 800w, https:\/\/mariangorynia.pl\/wp-content\/uploads\/ep04-2-300x225.jpg 300w, https:\/\/mariangorynia.pl\/wp-content\/uploads\/ep04-2-768x576.jpg 768w, https:\/\/mariangorynia.pl\/wp-content\/uploads\/ep04-2-360x270.jpg 360w\" sizes=\"(max-width: 800px) 100vw, 800px\" \/><\/figure><\/li><li class=\"blocks-gallery-item\"><figure><img loading=\"lazy\" decoding=\"async\" width=\"800\" height=\"534\" src=\"https:\/\/mariangorynia.pl\/wp-content\/uploads\/ep03-2.jpg\" alt=\"\" data-id=\"4577\" data-link=\"https:\/\/mariangorynia.pl\/?attachment_id=4577\" class=\"wp-image-4577\" srcset=\"https:\/\/mariangorynia.pl\/wp-content\/uploads\/ep03-2.jpg 800w, https:\/\/mariangorynia.pl\/wp-content\/uploads\/ep03-2-300x200.jpg 300w, https:\/\/mariangorynia.pl\/wp-content\/uploads\/ep03-2-768x513.jpg 768w, https:\/\/mariangorynia.pl\/wp-content\/uploads\/ep03-2-360x240.jpg 360w\" sizes=\"(max-width: 800px) 100vw, 800px\" \/><\/figure><\/li><li class=\"blocks-gallery-item\"><figure><img loading=\"lazy\" decoding=\"async\" width=\"800\" height=\"534\" src=\"https:\/\/mariangorynia.pl\/wp-content\/uploads\/ep02-2.jpg\" alt=\"\" data-id=\"4578\" data-link=\"https:\/\/mariangorynia.pl\/?attachment_id=4578\" class=\"wp-image-4578\" srcset=\"https:\/\/mariangorynia.pl\/wp-content\/uploads\/ep02-2.jpg 800w, https:\/\/mariangorynia.pl\/wp-content\/uploads\/ep02-2-300x200.jpg 300w, https:\/\/mariangorynia.pl\/wp-content\/uploads\/ep02-2-768x513.jpg 768w, https:\/\/mariangorynia.pl\/wp-content\/uploads\/ep02-2-360x240.jpg 360w\" sizes=\"(max-width: 800px) 100vw, 800px\" \/><\/figure><\/li><li class=\"blocks-gallery-item\"><figure><img loading=\"lazy\" decoding=\"async\" width=\"800\" height=\"534\" src=\"https:\/\/mariangorynia.pl\/wp-content\/uploads\/ep01-2.jpg\" alt=\"\" data-id=\"4579\" data-link=\"https:\/\/mariangorynia.pl\/?attachment_id=4579\" class=\"wp-image-4579\" srcset=\"https:\/\/mariangorynia.pl\/wp-content\/uploads\/ep01-2.jpg 800w, https:\/\/mariangorynia.pl\/wp-content\/uploads\/ep01-2-300x200.jpg 300w, https:\/\/mariangorynia.pl\/wp-content\/uploads\/ep01-2-768x513.jpg 768w, https:\/\/mariangorynia.pl\/wp-content\/uploads\/ep01-2-360x240.jpg 360w\" sizes=\"(max-width: 800px) 100vw, 800px\" \/><\/figure><\/li><\/ul>\n","protected":false},"excerpt":{"rendered":"<p>Pobiegli\u015bmy na pi\u0105tk\u0119, &#8222;Sucholeski Magazyn Mieszka\u0144c\u00f3w Gminy&#8221; numer 5(28), maj 2014<\/p>\n","protected":false},"author":1,"featured_media":0,"parent":0,"menu_order":0,"comment_status":"closed","ping_status":"closed","template":"","meta":{"footnotes":""},"class_list":["post-4565","page","type-page","status-publish","hentry"],"_links":{"self":[{"href":"https:\/\/mariangorynia.pl\/index.php?rest_route=\/wp\/v2\/pages\/4565"}],"collection":[{"href":"https:\/\/mariangorynia.pl\/index.php?rest_route=\/wp\/v2\/pages"}],"about":[{"href":"https:\/\/mariangorynia.pl\/index.php?rest_route=\/wp\/v2\/types\/page"}],"author":[{"embeddable":true,"href":"https:\/\/mariangorynia.pl\/index.php?rest_route=\/wp\/v2\/users\/1"}],"replies":[{"embeddable":true,"href":"https:\/\/mariangorynia.pl\/index.php?rest_route=%2Fwp%2Fv2%2Fcomments&post=4565"}],"version-history":[{"count":1,"href":"https:\/\/mariangorynia.pl\/index.php?rest_route=\/wp\/v2\/pages\/4565\/revisions"}],"predecessor-version":[{"id":4580,"href":"https:\/\/mariangorynia.pl\/index.php?rest_route=\/wp\/v2\/pages\/4565\/revisions\/4580"}],"wp:attachment":[{"href":"https:\/\/mariangorynia.pl\/index.php?rest_route=%2Fwp%2Fv2%2Fmedia&parent=4565"}],"curies":[{"name":"wp","href":"https:\/\/api.w.org\/{rel}","templated":true}]}}