{"id":4588,"date":"2022-07-16T13:56:29","date_gmt":"2022-07-16T11:56:29","guid":{"rendered":"http:\/\/mariangorynia.pl\/?page_id=4588"},"modified":"2022-07-16T13:56:30","modified_gmt":"2022-07-16T11:56:30","slug":"polmaraton-w-tarnowie-podgornym-18-05-2014","status":"publish","type":"page","link":"https:\/\/mariangorynia.pl\/?page_id=4588","title":{"rendered":"P\u00f3\u0142maraton w Tarnowie Podg\u00f3rnym &#8211; 18.05.2014"},"content":{"rendered":"\n<ul class=\"wp-block-gallery columns-3 wp-block-gallery-1 is-layout-flex wp-block-gallery-is-layout-flex\"><li class=\"blocks-gallery-item\"><figure><img loading=\"lazy\" decoding=\"async\" width=\"462\" height=\"609\" src=\"https:\/\/mariangorynia.pl\/wp-content\/uploads\/ptp07.jpg\" alt=\"\" data-id=\"4590\" data-link=\"https:\/\/mariangorynia.pl\/?attachment_id=4590\" class=\"wp-image-4590\" srcset=\"https:\/\/mariangorynia.pl\/wp-content\/uploads\/ptp07.jpg 462w, https:\/\/mariangorynia.pl\/wp-content\/uploads\/ptp07-228x300.jpg 228w, https:\/\/mariangorynia.pl\/wp-content\/uploads\/ptp07-205x270.jpg 205w\" sizes=\"(max-width: 462px) 100vw, 462px\" \/><\/figure><\/li><li class=\"blocks-gallery-item\"><figure><img loading=\"lazy\" decoding=\"async\" width=\"640\" height=\"478\" src=\"https:\/\/mariangorynia.pl\/wp-content\/uploads\/ptp06.jpg\" alt=\"\" data-id=\"4591\" data-link=\"https:\/\/mariangorynia.pl\/?attachment_id=4591\" class=\"wp-image-4591\" srcset=\"https:\/\/mariangorynia.pl\/wp-content\/uploads\/ptp06.jpg 640w, https:\/\/mariangorynia.pl\/wp-content\/uploads\/ptp06-300x224.jpg 300w, https:\/\/mariangorynia.pl\/wp-content\/uploads\/ptp06-360x270.jpg 360w\" sizes=\"(max-width: 640px) 100vw, 640px\" \/><\/figure><\/li><li class=\"blocks-gallery-item\"><figure><img loading=\"lazy\" decoding=\"async\" width=\"480\" height=\"360\" src=\"https:\/\/mariangorynia.pl\/wp-content\/uploads\/ptp05.jpg\" alt=\"\" data-id=\"4592\" data-link=\"https:\/\/mariangorynia.pl\/?attachment_id=4592\" class=\"wp-image-4592\" srcset=\"https:\/\/mariangorynia.pl\/wp-content\/uploads\/ptp05.jpg 480w, https:\/\/mariangorynia.pl\/wp-content\/uploads\/ptp05-300x225.jpg 300w, https:\/\/mariangorynia.pl\/wp-content\/uploads\/ptp05-360x270.jpg 360w\" sizes=\"(max-width: 480px) 100vw, 480px\" \/><\/figure><\/li><li class=\"blocks-gallery-item\"><figure><img loading=\"lazy\" decoding=\"async\" width=\"480\" height=\"360\" src=\"https:\/\/mariangorynia.pl\/wp-content\/uploads\/ptp04.jpg\" alt=\"\" data-id=\"4593\" data-link=\"https:\/\/mariangorynia.pl\/?attachment_id=4593\" class=\"wp-image-4593\" srcset=\"https:\/\/mariangorynia.pl\/wp-content\/uploads\/ptp04.jpg 480w, https:\/\/mariangorynia.pl\/wp-content\/uploads\/ptp04-300x225.jpg 300w, https:\/\/mariangorynia.pl\/wp-content\/uploads\/ptp04-360x270.jpg 360w\" sizes=\"(max-width: 480px) 100vw, 480px\" \/><\/figure><\/li><li class=\"blocks-gallery-item\"><figure><img loading=\"lazy\" decoding=\"async\" width=\"640\" height=\"480\" src=\"https:\/\/mariangorynia.pl\/wp-content\/uploads\/ptp03.jpg\" alt=\"\" data-id=\"4594\" data-link=\"https:\/\/mariangorynia.pl\/?attachment_id=4594\" class=\"wp-image-4594\" srcset=\"https:\/\/mariangorynia.pl\/wp-content\/uploads\/ptp03.jpg 640w, https:\/\/mariangorynia.pl\/wp-content\/uploads\/ptp03-300x225.jpg 300w, https:\/\/mariangorynia.pl\/wp-content\/uploads\/ptp03-360x270.jpg 360w\" sizes=\"(max-width: 640px) 100vw, 640px\" \/><\/figure><\/li><li class=\"blocks-gallery-item\"><figure><img loading=\"lazy\" decoding=\"async\" width=\"640\" height=\"480\" src=\"https:\/\/mariangorynia.pl\/wp-content\/uploads\/ptp02.jpg\" alt=\"\" data-id=\"4595\" data-link=\"https:\/\/mariangorynia.pl\/?attachment_id=4595\" class=\"wp-image-4595\" srcset=\"https:\/\/mariangorynia.pl\/wp-content\/uploads\/ptp02.jpg 640w, https:\/\/mariangorynia.pl\/wp-content\/uploads\/ptp02-300x225.jpg 300w, https:\/\/mariangorynia.pl\/wp-content\/uploads\/ptp02-360x270.jpg 360w\" sizes=\"(max-width: 640px) 100vw, 640px\" \/><\/figure><\/li><li class=\"blocks-gallery-item\"><figure><img loading=\"lazy\" decoding=\"async\" width=\"640\" height=\"480\" src=\"https:\/\/mariangorynia.pl\/wp-content\/uploads\/ptp01.jpg\" alt=\"\" data-id=\"4596\" data-link=\"https:\/\/mariangorynia.pl\/?attachment_id=4596\" class=\"wp-image-4596\" srcset=\"https:\/\/mariangorynia.pl\/wp-content\/uploads\/ptp01.jpg 640w, https:\/\/mariangorynia.pl\/wp-content\/uploads\/ptp01-300x225.jpg 300w, https:\/\/mariangorynia.pl\/wp-content\/uploads\/ptp01-360x270.jpg 360w\" sizes=\"(max-width: 640px) 100vw, 640px\" \/><\/figure><\/li><li class=\"blocks-gallery-item\"><figure><img loading=\"lazy\" decoding=\"async\" width=\"930\" height=\"396\" src=\"https:\/\/mariangorynia.pl\/wp-content\/uploads\/ptp08-1.jpg\" alt=\"\" data-id=\"4597\" data-link=\"https:\/\/mariangorynia.pl\/?attachment_id=4597\" class=\"wp-image-4597\" srcset=\"https:\/\/mariangorynia.pl\/wp-content\/uploads\/ptp08-1.jpg 930w, https:\/\/mariangorynia.pl\/wp-content\/uploads\/ptp08-1-300x128.jpg 300w, https:\/\/mariangorynia.pl\/wp-content\/uploads\/ptp08-1-768x327.jpg 768w, https:\/\/mariangorynia.pl\/wp-content\/uploads\/ptp08-1-360x153.jpg 360w\" sizes=\"(max-width: 930px) 100vw, 930px\" \/><\/figure><\/li><\/ul>\n","protected":false},"excerpt":{"rendered":"","protected":false},"author":1,"featured_media":0,"parent":0,"menu_order":0,"comment_status":"closed","ping_status":"closed","template":"","meta":{"footnotes":""},"class_list":["post-4588","page","type-page","status-publish","hentry"],"_links":{"self":[{"href":"https:\/\/mariangorynia.pl\/index.php?rest_route=\/wp\/v2\/pages\/4588"}],"collection":[{"href":"https:\/\/mariangorynia.pl\/index.php?rest_route=\/wp\/v2\/pages"}],"about":[{"href":"https:\/\/mariangorynia.pl\/index.php?rest_route=\/wp\/v2\/types\/page"}],"author":[{"embeddable":true,"href":"https:\/\/mariangorynia.pl\/index.php?rest_route=\/wp\/v2\/users\/1"}],"replies":[{"embeddable":true,"href":"https:\/\/mariangorynia.pl\/index.php?rest_route=%2Fwp%2Fv2%2Fcomments&post=4588"}],"version-history":[{"count":1,"href":"https:\/\/mariangorynia.pl\/index.php?rest_route=\/wp\/v2\/pages\/4588\/revisions"}],"predecessor-version":[{"id":4598,"href":"https:\/\/mariangorynia.pl\/index.php?rest_route=\/wp\/v2\/pages\/4588\/revisions\/4598"}],"wp:attachment":[{"href":"https:\/\/mariangorynia.pl\/index.php?rest_route=%2Fwp%2Fv2%2Fmedia&parent=4588"}],"curies":[{"name":"wp","href":"https:\/\/api.w.org\/{rel}","templated":true}]}}