{"id":4691,"date":"2022-07-16T15:33:52","date_gmt":"2022-07-16T13:33:52","guid":{"rendered":"http:\/\/mariangorynia.pl\/?page_id=4691"},"modified":"2022-07-16T15:33:53","modified_gmt":"2022-07-16T13:33:53","slug":"polmaraton-tarnowo-podgorne-24-05-2015","status":"publish","type":"page","link":"https:\/\/mariangorynia.pl\/?page_id=4691","title":{"rendered":"P\u00f3\u0142maraton Tarnowo Podg\u00f3rne &#8211; 24.05.2015"},"content":{"rendered":"\n<ul class=\"wp-block-gallery columns-3 wp-block-gallery-1 is-layout-flex wp-block-gallery-is-layout-flex\"><li class=\"blocks-gallery-item\"><figure><img loading=\"lazy\" decoding=\"async\" width=\"510\" height=\"851\" src=\"https:\/\/mariangorynia.pl\/wp-content\/uploads\/pmtp09.jpg\" alt=\"\" data-id=\"4692\" data-link=\"https:\/\/mariangorynia.pl\/?attachment_id=4692\" class=\"wp-image-4692\" srcset=\"https:\/\/mariangorynia.pl\/wp-content\/uploads\/pmtp09.jpg 510w, https:\/\/mariangorynia.pl\/wp-content\/uploads\/pmtp09-180x300.jpg 180w, https:\/\/mariangorynia.pl\/wp-content\/uploads\/pmtp09-162x270.jpg 162w\" sizes=\"(max-width: 510px) 100vw, 510px\" \/><\/figure><\/li><li class=\"blocks-gallery-item\"><figure><img loading=\"lazy\" decoding=\"async\" width=\"881\" height=\"717\" src=\"https:\/\/mariangorynia.pl\/wp-content\/uploads\/pmtp08.jpg\" alt=\"\" data-id=\"4693\" data-link=\"https:\/\/mariangorynia.pl\/?attachment_id=4693\" class=\"wp-image-4693\" srcset=\"https:\/\/mariangorynia.pl\/wp-content\/uploads\/pmtp08.jpg 881w, https:\/\/mariangorynia.pl\/wp-content\/uploads\/pmtp08-300x244.jpg 300w, https:\/\/mariangorynia.pl\/wp-content\/uploads\/pmtp08-768x625.jpg 768w, https:\/\/mariangorynia.pl\/wp-content\/uploads\/pmtp08-332x270.jpg 332w\" sizes=\"(max-width: 881px) 100vw, 881px\" \/><\/figure><\/li><li class=\"blocks-gallery-item\"><figure><img loading=\"lazy\" decoding=\"async\" width=\"734\" height=\"979\" src=\"https:\/\/mariangorynia.pl\/wp-content\/uploads\/pmtp07.jpg\" alt=\"\" data-id=\"4694\" data-link=\"https:\/\/mariangorynia.pl\/?attachment_id=4694\" class=\"wp-image-4694\" srcset=\"https:\/\/mariangorynia.pl\/wp-content\/uploads\/pmtp07.jpg 734w, https:\/\/mariangorynia.pl\/wp-content\/uploads\/pmtp07-225x300.jpg 225w, https:\/\/mariangorynia.pl\/wp-content\/uploads\/pmtp07-202x270.jpg 202w\" sizes=\"(max-width: 734px) 100vw, 734px\" \/><\/figure><\/li><li class=\"blocks-gallery-item\"><figure><img loading=\"lazy\" decoding=\"async\" width=\"604\" height=\"927\" src=\"https:\/\/mariangorynia.pl\/wp-content\/uploads\/pmtp06.jpg\" alt=\"\" data-id=\"4695\" data-link=\"https:\/\/mariangorynia.pl\/?attachment_id=4695\" class=\"wp-image-4695\" srcset=\"https:\/\/mariangorynia.pl\/wp-content\/uploads\/pmtp06.jpg 604w, https:\/\/mariangorynia.pl\/wp-content\/uploads\/pmtp06-195x300.jpg 195w, https:\/\/mariangorynia.pl\/wp-content\/uploads\/pmtp06-176x270.jpg 176w\" sizes=\"(max-width: 604px) 100vw, 604px\" \/><\/figure><\/li><li class=\"blocks-gallery-item\"><figure><img loading=\"lazy\" decoding=\"async\" width=\"437\" height=\"626\" src=\"https:\/\/mariangorynia.pl\/wp-content\/uploads\/pmtp05.jpg\" alt=\"\" data-id=\"4696\" data-link=\"https:\/\/mariangorynia.pl\/?attachment_id=4696\" class=\"wp-image-4696\" srcset=\"https:\/\/mariangorynia.pl\/wp-content\/uploads\/pmtp05.jpg 437w, https:\/\/mariangorynia.pl\/wp-content\/uploads\/pmtp05-209x300.jpg 209w, https:\/\/mariangorynia.pl\/wp-content\/uploads\/pmtp05-188x270.jpg 188w\" sizes=\"(max-width: 437px) 100vw, 437px\" \/><\/figure><\/li><li class=\"blocks-gallery-item\"><figure><img loading=\"lazy\" decoding=\"async\" width=\"650\" height=\"766\" src=\"https:\/\/mariangorynia.pl\/wp-content\/uploads\/pmtp04.jpg\" alt=\"\" data-id=\"4697\" data-link=\"https:\/\/mariangorynia.pl\/?attachment_id=4697\" class=\"wp-image-4697\" srcset=\"https:\/\/mariangorynia.pl\/wp-content\/uploads\/pmtp04.jpg 650w, https:\/\/mariangorynia.pl\/wp-content\/uploads\/pmtp04-255x300.jpg 255w, https:\/\/mariangorynia.pl\/wp-content\/uploads\/pmtp04-229x270.jpg 229w\" sizes=\"(max-width: 650px) 100vw, 650px\" \/><\/figure><\/li><li class=\"blocks-gallery-item\"><figure><img loading=\"lazy\" decoding=\"async\" width=\"656\" height=\"806\" src=\"https:\/\/mariangorynia.pl\/wp-content\/uploads\/pmtp03.jpg\" alt=\"\" data-id=\"4698\" data-link=\"https:\/\/mariangorynia.pl\/?attachment_id=4698\" class=\"wp-image-4698\" srcset=\"https:\/\/mariangorynia.pl\/wp-content\/uploads\/pmtp03.jpg 656w, https:\/\/mariangorynia.pl\/wp-content\/uploads\/pmtp03-244x300.jpg 244w, https:\/\/mariangorynia.pl\/wp-content\/uploads\/pmtp03-220x270.jpg 220w\" sizes=\"(max-width: 656px) 100vw, 656px\" \/><\/figure><\/li><li class=\"blocks-gallery-item\"><figure><img loading=\"lazy\" decoding=\"async\" width=\"579\" height=\"764\" src=\"https:\/\/mariangorynia.pl\/wp-content\/uploads\/pmtp02.jpg\" alt=\"\" data-id=\"4699\" data-link=\"https:\/\/mariangorynia.pl\/?attachment_id=4699\" class=\"wp-image-4699\" srcset=\"https:\/\/mariangorynia.pl\/wp-content\/uploads\/pmtp02.jpg 579w, https:\/\/mariangorynia.pl\/wp-content\/uploads\/pmtp02-227x300.jpg 227w, https:\/\/mariangorynia.pl\/wp-content\/uploads\/pmtp02-205x270.jpg 205w\" sizes=\"(max-width: 579px) 100vw, 579px\" \/><\/figure><\/li><li class=\"blocks-gallery-item\"><figure><img loading=\"lazy\" decoding=\"async\" width=\"518\" height=\"517\" src=\"https:\/\/mariangorynia.pl\/wp-content\/uploads\/pmtp01.jpg\" alt=\"\" data-id=\"4700\" data-link=\"https:\/\/mariangorynia.pl\/?attachment_id=4700\" class=\"wp-image-4700\" srcset=\"https:\/\/mariangorynia.pl\/wp-content\/uploads\/pmtp01.jpg 518w, https:\/\/mariangorynia.pl\/wp-content\/uploads\/pmtp01-150x150.jpg 150w, https:\/\/mariangorynia.pl\/wp-content\/uploads\/pmtp01-300x300.jpg 300w, https:\/\/mariangorynia.pl\/wp-content\/uploads\/pmtp01-271x270.jpg 271w\" sizes=\"(max-width: 518px) 100vw, 518px\" \/><\/figure><\/li><\/ul>\n","protected":false},"excerpt":{"rendered":"","protected":false},"author":1,"featured_media":0,"parent":0,"menu_order":0,"comment_status":"closed","ping_status":"closed","template":"","meta":{"footnotes":""},"class_list":["post-4691","page","type-page","status-publish","hentry"],"_links":{"self":[{"href":"https:\/\/mariangorynia.pl\/index.php?rest_route=\/wp\/v2\/pages\/4691"}],"collection":[{"href":"https:\/\/mariangorynia.pl\/index.php?rest_route=\/wp\/v2\/pages"}],"about":[{"href":"https:\/\/mariangorynia.pl\/index.php?rest_route=\/wp\/v2\/types\/page"}],"author":[{"embeddable":true,"href":"https:\/\/mariangorynia.pl\/index.php?rest_route=\/wp\/v2\/users\/1"}],"replies":[{"embeddable":true,"href":"https:\/\/mariangorynia.pl\/index.php?rest_route=%2Fwp%2Fv2%2Fcomments&post=4691"}],"version-history":[{"count":1,"href":"https:\/\/mariangorynia.pl\/index.php?rest_route=\/wp\/v2\/pages\/4691\/revisions"}],"predecessor-version":[{"id":4701,"href":"https:\/\/mariangorynia.pl\/index.php?rest_route=\/wp\/v2\/pages\/4691\/revisions\/4701"}],"wp:attachment":[{"href":"https:\/\/mariangorynia.pl\/index.php?rest_route=%2Fwp%2Fv2%2Fmedia&parent=4691"}],"curies":[{"name":"wp","href":"https:\/\/api.w.org\/{rel}","templated":true}]}}