{"id":4738,"date":"2022-07-16T15:58:33","date_gmt":"2022-07-16T13:58:33","guid":{"rendered":"http:\/\/mariangorynia.pl\/?page_id=4738"},"modified":"2022-07-16T15:58:33","modified_gmt":"2022-07-16T13:58:33","slug":"25-polmaraton-philips-pila-6-09-2015","status":"publish","type":"page","link":"https:\/\/mariangorynia.pl\/?page_id=4738","title":{"rendered":"25. P\u00f3\u0142maraton Philips Pi\u0142a &#8211; 6.09.2015"},"content":{"rendered":"\n<ul class=\"wp-block-gallery columns-3 wp-block-gallery-1 is-layout-flex wp-block-gallery-is-layout-flex\"><li class=\"blocks-gallery-item\"><figure><img loading=\"lazy\" decoding=\"async\" width=\"850\" height=\"478\" src=\"https:\/\/mariangorynia.pl\/wp-content\/uploads\/pipm05.jpg\" alt=\"\" data-id=\"4739\" data-link=\"https:\/\/mariangorynia.pl\/?attachment_id=4739\" class=\"wp-image-4739\" srcset=\"https:\/\/mariangorynia.pl\/wp-content\/uploads\/pipm05.jpg 850w, https:\/\/mariangorynia.pl\/wp-content\/uploads\/pipm05-300x169.jpg 300w, https:\/\/mariangorynia.pl\/wp-content\/uploads\/pipm05-768x432.jpg 768w, https:\/\/mariangorynia.pl\/wp-content\/uploads\/pipm05-360x202.jpg 360w\" sizes=\"(max-width: 850px) 100vw, 850px\" \/><\/figure><\/li><li class=\"blocks-gallery-item\"><figure><img loading=\"lazy\" decoding=\"async\" width=\"850\" height=\"478\" src=\"https:\/\/mariangorynia.pl\/wp-content\/uploads\/pipm04.jpg\" alt=\"\" data-id=\"4740\" data-link=\"https:\/\/mariangorynia.pl\/?attachment_id=4740\" class=\"wp-image-4740\" srcset=\"https:\/\/mariangorynia.pl\/wp-content\/uploads\/pipm04.jpg 850w, https:\/\/mariangorynia.pl\/wp-content\/uploads\/pipm04-300x169.jpg 300w, https:\/\/mariangorynia.pl\/wp-content\/uploads\/pipm04-768x432.jpg 768w, https:\/\/mariangorynia.pl\/wp-content\/uploads\/pipm04-360x202.jpg 360w\" sizes=\"(max-width: 850px) 100vw, 850px\" \/><\/figure><\/li><li class=\"blocks-gallery-item\"><figure><img loading=\"lazy\" decoding=\"async\" width=\"720\" height=\"480\" src=\"https:\/\/mariangorynia.pl\/wp-content\/uploads\/pipm02.jpg\" alt=\"\" data-id=\"4741\" data-link=\"https:\/\/mariangorynia.pl\/?attachment_id=4741\" class=\"wp-image-4741\" srcset=\"https:\/\/mariangorynia.pl\/wp-content\/uploads\/pipm02.jpg 720w, https:\/\/mariangorynia.pl\/wp-content\/uploads\/pipm02-300x200.jpg 300w, https:\/\/mariangorynia.pl\/wp-content\/uploads\/pipm02-360x240.jpg 360w\" sizes=\"(max-width: 720px) 100vw, 720px\" \/><\/figure><\/li><li class=\"blocks-gallery-item\"><figure><img loading=\"lazy\" decoding=\"async\" width=\"720\" height=\"480\" src=\"https:\/\/mariangorynia.pl\/wp-content\/uploads\/pipm01.jpg\" alt=\"\" data-id=\"4742\" data-link=\"https:\/\/mariangorynia.pl\/?attachment_id=4742\" class=\"wp-image-4742\" srcset=\"https:\/\/mariangorynia.pl\/wp-content\/uploads\/pipm01.jpg 720w, https:\/\/mariangorynia.pl\/wp-content\/uploads\/pipm01-300x200.jpg 300w, https:\/\/mariangorynia.pl\/wp-content\/uploads\/pipm01-360x240.jpg 360w\" sizes=\"(max-width: 720px) 100vw, 720px\" \/><\/figure><\/li><\/ul>\n","protected":false},"excerpt":{"rendered":"","protected":false},"author":1,"featured_media":0,"parent":0,"menu_order":0,"comment_status":"closed","ping_status":"closed","template":"","meta":{"footnotes":""},"class_list":["post-4738","page","type-page","status-publish","hentry"],"_links":{"self":[{"href":"https:\/\/mariangorynia.pl\/index.php?rest_route=\/wp\/v2\/pages\/4738"}],"collection":[{"href":"https:\/\/mariangorynia.pl\/index.php?rest_route=\/wp\/v2\/pages"}],"about":[{"href":"https:\/\/mariangorynia.pl\/index.php?rest_route=\/wp\/v2\/types\/page"}],"author":[{"embeddable":true,"href":"https:\/\/mariangorynia.pl\/index.php?rest_route=\/wp\/v2\/users\/1"}],"replies":[{"embeddable":true,"href":"https:\/\/mariangorynia.pl\/index.php?rest_route=%2Fwp%2Fv2%2Fcomments&post=4738"}],"version-history":[{"count":1,"href":"https:\/\/mariangorynia.pl\/index.php?rest_route=\/wp\/v2\/pages\/4738\/revisions"}],"predecessor-version":[{"id":4743,"href":"https:\/\/mariangorynia.pl\/index.php?rest_route=\/wp\/v2\/pages\/4738\/revisions\/4743"}],"wp:attachment":[{"href":"https:\/\/mariangorynia.pl\/index.php?rest_route=%2Fwp%2Fv2%2Fmedia&parent=4738"}],"curies":[{"name":"wp","href":"https:\/\/api.w.org\/{rel}","templated":true}]}}