{"id":4766,"date":"2022-07-16T16:06:06","date_gmt":"2022-07-16T14:06:06","guid":{"rendered":"http:\/\/mariangorynia.pl\/?page_id=4766"},"modified":"2022-07-16T16:06:07","modified_gmt":"2022-07-16T14:06:07","slug":"xi-koscianski-polmaraton-8-11-2015","status":"publish","type":"page","link":"https:\/\/mariangorynia.pl\/?page_id=4766","title":{"rendered":"XI Ko\u015bcia\u0144ski P\u00f3\u0142maraton &#8211; 8.11.2015"},"content":{"rendered":"\n<ul class=\"wp-block-gallery columns-3 wp-block-gallery-1 is-layout-flex wp-block-gallery-is-layout-flex\"><li class=\"blocks-gallery-item\"><figure><img loading=\"lazy\" decoding=\"async\" width=\"734\" height=\"734\" src=\"https:\/\/mariangorynia.pl\/wp-content\/uploads\/kpm02.jpg\" alt=\"\" data-id=\"4767\" data-link=\"https:\/\/mariangorynia.pl\/?attachment_id=4767\" class=\"wp-image-4767\" srcset=\"https:\/\/mariangorynia.pl\/wp-content\/uploads\/kpm02.jpg 734w, https:\/\/mariangorynia.pl\/wp-content\/uploads\/kpm02-150x150.jpg 150w, https:\/\/mariangorynia.pl\/wp-content\/uploads\/kpm02-300x300.jpg 300w, https:\/\/mariangorynia.pl\/wp-content\/uploads\/kpm02-270x270.jpg 270w\" sizes=\"(max-width: 734px) 100vw, 734px\" \/><\/figure><\/li><li class=\"blocks-gallery-item\"><figure><img loading=\"lazy\" decoding=\"async\" width=\"734\" height=\"734\" src=\"https:\/\/mariangorynia.pl\/wp-content\/uploads\/kpm04.jpg\" alt=\"\" data-id=\"4768\" data-link=\"https:\/\/mariangorynia.pl\/?attachment_id=4768\" class=\"wp-image-4768\" srcset=\"https:\/\/mariangorynia.pl\/wp-content\/uploads\/kpm04.jpg 734w, https:\/\/mariangorynia.pl\/wp-content\/uploads\/kpm04-150x150.jpg 150w, https:\/\/mariangorynia.pl\/wp-content\/uploads\/kpm04-300x300.jpg 300w, https:\/\/mariangorynia.pl\/wp-content\/uploads\/kpm04-270x270.jpg 270w\" sizes=\"(max-width: 734px) 100vw, 734px\" \/><\/figure><\/li><li class=\"blocks-gallery-item\"><figure><img loading=\"lazy\" decoding=\"async\" width=\"734\" height=\"734\" src=\"https:\/\/mariangorynia.pl\/wp-content\/uploads\/kpm06.jpg\" alt=\"\" data-id=\"4769\" data-link=\"https:\/\/mariangorynia.pl\/?attachment_id=4769\" class=\"wp-image-4769\" srcset=\"https:\/\/mariangorynia.pl\/wp-content\/uploads\/kpm06.jpg 734w, https:\/\/mariangorynia.pl\/wp-content\/uploads\/kpm06-150x150.jpg 150w, https:\/\/mariangorynia.pl\/wp-content\/uploads\/kpm06-300x300.jpg 300w, https:\/\/mariangorynia.pl\/wp-content\/uploads\/kpm06-270x270.jpg 270w\" sizes=\"(max-width: 734px) 100vw, 734px\" \/><\/figure><\/li><\/ul>\n","protected":false},"excerpt":{"rendered":"","protected":false},"author":1,"featured_media":0,"parent":0,"menu_order":0,"comment_status":"closed","ping_status":"closed","template":"","meta":{"footnotes":""},"class_list":["post-4766","page","type-page","status-publish","hentry"],"_links":{"self":[{"href":"https:\/\/mariangorynia.pl\/index.php?rest_route=\/wp\/v2\/pages\/4766"}],"collection":[{"href":"https:\/\/mariangorynia.pl\/index.php?rest_route=\/wp\/v2\/pages"}],"about":[{"href":"https:\/\/mariangorynia.pl\/index.php?rest_route=\/wp\/v2\/types\/page"}],"author":[{"embeddable":true,"href":"https:\/\/mariangorynia.pl\/index.php?rest_route=\/wp\/v2\/users\/1"}],"replies":[{"embeddable":true,"href":"https:\/\/mariangorynia.pl\/index.php?rest_route=%2Fwp%2Fv2%2Fcomments&post=4766"}],"version-history":[{"count":1,"href":"https:\/\/mariangorynia.pl\/index.php?rest_route=\/wp\/v2\/pages\/4766\/revisions"}],"predecessor-version":[{"id":4770,"href":"https:\/\/mariangorynia.pl\/index.php?rest_route=\/wp\/v2\/pages\/4766\/revisions\/4770"}],"wp:attachment":[{"href":"https:\/\/mariangorynia.pl\/index.php?rest_route=%2Fwp%2Fv2%2Fmedia&parent=4766"}],"curies":[{"name":"wp","href":"https:\/\/api.w.org\/{rel}","templated":true}]}}