{"id":4789,"date":"2022-07-16T16:23:13","date_gmt":"2022-07-16T14:23:13","guid":{"rendered":"http:\/\/mariangorynia.pl\/?page_id=4789"},"modified":"2022-07-16T16:23:13","modified_gmt":"2022-07-16T14:23:13","slug":"9-pko-poznan-polmaraton-17-04-2016","status":"publish","type":"page","link":"https:\/\/mariangorynia.pl\/?page_id=4789","title":{"rendered":"9. PKO Pozna\u0144 P\u00f3\u0142maraton &#8211; 17.04.2016"},"content":{"rendered":"\n<p><a href=\"https:\/\/mariangorynia.pl\/wp-content\/uploads\/9PoznanPolmaraton-biegacze.pdf\"><strong>Wyniki<\/strong><\/a><\/p>\n\n\n\n<ul class=\"wp-block-gallery columns-2 wp-block-gallery-1 is-layout-flex wp-block-gallery-is-layout-flex\"><li class=\"blocks-gallery-item\"><figure><img loading=\"lazy\" decoding=\"async\" width=\"788\" height=\"545\" src=\"https:\/\/mariangorynia.pl\/wp-content\/uploads\/poznan_polmaraton_2016_580.jpg\" alt=\"\" data-id=\"4792\" data-link=\"https:\/\/mariangorynia.pl\/?attachment_id=4792\" class=\"wp-image-4792\" srcset=\"https:\/\/mariangorynia.pl\/wp-content\/uploads\/poznan_polmaraton_2016_580.jpg 788w, https:\/\/mariangorynia.pl\/wp-content\/uploads\/poznan_polmaraton_2016_580-300x207.jpg 300w, https:\/\/mariangorynia.pl\/wp-content\/uploads\/poznan_polmaraton_2016_580-768x531.jpg 768w, https:\/\/mariangorynia.pl\/wp-content\/uploads\/poznan_polmaraton_2016_580-360x249.jpg 360w\" sizes=\"(max-width: 788px) 100vw, 788px\" \/><\/figure><\/li><li class=\"blocks-gallery-item\"><figure><img loading=\"lazy\" decoding=\"async\" width=\"788\" height=\"545\" src=\"https:\/\/mariangorynia.pl\/wp-content\/uploads\/poznan_polmaraton_2016_490.jpg\" alt=\"\" data-id=\"4793\" data-link=\"https:\/\/mariangorynia.pl\/?attachment_id=4793\" class=\"wp-image-4793\" srcset=\"https:\/\/mariangorynia.pl\/wp-content\/uploads\/poznan_polmaraton_2016_490.jpg 788w, https:\/\/mariangorynia.pl\/wp-content\/uploads\/poznan_polmaraton_2016_490-300x207.jpg 300w, https:\/\/mariangorynia.pl\/wp-content\/uploads\/poznan_polmaraton_2016_490-768x531.jpg 768w, https:\/\/mariangorynia.pl\/wp-content\/uploads\/poznan_polmaraton_2016_490-360x249.jpg 360w\" sizes=\"(max-width: 788px) 100vw, 788px\" \/><\/figure><\/li><li class=\"blocks-gallery-item\"><figure><img loading=\"lazy\" decoding=\"async\" width=\"557\" height=\"800\" src=\"https:\/\/mariangorynia.pl\/wp-content\/uploads\/ppm02-1.jpg\" alt=\"\" data-id=\"4794\" data-link=\"https:\/\/mariangorynia.pl\/?attachment_id=4794\" class=\"wp-image-4794\" srcset=\"https:\/\/mariangorynia.pl\/wp-content\/uploads\/ppm02-1.jpg 557w, https:\/\/mariangorynia.pl\/wp-content\/uploads\/ppm02-1-209x300.jpg 209w, https:\/\/mariangorynia.pl\/wp-content\/uploads\/ppm02-1-188x270.jpg 188w\" sizes=\"(max-width: 557px) 100vw, 557px\" \/><\/figure><\/li><li class=\"blocks-gallery-item\"><figure><img loading=\"lazy\" decoding=\"async\" width=\"557\" height=\"800\" src=\"https:\/\/mariangorynia.pl\/wp-content\/uploads\/ppm01-1.jpg\" alt=\"\" data-id=\"4795\" data-link=\"https:\/\/mariangorynia.pl\/?attachment_id=4795\" class=\"wp-image-4795\" srcset=\"https:\/\/mariangorynia.pl\/wp-content\/uploads\/ppm01-1.jpg 557w, https:\/\/mariangorynia.pl\/wp-content\/uploads\/ppm01-1-209x300.jpg 209w, https:\/\/mariangorynia.pl\/wp-content\/uploads\/ppm01-1-188x270.jpg 188w\" sizes=\"(max-width: 557px) 100vw, 557px\" \/><\/figure><\/li><\/ul>\n","protected":false},"excerpt":{"rendered":"<p>Wyniki<\/p>\n","protected":false},"author":1,"featured_media":0,"parent":0,"menu_order":0,"comment_status":"closed","ping_status":"closed","template":"","meta":{"footnotes":""},"class_list":["post-4789","page","type-page","status-publish","hentry"],"_links":{"self":[{"href":"https:\/\/mariangorynia.pl\/index.php?rest_route=\/wp\/v2\/pages\/4789"}],"collection":[{"href":"https:\/\/mariangorynia.pl\/index.php?rest_route=\/wp\/v2\/pages"}],"about":[{"href":"https:\/\/mariangorynia.pl\/index.php?rest_route=\/wp\/v2\/types\/page"}],"author":[{"embeddable":true,"href":"https:\/\/mariangorynia.pl\/index.php?rest_route=\/wp\/v2\/users\/1"}],"replies":[{"embeddable":true,"href":"https:\/\/mariangorynia.pl\/index.php?rest_route=%2Fwp%2Fv2%2Fcomments&post=4789"}],"version-history":[{"count":1,"href":"https:\/\/mariangorynia.pl\/index.php?rest_route=\/wp\/v2\/pages\/4789\/revisions"}],"predecessor-version":[{"id":4796,"href":"https:\/\/mariangorynia.pl\/index.php?rest_route=\/wp\/v2\/pages\/4789\/revisions\/4796"}],"wp:attachment":[{"href":"https:\/\/mariangorynia.pl\/index.php?rest_route=%2Fwp%2Fv2%2Fmedia&parent=4789"}],"curies":[{"name":"wp","href":"https:\/\/api.w.org\/{rel}","templated":true}]}}