{"id":4798,"date":"2022-07-16T16:31:32","date_gmt":"2022-07-16T14:31:32","guid":{"rendered":"http:\/\/mariangorynia.pl\/?page_id=4798"},"modified":"2022-07-16T16:31:33","modified_gmt":"2022-07-16T14:31:33","slug":"polmaraton-tarnowo-podgorne-23-05-2016","status":"publish","type":"page","link":"https:\/\/mariangorynia.pl\/?page_id=4798","title":{"rendered":"P\u00f3\u0142maraton Tarnowo Podg\u00f3rne &#8211; 23.05.2016"},"content":{"rendered":"\n<ul class=\"wp-block-gallery columns-2 wp-block-gallery-1 is-layout-flex wp-block-gallery-is-layout-flex\"><li class=\"blocks-gallery-item\"><figure><img loading=\"lazy\" decoding=\"async\" width=\"450\" height=\"800\" src=\"https:\/\/mariangorynia.pl\/wp-content\/uploads\/pmt04.jpg\" alt=\"\" data-id=\"4799\" data-link=\"https:\/\/mariangorynia.pl\/?attachment_id=4799\" class=\"wp-image-4799\" srcset=\"https:\/\/mariangorynia.pl\/wp-content\/uploads\/pmt04.jpg 450w, https:\/\/mariangorynia.pl\/wp-content\/uploads\/pmt04-169x300.jpg 169w, https:\/\/mariangorynia.pl\/wp-content\/uploads\/pmt04-152x270.jpg 152w\" sizes=\"(max-width: 450px) 100vw, 450px\" \/><\/figure><\/li><li class=\"blocks-gallery-item\"><figure><img loading=\"lazy\" decoding=\"async\" width=\"450\" height=\"800\" src=\"https:\/\/mariangorynia.pl\/wp-content\/uploads\/pmt03.jpg\" alt=\"\" data-id=\"4800\" data-link=\"https:\/\/mariangorynia.pl\/?attachment_id=4800\" class=\"wp-image-4800\" srcset=\"https:\/\/mariangorynia.pl\/wp-content\/uploads\/pmt03.jpg 450w, https:\/\/mariangorynia.pl\/wp-content\/uploads\/pmt03-169x300.jpg 169w, https:\/\/mariangorynia.pl\/wp-content\/uploads\/pmt03-152x270.jpg 152w\" sizes=\"(max-width: 450px) 100vw, 450px\" \/><\/figure><\/li><li class=\"blocks-gallery-item\"><figure><img loading=\"lazy\" decoding=\"async\" width=\"800\" height=\"450\" src=\"https:\/\/mariangorynia.pl\/wp-content\/uploads\/pmt02.jpg\" alt=\"\" data-id=\"4801\" data-link=\"https:\/\/mariangorynia.pl\/?attachment_id=4801\" class=\"wp-image-4801\" srcset=\"https:\/\/mariangorynia.pl\/wp-content\/uploads\/pmt02.jpg 800w, https:\/\/mariangorynia.pl\/wp-content\/uploads\/pmt02-300x169.jpg 300w, https:\/\/mariangorynia.pl\/wp-content\/uploads\/pmt02-768x432.jpg 768w, https:\/\/mariangorynia.pl\/wp-content\/uploads\/pmt02-360x203.jpg 360w\" sizes=\"(max-width: 800px) 100vw, 800px\" \/><\/figure><\/li><li class=\"blocks-gallery-item\"><figure><img loading=\"lazy\" decoding=\"async\" width=\"800\" height=\"450\" src=\"https:\/\/mariangorynia.pl\/wp-content\/uploads\/pmt01.jpg\" alt=\"\" data-id=\"4802\" data-link=\"https:\/\/mariangorynia.pl\/?attachment_id=4802\" class=\"wp-image-4802\" srcset=\"https:\/\/mariangorynia.pl\/wp-content\/uploads\/pmt01.jpg 800w, https:\/\/mariangorynia.pl\/wp-content\/uploads\/pmt01-300x169.jpg 300w, https:\/\/mariangorynia.pl\/wp-content\/uploads\/pmt01-768x432.jpg 768w, https:\/\/mariangorynia.pl\/wp-content\/uploads\/pmt01-360x203.jpg 360w\" sizes=\"(max-width: 800px) 100vw, 800px\" \/><\/figure><\/li><\/ul>\n","protected":false},"excerpt":{"rendered":"","protected":false},"author":1,"featured_media":0,"parent":0,"menu_order":0,"comment_status":"closed","ping_status":"closed","template":"","meta":{"footnotes":""},"class_list":["post-4798","page","type-page","status-publish","hentry"],"_links":{"self":[{"href":"https:\/\/mariangorynia.pl\/index.php?rest_route=\/wp\/v2\/pages\/4798"}],"collection":[{"href":"https:\/\/mariangorynia.pl\/index.php?rest_route=\/wp\/v2\/pages"}],"about":[{"href":"https:\/\/mariangorynia.pl\/index.php?rest_route=\/wp\/v2\/types\/page"}],"author":[{"embeddable":true,"href":"https:\/\/mariangorynia.pl\/index.php?rest_route=\/wp\/v2\/users\/1"}],"replies":[{"embeddable":true,"href":"https:\/\/mariangorynia.pl\/index.php?rest_route=%2Fwp%2Fv2%2Fcomments&post=4798"}],"version-history":[{"count":1,"href":"https:\/\/mariangorynia.pl\/index.php?rest_route=\/wp\/v2\/pages\/4798\/revisions"}],"predecessor-version":[{"id":4803,"href":"https:\/\/mariangorynia.pl\/index.php?rest_route=\/wp\/v2\/pages\/4798\/revisions\/4803"}],"wp:attachment":[{"href":"https:\/\/mariangorynia.pl\/index.php?rest_route=%2Fwp%2Fv2%2Fmedia&parent=4798"}],"curies":[{"name":"wp","href":"https:\/\/api.w.org\/{rel}","templated":true}]}}