{"id":4823,"date":"2022-07-16T16:40:52","date_gmt":"2022-07-16T14:40:52","guid":{"rendered":"http:\/\/mariangorynia.pl\/?page_id=4823"},"modified":"2022-07-16T16:40:53","modified_gmt":"2022-07-16T14:40:53","slug":"swarzedz-szpot-polmaraton-25-09-2016","status":"publish","type":"page","link":"https:\/\/mariangorynia.pl\/?page_id=4823","title":{"rendered":"Swarz\u0119dz Szpot P\u00f3\u0142maraton &#8211; 25.09.2016"},"content":{"rendered":"\n<ul class=\"wp-block-gallery columns-3 wp-block-gallery-1 is-layout-flex wp-block-gallery-is-layout-flex\"><li class=\"blocks-gallery-item\"><figure><img loading=\"lazy\" decoding=\"async\" width=\"800\" height=\"530\" src=\"https:\/\/mariangorynia.pl\/wp-content\/uploads\/sspm06.jpg\" alt=\"\" data-id=\"4824\" data-link=\"https:\/\/mariangorynia.pl\/?attachment_id=4824\" class=\"wp-image-4824\" srcset=\"https:\/\/mariangorynia.pl\/wp-content\/uploads\/sspm06.jpg 800w, https:\/\/mariangorynia.pl\/wp-content\/uploads\/sspm06-300x199.jpg 300w, https:\/\/mariangorynia.pl\/wp-content\/uploads\/sspm06-768x509.jpg 768w, https:\/\/mariangorynia.pl\/wp-content\/uploads\/sspm06-360x239.jpg 360w\" sizes=\"(max-width: 800px) 100vw, 800px\" \/><\/figure><\/li><li class=\"blocks-gallery-item\"><figure><img loading=\"lazy\" decoding=\"async\" width=\"800\" height=\"530\" src=\"https:\/\/mariangorynia.pl\/wp-content\/uploads\/sspm05.jpg\" alt=\"\" data-id=\"4825\" data-link=\"https:\/\/mariangorynia.pl\/?attachment_id=4825\" class=\"wp-image-4825\" srcset=\"https:\/\/mariangorynia.pl\/wp-content\/uploads\/sspm05.jpg 800w, https:\/\/mariangorynia.pl\/wp-content\/uploads\/sspm05-300x199.jpg 300w, https:\/\/mariangorynia.pl\/wp-content\/uploads\/sspm05-768x509.jpg 768w, https:\/\/mariangorynia.pl\/wp-content\/uploads\/sspm05-360x239.jpg 360w\" sizes=\"(max-width: 800px) 100vw, 800px\" \/><\/figure><\/li><li class=\"blocks-gallery-item\"><figure><img loading=\"lazy\" decoding=\"async\" width=\"600\" height=\"800\" src=\"https:\/\/mariangorynia.pl\/wp-content\/uploads\/sspm04.jpg\" alt=\"\" data-id=\"4826\" data-link=\"https:\/\/mariangorynia.pl\/?attachment_id=4826\" class=\"wp-image-4826\" srcset=\"https:\/\/mariangorynia.pl\/wp-content\/uploads\/sspm04.jpg 600w, https:\/\/mariangorynia.pl\/wp-content\/uploads\/sspm04-225x300.jpg 225w, https:\/\/mariangorynia.pl\/wp-content\/uploads\/sspm04-203x270.jpg 203w\" sizes=\"(max-width: 600px) 100vw, 600px\" \/><\/figure><\/li><li class=\"blocks-gallery-item\"><figure><img loading=\"lazy\" decoding=\"async\" width=\"480\" height=\"800\" src=\"https:\/\/mariangorynia.pl\/wp-content\/uploads\/sspm03.jpg\" alt=\"\" data-id=\"4827\" data-link=\"https:\/\/mariangorynia.pl\/?attachment_id=4827\" class=\"wp-image-4827\" srcset=\"https:\/\/mariangorynia.pl\/wp-content\/uploads\/sspm03.jpg 480w, https:\/\/mariangorynia.pl\/wp-content\/uploads\/sspm03-180x300.jpg 180w, https:\/\/mariangorynia.pl\/wp-content\/uploads\/sspm03-162x270.jpg 162w\" sizes=\"(max-width: 480px) 100vw, 480px\" \/><\/figure><\/li><li class=\"blocks-gallery-item\"><figure><img loading=\"lazy\" decoding=\"async\" width=\"480\" height=\"800\" src=\"https:\/\/mariangorynia.pl\/wp-content\/uploads\/sspm02.jpg\" alt=\"\" data-id=\"4828\" data-link=\"https:\/\/mariangorynia.pl\/?attachment_id=4828\" class=\"wp-image-4828\" srcset=\"https:\/\/mariangorynia.pl\/wp-content\/uploads\/sspm02.jpg 480w, https:\/\/mariangorynia.pl\/wp-content\/uploads\/sspm02-180x300.jpg 180w, https:\/\/mariangorynia.pl\/wp-content\/uploads\/sspm02-162x270.jpg 162w\" sizes=\"(max-width: 480px) 100vw, 480px\" \/><\/figure><\/li><li class=\"blocks-gallery-item\"><figure><img loading=\"lazy\" decoding=\"async\" width=\"533\" height=\"800\" src=\"https:\/\/mariangorynia.pl\/wp-content\/uploads\/sspm01.jpg\" alt=\"\" data-id=\"4829\" data-link=\"https:\/\/mariangorynia.pl\/?attachment_id=4829\" class=\"wp-image-4829\" srcset=\"https:\/\/mariangorynia.pl\/wp-content\/uploads\/sspm01.jpg 533w, https:\/\/mariangorynia.pl\/wp-content\/uploads\/sspm01-200x300.jpg 200w, https:\/\/mariangorynia.pl\/wp-content\/uploads\/sspm01-180x270.jpg 180w\" sizes=\"(max-width: 533px) 100vw, 533px\" \/><\/figure><\/li><\/ul>\n","protected":false},"excerpt":{"rendered":"","protected":false},"author":1,"featured_media":0,"parent":0,"menu_order":0,"comment_status":"closed","ping_status":"closed","template":"","meta":{"footnotes":""},"class_list":["post-4823","page","type-page","status-publish","hentry"],"_links":{"self":[{"href":"https:\/\/mariangorynia.pl\/index.php?rest_route=\/wp\/v2\/pages\/4823"}],"collection":[{"href":"https:\/\/mariangorynia.pl\/index.php?rest_route=\/wp\/v2\/pages"}],"about":[{"href":"https:\/\/mariangorynia.pl\/index.php?rest_route=\/wp\/v2\/types\/page"}],"author":[{"embeddable":true,"href":"https:\/\/mariangorynia.pl\/index.php?rest_route=\/wp\/v2\/users\/1"}],"replies":[{"embeddable":true,"href":"https:\/\/mariangorynia.pl\/index.php?rest_route=%2Fwp%2Fv2%2Fcomments&post=4823"}],"version-history":[{"count":1,"href":"https:\/\/mariangorynia.pl\/index.php?rest_route=\/wp\/v2\/pages\/4823\/revisions"}],"predecessor-version":[{"id":4830,"href":"https:\/\/mariangorynia.pl\/index.php?rest_route=\/wp\/v2\/pages\/4823\/revisions\/4830"}],"wp:attachment":[{"href":"https:\/\/mariangorynia.pl\/index.php?rest_route=%2Fwp%2Fv2%2Fmedia&parent=4823"}],"curies":[{"name":"wp","href":"https:\/\/api.w.org\/{rel}","templated":true}]}}