{"id":4840,"date":"2022-07-16T16:47:21","date_gmt":"2022-07-16T14:47:21","guid":{"rendered":"http:\/\/mariangorynia.pl\/?page_id=4840"},"modified":"2022-07-16T16:47:21","modified_gmt":"2022-07-16T14:47:21","slug":"bieg-lwa-polmaraton-w-tarnowie-podgornym-21-05-2022%ef%bb%bf","status":"publish","type":"page","link":"https:\/\/mariangorynia.pl\/?page_id=4840","title":{"rendered":"Bieg Lwa &#8211; P\u00f3\u0142maraton w Tarnowie Podg\u00f3rnym &#8211; 21.05.2022\ufeff"},"content":{"rendered":"\n<p>Wyniki &#8211; <strong><a href=\"https:\/\/live.sts-timing.pl\/bl2022\/index.php?dystans=1\">[TUTAJ]<\/a><\/strong><\/p>\n\n\n\n<ul class=\"wp-block-gallery columns-3 is-cropped wp-block-gallery-1 is-layout-flex wp-block-gallery-is-layout-flex\"><li class=\"blocks-gallery-item\"><figure><img loading=\"lazy\" decoding=\"async\" width=\"1024\" height=\"683\" src=\"https:\/\/mariangorynia.pl\/wp-content\/uploads\/bieg_lwa_polmaraton-11-1024x683.jpg\" alt=\"\" data-id=\"4391\" data-link=\"https:\/\/mariangorynia.pl\/?attachment_id=4391\" class=\"wp-image-4391\" srcset=\"https:\/\/mariangorynia.pl\/wp-content\/uploads\/bieg_lwa_polmaraton-11-1024x683.jpg 1024w, https:\/\/mariangorynia.pl\/wp-content\/uploads\/bieg_lwa_polmaraton-11-300x200.jpg 300w, https:\/\/mariangorynia.pl\/wp-content\/uploads\/bieg_lwa_polmaraton-11-768x512.jpg 768w, https:\/\/mariangorynia.pl\/wp-content\/uploads\/bieg_lwa_polmaraton-11-360x240.jpg 360w, https:\/\/mariangorynia.pl\/wp-content\/uploads\/bieg_lwa_polmaraton-11.jpg 2048w\" sizes=\"(max-width: 1024px) 100vw, 1024px\" \/><\/figure><\/li><li class=\"blocks-gallery-item\"><figure><img loading=\"lazy\" decoding=\"async\" width=\"1024\" height=\"683\" src=\"https:\/\/mariangorynia.pl\/wp-content\/uploads\/bieg_lwa_polmaraton-92-1024x683.jpg\" alt=\"\" data-id=\"4390\" data-link=\"https:\/\/mariangorynia.pl\/?attachment_id=4390\" class=\"wp-image-4390\" srcset=\"https:\/\/mariangorynia.pl\/wp-content\/uploads\/bieg_lwa_polmaraton-92-1024x683.jpg 1024w, https:\/\/mariangorynia.pl\/wp-content\/uploads\/bieg_lwa_polmaraton-92-300x200.jpg 300w, https:\/\/mariangorynia.pl\/wp-content\/uploads\/bieg_lwa_polmaraton-92-768x512.jpg 768w, https:\/\/mariangorynia.pl\/wp-content\/uploads\/bieg_lwa_polmaraton-92-360x240.jpg 360w, https:\/\/mariangorynia.pl\/wp-content\/uploads\/bieg_lwa_polmaraton-92.jpg 2048w\" sizes=\"(max-width: 1024px) 100vw, 1024px\" \/><\/figure><\/li><li class=\"blocks-gallery-item\"><figure><img loading=\"lazy\" decoding=\"async\" width=\"1024\" height=\"684\" src=\"https:\/\/mariangorynia.pl\/wp-content\/uploads\/bieg_lwa_polmaraton-333-1024x684.jpg\" alt=\"\" data-id=\"4389\" data-link=\"https:\/\/mariangorynia.pl\/?attachment_id=4389\" class=\"wp-image-4389\" srcset=\"https:\/\/mariangorynia.pl\/wp-content\/uploads\/bieg_lwa_polmaraton-333-1024x684.jpg 1024w, https:\/\/mariangorynia.pl\/wp-content\/uploads\/bieg_lwa_polmaraton-333-300x200.jpg 300w, https:\/\/mariangorynia.pl\/wp-content\/uploads\/bieg_lwa_polmaraton-333-768x513.jpg 768w, https:\/\/mariangorynia.pl\/wp-content\/uploads\/bieg_lwa_polmaraton-333-360x240.jpg 360w, https:\/\/mariangorynia.pl\/wp-content\/uploads\/bieg_lwa_polmaraton-333.jpg 2048w\" sizes=\"(max-width: 1024px) 100vw, 1024px\" \/><\/figure><\/li><li class=\"blocks-gallery-item\"><figure><img loading=\"lazy\" decoding=\"async\" width=\"1024\" height=\"683\" src=\"https:\/\/mariangorynia.pl\/wp-content\/uploads\/bieg_lwa_polmaraton-754-1024x683.jpg\" alt=\"\" data-id=\"4388\" data-link=\"https:\/\/mariangorynia.pl\/?attachment_id=4388\" class=\"wp-image-4388\" srcset=\"https:\/\/mariangorynia.pl\/wp-content\/uploads\/bieg_lwa_polmaraton-754-1024x683.jpg 1024w, https:\/\/mariangorynia.pl\/wp-content\/uploads\/bieg_lwa_polmaraton-754-300x200.jpg 300w, https:\/\/mariangorynia.pl\/wp-content\/uploads\/bieg_lwa_polmaraton-754-768x512.jpg 768w, https:\/\/mariangorynia.pl\/wp-content\/uploads\/bieg_lwa_polmaraton-754-360x240.jpg 360w, https:\/\/mariangorynia.pl\/wp-content\/uploads\/bieg_lwa_polmaraton-754.jpg 2048w\" sizes=\"(max-width: 1024px) 100vw, 1024px\" \/><\/figure><\/li><\/ul>\n","protected":false},"excerpt":{"rendered":"<p>Wyniki &#8211; [TUTAJ]<\/p>\n","protected":false},"author":1,"featured_media":0,"parent":0,"menu_order":0,"comment_status":"closed","ping_status":"closed","template":"","meta":{"footnotes":""},"class_list":["post-4840","page","type-page","status-publish","hentry"],"_links":{"self":[{"href":"https:\/\/mariangorynia.pl\/index.php?rest_route=\/wp\/v2\/pages\/4840"}],"collection":[{"href":"https:\/\/mariangorynia.pl\/index.php?rest_route=\/wp\/v2\/pages"}],"about":[{"href":"https:\/\/mariangorynia.pl\/index.php?rest_route=\/wp\/v2\/types\/page"}],"author":[{"embeddable":true,"href":"https:\/\/mariangorynia.pl\/index.php?rest_route=\/wp\/v2\/users\/1"}],"replies":[{"embeddable":true,"href":"https:\/\/mariangorynia.pl\/index.php?rest_route=%2Fwp%2Fv2%2Fcomments&post=4840"}],"version-history":[{"count":1,"href":"https:\/\/mariangorynia.pl\/index.php?rest_route=\/wp\/v2\/pages\/4840\/revisions"}],"predecessor-version":[{"id":4841,"href":"https:\/\/mariangorynia.pl\/index.php?rest_route=\/wp\/v2\/pages\/4840\/revisions\/4841"}],"wp:attachment":[{"href":"https:\/\/mariangorynia.pl\/index.php?rest_route=%2Fwp%2Fv2%2Fmedia&parent=4840"}],"curies":[{"name":"wp","href":"https:\/\/api.w.org\/{rel}","templated":true}]}}