{"id":4847,"date":"2022-07-16T16:54:44","date_gmt":"2022-07-16T14:54:44","guid":{"rendered":"http:\/\/mariangorynia.pl\/?page_id=4847"},"modified":"2022-07-16T16:54:45","modified_gmt":"2022-07-16T14:54:45","slug":"13-pko-poznan-polmaraton-17-10-2021","status":"publish","type":"page","link":"https:\/\/mariangorynia.pl\/?page_id=4847","title":{"rendered":"13. PKO Pozna\u0144 P\u00f3\u0142maraton &#8211; 17.10.2021"},"content":{"rendered":"\n<p>Wyniki &#8211; <strong><a href=\"https:\/\/halfmarathon.poznan.pl\/wp-content\/uploads\/2022\/04\/pp2022_pko.pdf\">[TUTAJ]<\/a><\/strong><\/p>\n\n\n\n<ul class=\"wp-block-gallery columns-3 wp-block-gallery-1 is-layout-flex wp-block-gallery-is-layout-flex\"><li class=\"blocks-gallery-item\"><figure><img loading=\"lazy\" decoding=\"async\" width=\"1024\" height=\"576\" src=\"https:\/\/mariangorynia.pl\/wp-content\/uploads\/medal1920x1080-1024x576.jpg\" alt=\"\" data-id=\"4384\" data-link=\"https:\/\/mariangorynia.pl\/?attachment_id=4384\" class=\"wp-image-4384\" srcset=\"https:\/\/mariangorynia.pl\/wp-content\/uploads\/medal1920x1080-1024x576.jpg 1024w, https:\/\/mariangorynia.pl\/wp-content\/uploads\/medal1920x1080-300x169.jpg 300w, https:\/\/mariangorynia.pl\/wp-content\/uploads\/medal1920x1080-768x432.jpg 768w, https:\/\/mariangorynia.pl\/wp-content\/uploads\/medal1920x1080-360x203.jpg 360w, https:\/\/mariangorynia.pl\/wp-content\/uploads\/medal1920x1080.jpg 1920w\" sizes=\"(max-width: 1024px) 100vw, 1024px\" \/><\/figure><\/li><li class=\"blocks-gallery-item\"><figure><img loading=\"lazy\" decoding=\"async\" width=\"852\" height=\"568\" src=\"https:\/\/mariangorynia.pl\/wp-content\/uploads\/616be04c33eb4_o_large.jpg\" alt=\"\" data-id=\"4383\" data-link=\"https:\/\/mariangorynia.pl\/?attachment_id=4383\" class=\"wp-image-4383\" srcset=\"https:\/\/mariangorynia.pl\/wp-content\/uploads\/616be04c33eb4_o_large.jpg 852w, https:\/\/mariangorynia.pl\/wp-content\/uploads\/616be04c33eb4_o_large-300x200.jpg 300w, https:\/\/mariangorynia.pl\/wp-content\/uploads\/616be04c33eb4_o_large-768x512.jpg 768w, https:\/\/mariangorynia.pl\/wp-content\/uploads\/616be04c33eb4_o_large-360x240.jpg 360w\" sizes=\"(max-width: 852px) 100vw, 852px\" \/><\/figure><\/li><li class=\"blocks-gallery-item\"><figure><img loading=\"lazy\" decoding=\"async\" width=\"1024\" height=\"683\" src=\"https:\/\/mariangorynia.pl\/wp-content\/uploads\/JK1_4004-1024x683.jpg\" alt=\"\" data-id=\"4385\" data-link=\"https:\/\/mariangorynia.pl\/?attachment_id=4385\" class=\"wp-image-4385\" srcset=\"https:\/\/mariangorynia.pl\/wp-content\/uploads\/JK1_4004-1024x683.jpg 1024w, https:\/\/mariangorynia.pl\/wp-content\/uploads\/JK1_4004-300x200.jpg 300w, https:\/\/mariangorynia.pl\/wp-content\/uploads\/JK1_4004-768x512.jpg 768w, https:\/\/mariangorynia.pl\/wp-content\/uploads\/JK1_4004-360x240.jpg 360w, https:\/\/mariangorynia.pl\/wp-content\/uploads\/JK1_4004.jpg 1920w\" sizes=\"(max-width: 1024px) 100vw, 1024px\" \/><\/figure><\/li><li class=\"blocks-gallery-item\"><figure><img loading=\"lazy\" decoding=\"async\" width=\"852\" height=\"568\" src=\"https:\/\/mariangorynia.pl\/wp-content\/uploads\/616c0fdf28503_o_large.jpg\" alt=\"\" data-id=\"4382\" data-link=\"https:\/\/mariangorynia.pl\/?attachment_id=4382\" class=\"wp-image-4382\" srcset=\"https:\/\/mariangorynia.pl\/wp-content\/uploads\/616c0fdf28503_o_large.jpg 852w, https:\/\/mariangorynia.pl\/wp-content\/uploads\/616c0fdf28503_o_large-300x200.jpg 300w, https:\/\/mariangorynia.pl\/wp-content\/uploads\/616c0fdf28503_o_large-768x512.jpg 768w, https:\/\/mariangorynia.pl\/wp-content\/uploads\/616c0fdf28503_o_large-360x240.jpg 360w\" sizes=\"(max-width: 852px) 100vw, 852px\" \/><\/figure><\/li><\/ul>\n","protected":false},"excerpt":{"rendered":"<p>Wyniki &#8211; [TUTAJ]<\/p>\n","protected":false},"author":1,"featured_media":0,"parent":0,"menu_order":0,"comment_status":"closed","ping_status":"closed","template":"","meta":{"footnotes":""},"class_list":["post-4847","page","type-page","status-publish","hentry"],"_links":{"self":[{"href":"https:\/\/mariangorynia.pl\/index.php?rest_route=\/wp\/v2\/pages\/4847"}],"collection":[{"href":"https:\/\/mariangorynia.pl\/index.php?rest_route=\/wp\/v2\/pages"}],"about":[{"href":"https:\/\/mariangorynia.pl\/index.php?rest_route=\/wp\/v2\/types\/page"}],"author":[{"embeddable":true,"href":"https:\/\/mariangorynia.pl\/index.php?rest_route=\/wp\/v2\/users\/1"}],"replies":[{"embeddable":true,"href":"https:\/\/mariangorynia.pl\/index.php?rest_route=%2Fwp%2Fv2%2Fcomments&post=4847"}],"version-history":[{"count":1,"href":"https:\/\/mariangorynia.pl\/index.php?rest_route=\/wp\/v2\/pages\/4847\/revisions"}],"predecessor-version":[{"id":4849,"href":"https:\/\/mariangorynia.pl\/index.php?rest_route=\/wp\/v2\/pages\/4847\/revisions\/4849"}],"wp:attachment":[{"href":"https:\/\/mariangorynia.pl\/index.php?rest_route=%2Fwp%2Fv2%2Fmedia&parent=4847"}],"curies":[{"name":"wp","href":"https:\/\/api.w.org\/{rel}","templated":true}]}}