{"id":4867,"date":"2022-07-17T10:24:00","date_gmt":"2022-07-17T08:24:00","guid":{"rendered":"http:\/\/mariangorynia.pl\/?page_id=4867"},"modified":"2022-07-17T10:24:01","modified_gmt":"2022-07-17T08:24:01","slug":"poznan-polmaraton-26-03-2017","status":"publish","type":"page","link":"https:\/\/mariangorynia.pl\/?page_id=4867","title":{"rendered":"Pozna\u0144 P\u00f3\u0142maraton &#8211; 26.03.2017"},"content":{"rendered":"\n<ul class=\"wp-block-gallery columns-3 is-cropped wp-block-gallery-1 is-layout-flex wp-block-gallery-is-layout-flex\"><li class=\"blocks-gallery-item\"><figure><img loading=\"lazy\" decoding=\"async\" width=\"850\" height=\"638\" src=\"https:\/\/mariangorynia.pl\/wp-content\/uploads\/ppm03-1.jpg\" alt=\"\" data-id=\"4868\" data-link=\"https:\/\/mariangorynia.pl\/?attachment_id=4868\" class=\"wp-image-4868\" srcset=\"https:\/\/mariangorynia.pl\/wp-content\/uploads\/ppm03-1.jpg 850w, https:\/\/mariangorynia.pl\/wp-content\/uploads\/ppm03-1-300x225.jpg 300w, https:\/\/mariangorynia.pl\/wp-content\/uploads\/ppm03-1-768x576.jpg 768w, https:\/\/mariangorynia.pl\/wp-content\/uploads\/ppm03-1-360x270.jpg 360w\" sizes=\"(max-width: 850px) 100vw, 850px\" \/><\/figure><\/li><li class=\"blocks-gallery-item\"><figure><img loading=\"lazy\" decoding=\"async\" width=\"850\" height=\"638\" src=\"https:\/\/mariangorynia.pl\/wp-content\/uploads\/ppm02-2.jpg\" alt=\"\" data-id=\"4869\" data-link=\"https:\/\/mariangorynia.pl\/?attachment_id=4869\" class=\"wp-image-4869\" srcset=\"https:\/\/mariangorynia.pl\/wp-content\/uploads\/ppm02-2.jpg 850w, https:\/\/mariangorynia.pl\/wp-content\/uploads\/ppm02-2-300x225.jpg 300w, https:\/\/mariangorynia.pl\/wp-content\/uploads\/ppm02-2-768x576.jpg 768w, https:\/\/mariangorynia.pl\/wp-content\/uploads\/ppm02-2-360x270.jpg 360w\" sizes=\"(max-width: 850px) 100vw, 850px\" \/><\/figure><\/li><li class=\"blocks-gallery-item\"><figure><img loading=\"lazy\" decoding=\"async\" width=\"638\" height=\"850\" src=\"https:\/\/mariangorynia.pl\/wp-content\/uploads\/ppm01-2.jpg\" alt=\"\" data-id=\"4870\" data-link=\"https:\/\/mariangorynia.pl\/?attachment_id=4870\" class=\"wp-image-4870\" srcset=\"https:\/\/mariangorynia.pl\/wp-content\/uploads\/ppm01-2.jpg 638w, https:\/\/mariangorynia.pl\/wp-content\/uploads\/ppm01-2-225x300.jpg 225w, https:\/\/mariangorynia.pl\/wp-content\/uploads\/ppm01-2-203x270.jpg 203w\" sizes=\"(max-width: 638px) 100vw, 638px\" \/><\/figure><\/li><li class=\"blocks-gallery-item\"><figure><img loading=\"lazy\" decoding=\"async\" width=\"850\" height=\"638\" src=\"https:\/\/mariangorynia.pl\/wp-content\/uploads\/ppm06-1.jpg\" alt=\"\" data-id=\"4871\" data-link=\"https:\/\/mariangorynia.pl\/?attachment_id=4871\" class=\"wp-image-4871\" srcset=\"https:\/\/mariangorynia.pl\/wp-content\/uploads\/ppm06-1.jpg 850w, https:\/\/mariangorynia.pl\/wp-content\/uploads\/ppm06-1-300x225.jpg 300w, https:\/\/mariangorynia.pl\/wp-content\/uploads\/ppm06-1-768x576.jpg 768w, https:\/\/mariangorynia.pl\/wp-content\/uploads\/ppm06-1-360x270.jpg 360w\" sizes=\"(max-width: 850px) 100vw, 850px\" \/><\/figure><\/li><li class=\"blocks-gallery-item\"><figure><img loading=\"lazy\" decoding=\"async\" width=\"850\" height=\"638\" src=\"https:\/\/mariangorynia.pl\/wp-content\/uploads\/ppm05-1.jpg\" alt=\"\" data-id=\"4872\" data-link=\"https:\/\/mariangorynia.pl\/?attachment_id=4872\" class=\"wp-image-4872\" srcset=\"https:\/\/mariangorynia.pl\/wp-content\/uploads\/ppm05-1.jpg 850w, https:\/\/mariangorynia.pl\/wp-content\/uploads\/ppm05-1-300x225.jpg 300w, https:\/\/mariangorynia.pl\/wp-content\/uploads\/ppm05-1-768x576.jpg 768w, https:\/\/mariangorynia.pl\/wp-content\/uploads\/ppm05-1-360x270.jpg 360w\" sizes=\"(max-width: 850px) 100vw, 850px\" \/><\/figure><\/li><li class=\"blocks-gallery-item\"><figure><img loading=\"lazy\" decoding=\"async\" width=\"850\" height=\"638\" src=\"https:\/\/mariangorynia.pl\/wp-content\/uploads\/ppm04-1.jpg\" alt=\"\" data-id=\"4873\" data-link=\"https:\/\/mariangorynia.pl\/?attachment_id=4873\" class=\"wp-image-4873\" srcset=\"https:\/\/mariangorynia.pl\/wp-content\/uploads\/ppm04-1.jpg 850w, https:\/\/mariangorynia.pl\/wp-content\/uploads\/ppm04-1-300x225.jpg 300w, https:\/\/mariangorynia.pl\/wp-content\/uploads\/ppm04-1-768x576.jpg 768w, https:\/\/mariangorynia.pl\/wp-content\/uploads\/ppm04-1-360x270.jpg 360w\" sizes=\"(max-width: 850px) 100vw, 850px\" \/><\/figure><\/li><\/ul>\n","protected":false},"excerpt":{"rendered":"","protected":false},"author":1,"featured_media":0,"parent":0,"menu_order":0,"comment_status":"closed","ping_status":"closed","template":"","meta":{"footnotes":""},"class_list":["post-4867","page","type-page","status-publish","hentry"],"_links":{"self":[{"href":"https:\/\/mariangorynia.pl\/index.php?rest_route=\/wp\/v2\/pages\/4867"}],"collection":[{"href":"https:\/\/mariangorynia.pl\/index.php?rest_route=\/wp\/v2\/pages"}],"about":[{"href":"https:\/\/mariangorynia.pl\/index.php?rest_route=\/wp\/v2\/types\/page"}],"author":[{"embeddable":true,"href":"https:\/\/mariangorynia.pl\/index.php?rest_route=\/wp\/v2\/users\/1"}],"replies":[{"embeddable":true,"href":"https:\/\/mariangorynia.pl\/index.php?rest_route=%2Fwp%2Fv2%2Fcomments&post=4867"}],"version-history":[{"count":1,"href":"https:\/\/mariangorynia.pl\/index.php?rest_route=\/wp\/v2\/pages\/4867\/revisions"}],"predecessor-version":[{"id":4874,"href":"https:\/\/mariangorynia.pl\/index.php?rest_route=\/wp\/v2\/pages\/4867\/revisions\/4874"}],"wp:attachment":[{"href":"https:\/\/mariangorynia.pl\/index.php?rest_route=%2Fwp%2Fv2%2Fmedia&parent=4867"}],"curies":[{"name":"wp","href":"https:\/\/api.w.org\/{rel}","templated":true}]}}