{"id":4906,"date":"2022-07-17T10:32:24","date_gmt":"2022-07-17T08:32:24","guid":{"rendered":"http:\/\/mariangorynia.pl\/?page_id=4906"},"modified":"2022-07-17T10:32:25","modified_gmt":"2022-07-17T08:32:25","slug":"fura-swietlikow-5km-poznan-3-06-2017","status":"publish","type":"page","link":"https:\/\/mariangorynia.pl\/?page_id=4906","title":{"rendered":"Fura \u015awietlik\u00f3w 5km, Pozna\u0144 &#8211; 3.06.2017"},"content":{"rendered":"\n<ul class=\"wp-block-gallery columns-2 wp-block-gallery-1 is-layout-flex wp-block-gallery-is-layout-flex\"><li class=\"blocks-gallery-item\"><figure><img loading=\"lazy\" decoding=\"async\" width=\"850\" height=\"478\" src=\"https:\/\/mariangorynia.pl\/wp-content\/uploads\/fs02.jpg\" alt=\"\" data-id=\"4907\" data-link=\"https:\/\/mariangorynia.pl\/?attachment_id=4907\" class=\"wp-image-4907\" srcset=\"https:\/\/mariangorynia.pl\/wp-content\/uploads\/fs02.jpg 850w, https:\/\/mariangorynia.pl\/wp-content\/uploads\/fs02-300x169.jpg 300w, https:\/\/mariangorynia.pl\/wp-content\/uploads\/fs02-768x432.jpg 768w, https:\/\/mariangorynia.pl\/wp-content\/uploads\/fs02-360x202.jpg 360w\" sizes=\"(max-width: 850px) 100vw, 850px\" \/><\/figure><\/li><li class=\"blocks-gallery-item\"><figure><img loading=\"lazy\" decoding=\"async\" width=\"850\" height=\"477\" src=\"https:\/\/mariangorynia.pl\/wp-content\/uploads\/fs01.jpg\" alt=\"\" data-id=\"4908\" data-link=\"https:\/\/mariangorynia.pl\/?attachment_id=4908\" class=\"wp-image-4908\" srcset=\"https:\/\/mariangorynia.pl\/wp-content\/uploads\/fs01.jpg 850w, https:\/\/mariangorynia.pl\/wp-content\/uploads\/fs01-300x168.jpg 300w, https:\/\/mariangorynia.pl\/wp-content\/uploads\/fs01-768x431.jpg 768w, https:\/\/mariangorynia.pl\/wp-content\/uploads\/fs01-360x202.jpg 360w\" sizes=\"(max-width: 850px) 100vw, 850px\" \/><\/figure><\/li><\/ul>\n","protected":false},"excerpt":{"rendered":"","protected":false},"author":1,"featured_media":0,"parent":0,"menu_order":0,"comment_status":"closed","ping_status":"closed","template":"","meta":{"footnotes":""},"class_list":["post-4906","page","type-page","status-publish","hentry"],"_links":{"self":[{"href":"https:\/\/mariangorynia.pl\/index.php?rest_route=\/wp\/v2\/pages\/4906"}],"collection":[{"href":"https:\/\/mariangorynia.pl\/index.php?rest_route=\/wp\/v2\/pages"}],"about":[{"href":"https:\/\/mariangorynia.pl\/index.php?rest_route=\/wp\/v2\/types\/page"}],"author":[{"embeddable":true,"href":"https:\/\/mariangorynia.pl\/index.php?rest_route=\/wp\/v2\/users\/1"}],"replies":[{"embeddable":true,"href":"https:\/\/mariangorynia.pl\/index.php?rest_route=%2Fwp%2Fv2%2Fcomments&post=4906"}],"version-history":[{"count":1,"href":"https:\/\/mariangorynia.pl\/index.php?rest_route=\/wp\/v2\/pages\/4906\/revisions"}],"predecessor-version":[{"id":4909,"href":"https:\/\/mariangorynia.pl\/index.php?rest_route=\/wp\/v2\/pages\/4906\/revisions\/4909"}],"wp:attachment":[{"href":"https:\/\/mariangorynia.pl\/index.php?rest_route=%2Fwp%2Fv2%2Fmedia&parent=4906"}],"curies":[{"name":"wp","href":"https:\/\/api.w.org\/{rel}","templated":true}]}}