{"id":4915,"date":"2022-07-17T10:35:33","date_gmt":"2022-07-17T08:35:33","guid":{"rendered":"http:\/\/mariangorynia.pl\/?page_id=4915"},"modified":"2022-07-17T10:35:34","modified_gmt":"2022-07-17T08:35:34","slug":"36-bieg-o-zloty-klos-kolaczkowo-9-07-2017","status":"publish","type":"page","link":"https:\/\/mariangorynia.pl\/?page_id=4915","title":{"rendered":"36. Bieg o Z\u0142oty K\u0142os, Ko\u0142aczkowo &#8211; 9.07.2017"},"content":{"rendered":"\n<ul class=\"wp-block-gallery columns-3 wp-block-gallery-1 is-layout-flex wp-block-gallery-is-layout-flex\"><li class=\"blocks-gallery-item\"><figure><img loading=\"lazy\" decoding=\"async\" width=\"850\" height=\"478\" src=\"https:\/\/mariangorynia.pl\/wp-content\/uploads\/bzk08.jpg\" alt=\"\" data-id=\"4916\" data-link=\"https:\/\/mariangorynia.pl\/?attachment_id=4916\" class=\"wp-image-4916\" srcset=\"https:\/\/mariangorynia.pl\/wp-content\/uploads\/bzk08.jpg 850w, https:\/\/mariangorynia.pl\/wp-content\/uploads\/bzk08-300x169.jpg 300w, https:\/\/mariangorynia.pl\/wp-content\/uploads\/bzk08-768x432.jpg 768w, https:\/\/mariangorynia.pl\/wp-content\/uploads\/bzk08-360x202.jpg 360w\" sizes=\"(max-width: 850px) 100vw, 850px\" \/><\/figure><\/li><li class=\"blocks-gallery-item\"><figure><img loading=\"lazy\" decoding=\"async\" width=\"850\" height=\"478\" src=\"https:\/\/mariangorynia.pl\/wp-content\/uploads\/bzk07.jpg\" alt=\"\" data-id=\"4917\" data-link=\"https:\/\/mariangorynia.pl\/?attachment_id=4917\" class=\"wp-image-4917\" srcset=\"https:\/\/mariangorynia.pl\/wp-content\/uploads\/bzk07.jpg 850w, https:\/\/mariangorynia.pl\/wp-content\/uploads\/bzk07-300x169.jpg 300w, https:\/\/mariangorynia.pl\/wp-content\/uploads\/bzk07-768x432.jpg 768w, https:\/\/mariangorynia.pl\/wp-content\/uploads\/bzk07-360x202.jpg 360w\" sizes=\"(max-width: 850px) 100vw, 850px\" \/><\/figure><\/li><li class=\"blocks-gallery-item\"><figure><img loading=\"lazy\" decoding=\"async\" width=\"850\" height=\"567\" src=\"https:\/\/mariangorynia.pl\/wp-content\/uploads\/bzk06.jpg\" alt=\"\" data-id=\"4918\" data-link=\"https:\/\/mariangorynia.pl\/?attachment_id=4918\" class=\"wp-image-4918\" srcset=\"https:\/\/mariangorynia.pl\/wp-content\/uploads\/bzk06.jpg 850w, https:\/\/mariangorynia.pl\/wp-content\/uploads\/bzk06-300x200.jpg 300w, https:\/\/mariangorynia.pl\/wp-content\/uploads\/bzk06-768x512.jpg 768w, https:\/\/mariangorynia.pl\/wp-content\/uploads\/bzk06-360x240.jpg 360w\" sizes=\"(max-width: 850px) 100vw, 850px\" \/><\/figure><\/li><li class=\"blocks-gallery-item\"><figure><img loading=\"lazy\" decoding=\"async\" width=\"850\" height=\"478\" src=\"https:\/\/mariangorynia.pl\/wp-content\/uploads\/bzk05.jpg\" alt=\"\" data-id=\"4919\" data-link=\"https:\/\/mariangorynia.pl\/?attachment_id=4919\" class=\"wp-image-4919\" srcset=\"https:\/\/mariangorynia.pl\/wp-content\/uploads\/bzk05.jpg 850w, https:\/\/mariangorynia.pl\/wp-content\/uploads\/bzk05-300x169.jpg 300w, https:\/\/mariangorynia.pl\/wp-content\/uploads\/bzk05-768x432.jpg 768w, https:\/\/mariangorynia.pl\/wp-content\/uploads\/bzk05-360x202.jpg 360w\" sizes=\"(max-width: 850px) 100vw, 850px\" \/><\/figure><\/li><li class=\"blocks-gallery-item\"><figure><img loading=\"lazy\" decoding=\"async\" width=\"850\" height=\"567\" src=\"https:\/\/mariangorynia.pl\/wp-content\/uploads\/bzk04.jpg\" alt=\"\" data-id=\"4920\" data-link=\"https:\/\/mariangorynia.pl\/?attachment_id=4920\" class=\"wp-image-4920\" srcset=\"https:\/\/mariangorynia.pl\/wp-content\/uploads\/bzk04.jpg 850w, https:\/\/mariangorynia.pl\/wp-content\/uploads\/bzk04-300x200.jpg 300w, https:\/\/mariangorynia.pl\/wp-content\/uploads\/bzk04-768x512.jpg 768w, https:\/\/mariangorynia.pl\/wp-content\/uploads\/bzk04-360x240.jpg 360w\" sizes=\"(max-width: 850px) 100vw, 850px\" \/><\/figure><\/li><li class=\"blocks-gallery-item\"><figure><img loading=\"lazy\" decoding=\"async\" width=\"850\" height=\"567\" src=\"https:\/\/mariangorynia.pl\/wp-content\/uploads\/bzk03.jpg\" alt=\"\" data-id=\"4921\" data-link=\"https:\/\/mariangorynia.pl\/?attachment_id=4921\" class=\"wp-image-4921\" srcset=\"https:\/\/mariangorynia.pl\/wp-content\/uploads\/bzk03.jpg 850w, https:\/\/mariangorynia.pl\/wp-content\/uploads\/bzk03-300x200.jpg 300w, https:\/\/mariangorynia.pl\/wp-content\/uploads\/bzk03-768x512.jpg 768w, https:\/\/mariangorynia.pl\/wp-content\/uploads\/bzk03-360x240.jpg 360w\" sizes=\"(max-width: 850px) 100vw, 850px\" \/><\/figure><\/li><li class=\"blocks-gallery-item\"><figure><img loading=\"lazy\" decoding=\"async\" width=\"850\" height=\"478\" src=\"https:\/\/mariangorynia.pl\/wp-content\/uploads\/bzk02.jpg\" alt=\"\" data-id=\"4922\" data-link=\"https:\/\/mariangorynia.pl\/?attachment_id=4922\" class=\"wp-image-4922\" srcset=\"https:\/\/mariangorynia.pl\/wp-content\/uploads\/bzk02.jpg 850w, https:\/\/mariangorynia.pl\/wp-content\/uploads\/bzk02-300x169.jpg 300w, https:\/\/mariangorynia.pl\/wp-content\/uploads\/bzk02-768x432.jpg 768w, https:\/\/mariangorynia.pl\/wp-content\/uploads\/bzk02-360x202.jpg 360w\" sizes=\"(max-width: 850px) 100vw, 850px\" \/><\/figure><\/li><li class=\"blocks-gallery-item\"><figure><img loading=\"lazy\" decoding=\"async\" width=\"850\" height=\"478\" src=\"https:\/\/mariangorynia.pl\/wp-content\/uploads\/bzk01.jpg\" alt=\"\" data-id=\"4923\" data-link=\"https:\/\/mariangorynia.pl\/?attachment_id=4923\" class=\"wp-image-4923\" srcset=\"https:\/\/mariangorynia.pl\/wp-content\/uploads\/bzk01.jpg 850w, https:\/\/mariangorynia.pl\/wp-content\/uploads\/bzk01-300x169.jpg 300w, https:\/\/mariangorynia.pl\/wp-content\/uploads\/bzk01-768x432.jpg 768w, https:\/\/mariangorynia.pl\/wp-content\/uploads\/bzk01-360x202.jpg 360w\" sizes=\"(max-width: 850px) 100vw, 850px\" \/><\/figure><\/li><\/ul>\n","protected":false},"excerpt":{"rendered":"","protected":false},"author":1,"featured_media":0,"parent":0,"menu_order":0,"comment_status":"closed","ping_status":"closed","template":"","meta":{"footnotes":""},"class_list":["post-4915","page","type-page","status-publish","hentry"],"_links":{"self":[{"href":"https:\/\/mariangorynia.pl\/index.php?rest_route=\/wp\/v2\/pages\/4915"}],"collection":[{"href":"https:\/\/mariangorynia.pl\/index.php?rest_route=\/wp\/v2\/pages"}],"about":[{"href":"https:\/\/mariangorynia.pl\/index.php?rest_route=\/wp\/v2\/types\/page"}],"author":[{"embeddable":true,"href":"https:\/\/mariangorynia.pl\/index.php?rest_route=\/wp\/v2\/users\/1"}],"replies":[{"embeddable":true,"href":"https:\/\/mariangorynia.pl\/index.php?rest_route=%2Fwp%2Fv2%2Fcomments&post=4915"}],"version-history":[{"count":1,"href":"https:\/\/mariangorynia.pl\/index.php?rest_route=\/wp\/v2\/pages\/4915\/revisions"}],"predecessor-version":[{"id":4924,"href":"https:\/\/mariangorynia.pl\/index.php?rest_route=\/wp\/v2\/pages\/4915\/revisions\/4924"}],"wp:attachment":[{"href":"https:\/\/mariangorynia.pl\/index.php?rest_route=%2Fwp%2Fv2%2Fmedia&parent=4915"}],"curies":[{"name":"wp","href":"https:\/\/api.w.org\/{rel}","templated":true}]}}