{"id":4949,"date":"2022-07-17T10:42:49","date_gmt":"2022-07-17T08:42:49","guid":{"rendered":"http:\/\/mariangorynia.pl\/?page_id=4949"},"modified":"2022-07-17T10:42:49","modified_gmt":"2022-07-17T08:42:49","slug":"2-poznanski-bieg-niepodleglosci-11-11-2017","status":"publish","type":"page","link":"https:\/\/mariangorynia.pl\/?page_id=4949","title":{"rendered":"2. Pozna\u0144ski Bieg Niepodleg\u0142o\u015bci &#8211; 11.11.2017"},"content":{"rendered":"\n<ul class=\"wp-block-gallery columns-2 wp-block-gallery-1 is-layout-flex wp-block-gallery-is-layout-flex\"><li class=\"blocks-gallery-item\"><figure><img loading=\"lazy\" decoding=\"async\" width=\"850\" height=\"478\" src=\"https:\/\/mariangorynia.pl\/wp-content\/uploads\/bnp01.jpg\" alt=\"\" data-id=\"4950\" data-link=\"https:\/\/mariangorynia.pl\/?attachment_id=4950\" class=\"wp-image-4950\" srcset=\"https:\/\/mariangorynia.pl\/wp-content\/uploads\/bnp01.jpg 850w, https:\/\/mariangorynia.pl\/wp-content\/uploads\/bnp01-300x169.jpg 300w, https:\/\/mariangorynia.pl\/wp-content\/uploads\/bnp01-768x432.jpg 768w, https:\/\/mariangorynia.pl\/wp-content\/uploads\/bnp01-360x202.jpg 360w\" sizes=\"(max-width: 850px) 100vw, 850px\" \/><\/figure><\/li><li class=\"blocks-gallery-item\"><figure><img loading=\"lazy\" decoding=\"async\" width=\"850\" height=\"673\" src=\"https:\/\/mariangorynia.pl\/wp-content\/uploads\/bnp02.jpg\" alt=\"\" data-id=\"4951\" data-link=\"https:\/\/mariangorynia.pl\/?attachment_id=4951\" class=\"wp-image-4951\" srcset=\"https:\/\/mariangorynia.pl\/wp-content\/uploads\/bnp02.jpg 850w, https:\/\/mariangorynia.pl\/wp-content\/uploads\/bnp02-300x238.jpg 300w, https:\/\/mariangorynia.pl\/wp-content\/uploads\/bnp02-768x608.jpg 768w, https:\/\/mariangorynia.pl\/wp-content\/uploads\/bnp02-341x270.jpg 341w\" sizes=\"(max-width: 850px) 100vw, 850px\" \/><\/figure><\/li><\/ul>\n","protected":false},"excerpt":{"rendered":"","protected":false},"author":1,"featured_media":0,"parent":0,"menu_order":0,"comment_status":"closed","ping_status":"closed","template":"","meta":{"footnotes":""},"class_list":["post-4949","page","type-page","status-publish","hentry"],"_links":{"self":[{"href":"https:\/\/mariangorynia.pl\/index.php?rest_route=\/wp\/v2\/pages\/4949"}],"collection":[{"href":"https:\/\/mariangorynia.pl\/index.php?rest_route=\/wp\/v2\/pages"}],"about":[{"href":"https:\/\/mariangorynia.pl\/index.php?rest_route=\/wp\/v2\/types\/page"}],"author":[{"embeddable":true,"href":"https:\/\/mariangorynia.pl\/index.php?rest_route=\/wp\/v2\/users\/1"}],"replies":[{"embeddable":true,"href":"https:\/\/mariangorynia.pl\/index.php?rest_route=%2Fwp%2Fv2%2Fcomments&post=4949"}],"version-history":[{"count":1,"href":"https:\/\/mariangorynia.pl\/index.php?rest_route=\/wp\/v2\/pages\/4949\/revisions"}],"predecessor-version":[{"id":4952,"href":"https:\/\/mariangorynia.pl\/index.php?rest_route=\/wp\/v2\/pages\/4949\/revisions\/4952"}],"wp:attachment":[{"href":"https:\/\/mariangorynia.pl\/index.php?rest_route=%2Fwp%2Fv2%2Fmedia&parent=4949"}],"curies":[{"name":"wp","href":"https:\/\/api.w.org\/{rel}","templated":true}]}}