{"id":4968,"date":"2022-07-17T10:48:17","date_gmt":"2022-07-17T08:48:17","guid":{"rendered":"http:\/\/mariangorynia.pl\/?page_id=4968"},"modified":"2022-07-17T10:48:18","modified_gmt":"2022-07-17T08:48:18","slug":"poznan-polmaraton-15-04-2018","status":"publish","type":"page","link":"https:\/\/mariangorynia.pl\/?page_id=4968","title":{"rendered":"Pozna\u0144 P\u00f3\u0142maraton &#8211; 15.04.2018"},"content":{"rendered":"\n<ul class=\"wp-block-gallery columns-3 wp-block-gallery-1 is-layout-flex wp-block-gallery-is-layout-flex\"><li class=\"blocks-gallery-item\"><figure><img loading=\"lazy\" decoding=\"async\" width=\"850\" height=\"638\" src=\"https:\/\/mariangorynia.pl\/wp-content\/uploads\/ppm05-2.jpg\" alt=\"\" data-id=\"4969\" data-link=\"https:\/\/mariangorynia.pl\/?attachment_id=4969\" class=\"wp-image-4969\" srcset=\"https:\/\/mariangorynia.pl\/wp-content\/uploads\/ppm05-2.jpg 850w, https:\/\/mariangorynia.pl\/wp-content\/uploads\/ppm05-2-300x225.jpg 300w, https:\/\/mariangorynia.pl\/wp-content\/uploads\/ppm05-2-768x576.jpg 768w, https:\/\/mariangorynia.pl\/wp-content\/uploads\/ppm05-2-360x270.jpg 360w\" sizes=\"(max-width: 850px) 100vw, 850px\" \/><\/figure><\/li><li class=\"blocks-gallery-item\"><figure><img loading=\"lazy\" decoding=\"async\" width=\"478\" height=\"850\" src=\"https:\/\/mariangorynia.pl\/wp-content\/uploads\/ppm04-2.jpg\" alt=\"\" data-id=\"4970\" data-link=\"https:\/\/mariangorynia.pl\/?attachment_id=4970\" class=\"wp-image-4970\" srcset=\"https:\/\/mariangorynia.pl\/wp-content\/uploads\/ppm04-2.jpg 478w, https:\/\/mariangorynia.pl\/wp-content\/uploads\/ppm04-2-169x300.jpg 169w, https:\/\/mariangorynia.pl\/wp-content\/uploads\/ppm04-2-152x270.jpg 152w\" sizes=\"(max-width: 478px) 100vw, 478px\" \/><\/figure><\/li><li class=\"blocks-gallery-item\"><figure><img loading=\"lazy\" decoding=\"async\" width=\"850\" height=\"638\" src=\"https:\/\/mariangorynia.pl\/wp-content\/uploads\/ppm03-2.jpg\" alt=\"\" data-id=\"4971\" data-link=\"https:\/\/mariangorynia.pl\/?attachment_id=4971\" class=\"wp-image-4971\" srcset=\"https:\/\/mariangorynia.pl\/wp-content\/uploads\/ppm03-2.jpg 850w, https:\/\/mariangorynia.pl\/wp-content\/uploads\/ppm03-2-300x225.jpg 300w, https:\/\/mariangorynia.pl\/wp-content\/uploads\/ppm03-2-768x576.jpg 768w, https:\/\/mariangorynia.pl\/wp-content\/uploads\/ppm03-2-360x270.jpg 360w\" sizes=\"(max-width: 850px) 100vw, 850px\" \/><\/figure><\/li><li class=\"blocks-gallery-item\"><figure><img loading=\"lazy\" decoding=\"async\" width=\"850\" height=\"567\" src=\"https:\/\/mariangorynia.pl\/wp-content\/uploads\/ppm02-3.jpg\" alt=\"\" data-id=\"4972\" data-link=\"https:\/\/mariangorynia.pl\/?attachment_id=4972\" class=\"wp-image-4972\" srcset=\"https:\/\/mariangorynia.pl\/wp-content\/uploads\/ppm02-3.jpg 850w, https:\/\/mariangorynia.pl\/wp-content\/uploads\/ppm02-3-300x200.jpg 300w, https:\/\/mariangorynia.pl\/wp-content\/uploads\/ppm02-3-768x512.jpg 768w, https:\/\/mariangorynia.pl\/wp-content\/uploads\/ppm02-3-360x240.jpg 360w\" sizes=\"(max-width: 850px) 100vw, 850px\" \/><\/figure><\/li><li class=\"blocks-gallery-item\"><figure><img loading=\"lazy\" decoding=\"async\" width=\"850\" height=\"850\" src=\"https:\/\/mariangorynia.pl\/wp-content\/uploads\/ppm01-3.jpg\" alt=\"\" data-id=\"4973\" data-link=\"https:\/\/mariangorynia.pl\/?attachment_id=4973\" class=\"wp-image-4973\" srcset=\"https:\/\/mariangorynia.pl\/wp-content\/uploads\/ppm01-3.jpg 850w, https:\/\/mariangorynia.pl\/wp-content\/uploads\/ppm01-3-150x150.jpg 150w, https:\/\/mariangorynia.pl\/wp-content\/uploads\/ppm01-3-300x300.jpg 300w, https:\/\/mariangorynia.pl\/wp-content\/uploads\/ppm01-3-768x768.jpg 768w, https:\/\/mariangorynia.pl\/wp-content\/uploads\/ppm01-3-270x270.jpg 270w\" sizes=\"(max-width: 850px) 100vw, 850px\" \/><\/figure><\/li><\/ul>\n","protected":false},"excerpt":{"rendered":"","protected":false},"author":1,"featured_media":0,"parent":0,"menu_order":0,"comment_status":"closed","ping_status":"closed","template":"","meta":{"footnotes":""},"class_list":["post-4968","page","type-page","status-publish","hentry"],"_links":{"self":[{"href":"https:\/\/mariangorynia.pl\/index.php?rest_route=\/wp\/v2\/pages\/4968"}],"collection":[{"href":"https:\/\/mariangorynia.pl\/index.php?rest_route=\/wp\/v2\/pages"}],"about":[{"href":"https:\/\/mariangorynia.pl\/index.php?rest_route=\/wp\/v2\/types\/page"}],"author":[{"embeddable":true,"href":"https:\/\/mariangorynia.pl\/index.php?rest_route=\/wp\/v2\/users\/1"}],"replies":[{"embeddable":true,"href":"https:\/\/mariangorynia.pl\/index.php?rest_route=%2Fwp%2Fv2%2Fcomments&post=4968"}],"version-history":[{"count":1,"href":"https:\/\/mariangorynia.pl\/index.php?rest_route=\/wp\/v2\/pages\/4968\/revisions"}],"predecessor-version":[{"id":4974,"href":"https:\/\/mariangorynia.pl\/index.php?rest_route=\/wp\/v2\/pages\/4968\/revisions\/4974"}],"wp:attachment":[{"href":"https:\/\/mariangorynia.pl\/index.php?rest_route=%2Fwp%2Fv2%2Fmedia&parent=4968"}],"curies":[{"name":"wp","href":"https:\/\/api.w.org\/{rel}","templated":true}]}}