{"id":5002,"date":"2022-07-17T10:58:47","date_gmt":"2022-07-17T08:58:47","guid":{"rendered":"http:\/\/mariangorynia.pl\/?page_id=5002"},"modified":"2022-07-17T10:58:48","modified_gmt":"2022-07-17T08:58:48","slug":"28-polmaraton-philips-pila-02-09-2018","status":"publish","type":"page","link":"https:\/\/mariangorynia.pl\/?page_id=5002","title":{"rendered":"28. P\u00f3\u0142maraton Philips Pi\u0142a &#8211; 02.09.2018"},"content":{"rendered":"\n<figure class=\"wp-block-image\"><img loading=\"lazy\" decoding=\"async\" width=\"850\" height=\"478\" src=\"https:\/\/mariangorynia.pl\/wp-content\/uploads\/ppp01.jpg\" alt=\"\" class=\"wp-image-5003\" srcset=\"https:\/\/mariangorynia.pl\/wp-content\/uploads\/ppp01.jpg 850w, https:\/\/mariangorynia.pl\/wp-content\/uploads\/ppp01-300x169.jpg 300w, https:\/\/mariangorynia.pl\/wp-content\/uploads\/ppp01-768x432.jpg 768w, https:\/\/mariangorynia.pl\/wp-content\/uploads\/ppp01-360x202.jpg 360w\" sizes=\"(max-width: 850px) 100vw, 850px\" \/><\/figure>\n","protected":false},"excerpt":{"rendered":"","protected":false},"author":1,"featured_media":0,"parent":0,"menu_order":0,"comment_status":"closed","ping_status":"closed","template":"","meta":{"footnotes":""},"class_list":["post-5002","page","type-page","status-publish","hentry"],"_links":{"self":[{"href":"https:\/\/mariangorynia.pl\/index.php?rest_route=\/wp\/v2\/pages\/5002"}],"collection":[{"href":"https:\/\/mariangorynia.pl\/index.php?rest_route=\/wp\/v2\/pages"}],"about":[{"href":"https:\/\/mariangorynia.pl\/index.php?rest_route=\/wp\/v2\/types\/page"}],"author":[{"embeddable":true,"href":"https:\/\/mariangorynia.pl\/index.php?rest_route=\/wp\/v2\/users\/1"}],"replies":[{"embeddable":true,"href":"https:\/\/mariangorynia.pl\/index.php?rest_route=%2Fwp%2Fv2%2Fcomments&post=5002"}],"version-history":[{"count":1,"href":"https:\/\/mariangorynia.pl\/index.php?rest_route=\/wp\/v2\/pages\/5002\/revisions"}],"predecessor-version":[{"id":5004,"href":"https:\/\/mariangorynia.pl\/index.php?rest_route=\/wp\/v2\/pages\/5002\/revisions\/5004"}],"wp:attachment":[{"href":"https:\/\/mariangorynia.pl\/index.php?rest_route=%2Fwp%2Fv2%2Fmedia&parent=5002"}],"curies":[{"name":"wp","href":"https:\/\/api.w.org\/{rel}","templated":true}]}}