{"id":5006,"date":"2022-07-17T11:00:15","date_gmt":"2022-07-17T09:00:15","guid":{"rendered":"http:\/\/mariangorynia.pl\/?page_id=5006"},"modified":"2022-07-17T11:00:16","modified_gmt":"2022-07-17T09:00:16","slug":"poznan-polmaraton-14-10-2018","status":"publish","type":"page","link":"https:\/\/mariangorynia.pl\/?page_id=5006","title":{"rendered":"Pozna\u0144 P\u00f3\u0142maraton &#8211; 14.10.2018"},"content":{"rendered":"\n<ul class=\"wp-block-gallery columns-3 wp-block-gallery-1 is-layout-flex wp-block-gallery-is-layout-flex\"><li class=\"blocks-gallery-item\"><figure><img loading=\"lazy\" decoding=\"async\" width=\"850\" height=\"478\" src=\"https:\/\/mariangorynia.pl\/wp-content\/uploads\/pm03-4.jpg\" alt=\"\" data-id=\"5007\" data-link=\"https:\/\/mariangorynia.pl\/?attachment_id=5007\" class=\"wp-image-5007\" srcset=\"https:\/\/mariangorynia.pl\/wp-content\/uploads\/pm03-4.jpg 850w, https:\/\/mariangorynia.pl\/wp-content\/uploads\/pm03-4-300x169.jpg 300w, https:\/\/mariangorynia.pl\/wp-content\/uploads\/pm03-4-768x432.jpg 768w, https:\/\/mariangorynia.pl\/wp-content\/uploads\/pm03-4-360x202.jpg 360w\" sizes=\"(max-width: 850px) 100vw, 850px\" \/><\/figure><\/li><li class=\"blocks-gallery-item\"><figure><img loading=\"lazy\" decoding=\"async\" width=\"850\" height=\"567\" src=\"https:\/\/mariangorynia.pl\/wp-content\/uploads\/pm02-4.jpg\" alt=\"\" data-id=\"5008\" data-link=\"https:\/\/mariangorynia.pl\/?attachment_id=5008\" class=\"wp-image-5008\" srcset=\"https:\/\/mariangorynia.pl\/wp-content\/uploads\/pm02-4.jpg 850w, https:\/\/mariangorynia.pl\/wp-content\/uploads\/pm02-4-300x200.jpg 300w, https:\/\/mariangorynia.pl\/wp-content\/uploads\/pm02-4-768x512.jpg 768w, https:\/\/mariangorynia.pl\/wp-content\/uploads\/pm02-4-360x240.jpg 360w\" sizes=\"(max-width: 850px) 100vw, 850px\" \/><\/figure><\/li><li class=\"blocks-gallery-item\"><figure><img loading=\"lazy\" decoding=\"async\" width=\"850\" height=\"567\" src=\"https:\/\/mariangorynia.pl\/wp-content\/uploads\/pm01-5.jpg\" alt=\"\" data-id=\"5009\" data-link=\"https:\/\/mariangorynia.pl\/?attachment_id=5009\" class=\"wp-image-5009\" srcset=\"https:\/\/mariangorynia.pl\/wp-content\/uploads\/pm01-5.jpg 850w, https:\/\/mariangorynia.pl\/wp-content\/uploads\/pm01-5-300x200.jpg 300w, https:\/\/mariangorynia.pl\/wp-content\/uploads\/pm01-5-768x512.jpg 768w, https:\/\/mariangorynia.pl\/wp-content\/uploads\/pm01-5-360x240.jpg 360w\" sizes=\"(max-width: 850px) 100vw, 850px\" \/><\/figure><\/li><\/ul>\n","protected":false},"excerpt":{"rendered":"","protected":false},"author":1,"featured_media":0,"parent":0,"menu_order":0,"comment_status":"closed","ping_status":"closed","template":"","meta":{"footnotes":""},"class_list":["post-5006","page","type-page","status-publish","hentry"],"_links":{"self":[{"href":"https:\/\/mariangorynia.pl\/index.php?rest_route=\/wp\/v2\/pages\/5006"}],"collection":[{"href":"https:\/\/mariangorynia.pl\/index.php?rest_route=\/wp\/v2\/pages"}],"about":[{"href":"https:\/\/mariangorynia.pl\/index.php?rest_route=\/wp\/v2\/types\/page"}],"author":[{"embeddable":true,"href":"https:\/\/mariangorynia.pl\/index.php?rest_route=\/wp\/v2\/users\/1"}],"replies":[{"embeddable":true,"href":"https:\/\/mariangorynia.pl\/index.php?rest_route=%2Fwp%2Fv2%2Fcomments&post=5006"}],"version-history":[{"count":1,"href":"https:\/\/mariangorynia.pl\/index.php?rest_route=\/wp\/v2\/pages\/5006\/revisions"}],"predecessor-version":[{"id":5010,"href":"https:\/\/mariangorynia.pl\/index.php?rest_route=\/wp\/v2\/pages\/5006\/revisions\/5010"}],"wp:attachment":[{"href":"https:\/\/mariangorynia.pl\/index.php?rest_route=%2Fwp%2Fv2%2Fmedia&parent=5006"}],"curies":[{"name":"wp","href":"https:\/\/api.w.org\/{rel}","templated":true}]}}