{"id":5012,"date":"2022-07-17T11:01:54","date_gmt":"2022-07-17T09:01:54","guid":{"rendered":"http:\/\/mariangorynia.pl\/?page_id=5012"},"modified":"2022-07-17T11:01:55","modified_gmt":"2022-07-17T09:01:55","slug":"3-poznanski-bieg-niepodleglosci-11-11-2018","status":"publish","type":"page","link":"https:\/\/mariangorynia.pl\/?page_id=5012","title":{"rendered":"3. Pozna\u0144ski Bieg Niepodleg\u0142o\u015bci &#8211; 11.11.2018"},"content":{"rendered":"\n<ul class=\"wp-block-gallery columns-3 wp-block-gallery-1 is-layout-flex wp-block-gallery-is-layout-flex\"><li class=\"blocks-gallery-item\"><figure><img loading=\"lazy\" decoding=\"async\" width=\"850\" height=\"638\" src=\"https:\/\/mariangorynia.pl\/wp-content\/uploads\/pbn04.jpg\" alt=\"\" data-id=\"5013\" data-link=\"https:\/\/mariangorynia.pl\/?attachment_id=5013\" class=\"wp-image-5013\" srcset=\"https:\/\/mariangorynia.pl\/wp-content\/uploads\/pbn04.jpg 850w, https:\/\/mariangorynia.pl\/wp-content\/uploads\/pbn04-300x225.jpg 300w, https:\/\/mariangorynia.pl\/wp-content\/uploads\/pbn04-768x576.jpg 768w, https:\/\/mariangorynia.pl\/wp-content\/uploads\/pbn04-360x270.jpg 360w\" sizes=\"(max-width: 850px) 100vw, 850px\" \/><\/figure><\/li><li class=\"blocks-gallery-item\"><figure><img loading=\"lazy\" decoding=\"async\" width=\"850\" height=\"567\" src=\"https:\/\/mariangorynia.pl\/wp-content\/uploads\/pbn03.jpg\" alt=\"\" data-id=\"5014\" data-link=\"https:\/\/mariangorynia.pl\/?attachment_id=5014\" class=\"wp-image-5014\" srcset=\"https:\/\/mariangorynia.pl\/wp-content\/uploads\/pbn03.jpg 850w, https:\/\/mariangorynia.pl\/wp-content\/uploads\/pbn03-300x200.jpg 300w, https:\/\/mariangorynia.pl\/wp-content\/uploads\/pbn03-768x512.jpg 768w, https:\/\/mariangorynia.pl\/wp-content\/uploads\/pbn03-360x240.jpg 360w\" sizes=\"(max-width: 850px) 100vw, 850px\" \/><\/figure><\/li><li class=\"blocks-gallery-item\"><figure><img loading=\"lazy\" decoding=\"async\" width=\"850\" height=\"508\" src=\"https:\/\/mariangorynia.pl\/wp-content\/uploads\/pbn02.jpg\" alt=\"\" data-id=\"5015\" data-link=\"https:\/\/mariangorynia.pl\/?attachment_id=5015\" class=\"wp-image-5015\" srcset=\"https:\/\/mariangorynia.pl\/wp-content\/uploads\/pbn02.jpg 850w, https:\/\/mariangorynia.pl\/wp-content\/uploads\/pbn02-300x179.jpg 300w, https:\/\/mariangorynia.pl\/wp-content\/uploads\/pbn02-768x459.jpg 768w, https:\/\/mariangorynia.pl\/wp-content\/uploads\/pbn02-360x215.jpg 360w\" sizes=\"(max-width: 850px) 100vw, 850px\" \/><\/figure><\/li><li class=\"blocks-gallery-item\"><figure><img loading=\"lazy\" decoding=\"async\" width=\"850\" height=\"567\" src=\"https:\/\/mariangorynia.pl\/wp-content\/uploads\/pbn01.jpg\" alt=\"\" data-id=\"5016\" data-link=\"https:\/\/mariangorynia.pl\/?attachment_id=5016\" class=\"wp-image-5016\" srcset=\"https:\/\/mariangorynia.pl\/wp-content\/uploads\/pbn01.jpg 850w, https:\/\/mariangorynia.pl\/wp-content\/uploads\/pbn01-300x200.jpg 300w, https:\/\/mariangorynia.pl\/wp-content\/uploads\/pbn01-768x512.jpg 768w, https:\/\/mariangorynia.pl\/wp-content\/uploads\/pbn01-360x240.jpg 360w\" sizes=\"(max-width: 850px) 100vw, 850px\" \/><\/figure><\/li><\/ul>\n","protected":false},"excerpt":{"rendered":"","protected":false},"author":1,"featured_media":0,"parent":0,"menu_order":0,"comment_status":"closed","ping_status":"closed","template":"","meta":{"footnotes":""},"class_list":["post-5012","page","type-page","status-publish","hentry"],"_links":{"self":[{"href":"https:\/\/mariangorynia.pl\/index.php?rest_route=\/wp\/v2\/pages\/5012"}],"collection":[{"href":"https:\/\/mariangorynia.pl\/index.php?rest_route=\/wp\/v2\/pages"}],"about":[{"href":"https:\/\/mariangorynia.pl\/index.php?rest_route=\/wp\/v2\/types\/page"}],"author":[{"embeddable":true,"href":"https:\/\/mariangorynia.pl\/index.php?rest_route=\/wp\/v2\/users\/1"}],"replies":[{"embeddable":true,"href":"https:\/\/mariangorynia.pl\/index.php?rest_route=%2Fwp%2Fv2%2Fcomments&post=5012"}],"version-history":[{"count":1,"href":"https:\/\/mariangorynia.pl\/index.php?rest_route=\/wp\/v2\/pages\/5012\/revisions"}],"predecessor-version":[{"id":5017,"href":"https:\/\/mariangorynia.pl\/index.php?rest_route=\/wp\/v2\/pages\/5012\/revisions\/5017"}],"wp:attachment":[{"href":"https:\/\/mariangorynia.pl\/index.php?rest_route=%2Fwp%2Fv2%2Fmedia&parent=5012"}],"curies":[{"name":"wp","href":"https:\/\/api.w.org\/{rel}","templated":true}]}}