{"id":5033,"date":"2022-07-20T08:15:03","date_gmt":"2022-07-20T06:15:03","guid":{"rendered":"http:\/\/mariangorynia.pl\/?page_id=5033"},"modified":"2022-07-20T11:54:20","modified_gmt":"2022-07-20T09:54:20","slug":"39-bieg-o-zloty-klos-10-07-2022","status":"publish","type":"page","link":"https:\/\/mariangorynia.pl\/?page_id=5033","title":{"rendered":"39. Bieg o Z\u0142oty K\u0142os &#8211; 10.07.2022"},"content":{"rendered":"\n<p><em><strong><a href=\"https:\/\/mariangorynia.pl\/wp-content\/uploads\/20220714_WIADOMOSCI_WRZESINSKIE_BIEG_WSROD_ZLOTYCH_P_5694989861_788b2.pdf\">Bieg w\u015br\u00f3d z\u0142otych p\u00f3l<\/a><\/strong><\/em><strong><a href=\"https:\/\/mariangorynia.pl\/wp-content\/uploads\/20220714_WIADOMOSCI_WRZESINSKIE_BIEG_WSROD_ZLOTYCH_P_5694989861_788b2.pdf\">, Wiadomo\u015bci Wrzesi\u0144skie z dn. 15.07.2022 r., s. 15-15.<\/a><\/strong><\/p>\n\n\n\n<p>Wyniki &#8211; <a href=\"https:\/\/docs.google.com\/spreadsheets\/d\/1PWBrxzKQIQRGe2394OE7D_7cvVFXqiQTHuI4wddJy3o\/edit?usp=sharing\"><strong>[TUTAJ]<\/strong><\/a><\/p>\n\n\n\n<ul class=\"wp-block-gallery columns-3 wp-block-gallery-1 is-layout-flex wp-block-gallery-is-layout-flex\"><li class=\"blocks-gallery-item\"><figure><img loading=\"lazy\" decoding=\"async\" width=\"960\" height=\"720\" src=\"https:\/\/mariangorynia.pl\/wp-content\/uploads\/e9bcd0eff1d95f3d66a4cf0baeb4592bdffaea64.jpg\" alt=\"\" data-id=\"5036\" data-link=\"https:\/\/mariangorynia.pl\/?attachment_id=5036\" class=\"wp-image-5036\" srcset=\"https:\/\/mariangorynia.pl\/wp-content\/uploads\/e9bcd0eff1d95f3d66a4cf0baeb4592bdffaea64.jpg 960w, https:\/\/mariangorynia.pl\/wp-content\/uploads\/e9bcd0eff1d95f3d66a4cf0baeb4592bdffaea64-300x225.jpg 300w, https:\/\/mariangorynia.pl\/wp-content\/uploads\/e9bcd0eff1d95f3d66a4cf0baeb4592bdffaea64-768x576.jpg 768w, https:\/\/mariangorynia.pl\/wp-content\/uploads\/e9bcd0eff1d95f3d66a4cf0baeb4592bdffaea64-360x270.jpg 360w\" sizes=\"(max-width: 960px) 100vw, 960px\" \/><\/figure><\/li><li class=\"blocks-gallery-item\"><figure><img loading=\"lazy\" decoding=\"async\" width=\"960\" height=\"720\" src=\"https:\/\/mariangorynia.pl\/wp-content\/uploads\/d4d6f8b9bdb740e2bbf7f7f76abbc65f1fbbaf29.jpg\" alt=\"\" data-id=\"5037\" data-link=\"https:\/\/mariangorynia.pl\/?attachment_id=5037\" class=\"wp-image-5037\" srcset=\"https:\/\/mariangorynia.pl\/wp-content\/uploads\/d4d6f8b9bdb740e2bbf7f7f76abbc65f1fbbaf29.jpg 960w, https:\/\/mariangorynia.pl\/wp-content\/uploads\/d4d6f8b9bdb740e2bbf7f7f76abbc65f1fbbaf29-300x225.jpg 300w, https:\/\/mariangorynia.pl\/wp-content\/uploads\/d4d6f8b9bdb740e2bbf7f7f76abbc65f1fbbaf29-768x576.jpg 768w, https:\/\/mariangorynia.pl\/wp-content\/uploads\/d4d6f8b9bdb740e2bbf7f7f76abbc65f1fbbaf29-360x270.jpg 360w\" sizes=\"(max-width: 960px) 100vw, 960px\" \/><\/figure><\/li><li class=\"blocks-gallery-item\"><figure><img loading=\"lazy\" decoding=\"async\" width=\"1024\" height=\"684\" src=\"https:\/\/mariangorynia.pl\/wp-content\/uploads\/93216_b-1024x684.jpg\" alt=\"\" data-id=\"5061\" data-link=\"https:\/\/mariangorynia.pl\/?attachment_id=5061\" class=\"wp-image-5061\" srcset=\"https:\/\/mariangorynia.pl\/wp-content\/uploads\/93216_b.jpg 1024w, https:\/\/mariangorynia.pl\/wp-content\/uploads\/93216_b-300x200.jpg 300w, https:\/\/mariangorynia.pl\/wp-content\/uploads\/93216_b-768x513.jpg 768w, https:\/\/mariangorynia.pl\/wp-content\/uploads\/93216_b-360x240.jpg 360w\" sizes=\"(max-width: 1024px) 100vw, 1024px\" \/><\/figure><\/li><li class=\"blocks-gallery-item\"><figure><img loading=\"lazy\" decoding=\"async\" width=\"1024\" height=\"684\" src=\"https:\/\/mariangorynia.pl\/wp-content\/uploads\/93141_b-1024x684.jpg\" alt=\"\" data-id=\"5062\" data-link=\"https:\/\/mariangorynia.pl\/?attachment_id=5062\" class=\"wp-image-5062\" srcset=\"https:\/\/mariangorynia.pl\/wp-content\/uploads\/93141_b.jpg 1024w, https:\/\/mariangorynia.pl\/wp-content\/uploads\/93141_b-300x200.jpg 300w, https:\/\/mariangorynia.pl\/wp-content\/uploads\/93141_b-768x513.jpg 768w, https:\/\/mariangorynia.pl\/wp-content\/uploads\/93141_b-360x240.jpg 360w\" sizes=\"(max-width: 1024px) 100vw, 1024px\" \/><\/figure><\/li><\/ul>\n","protected":false},"excerpt":{"rendered":"<p>Bieg w\u015br\u00f3d z\u0142otych p\u00f3l, Wiadomo\u015bci Wrzesi\u0144skie z dn. 15.07.2022 r., s. 15-15. Wyniki &#8211; [TUTAJ]<\/p>\n","protected":false},"author":1,"featured_media":0,"parent":0,"menu_order":0,"comment_status":"closed","ping_status":"closed","template":"","meta":{"footnotes":""},"class_list":["post-5033","page","type-page","status-publish","hentry"],"_links":{"self":[{"href":"https:\/\/mariangorynia.pl\/index.php?rest_route=\/wp\/v2\/pages\/5033"}],"collection":[{"href":"https:\/\/mariangorynia.pl\/index.php?rest_route=\/wp\/v2\/pages"}],"about":[{"href":"https:\/\/mariangorynia.pl\/index.php?rest_route=\/wp\/v2\/types\/page"}],"author":[{"embeddable":true,"href":"https:\/\/mariangorynia.pl\/index.php?rest_route=\/wp\/v2\/users\/1"}],"replies":[{"embeddable":true,"href":"https:\/\/mariangorynia.pl\/index.php?rest_route=%2Fwp%2Fv2%2Fcomments&post=5033"}],"version-history":[{"count":7,"href":"https:\/\/mariangorynia.pl\/index.php?rest_route=\/wp\/v2\/pages\/5033\/revisions"}],"predecessor-version":[{"id":5064,"href":"https:\/\/mariangorynia.pl\/index.php?rest_route=\/wp\/v2\/pages\/5033\/revisions\/5064"}],"wp:attachment":[{"href":"https:\/\/mariangorynia.pl\/index.php?rest_route=%2Fwp%2Fv2%2Fmedia&parent=5033"}],"curies":[{"name":"wp","href":"https:\/\/api.w.org\/{rel}","templated":true}]}}