{"id":5178,"date":"2022-11-16T08:09:17","date_gmt":"2022-11-16T07:09:17","guid":{"rendered":"http:\/\/mariangorynia.pl\/?page_id=5178"},"modified":"2022-11-16T08:09:17","modified_gmt":"2022-11-16T07:09:17","slug":"bieg-niepodleglosci-run-poland-poznan-11-11-2022","status":"publish","type":"page","link":"https:\/\/mariangorynia.pl\/?page_id=5178","title":{"rendered":"Bieg Niepodleg\u0142o\u015bci &#8211; Run Poland &#8211; Pozna\u0144 &#8211; 11.11.2022"},"content":{"rendered":"\n<p>Informacje o biegu &#8211; <a href=\"https:\/\/biegniepodleglosci.pl\/dla-biegaczy\/informacje\/\">[TUTAJ]<\/a><\/p>\n\n\n\n<p>WYNIKI &#8211; <a href=\"https:\/\/wyniki.plus-timing.pl\/w\/pbn-2022\">[TUTAJ]<\/a><\/p>\n\n\n\n<ul class=\"wp-block-gallery columns-2 is-cropped wp-block-gallery-1 is-layout-flex wp-block-gallery-is-layout-flex\"><li class=\"blocks-gallery-item\"><figure><img loading=\"lazy\" decoding=\"async\" width=\"768\" height=\"1024\" src=\"https:\/\/mariangorynia.pl\/wp-content\/uploads\/2-2-768x1024.jpg\" alt=\"\" data-id=\"5182\" data-link=\"https:\/\/mariangorynia.pl\/?attachment_id=5182\" class=\"wp-image-5182\" srcset=\"https:\/\/mariangorynia.pl\/wp-content\/uploads\/2-2-768x1024.jpg 768w, https:\/\/mariangorynia.pl\/wp-content\/uploads\/2-2-225x300.jpg 225w, https:\/\/mariangorynia.pl\/wp-content\/uploads\/2-2-203x270.jpg 203w, https:\/\/mariangorynia.pl\/wp-content\/uploads\/2-2.jpg 1200w\" sizes=\"(max-width: 768px) 100vw, 768px\" \/><\/figure><\/li><li class=\"blocks-gallery-item\"><figure><img loading=\"lazy\" decoding=\"async\" width=\"1024\" height=\"768\" src=\"https:\/\/mariangorynia.pl\/wp-content\/uploads\/3-3-1024x768.jpg\" alt=\"\" data-id=\"5183\" data-link=\"https:\/\/mariangorynia.pl\/?attachment_id=5183\" class=\"wp-image-5183\" srcset=\"https:\/\/mariangorynia.pl\/wp-content\/uploads\/3-3-1024x768.jpg 1024w, https:\/\/mariangorynia.pl\/wp-content\/uploads\/3-3-300x225.jpg 300w, https:\/\/mariangorynia.pl\/wp-content\/uploads\/3-3-768x576.jpg 768w, https:\/\/mariangorynia.pl\/wp-content\/uploads\/3-3-360x270.jpg 360w, https:\/\/mariangorynia.pl\/wp-content\/uploads\/3-3.jpg 1600w\" sizes=\"(max-width: 1024px) 100vw, 1024px\" \/><\/figure><\/li><\/ul>\n\n\n\n<ul class=\"wp-block-gallery columns-2 is-cropped wp-block-gallery-2 is-layout-flex wp-block-gallery-is-layout-flex\"><li class=\"blocks-gallery-item\"><figure><img loading=\"lazy\" decoding=\"async\" width=\"768\" height=\"1024\" src=\"https:\/\/mariangorynia.pl\/wp-content\/uploads\/1-3-e1668582434889-768x1024.jpg\" alt=\"\" data-id=\"5180\" data-link=\"https:\/\/mariangorynia.pl\/?attachment_id=5180\" class=\"wp-image-5180\" srcset=\"https:\/\/mariangorynia.pl\/wp-content\/uploads\/1-3-e1668582434889-768x1024.jpg 768w, https:\/\/mariangorynia.pl\/wp-content\/uploads\/1-3-e1668582434889-225x300.jpg 225w, https:\/\/mariangorynia.pl\/wp-content\/uploads\/1-3-e1668582434889-203x270.jpg 203w\" sizes=\"(max-width: 768px) 100vw, 768px\" \/><\/figure><\/li><li class=\"blocks-gallery-item\"><figure><img loading=\"lazy\" decoding=\"async\" width=\"768\" height=\"1024\" src=\"https:\/\/mariangorynia.pl\/wp-content\/uploads\/4-2-e1668582467344-768x1024.jpg\" alt=\"\" data-id=\"5181\" data-link=\"https:\/\/mariangorynia.pl\/?attachment_id=5181\" class=\"wp-image-5181\" srcset=\"https:\/\/mariangorynia.pl\/wp-content\/uploads\/4-2-e1668582467344-768x1024.jpg 768w, https:\/\/mariangorynia.pl\/wp-content\/uploads\/4-2-e1668582467344-225x300.jpg 225w, https:\/\/mariangorynia.pl\/wp-content\/uploads\/4-2-e1668582467344-203x270.jpg 203w\" sizes=\"(max-width: 768px) 100vw, 768px\" \/><\/figure><\/li><\/ul>\n","protected":false},"excerpt":{"rendered":"<p>Informacje o biegu &#8211; [TUTAJ] WYNIKI &#8211; [TUTAJ]<\/p>\n","protected":false},"author":1,"featured_media":0,"parent":0,"menu_order":0,"comment_status":"closed","ping_status":"closed","template":"","meta":{"footnotes":""},"class_list":["post-5178","page","type-page","status-publish","hentry"],"_links":{"self":[{"href":"https:\/\/mariangorynia.pl\/index.php?rest_route=\/wp\/v2\/pages\/5178"}],"collection":[{"href":"https:\/\/mariangorynia.pl\/index.php?rest_route=\/wp\/v2\/pages"}],"about":[{"href":"https:\/\/mariangorynia.pl\/index.php?rest_route=\/wp\/v2\/types\/page"}],"author":[{"embeddable":true,"href":"https:\/\/mariangorynia.pl\/index.php?rest_route=\/wp\/v2\/users\/1"}],"replies":[{"embeddable":true,"href":"https:\/\/mariangorynia.pl\/index.php?rest_route=%2Fwp%2Fv2%2Fcomments&post=5178"}],"version-history":[{"count":1,"href":"https:\/\/mariangorynia.pl\/index.php?rest_route=\/wp\/v2\/pages\/5178\/revisions"}],"predecessor-version":[{"id":5184,"href":"https:\/\/mariangorynia.pl\/index.php?rest_route=\/wp\/v2\/pages\/5178\/revisions\/5184"}],"wp:attachment":[{"href":"https:\/\/mariangorynia.pl\/index.php?rest_route=%2Fwp%2Fv2%2Fmedia&parent=5178"}],"curies":[{"name":"wp","href":"https:\/\/api.w.org\/{rel}","templated":true}]}}