{"id":5845,"date":"2023-06-05T08:21:50","date_gmt":"2023-06-05T06:21:50","guid":{"rendered":"http:\/\/mariangorynia.pl\/?page_id=5845"},"modified":"2023-06-05T08:21:51","modified_gmt":"2023-06-05T06:21:51","slug":"15-pko-poznan-polmaraton-16-04-2023","status":"publish","type":"page","link":"https:\/\/mariangorynia.pl\/?page_id=5845","title":{"rendered":"15. PKO Pozna\u0144 P\u00f3\u0142maraton &#8211; 16.04.2023"},"content":{"rendered":"\n<p> Informacja o biegu oraz wyniki: <strong><a href=\"https:\/\/halfmarathon.poznan.pl\/\">[TUTAJ]<\/a><\/strong> <\/p>\n\n\n\n<ul class=\"wp-block-gallery columns-3 is-cropped wp-block-gallery-1 is-layout-flex wp-block-gallery-is-layout-flex\"><li class=\"blocks-gallery-item\"><figure><img loading=\"lazy\" decoding=\"async\" width=\"724\" height=\"1024\" src=\"https:\/\/mariangorynia.pl\/wp-content\/uploads\/Zaproszenie-724x1024.jpg\" alt=\"\" data-id=\"5836\" data-link=\"https:\/\/mariangorynia.pl\/?attachment_id=5836\" class=\"wp-image-5836\" srcset=\"https:\/\/mariangorynia.pl\/wp-content\/uploads\/Zaproszenie-724x1024.jpg 724w, https:\/\/mariangorynia.pl\/wp-content\/uploads\/Zaproszenie-212x300.jpg 212w, https:\/\/mariangorynia.pl\/wp-content\/uploads\/Zaproszenie-768x1086.jpg 768w, https:\/\/mariangorynia.pl\/wp-content\/uploads\/Zaproszenie-191x270.jpg 191w\" sizes=\"(max-width: 724px) 100vw, 724px\" \/><\/figure><\/li><li class=\"blocks-gallery-item\"><figure><img loading=\"lazy\" decoding=\"async\" width=\"1024\" height=\"768\" src=\"https:\/\/mariangorynia.pl\/wp-content\/uploads\/20230416_080858-1024x768.jpg\" alt=\"\" data-id=\"5837\" data-link=\"https:\/\/mariangorynia.pl\/?attachment_id=5837\" class=\"wp-image-5837\" srcset=\"https:\/\/mariangorynia.pl\/wp-content\/uploads\/20230416_080858-1024x768.jpg 1024w, https:\/\/mariangorynia.pl\/wp-content\/uploads\/20230416_080858-300x225.jpg 300w, https:\/\/mariangorynia.pl\/wp-content\/uploads\/20230416_080858-768x576.jpg 768w, https:\/\/mariangorynia.pl\/wp-content\/uploads\/20230416_080858-360x270.jpg 360w\" sizes=\"(max-width: 1024px) 100vw, 1024px\" \/><\/figure><\/li><li class=\"blocks-gallery-item\"><figure><img loading=\"lazy\" decoding=\"async\" width=\"1024\" height=\"768\" src=\"https:\/\/mariangorynia.pl\/wp-content\/uploads\/341330659_746151893657992_6174832126596254678_n-1024x768.jpg\" alt=\"\" data-id=\"5838\" data-link=\"https:\/\/mariangorynia.pl\/?attachment_id=5838\" class=\"wp-image-5838\" srcset=\"https:\/\/mariangorynia.pl\/wp-content\/uploads\/341330659_746151893657992_6174832126596254678_n-1024x768.jpg 1024w, https:\/\/mariangorynia.pl\/wp-content\/uploads\/341330659_746151893657992_6174832126596254678_n-300x225.jpg 300w, https:\/\/mariangorynia.pl\/wp-content\/uploads\/341330659_746151893657992_6174832126596254678_n-768x576.jpg 768w, https:\/\/mariangorynia.pl\/wp-content\/uploads\/341330659_746151893657992_6174832126596254678_n-360x270.jpg 360w, https:\/\/mariangorynia.pl\/wp-content\/uploads\/341330659_746151893657992_6174832126596254678_n.jpg 2048w\" sizes=\"(max-width: 1024px) 100vw, 1024px\" \/><\/figure><\/li><li class=\"blocks-gallery-item\"><figure><img loading=\"lazy\" decoding=\"async\" width=\"1024\" height=\"768\" src=\"https:\/\/mariangorynia.pl\/wp-content\/uploads\/20230416_164541-1024x768.jpg\" alt=\"\" data-id=\"5839\" data-link=\"https:\/\/mariangorynia.pl\/?attachment_id=5839\" class=\"wp-image-5839\" srcset=\"https:\/\/mariangorynia.pl\/wp-content\/uploads\/20230416_164541-1024x768.jpg 1024w, https:\/\/mariangorynia.pl\/wp-content\/uploads\/20230416_164541-300x225.jpg 300w, https:\/\/mariangorynia.pl\/wp-content\/uploads\/20230416_164541-768x576.jpg 768w, https:\/\/mariangorynia.pl\/wp-content\/uploads\/20230416_164541-360x270.jpg 360w\" sizes=\"(max-width: 1024px) 100vw, 1024px\" \/><\/figure><\/li><\/ul>\n","protected":false},"excerpt":{"rendered":"<p>Informacja o biegu oraz wyniki: [TUTAJ]<\/p>\n","protected":false},"author":1,"featured_media":0,"parent":0,"menu_order":0,"comment_status":"closed","ping_status":"closed","template":"","meta":{"footnotes":""},"class_list":["post-5845","page","type-page","status-publish","hentry"],"_links":{"self":[{"href":"https:\/\/mariangorynia.pl\/index.php?rest_route=\/wp\/v2\/pages\/5845"}],"collection":[{"href":"https:\/\/mariangorynia.pl\/index.php?rest_route=\/wp\/v2\/pages"}],"about":[{"href":"https:\/\/mariangorynia.pl\/index.php?rest_route=\/wp\/v2\/types\/page"}],"author":[{"embeddable":true,"href":"https:\/\/mariangorynia.pl\/index.php?rest_route=\/wp\/v2\/users\/1"}],"replies":[{"embeddable":true,"href":"https:\/\/mariangorynia.pl\/index.php?rest_route=%2Fwp%2Fv2%2Fcomments&post=5845"}],"version-history":[{"count":1,"href":"https:\/\/mariangorynia.pl\/index.php?rest_route=\/wp\/v2\/pages\/5845\/revisions"}],"predecessor-version":[{"id":5846,"href":"https:\/\/mariangorynia.pl\/index.php?rest_route=\/wp\/v2\/pages\/5845\/revisions\/5846"}],"wp:attachment":[{"href":"https:\/\/mariangorynia.pl\/index.php?rest_route=%2Fwp%2Fv2%2Fmedia&parent=5845"}],"curies":[{"name":"wp","href":"https:\/\/api.w.org\/{rel}","templated":true}]}}