{"id":5854,"date":"2023-06-05T08:43:41","date_gmt":"2023-06-05T06:43:41","guid":{"rendered":"http:\/\/mariangorynia.pl\/?page_id=5854"},"modified":"2024-05-25T09:42:33","modified_gmt":"2024-05-25T07:42:33","slug":"ekonomia-umiaru","status":"publish","type":"page","link":"https:\/\/mariangorynia.pl\/?page_id=5854","title":{"rendered":"Ekonomia umiaru"},"content":{"rendered":"\n<p span=\"\" style=\"color: black\">Przybywa zagro\u017ce\u0144 dla przetrwania cywilizacji. Pora zatem na dzia\u0142ania, kt\u00f3re \u2013 o ile nie zdo\u0142aj\u0105 ich zlikwidowa\u0107 \u2013 przynajmniej powinny maksymalnie oddali\u0107 je w czasie.<\/p>\n\n\n\n<figure class=\"wp-block-image is-resized\"><img loading=\"lazy\" decoding=\"async\" src=\"https:\/\/mariangorynia.pl\/wp-content\/uploads\/Zrzut-ekranu-2023-06-06-102924.png\" alt=\"\" class=\"wp-image-5885\" style=\"width:452px;height:280px\" width=\"452\" height=\"280\" srcset=\"https:\/\/mariangorynia.pl\/wp-content\/uploads\/Zrzut-ekranu-2023-06-06-102924.png 865w, https:\/\/mariangorynia.pl\/wp-content\/uploads\/Zrzut-ekranu-2023-06-06-102924-300x186.png 300w, https:\/\/mariangorynia.pl\/wp-content\/uploads\/Zrzut-ekranu-2023-06-06-102924-768x476.png 768w, https:\/\/mariangorynia.pl\/wp-content\/uploads\/Zrzut-ekranu-2023-06-06-102924-360x223.png 360w\" sizes=\"(max-width: 452px) 100vw, 452px\" \/><\/figure>\n\n\n\n<p span=\"\" style=\"color: black\">W modzie jest ostatnio m\u00f3wienie o rozwoju \u015bwiata, tak\u017ce gospodarki w kategorii szok\u00f3w: gospodarczych, sanitarnych, \u015brodowiskowych, klimatycznych itp. Szoki zmieniaj\u0105 \u015bwiat, ale nie jest to moim zdaniem \u015bwiat deterministyczny, fatalistyczny czy katastroficzny \u2013 du\u017co, cho\u0107 nie wszystko zale\u017cy od ludzkich wybor\u00f3w. Proporcje pomi\u0119dzy tym, co zale\u017cy od nas, a tym, co zale\u017cy od innych czynnik\u00f3w, nie s\u0105 sta\u0142e, s\u0105 zmienne, dynamiczne i dodatkowo poddane oddzia\u0142ywaniu sprz\u0119\u017ce\u0144 zwrotnych.\nHistoria, ewolucja \u015bwiata pod rz\u0105dami cz\u0142owieka to proces \u015bcierania si\u0119 dw\u00f3ch \u017cywio\u0142\u00f3w:\n&#8211; uwarunkowa\u0144 naturalno-\u015brodowiskowych \u2013 tolerancja i adaptacyjno\u015b\u0107 \u015brodowiska naturalnego do nowych sytuacji wytworzonych przez cz\u0142owieka,\n&#8211; wypadkowej wynikaj\u0105cej z dzia\u0142a\u0144 ludzkich podporz\u0105dkowanych w tendencji archetypowi, stereotypowi homo oeconomicus.\nW miar\u0119 rozwoju gospodarczego, spo\u0142ecznego, og\u00f3lniej cywilizacyjnego, ten drugi \u017cywio\u0142 zyskuje w bardzo przyspieszonym tempie na znaczeniu, w skrajnym uj\u0119ciu zagra\u017caj\u0105c nawet ci\u0105g\u0142o\u015bci naszej cywilizacji.<br> Na pocz\u0105tku warto odpowiedzie\u0107 na pytanie o to, czego mia\u0142by dotyczy\u0107 tytu\u0142owy umiar? Najkr\u00f3cej rzecz ujmuj\u0105c chodzi tutaj o umiar w eksploatacji \u015brodowiska przyk\u0142adowo z uwzgl\u0119dnieniem wymog\u00f3w zielonej gospodarki czy gospodarki okr\u0119\u017cnej, umiar w tworzeniu negatywnych konsekwencji dla klimatu, umiar w konsumpcji energii, umiar w korzystaniu z zasob\u00f3w nieodnawialnych, umiar w konsumpcji w og\u00f3le (w tle konsumeryzm niekiedy mylony z konsumpcjonizmem, overconsumption czyli nadkonsumpcja, a wi\u0119c konsumpcja ponad realne potrzeby czy wr\u0119cz rozpasanie konsumpcyjne versus zr\u00f3wnowa\u017cona konsumpcja), umiar w nier\u00f3wno\u015bciach, umiar w bud\u017cetowaniu na poziomie pa\u0144stwa \u2013 kwestia wielko\u015bci d\u0142ugu publicznego i jego \u201eprzekazywania\u201d nast\u0119pnym pokoleniom, umiar w wydatkach gospodarstwa domowego, ale tak\u017ce umiar w marnotrawstwie r\u00f3\u017cnych produkt\u00f3w, kt\u00f3rego jeste\u015bmy sprawcami.<\/p><p span=\"\" style=\"color: black\">Tekst dost\u0119pny na stronie <a href=\"https:\/\/www.wfr.org.pl\/blog\/2022\/11\/07\/czy-mozliwa-jest-ekonomia-umiaru\/\"><strong><span style=\"color: blue\">[czytaj wi\u0119cej]<\/strong><\/a>\n\n\n\n<p span=\"\" style=\"color: black\">Poni\u017cej opinie prof. Goryni w prasie i mediach:<\/p>\n\n\n\n<ul span style=\"color: black\"><\/li><li>Marian Gorynia, Magdalena \u015aliwi\u0144ska <em>Mi\u0119dzynarodowy biznes w warunkach ewolucji w stron\u0119 zr\u00f3wnowa\u017conego rozwoju. Cz\u0119\u015b\u0107 2<\/em>, Eurogospodarka, 2024, nr 1, s. 16-23, <a href=\"https:\/\/mariangorynia.pl\/wp-content\/uploads\/Gorynia_Sliwinska_2024_eurogospodarka_miedzynarodowy_biznes-1-2.pdf\"><strong><span style=\"color: blue\">[pobierz]<\/strong><\/a><\/li><li>Marian Gorynia, Magdalena \u015aliwi\u0144ska, <em>Economics of moderation as a foundation of sustainable development<\/em> [w:] Baudry Marc, Bukowski S\u0142awomir I., Lament Marzanna B., (eds.), Financial Stability, Economic Growth and Sustainable Development, 2024, London: Routledge, s. 35-55 <a href=\"https:\/\/mariangorynia.pl\/wp-content\/uploads\/Gorynia_Sliwinska_2024_Economics_of_moderation_13-29-1.pdf\"><strong><span style=\"color: blue\">[pobierz]<\/strong><\/a><\/li><li>Marian Gorynia, Magdalena \u015aliwi\u0144ska <em>Mi\u0119dzynarodowy biznes w warunkach ewolucji w stron\u0119 zr\u00f3wnowa\u017conego rozwoju. Cz\u0119\u015b\u0107 1<\/em>, Eurogospodarka, 2023, nr 12, s. 16-24, <a href=\"https:\/\/mariangorynia.pl\/wp-content\/uploads\/2023_Gorynia_Sliwinska_eurogospodarka_nr_12.pdf\"><strong><span style=\"color: blue\">[pobierz]<\/strong><\/a><\/li><li>Marian Gorynia, Magdalena \u015aliwi\u0144ska, <em>Umi\u0119dzynarodowienie biznesu a wymogi zr\u00f3wnowa\u017conego rozwoju<\/em> [w:] Pietrewicz Jerzy W., Sobiecki Roman (red.), Transformacja gospodarki I spo\u0142ecze\u0144stwa na rzecz zr\u00f3wnowa\u017conego rozwoju, 2023, Warszawa: Oficyna Wydawnicza SGH, s. 35-55 <a href=\"https:\/\/mariangorynia.pl\/wp-content\/uploads\/Gorynia_Sliwinska_2023_Umiedzynarodowienie_biznesu_SGH_35-45.pdf\"><strong><span style=\"color: blue\">[pobierz]<\/strong><\/a><\/li><li>Marian Gorynia, <em>Ekonomia umiaru \u2013 nadzieje i w\u0105tpliwo\u015bci<\/em> [w:] Zajkowski R., (red.), Bankowo\u015b\u0107, rynek finansowy, ekonomia, przedsi\u0119biorczo\u015b\u0107. Tera\u017aniejszo\u015b\u0107 i przysz\u0142o\u015b\u0107, 2023, Lublin: UMCS, s. 147-154 <a href=\"https:\/\/mariangorynia.pl\/wp-content\/uploads\/Gorynia_Ekonomia_umiaru_UMCS_2023_147-154.pdf\"><strong><span style=\"color: blue\">[pobierz]<\/strong><\/a><\/li><li>Marian Gorynia, <em>Nowy pragmatyzm \u2013 szanse i ograniczenia z uwzgl\u0119dnieniem bada\u0144 Profesora Macieja Ba\u0142towskiego<\/em> [w:] Pastuszak Z., Miszczuk A., (red.), Transformacja gospodarcza \u2013 od gospodarki planowej do gospodarki opartej na wiedzy, 2023, Lublin: UMCS, s. 71-80 <a href=\"https:\/\/mariangorynia.pl\/wp-content\/uploads\/Gorynia_M_2023_nowy_pragmatyzm_jubileusz_Baltowski_rozdzial_71-80.pdf\"><strong><span style=\"color: blue\">[pobierz]<\/strong><\/a><\/li><li>Marian Gorynia, <em>Umiar nieunikniony<\/em>, Miesi\u0119cznik BANK, 2023, nr 6, s. 16-19, <a href=\"https:\/\/bank.pl\/bankowosc-i-finanse-gospodarka-umiar-nieunikniony\/\"><strong><span style=\"color: blue\">[czytaj wi\u0119cej na stronie aleBank.pl]<\/strong><\/a> <a href=\"https:\/\/mariangorynia.pl\/wp-content\/uploads\/Gorynia_M_wywiad_BANK_06_2023.pdf\"><strong><span style=\"color: blue\">[pobierz]<\/strong><\/a><\/li><li>Marian Gorynia, <em>Trzeba zrobi\u0107 wszystko, by opanowa\u0107 inflacj\u0119<\/em>, Miesi\u0119cznik BANK, 2023, nr 2, s. 10-13, <a href=\"https:\/\/bank.pl\/bankowosc-i-finanse-gospodarka-trzeba-zrobic-wszystko-by-opanowac-inflacje\/?id=440371&#038;catid=42621\"><strong><span style=\"color: blue\">[czytaj wi\u0119cej na stronie aleBank.pl]<\/strong><\/a> <a href=\"https:\/\/mariangorynia.pl\/wp-content\/uploads\/Gorynia_BANK_02_2023.pdf\"><strong><span style=\"color: blue\">[pobierz]<\/strong><\/a><\/li><li>Piotr Banaszyk, Barbara Borusiak, Bogus\u0142aw Fiedor, Marian Gorynia, Ma\u0142gorzata S\u0142odowa-He\u0142pa, <strong><a href=\"https:\/\/mariangorynia.pl\/wp-content\/uploads\/Banaszyk_Borusiak_FIedor_Gorynia_Slodowa_Helpa_2023_MSR_45_01.pdf\"><span style=\"color: blue\">Rozw\u00f3j spo\u0142eczno-gospodarczy a racjonalno\u015b\u0107 globalna \u2013 w kierunku gospodarki umiaru<\/a>, <\/strong>&#8222;MAZOWSZE Studia Regionalne&#8221;, 2023, (45), p. 9-35. DOI:10.21858\/msr.45.01<\/li><li>Marian Gorynia, <em>O umiarze w ekonomii<\/em>, Rzeczpospolita z dn. 25.10.2022, <a href=\"https:\/\/mariangorynia.pl\/wp-content\/uploads\/Gorynia-25-X-2022-Rzeczpospolita.pdf\"><strong><span style=\"color: blue\">[pobierz]<\/strong><\/a><\/li><li>Marian Gorynia, <em>Czy mo\u017cliwa jest ekonomia umiaru?<\/em>, Miesi\u0119cznik BANK, 2022, nr 8, s. 102-105, <a href=\"https:\/\/alebank.pl\/nauka-i-edukacja-ekonomiczna-cywilizacyjne-zagrozenia-czy-mozliwa-jest-ekonomia-umiaru\/?id=419450&#038;catid=36802\"><strong><span style=\"color: blue\">[czytaj wi\u0119cej na stronie aleBank.pl]<\/strong><\/a> <a href=\"https:\/\/mariangorynia.pl\/wp-content\/uploads\/Gorynia_ekonomia_umiaru_AleBank_2022_102-105.pdf\"><strong><span style=\"color: blue\">[pobierz]<\/strong><\/a><\/li><li><em>Zdrowy egoizm wymaga wzrostu po\u0142\u0105czonego z szacunkiem dla przyrody,<\/em> rozm. przepr. Krzysztof Ulanowski, &#8222;Sucholeski.EU&#8221;, 2022, nr 2, s. 8 <strong><a href=\"https:\/\/mariangorynia.pl\/wp-content\/uploads\/Gorynia_wywiad_Zdrowy_egoizm_sucholeski.eu_2022.pdf\"><span style=\"color: blue\">[pobierz]<\/a><\/strong><\/li><li>Marian Gorynia, Ma\u0142gorzata S\u0142odowa-He\u0142pa, <em>Dobro wsp\u00f3lne w pandemii<\/em>, Rzeczpospolita z dn. 31.01.2022, <a href=\"https:\/\/www.rp.pl\/opinie-ekonomiczne\/art32664921-gorynia-slodowa-helpa-dobro-wspolne-w-pandemii\"><strong><span style=\"color: blue\">[czytaj wi\u0119cej na stronie RZ.pl]<\/strong><\/a> <a href=\"https:\/\/mariangorynia.pl\/wp-content\/uploads\/Gorynia_Slodowa_Dobro_wspolne_w_pandemii_RZ_31.01.2022.pdf\"><strong><span style=\"color: blue\">[pobierz]<\/strong><\/a><\/li><li>Marian Gorynia, Ma\u0142gorzata S\u0142odowa-He\u0142pa <em>Czy pandemi\u0119 mo\u017cna rozumie\u0107 jako przejaw deficytu dobra wsp\u00f3lnego?<\/em>, obserwatorfinansowy.pl z dn. 05.02.2022, <a href=\"https:\/\/www.obserwatorfinansowy.pl\/tematyka\/makroekonomia\/trendy-gospodarcze\/czy-pandemie-mozna-rozumiec-jako-przejaw-deficytu-dobra-wspolnego\/\"><strong><span style=\"color: blue\">[czytaj wi\u0119cej na stronie obserwatorfinansowy.pl]<\/strong><\/a> <a href=\"https:\/\/mariangorynia.pl\/wp-content\/uploads\/Gorynia_Slodowa_Czy_pandemie_obserwatorfinansowy.pl_2022.pdf\"><strong><span style=\"color: blue\">[pobierz]<\/strong><\/a><\/li><li>Marian Gorynia, <em>Niech PKB ro\u015bnie, ale inaczej<\/em>, Rzeczpospolita z dn. 22.09.2021, <a href=\"https:\/\/www.rp.pl\/opinie-ekonomiczne\/art18941891-marian-gorynia-niech-pkb-rosnie-ale-inaczej\"><strong><span style=\"color: blue\">[czytaj wi\u0119cej na stronie RZ.pl]<\/strong><\/a> <a href=\"https:\/\/mariangorynia.pl\/wp-content\/uploads\/Gorynia_M_Niech_PKB_rosnie_RZ_22.09.2021.pdf\"><strong><span style=\"color: blue\">[pobierz]<\/strong><\/a><\/li><li>Marian Gorynia, <em>Dok\u0105d zmierzaj\u0105 nauki ekonomiczne<\/em>, Rzeczpospolita z dn. 04.08.2021, <a href=\"https:\/\/www.rp.pl\/Opinie\/308049902-Marian-Gorynia-Dokad-zmierzaja-nauki-ekonomiczne.html\"><strong><span style=\"color: blue\">[czytaj wi\u0119cej na stronie RZ.pl]<\/strong><\/a> <a href=\"https:\/\/mariangorynia.pl\/wp-content\/uploads\/Gorynia_Dokad_zmierzaja_nauki_ekon_RZ_04.08.2021.pdf\"><strong><span style=\"color: blue\">[pobierz]<\/strong><\/a><\/li>\n\n\n\n\n\n\n\n\n\n\n\n\n\n\n\n\n\n\n\n\n<\/ul>\n","protected":false},"excerpt":{"rendered":"<p>Przybywa zagro\u017ce\u0144 dla przetrwania cywilizacji. Pora zatem na dzia\u0142ania, kt\u00f3re \u2013 o ile nie zdo\u0142aj\u0105 ich zlikwidowa\u0107 \u2013 przynajmniej powinny maksymalnie oddali\u0107 je w czasie. W modzie jest ostatnio m\u00f3wienie o rozwoju \u015bwiata, tak\u017ce gospodarki w kategorii szok\u00f3w: gospodarczych, sanitarnych,&hellip;&nbsp;<a href=\"https:\/\/mariangorynia.pl\/?page_id=5854\" class=\"more-link\">Read More<\/a><\/p>\n","protected":false},"author":1,"featured_media":0,"parent":0,"menu_order":0,"comment_status":"closed","ping_status":"closed","template":"","meta":{"footnotes":""},"class_list":["post-5854","page","type-page","status-publish","hentry"],"_links":{"self":[{"href":"https:\/\/mariangorynia.pl\/index.php?rest_route=\/wp\/v2\/pages\/5854"}],"collection":[{"href":"https:\/\/mariangorynia.pl\/index.php?rest_route=\/wp\/v2\/pages"}],"about":[{"href":"https:\/\/mariangorynia.pl\/index.php?rest_route=\/wp\/v2\/types\/page"}],"author":[{"embeddable":true,"href":"https:\/\/mariangorynia.pl\/index.php?rest_route=\/wp\/v2\/users\/1"}],"replies":[{"embeddable":true,"href":"https:\/\/mariangorynia.pl\/index.php?rest_route=%2Fwp%2Fv2%2Fcomments&post=5854"}],"version-history":[{"count":15,"href":"https:\/\/mariangorynia.pl\/index.php?rest_route=\/wp\/v2\/pages\/5854\/revisions"}],"predecessor-version":[{"id":8076,"href":"https:\/\/mariangorynia.pl\/index.php?rest_route=\/wp\/v2\/pages\/5854\/revisions\/8076"}],"wp:attachment":[{"href":"https:\/\/mariangorynia.pl\/index.php?rest_route=%2Fwp%2Fv2%2Fmedia&parent=5854"}],"curies":[{"name":"wp","href":"https:\/\/api.w.org\/{rel}","templated":true}]}}