{"id":708,"date":"2019-05-19T13:04:10","date_gmt":"2019-05-19T11:04:10","guid":{"rendered":"http:\/\/centaur2.ue.poznan.pl\/mgorynia\/?page_id=708"},"modified":"2025-12-04T18:34:26","modified_gmt":"2025-12-04T17:34:26","slug":"recenzje-dhc","status":"publish","type":"page","link":"https:\/\/mariangorynia.pl\/?page_id=708","title":{"rendered":"Recenzje DHC i profesur Honorowych"},"content":{"rendered":"\n<ul span style=\"color: black\"><li>M. Gorynia, <strong><em>Laudacja Profesora Dani Rodrika<\/em><\/strong> w zwi\u0105zku z procedur\u0105 nadania Mu tytu\u0142u Profesora Honorowego Uniwersytetu Ekonomicznego w Poznaniu <strong><a href=\"https:\/\/mariangorynia.pl\/wp-content\/uploads\/Gorynia_M_Laudacja_PL_EN_DHC_Rodrik_2025.pdf\"><span style=\"color: blue\"> [pobierz]<\/a><\/strong><\/li><li>M. Gorynia, <strong><em>Laudacja Profesora Jerzego Hausnera<\/em><\/strong> w zwi\u0105zku z procedur\u0105 nadania Mu tytu\u0142u Profesora Honorowego Uniwersytetu Ekonomicznego w Krakowie <strong><a href=\"https:\/\/mariangorynia.pl\/wp-content\/uploads\/Gorynia_prof_Hausner_laudacja_15.12.2022.pdf\"><span style=\"color: blue\"> [pobierz]<\/a><\/strong><\/li><li>M. Gorynia, <strong><em>Recenzja dorobku Profesora Michela Librowicza <\/em><\/strong> w zwi\u0105zku z procedur\u0105 nadania Mu tytu\u0142u doktora honoris causa przez Szko\u0142\u0119 G\u0142\u00f3wn\u0105 Handlow\u0105 <strong><a href=\"https:\/\/mariangorynia.pl\/wp-content\/uploads\/Gorynia_rec_DHC_prof_Librowicz_2022.pdf\"><span style=\"color: blue\"> [pobierz]<\/a><\/strong><\/li><li>M. Gorynia, <strong><em>Recenzja dorobku Profesora Andrzeja K. Ko\u017ami\u0144skiego<\/em><\/strong> w zwi\u0105zku z procedur\u0105 nadania Mu tytu\u0142u doktora honoris causa przez Uniwersytet Warszawski <strong><a href=\"https:\/\/mariangorynia.pl\/wp-content\/uploads\/Gorynia_Recenzja_DHC_Kozminski_2022.pdf\"><span style=\"color: blue\"> [pobierz]<\/a><\/strong><\/li><li>M. Gorynia, <strong><em>A review of Professor Edward C. Prescott&#8217;s achievements<\/em><\/strong> in relation to the procedure of awarding the title of Doctor Honoris Causa by Kozminski University<strong><a href=\"https:\/\/mariangorynia.pl\/wp-content\/uploads\/Gorynia_review_of_Professor_Edward_C._Prescott_2018.pdf\"><span style=\"color: blue\"> [pobierz]<\/a><\/strong><\/li><li>M. Gorynia, <strong><em>Opinia w sprawie nadania tytu\u0142u doktora honoris causa<\/em><\/strong> Akademii Leona Ko\u017ami\u0144skiego <em>Profesorowi Edwardowi C. Prescottowi<\/em> <strong><a href=\"https:\/\/mariangorynia.pl\/wp-content\/uploads\/Gorynia_rec_dorobku_prof_Edwarda_C._Prescott_2018.pdf\"><span style=\"color: blue\"> [pobierz]<\/a><\/strong><\/li><li>M. Gorynia, <strong><em>Recenzja dorobku Profesora Bogus\u0142awa Fiedora<\/em><\/strong> w zwi\u0105zku z procedur\u0105 nadania Mu tytu\u0142u doktora honoris causa przez Uniwersytet Ekonomiczny w Katowicach <strong><a href=\"https:\/\/mariangorynia.pl\/wp-content\/uploads\/Fiedor_recenzja_DHC_Gorynia_2015.pdf\"><span style=\"color: blue\"> [pobierz]<\/a><\/strong><\/li><li>M. Gorynia, <strong><em>Recenzja dorobku Profesora Jerzego Kleera<\/em><\/strong> w zwi\u0105zku z procedur\u0105 odnowienia doktoratu <strong><a href=\"https:\/\/mariangorynia.pl\/wp-content\/uploads\/Kleer_recenzja_odnowienie_doktoratu_Gorynia_2013.pdf\"><span style=\"color: blue\"> [pobierz]<\/a><\/strong><\/li><li>M. Gorynia, <strong><em>Recenzja dorobku Profesora Willema Molle<\/em><\/strong> w zwi\u0105zku z procedur\u0105 nadania Mu tytu\u0142u doktora honoris causa przez Uniwersytet Gda\u0144ski <strong><a href=\"https:\/\/mariangorynia.pl\/wp-content\/uploads\/Molle_recenzja_DHC_Gorynia_2013.pdf\"><span style=\"color: blue\"> [pobierz]<\/a><\/strong><\/li><li>M. Gorynia, <strong><em>Recenzja dorobku Profesora Oliviera Blancharda<\/em><\/strong> w zwi\u0105zku z procedur\u0105 nadania Mu tytu\u0142u doktora honoris causa przez Uniwersytet Ekonomiczny w Krakowie <strong><a href=\"https:\/\/mariangorynia.pl\/wp-content\/uploads\/Blanchard_recenzja_DHC_Gorynia_2010.pdf\"><span style=\"color: blue\"> [pobierz]<\/a><\/strong><\/li><li>M. Gorynia, <strong><em>Review of the achievements of Professor Olivier Blanchard<\/em><\/strong> in regard to the award of the title of doctor honoris causa by the Cracow University of Economics <strong><a href=\"https:\/\/mariangorynia.pl\/wp-content\/uploads\/Blanchard_recenzja_ang_DHC_Gorynia_2010.pdf\"><span style=\"color: blue\"> [pobierz]<\/a><\/strong><\/li><li>M. Gorynia, <strong><em>Recenzja dorobku Profesora Leszka Balcerowicza<\/em><\/strong> w zwi\u0105zku z procedur\u0105 nadania Mu tytu\u0142u doktora honoris causa przez Uniwersytet Ekonomiczny w Krakowie <strong><a href=\"https:\/\/mariangorynia.pl\/wp-content\/uploads\/Balcerowicz_recenzja_DHC_Gorynia_2010.pdf\"><span style=\"color: blue\"> [pobierz]<\/a><\/strong><\/li><\/ul>\n","protected":false},"excerpt":{"rendered":"<p>M. Gorynia, Laudacja Profesora Dani Rodrika w zwi\u0105zku z procedur\u0105 nadania Mu tytu\u0142u Profesora Honorowego Uniwersytetu Ekonomicznego w Poznaniu [pobierz] M. Gorynia, Laudacja Profesora Jerzego Hausnera w zwi\u0105zku z procedur\u0105 nadania Mu tytu\u0142u Profesora Honorowego Uniwersytetu Ekonomicznego w Krakowie [pobierz]&hellip;&nbsp;<a href=\"https:\/\/mariangorynia.pl\/?page_id=708\" class=\"more-link\">Read More<\/a><\/p>\n","protected":false},"author":1,"featured_media":0,"parent":0,"menu_order":0,"comment_status":"closed","ping_status":"closed","template":"","meta":{"footnotes":""},"class_list":["post-708","page","type-page","status-publish","hentry"],"_links":{"self":[{"href":"https:\/\/mariangorynia.pl\/index.php?rest_route=\/wp\/v2\/pages\/708"}],"collection":[{"href":"https:\/\/mariangorynia.pl\/index.php?rest_route=\/wp\/v2\/pages"}],"about":[{"href":"https:\/\/mariangorynia.pl\/index.php?rest_route=\/wp\/v2\/types\/page"}],"author":[{"embeddable":true,"href":"https:\/\/mariangorynia.pl\/index.php?rest_route=\/wp\/v2\/users\/1"}],"replies":[{"embeddable":true,"href":"https:\/\/mariangorynia.pl\/index.php?rest_route=%2Fwp%2Fv2%2Fcomments&post=708"}],"version-history":[{"count":13,"href":"https:\/\/mariangorynia.pl\/index.php?rest_route=\/wp\/v2\/pages\/708\/revisions"}],"predecessor-version":[{"id":9033,"href":"https:\/\/mariangorynia.pl\/index.php?rest_route=\/wp\/v2\/pages\/708\/revisions\/9033"}],"wp:attachment":[{"href":"https:\/\/mariangorynia.pl\/index.php?rest_route=%2Fwp%2Fv2%2Fmedia&parent=708"}],"curies":[{"name":"wp","href":"https:\/\/api.w.org\/{rel}","templated":true}]}}