{"id":7992,"date":"2024-04-29T08:06:40","date_gmt":"2024-04-29T06:06:40","guid":{"rendered":"https:\/\/mariangorynia.pl\/?page_id=7992"},"modified":"2024-04-29T08:06:40","modified_gmt":"2024-04-29T06:06:40","slug":"16-pko-poznan-polmaraton-14-04-2024","status":"publish","type":"page","link":"https:\/\/mariangorynia.pl\/?page_id=7992","title":{"rendered":"16. PKO Pozna\u0144 P\u00f3\u0142maraton &#8211; 14.04.2024"},"content":{"rendered":"\n<p>Oficjalna strona wydarzenia, wyniki <a href=\"https:\/\/halfmarathon.poznan.pl\/\"><strong>[TUTAJ]<\/strong><\/a><\/p>\n\n\n\n<figure class=\"wp-block-gallery has-nested-images columns-default is-cropped wp-block-gallery-1 is-layout-flex wp-block-gallery-is-layout-flex\">\n<figure class=\"wp-block-image size-large\"><img loading=\"lazy\" decoding=\"async\" width=\"768\" height=\"1024\" data-id=\"7994\" src=\"https:\/\/mariangorynia.pl\/wp-content\/uploads\/436470297_7059330084193648_2443805466063611509_n-768x1024.jpg\" alt=\"\" class=\"wp-image-7994\" srcset=\"https:\/\/mariangorynia.pl\/wp-content\/uploads\/436470297_7059330084193648_2443805466063611509_n-768x1024.jpg 768w, https:\/\/mariangorynia.pl\/wp-content\/uploads\/436470297_7059330084193648_2443805466063611509_n-225x300.jpg 225w, https:\/\/mariangorynia.pl\/wp-content\/uploads\/436470297_7059330084193648_2443805466063611509_n-1152x1536.jpg 1152w, https:\/\/mariangorynia.pl\/wp-content\/uploads\/436470297_7059330084193648_2443805466063611509_n-203x270.jpg 203w, https:\/\/mariangorynia.pl\/wp-content\/uploads\/436470297_7059330084193648_2443805466063611509_n.jpg 1200w\" sizes=\"(max-width: 768px) 100vw, 768px\" \/><\/figure>\n\n\n\n<figure class=\"wp-block-image size-large\"><img loading=\"lazy\" decoding=\"async\" width=\"1024\" height=\"768\" data-id=\"7993\" src=\"https:\/\/mariangorynia.pl\/wp-content\/uploads\/436401884_7059330040860319_9009781750322815992_n-1024x768.jpg\" alt=\"\" class=\"wp-image-7993\" srcset=\"https:\/\/mariangorynia.pl\/wp-content\/uploads\/436401884_7059330040860319_9009781750322815992_n-1024x768.jpg 1024w, https:\/\/mariangorynia.pl\/wp-content\/uploads\/436401884_7059330040860319_9009781750322815992_n-300x225.jpg 300w, https:\/\/mariangorynia.pl\/wp-content\/uploads\/436401884_7059330040860319_9009781750322815992_n-768x576.jpg 768w, https:\/\/mariangorynia.pl\/wp-content\/uploads\/436401884_7059330040860319_9009781750322815992_n-1536x1152.jpg 1536w, https:\/\/mariangorynia.pl\/wp-content\/uploads\/436401884_7059330040860319_9009781750322815992_n-360x270.jpg 360w, https:\/\/mariangorynia.pl\/wp-content\/uploads\/436401884_7059330040860319_9009781750322815992_n.jpg 2000w\" sizes=\"(max-width: 1024px) 100vw, 1024px\" \/><\/figure>\n\n\n\n<figure class=\"wp-block-image size-large\"><img loading=\"lazy\" decoding=\"async\" width=\"1024\" height=\"768\" data-id=\"7995\" src=\"https:\/\/mariangorynia.pl\/wp-content\/uploads\/436408482_7059330200860303_3872470102629431286_n-1024x768.jpg\" alt=\"\" class=\"wp-image-7995\" srcset=\"https:\/\/mariangorynia.pl\/wp-content\/uploads\/436408482_7059330200860303_3872470102629431286_n-1024x768.jpg 1024w, https:\/\/mariangorynia.pl\/wp-content\/uploads\/436408482_7059330200860303_3872470102629431286_n-300x225.jpg 300w, https:\/\/mariangorynia.pl\/wp-content\/uploads\/436408482_7059330200860303_3872470102629431286_n-768x576.jpg 768w, https:\/\/mariangorynia.pl\/wp-content\/uploads\/436408482_7059330200860303_3872470102629431286_n-1536x1152.jpg 1536w, https:\/\/mariangorynia.pl\/wp-content\/uploads\/436408482_7059330200860303_3872470102629431286_n-360x270.jpg 360w, https:\/\/mariangorynia.pl\/wp-content\/uploads\/436408482_7059330200860303_3872470102629431286_n.jpg 2000w\" sizes=\"(max-width: 1024px) 100vw, 1024px\" \/><\/figure>\n<\/figure>\n","protected":false},"excerpt":{"rendered":"<p>Oficjalna strona wydarzenia, wyniki [TUTAJ]<\/p>\n","protected":false},"author":1,"featured_media":0,"parent":0,"menu_order":0,"comment_status":"closed","ping_status":"closed","template":"","meta":{"footnotes":""},"class_list":["post-7992","page","type-page","status-publish","hentry"],"_links":{"self":[{"href":"https:\/\/mariangorynia.pl\/index.php?rest_route=\/wp\/v2\/pages\/7992"}],"collection":[{"href":"https:\/\/mariangorynia.pl\/index.php?rest_route=\/wp\/v2\/pages"}],"about":[{"href":"https:\/\/mariangorynia.pl\/index.php?rest_route=\/wp\/v2\/types\/page"}],"author":[{"embeddable":true,"href":"https:\/\/mariangorynia.pl\/index.php?rest_route=\/wp\/v2\/users\/1"}],"replies":[{"embeddable":true,"href":"https:\/\/mariangorynia.pl\/index.php?rest_route=%2Fwp%2Fv2%2Fcomments&post=7992"}],"version-history":[{"count":1,"href":"https:\/\/mariangorynia.pl\/index.php?rest_route=\/wp\/v2\/pages\/7992\/revisions"}],"predecessor-version":[{"id":7996,"href":"https:\/\/mariangorynia.pl\/index.php?rest_route=\/wp\/v2\/pages\/7992\/revisions\/7996"}],"wp:attachment":[{"href":"https:\/\/mariangorynia.pl\/index.php?rest_route=%2Fwp%2Fv2%2Fmedia&parent=7992"}],"curies":[{"name":"wp","href":"https:\/\/api.w.org\/{rel}","templated":true}]}}