{"id":8081,"date":"2024-06-01T11:28:38","date_gmt":"2024-06-01T09:28:38","guid":{"rendered":"https:\/\/mariangorynia.pl\/?page_id=8081"},"modified":"2024-06-01T11:28:40","modified_gmt":"2024-06-01T09:28:40","slug":"bieg-lwa-polmaraton-w-tarnowie-podgornym-18-05-2024","status":"publish","type":"page","link":"https:\/\/mariangorynia.pl\/?page_id=8081","title":{"rendered":"Bieg Lwa &#8211; P\u00f3\u0142maraton w Tarnowie Podg\u00f3rnym &#8211; 18.05.2024"},"content":{"rendered":"\n<p>Strona wydarzenia <a href=\"https:\/\/bieglwa.pl\/\">[TUTAJ]<\/a><\/p>\n\n\n\n<p><strong>Wyniki <a href=\"https:\/\/nowa.domtel-sport.pl\/wyniki,zawody,5813\">[TUTAJ]<\/a><\/strong><\/p>\n\n\n\n<figure class=\"wp-block-gallery has-nested-images columns-default is-cropped wp-block-gallery-1 is-layout-flex wp-block-gallery-is-layout-flex\">\n<figure class=\"wp-block-image size-large\"><img loading=\"lazy\" decoding=\"async\" width=\"1024\" height=\"462\" data-id=\"8083\" src=\"https:\/\/mariangorynia.pl\/wp-content\/uploads\/IMG-20240518-WA0012-1024x462.jpg\" alt=\"\" class=\"wp-image-8083\" srcset=\"https:\/\/mariangorynia.pl\/wp-content\/uploads\/IMG-20240518-WA0012-1024x462.jpg 1024w, https:\/\/mariangorynia.pl\/wp-content\/uploads\/IMG-20240518-WA0012-300x135.jpg 300w, https:\/\/mariangorynia.pl\/wp-content\/uploads\/IMG-20240518-WA0012-768x347.jpg 768w, https:\/\/mariangorynia.pl\/wp-content\/uploads\/IMG-20240518-WA0012-1536x694.jpg 1536w, https:\/\/mariangorynia.pl\/wp-content\/uploads\/IMG-20240518-WA0012-360x163.jpg 360w, https:\/\/mariangorynia.pl\/wp-content\/uploads\/IMG-20240518-WA0012.jpg 1599w\" sizes=\"(max-width: 1024px) 100vw, 1024px\" \/><\/figure>\n\n\n\n<figure class=\"wp-block-image size-large\"><img loading=\"lazy\" decoding=\"async\" width=\"1024\" height=\"461\" data-id=\"8084\" src=\"https:\/\/mariangorynia.pl\/wp-content\/uploads\/IMG-20240518-WA0008-1024x461.jpg\" alt=\"\" class=\"wp-image-8084\" srcset=\"https:\/\/mariangorynia.pl\/wp-content\/uploads\/IMG-20240518-WA0008-1024x461.jpg 1024w, https:\/\/mariangorynia.pl\/wp-content\/uploads\/IMG-20240518-WA0008-300x135.jpg 300w, https:\/\/mariangorynia.pl\/wp-content\/uploads\/IMG-20240518-WA0008-768x346.jpg 768w, https:\/\/mariangorynia.pl\/wp-content\/uploads\/IMG-20240518-WA0008-1536x691.jpg 1536w, https:\/\/mariangorynia.pl\/wp-content\/uploads\/IMG-20240518-WA0008-360x162.jpg 360w, https:\/\/mariangorynia.pl\/wp-content\/uploads\/IMG-20240518-WA0008.jpg 1600w\" sizes=\"(max-width: 1024px) 100vw, 1024px\" \/><\/figure>\n\n\n\n<figure class=\"wp-block-image size-full\"><img loading=\"lazy\" decoding=\"async\" width=\"1024\" height=\"768\" data-id=\"8087\" src=\"https:\/\/mariangorynia.pl\/wp-content\/uploads\/20240519_092210_2-rotated.jpg\" alt=\"\" class=\"wp-image-8087\" srcset=\"https:\/\/mariangorynia.pl\/wp-content\/uploads\/20240519_092210_2-rotated.jpg 1024w, https:\/\/mariangorynia.pl\/wp-content\/uploads\/20240519_092210_2-300x225.jpg 300w, https:\/\/mariangorynia.pl\/wp-content\/uploads\/20240519_092210_2-768x576.jpg 768w, https:\/\/mariangorynia.pl\/wp-content\/uploads\/20240519_092210_2-360x270.jpg 360w\" sizes=\"(max-width: 1024px) 100vw, 1024px\" \/><\/figure>\n<\/figure>\n","protected":false},"excerpt":{"rendered":"<p>Strona wydarzenia [TUTAJ] Wyniki [TUTAJ]<\/p>\n","protected":false},"author":1,"featured_media":0,"parent":0,"menu_order":0,"comment_status":"closed","ping_status":"closed","template":"","meta":{"footnotes":""},"class_list":["post-8081","page","type-page","status-publish","hentry"],"_links":{"self":[{"href":"https:\/\/mariangorynia.pl\/index.php?rest_route=\/wp\/v2\/pages\/8081"}],"collection":[{"href":"https:\/\/mariangorynia.pl\/index.php?rest_route=\/wp\/v2\/pages"}],"about":[{"href":"https:\/\/mariangorynia.pl\/index.php?rest_route=\/wp\/v2\/types\/page"}],"author":[{"embeddable":true,"href":"https:\/\/mariangorynia.pl\/index.php?rest_route=\/wp\/v2\/users\/1"}],"replies":[{"embeddable":true,"href":"https:\/\/mariangorynia.pl\/index.php?rest_route=%2Fwp%2Fv2%2Fcomments&post=8081"}],"version-history":[{"count":1,"href":"https:\/\/mariangorynia.pl\/index.php?rest_route=\/wp\/v2\/pages\/8081\/revisions"}],"predecessor-version":[{"id":8088,"href":"https:\/\/mariangorynia.pl\/index.php?rest_route=\/wp\/v2\/pages\/8081\/revisions\/8088"}],"wp:attachment":[{"href":"https:\/\/mariangorynia.pl\/index.php?rest_route=%2Fwp%2Fv2%2Fmedia&parent=8081"}],"curies":[{"name":"wp","href":"https:\/\/api.w.org\/{rel}","templated":true}]}}