{"id":8282,"date":"2024-09-19T14:21:13","date_gmt":"2024-09-19T12:21:13","guid":{"rendered":"https:\/\/mariangorynia.pl\/?page_id=8282"},"modified":"2024-09-19T14:24:18","modified_gmt":"2024-09-19T12:24:18","slug":"47-polmaraton-lechitow-15-09-2024","status":"publish","type":"page","link":"https:\/\/mariangorynia.pl\/?page_id=8282","title":{"rendered":"47. P\u00f3\u0142maraton Lechit\u00f3w &#8211; 15.09.2024"},"content":{"rendered":"\n<p><a href=\"https:\/\/bieglechitow.pl\/\"><strong>Strona wydarzenia<\/strong><\/a><\/p>\n\n\n\n<figure class=\"wp-block-gallery has-nested-images columns-default is-cropped wp-block-gallery-1 is-layout-flex wp-block-gallery-is-layout-flex\">\n<figure class=\"wp-block-image size-large\"><img loading=\"lazy\" decoding=\"async\" width=\"768\" height=\"1024\" data-id=\"8287\" src=\"https:\/\/mariangorynia.pl\/wp-content\/uploads\/20240915_174247-min-768x1024.jpg\" alt=\"\" class=\"wp-image-8287\" srcset=\"https:\/\/mariangorynia.pl\/wp-content\/uploads\/20240915_174247-min-768x1024.jpg 768w, https:\/\/mariangorynia.pl\/wp-content\/uploads\/20240915_174247-min-225x300.jpg 225w, https:\/\/mariangorynia.pl\/wp-content\/uploads\/20240915_174247-min-1152x1536.jpg 1152w, https:\/\/mariangorynia.pl\/wp-content\/uploads\/20240915_174247-min-1536x2048.jpg 1536w, https:\/\/mariangorynia.pl\/wp-content\/uploads\/20240915_174247-min-203x270.jpg 203w, https:\/\/mariangorynia.pl\/wp-content\/uploads\/20240915_174247-min-scaled.jpg 1920w\" sizes=\"(max-width: 768px) 100vw, 768px\" \/><\/figure>\n\n\n\n<figure class=\"wp-block-image size-large\"><img loading=\"lazy\" decoding=\"async\" width=\"768\" height=\"1024\" data-id=\"8285\" src=\"https:\/\/mariangorynia.pl\/wp-content\/uploads\/20240915_124733-min-768x1024.jpg\" alt=\"\" class=\"wp-image-8285\" srcset=\"https:\/\/mariangorynia.pl\/wp-content\/uploads\/20240915_124733-min-768x1024.jpg 768w, https:\/\/mariangorynia.pl\/wp-content\/uploads\/20240915_124733-min-225x300.jpg 225w, https:\/\/mariangorynia.pl\/wp-content\/uploads\/20240915_124733-min-1152x1536.jpg 1152w, https:\/\/mariangorynia.pl\/wp-content\/uploads\/20240915_124733-min-1536x2048.jpg 1536w, https:\/\/mariangorynia.pl\/wp-content\/uploads\/20240915_124733-min-203x270.jpg 203w, https:\/\/mariangorynia.pl\/wp-content\/uploads\/20240915_124733-min-scaled.jpg 1920w\" sizes=\"(max-width: 768px) 100vw, 768px\" \/><\/figure>\n\n\n\n<figure class=\"wp-block-image size-large\"><img loading=\"lazy\" decoding=\"async\" width=\"1024\" height=\"768\" data-id=\"8288\" src=\"https:\/\/mariangorynia.pl\/wp-content\/uploads\/20240915_105217-min-1024x768.jpg\" alt=\"\" class=\"wp-image-8288\" srcset=\"https:\/\/mariangorynia.pl\/wp-content\/uploads\/20240915_105217-min-1024x768.jpg 1024w, https:\/\/mariangorynia.pl\/wp-content\/uploads\/20240915_105217-min-300x225.jpg 300w, https:\/\/mariangorynia.pl\/wp-content\/uploads\/20240915_105217-min-768x576.jpg 768w, https:\/\/mariangorynia.pl\/wp-content\/uploads\/20240915_105217-min-1536x1152.jpg 1536w, https:\/\/mariangorynia.pl\/wp-content\/uploads\/20240915_105217-min-2048x1536.jpg 2048w, https:\/\/mariangorynia.pl\/wp-content\/uploads\/20240915_105217-min-360x270.jpg 360w\" sizes=\"(max-width: 1024px) 100vw, 1024px\" \/><\/figure>\n\n\n\n<figure class=\"wp-block-image size-large\"><img loading=\"lazy\" decoding=\"async\" width=\"1024\" height=\"683\" data-id=\"8289\" src=\"https:\/\/mariangorynia.pl\/wp-content\/uploads\/d08e331816e02a4d88f02c1dc558c17e-min-1024x683.jpg\" alt=\"\" class=\"wp-image-8289\" srcset=\"https:\/\/mariangorynia.pl\/wp-content\/uploads\/d08e331816e02a4d88f02c1dc558c17e-min-1024x683.jpg 1024w, https:\/\/mariangorynia.pl\/wp-content\/uploads\/d08e331816e02a4d88f02c1dc558c17e-min-300x200.jpg 300w, https:\/\/mariangorynia.pl\/wp-content\/uploads\/d08e331816e02a4d88f02c1dc558c17e-min-768x512.jpg 768w, https:\/\/mariangorynia.pl\/wp-content\/uploads\/d08e331816e02a4d88f02c1dc558c17e-min-1536x1024.jpg 1536w, https:\/\/mariangorynia.pl\/wp-content\/uploads\/d08e331816e02a4d88f02c1dc558c17e-min-2048x1365.jpg 2048w, https:\/\/mariangorynia.pl\/wp-content\/uploads\/d08e331816e02a4d88f02c1dc558c17e-min-360x240.jpg 360w\" sizes=\"(max-width: 1024px) 100vw, 1024px\" \/><\/figure>\n\n\n\n<figure class=\"wp-block-image size-large\"><img loading=\"lazy\" decoding=\"async\" width=\"768\" height=\"1024\" data-id=\"8286\" src=\"https:\/\/mariangorynia.pl\/wp-content\/uploads\/20240915_081055-min-768x1024.jpg\" alt=\"\" class=\"wp-image-8286\" srcset=\"https:\/\/mariangorynia.pl\/wp-content\/uploads\/20240915_081055-min-768x1024.jpg 768w, https:\/\/mariangorynia.pl\/wp-content\/uploads\/20240915_081055-min-225x300.jpg 225w, https:\/\/mariangorynia.pl\/wp-content\/uploads\/20240915_081055-min-1152x1536.jpg 1152w, https:\/\/mariangorynia.pl\/wp-content\/uploads\/20240915_081055-min-1536x2048.jpg 1536w, https:\/\/mariangorynia.pl\/wp-content\/uploads\/20240915_081055-min-203x270.jpg 203w, https:\/\/mariangorynia.pl\/wp-content\/uploads\/20240915_081055-min-scaled.jpg 1920w\" sizes=\"(max-width: 768px) 100vw, 768px\" \/><\/figure>\n<\/figure>\n","protected":false},"excerpt":{"rendered":"<p>Strona wydarzenia<\/p>\n","protected":false},"author":1,"featured_media":0,"parent":0,"menu_order":0,"comment_status":"closed","ping_status":"closed","template":"","meta":{"footnotes":""},"class_list":["post-8282","page","type-page","status-publish","hentry"],"_links":{"self":[{"href":"https:\/\/mariangorynia.pl\/index.php?rest_route=\/wp\/v2\/pages\/8282"}],"collection":[{"href":"https:\/\/mariangorynia.pl\/index.php?rest_route=\/wp\/v2\/pages"}],"about":[{"href":"https:\/\/mariangorynia.pl\/index.php?rest_route=\/wp\/v2\/types\/page"}],"author":[{"embeddable":true,"href":"https:\/\/mariangorynia.pl\/index.php?rest_route=\/wp\/v2\/users\/1"}],"replies":[{"embeddable":true,"href":"https:\/\/mariangorynia.pl\/index.php?rest_route=%2Fwp%2Fv2%2Fcomments&post=8282"}],"version-history":[{"count":2,"href":"https:\/\/mariangorynia.pl\/index.php?rest_route=\/wp\/v2\/pages\/8282\/revisions"}],"predecessor-version":[{"id":8291,"href":"https:\/\/mariangorynia.pl\/index.php?rest_route=\/wp\/v2\/pages\/8282\/revisions\/8291"}],"wp:attachment":[{"href":"https:\/\/mariangorynia.pl\/index.php?rest_route=%2Fwp%2Fv2%2Fmedia&parent=8282"}],"curies":[{"name":"wp","href":"https:\/\/api.w.org\/{rel}","templated":true}]}}