{"id":8439,"date":"2024-10-30T11:55:51","date_gmt":"2024-10-30T10:55:51","guid":{"rendered":"https:\/\/mariangorynia.pl\/?page_id=8439"},"modified":"2024-10-30T11:55:51","modified_gmt":"2024-10-30T10:55:51","slug":"i-bieg-crossowy-w-gostyniu-bieg-z-okazji-100-lecia-liceum-w-gostyniu","status":"publish","type":"page","link":"https:\/\/mariangorynia.pl\/?page_id=8439","title":{"rendered":"I Bieg Crossowy w Gostyniu &#8211; Bieg z okazji 100-lecia liceum w Gostyniu"},"content":{"rendered":"\n<p>Ponad 70 os\u00f3b wzi\u0119\u0142o udzia\u0142 w I Biegu Crossowym, zorganizowanym z okazji 100-lecia Zespo\u0142u Szk\u00f3\u0142 Og\u00f3lnokszta\u0142c\u0105cych w Gostyniu. Sportowym akcentem rozpocz\u0119to uroczysto\u015bci, kt\u00f3re potrwaj\u0105 ca\u0142y dzie\u0144. Wsp\u00f3lny bieg by\u0142 okazj\u0105 do spotkania si\u0119 kilku pokole\u0144 absolwent\u00f3w gosty\u0144skiego liceum.<\/p>\n\n\n\n<p>Wi\u0119cej informacji o biegu pod adresem: <a href=\"https:\/\/gostynska.pl\/kultura\/bieg-z-okazji-100-lecia-liceum-w-gostyniu-na-trasie-spotkalo-sie-kilka-pokolen-uczniow-i-absolwentow\/9yBsNFKnIVRDFO2jFsqw\">https:\/\/gostynska.pl\/kultura\/bieg-z-okazji-100-lecia-liceum-w-gostyniu-na-trasie-spotkalo-sie-kilka-pokolen-uczniow-i-absolwentow\/9yBsNFKnIVRDFO2jFsqw<\/a> <\/p>\n\n\n\n<figure class=\"wp-block-gallery has-nested-images columns-default is-cropped wp-block-gallery-1 is-layout-flex wp-block-gallery-is-layout-flex\">\n<figure class=\"wp-block-image size-large\"><img loading=\"lazy\" decoding=\"async\" width=\"1024\" height=\"649\" data-id=\"8444\" src=\"https:\/\/mariangorynia.pl\/wp-content\/uploads\/gostyn_3-1024x649.jpg\" alt=\"\" class=\"wp-image-8444\" srcset=\"https:\/\/mariangorynia.pl\/wp-content\/uploads\/gostyn_3-1024x649.jpg 1024w, https:\/\/mariangorynia.pl\/wp-content\/uploads\/gostyn_3-300x190.jpg 300w, https:\/\/mariangorynia.pl\/wp-content\/uploads\/gostyn_3-768x487.jpg 768w, https:\/\/mariangorynia.pl\/wp-content\/uploads\/gostyn_3-360x228.jpg 360w, https:\/\/mariangorynia.pl\/wp-content\/uploads\/gostyn_3.jpg 1317w\" sizes=\"(max-width: 1024px) 100vw, 1024px\" \/><\/figure>\n\n\n\n<figure class=\"wp-block-image size-large\"><img loading=\"lazy\" decoding=\"async\" width=\"1024\" height=\"640\" data-id=\"8443\" src=\"https:\/\/mariangorynia.pl\/wp-content\/uploads\/gostyn_2-1024x640.jpg\" alt=\"\" class=\"wp-image-8443\" srcset=\"https:\/\/mariangorynia.pl\/wp-content\/uploads\/gostyn_2-1024x640.jpg 1024w, https:\/\/mariangorynia.pl\/wp-content\/uploads\/gostyn_2-300x187.jpg 300w, https:\/\/mariangorynia.pl\/wp-content\/uploads\/gostyn_2-768x480.jpg 768w, https:\/\/mariangorynia.pl\/wp-content\/uploads\/gostyn_2-360x225.jpg 360w, https:\/\/mariangorynia.pl\/wp-content\/uploads\/gostyn_2.jpg 1305w\" sizes=\"(max-width: 1024px) 100vw, 1024px\" \/><\/figure>\n\n\n\n<figure class=\"wp-block-image size-large\"><img loading=\"lazy\" decoding=\"async\" width=\"575\" height=\"431\" data-id=\"8442\" src=\"https:\/\/mariangorynia.pl\/wp-content\/uploads\/gostyn_1.jpg\" alt=\"\" class=\"wp-image-8442\" srcset=\"https:\/\/mariangorynia.pl\/wp-content\/uploads\/gostyn_1.jpg 575w, https:\/\/mariangorynia.pl\/wp-content\/uploads\/gostyn_1-300x225.jpg 300w, https:\/\/mariangorynia.pl\/wp-content\/uploads\/gostyn_1-360x270.jpg 360w\" sizes=\"(max-width: 575px) 100vw, 575px\" \/><\/figure>\n<\/figure>\n","protected":false},"excerpt":{"rendered":"<p>Ponad 70 os\u00f3b wzi\u0119\u0142o udzia\u0142 w I Biegu Crossowym, zorganizowanym z okazji 100-lecia Zespo\u0142u Szk\u00f3\u0142 Og\u00f3lnokszta\u0142c\u0105cych w Gostyniu. Sportowym akcentem rozpocz\u0119to uroczysto\u015bci, kt\u00f3re potrwaj\u0105 ca\u0142y dzie\u0144. Wsp\u00f3lny bieg by\u0142 okazj\u0105 do spotkania si\u0119 kilku pokole\u0144 absolwent\u00f3w gosty\u0144skiego liceum. Wi\u0119cej informacji&hellip;&nbsp;<a href=\"https:\/\/mariangorynia.pl\/?page_id=8439\" class=\"more-link\">Read More<\/a><\/p>\n","protected":false},"author":1,"featured_media":0,"parent":0,"menu_order":0,"comment_status":"closed","ping_status":"closed","template":"","meta":{"footnotes":""},"class_list":["post-8439","page","type-page","status-publish","hentry"],"_links":{"self":[{"href":"https:\/\/mariangorynia.pl\/index.php?rest_route=\/wp\/v2\/pages\/8439"}],"collection":[{"href":"https:\/\/mariangorynia.pl\/index.php?rest_route=\/wp\/v2\/pages"}],"about":[{"href":"https:\/\/mariangorynia.pl\/index.php?rest_route=\/wp\/v2\/types\/page"}],"author":[{"embeddable":true,"href":"https:\/\/mariangorynia.pl\/index.php?rest_route=\/wp\/v2\/users\/1"}],"replies":[{"embeddable":true,"href":"https:\/\/mariangorynia.pl\/index.php?rest_route=%2Fwp%2Fv2%2Fcomments&post=8439"}],"version-history":[{"count":1,"href":"https:\/\/mariangorynia.pl\/index.php?rest_route=\/wp\/v2\/pages\/8439\/revisions"}],"predecessor-version":[{"id":8445,"href":"https:\/\/mariangorynia.pl\/index.php?rest_route=\/wp\/v2\/pages\/8439\/revisions\/8445"}],"wp:attachment":[{"href":"https:\/\/mariangorynia.pl\/index.php?rest_route=%2Fwp%2Fv2%2Fmedia&parent=8439"}],"curies":[{"name":"wp","href":"https:\/\/api.w.org\/{rel}","templated":true}]}}