{"id":8469,"date":"2024-11-03T10:13:05","date_gmt":"2024-11-03T09:13:05","guid":{"rendered":"https:\/\/mariangorynia.pl\/?page_id=8469"},"modified":"2024-11-03T10:13:05","modified_gmt":"2024-11-03T09:13:05","slug":"podroze-fotografia","status":"publish","type":"page","link":"https:\/\/mariangorynia.pl\/?page_id=8469","title":{"rendered":"Podr\u00f3\u017ce &#8211; fotografia"},"content":{"rendered":"\n<p><strong>2016<\/strong><\/p>\n\n\n\n<ul class=\"wp-block-list\">\n<li><a href=\"https:\/\/mariangorynia.pl\/?page_id=7532\">Aalborg<\/a><\/li>\n\n\n\n<li><a href=\"https:\/\/mariangorynia.pl\/?page_id=7515\">Drezno<\/a><\/li>\n\n\n\n<li><a href=\"https:\/\/mariangorynia.pl\/?page_id=7505\">Karpacz<\/a><\/li>\n\n\n\n<li><a href=\"https:\/\/mariangorynia.pl\/?page_id=7489\">Madryt<\/a><\/li>\n\n\n\n<li><a href=\"https:\/\/mariangorynia.pl\/?page_id=7479\">Wroc\u0142aw<\/a><\/li>\n<\/ul>\n\n\n\n<p><strong>2015<\/strong><\/p>\n\n\n\n<ul class=\"wp-block-list\">\n<li><a href=\"https:\/\/mariangorynia.pl\/?page_id=7465\">Antwerpia<\/a><\/li>\n\n\n\n<li><a href=\"https:\/\/mariangorynia.pl\/?page_id=7456\">Bengaluru<\/a><\/li>\n\n\n\n<li><a href=\"https:\/\/mariangorynia.pl\/?page_id=7447\">Harvard<\/a><\/li>\n\n\n\n<li><a href=\"https:\/\/mariangorynia.pl\/?page_id=7439\">Livigno<\/a><\/li>\n\n\n\n<li><a href=\"https:\/\/mariangorynia.pl\/?page_id=7431\">Pary\u017c<\/a><\/li>\n\n\n\n<li>Rio de Janeiro<\/li>\n\n\n\n<li><a href=\"https:\/\/mariangorynia.pl\/?page_id=7423\">Szpindlerowy M\u0142yn<\/a><\/li>\n<\/ul>\n\n\n\n<p><strong>2014<\/strong><\/p>\n\n\n\n<ul class=\"wp-block-list\">\n<li><a href=\"https:\/\/mariangorynia.pl\/?page_id=7411\">Bawaria<\/a><\/li>\n\n\n\n<li><a href=\"https:\/\/mariangorynia.pl\/?page_id=7401\">Gda\u0144sk<\/a><\/li>\n\n\n\n<li><a href=\"https:\/\/mariangorynia.pl\/?page_id=7393\">Geneva<\/a><\/li>\n\n\n\n<li><a href=\"https:\/\/mariangorynia.pl\/?page_id=7384\">Louvain<\/a><\/li>\n\n\n\n<li><a href=\"https:\/\/mariangorynia.pl\/?page_id=7363\">Rio de Janeiro<\/a><\/li>\n<\/ul>\n\n\n\n<p><strong>2013<\/strong><\/p>\n\n\n\n<ul class=\"wp-block-list\">\n<li><a href=\"https:\/\/mariangorynia.pl\/?page_id=7342\">Gandawa<\/a><\/li>\n\n\n\n<li><a href=\"https:\/\/mariangorynia.pl\/?page_id=7320\">Kos<\/a><\/li>\n\n\n\n<li><a href=\"https:\/\/mariangorynia.pl\/?page_id=7281\">Portugalia<\/a><\/li>\n\n\n\n<li><a href=\"https:\/\/mariangorynia.pl\/?page_id=7258\">Taiwan<\/a><\/li>\n\n\n\n<li><a href=\"https:\/\/mariangorynia.pl\/?page_id=7247\">Wojan\u00f3w<\/a><\/li>\n<\/ul>\n\n\n\n<p><strong>2012<\/strong><\/p>\n\n\n\n<ul class=\"wp-block-list\">\n<li><a href=\"https:\/\/mariangorynia.pl\/?page_id=7230\">Burgundia<\/a><\/li>\n\n\n\n<li><a href=\"https:\/\/mariangorynia.pl\/?page_id=7218\">Czarnog\u00f3ra i Albania<\/a><\/li>\n\n\n\n<li><a href=\"https:\/\/mariangorynia.pl\/?page_id=7199\">Ja\u0144skie \u0141a\u017anie<\/a><\/li>\n\n\n\n<li><a href=\"https:\/\/mariangorynia.pl\/?page_id=7182\">Mediolan i okolice<\/a><\/li>\n\n\n\n<li><a href=\"https:\/\/mariangorynia.pl\/?page_id=7165\">Peru<\/a><\/li>\n\n\n\n<li><a href=\"https:\/\/mariangorynia.pl\/?page_id=7155\">Petersburg i okolice<\/a><\/li>\n<\/ul>\n\n\n\n<p><strong>2011<\/strong><\/p>\n\n\n\n<ul class=\"wp-block-list\">\n<li><a href=\"https:\/\/mariangorynia.pl\/?page_id=7145\">Aarhus<\/a><\/li>\n\n\n\n<li><a href=\"https:\/\/mariangorynia.pl\/?page_id=7117\">Alzacja \/ J. Bode\u0144skie<\/a><\/li>\n\n\n\n<li><a href=\"https:\/\/mariangorynia.pl\/?page_id=7093\">Andaluzja<\/a><\/li>\n\n\n\n<li><a href=\"https:\/\/mariangorynia.pl\/?page_id=7077\">Bodrum<\/a><\/li>\n\n\n\n<li><a href=\"https:\/\/mariangorynia.pl\/?page_id=7070\">Rumunia<\/a><\/li>\n\n\n\n<li><a href=\"https:\/\/mariangorynia.pl\/?page_id=7047\">Singapur<\/a><\/li>\n\n\n\n<li><a href=\"https:\/\/mariangorynia.pl\/?page_id=7039\">W\u0142ochy<\/a><\/li>\n<\/ul>\n\n\n\n<p><strong>2010<\/strong><\/p>\n\n\n\n<ul class=\"wp-block-list\">\n<li><a href=\"https:\/\/mariangorynia.pl\/?page_id=7026\">Cambrils<\/a><\/li>\n\n\n\n<li><a href=\"https:\/\/mariangorynia.pl\/?page_id=7014\">Konya<\/a><\/li>\n\n\n\n<li><a href=\"https:\/\/mariangorynia.pl\/?page_id=6999\">Krak\u00f3w<\/a><\/li>\n\n\n\n<li><a href=\"https:\/\/mariangorynia.pl\/?page_id=6989\">Taunus<\/a><\/li>\n\n\n\n<li><a href=\"https:\/\/mariangorynia.pl\/?page_id=6891\">USA<\/a><\/li>\n\n\n\n<li>Zakopane<\/li>\n<\/ul>\n\n\n\n<p><strong>2009<\/strong><\/p>\n\n\n\n<ul class=\"wp-block-list\">\n<li><a href=\"https:\/\/mariangorynia.pl\/?page_id=6854\">Dubai<\/a><\/li>\n\n\n\n<li><a href=\"https:\/\/mariangorynia.pl\/?page_id=6833\">Eger<\/a><\/li>\n\n\n\n<li><a href=\"https:\/\/mariangorynia.pl\/?page_id=6816\">Praga<\/a><\/li>\n\n\n\n<li><a href=\"https:\/\/mariangorynia.pl\/?page_id=6787\">Rheingau<\/a><\/li>\n\n\n\n<li><a href=\"https:\/\/mariangorynia.pl\/?page_id=6761\">Tibilissi<\/a><\/li>\n\n\n\n<li><a href=\"https:\/\/mariangorynia.pl\/?page_id=6732\">Walencja<\/a><\/li>\n<\/ul>\n\n\n\n<p><strong>2008<\/strong><\/p>\n\n\n\n<ul class=\"wp-block-list\">\n<li><a href=\"https:\/\/mariangorynia.pl\/?page_id=6682\">Bu\u0142garia<\/a><\/li>\n\n\n\n<li><a href=\"https:\/\/mariangorynia.pl\/?page_id=6669\">Ciechocinek, Toru\u0144<\/a><\/li>\n\n\n\n<li><a href=\"https:\/\/mariangorynia.pl\/?page_id=6660\">Jezioro G\u00f3reckie<\/a><\/li>\n\n\n\n<li><a href=\"https:\/\/mariangorynia.pl\/?page_id=6648\">Buttzbach, Niemcy<\/a><\/li>\n\n\n\n<li><a href=\"https:\/\/mariangorynia.pl\/?page_id=6608\">Surinam<\/a><\/li>\n<\/ul>\n\n\n\n<p><strong>2007<\/strong><\/p>\n\n\n\n<ul class=\"wp-block-list\">\n<li><a href=\"https:\/\/mariangorynia.pl\/?page_id=6592\">Amsterdam<\/a><\/li>\n\n\n\n<li><a href=\"https:\/\/mariangorynia.pl\/?page_id=6558\">Egipt, Izrael, Jordania<\/a><\/li>\n\n\n\n<li><a href=\"https:\/\/mariangorynia.pl\/?page_id=6550\">Hesja<\/a><\/li>\n\n\n\n<li><a href=\"https:\/\/mariangorynia.pl\/?page_id=6537\">Katania<\/a><\/li>\n\n\n\n<li><a href=\"https:\/\/mariangorynia.pl\/?page_id=6507\">Kuba<\/a><\/li>\n\n\n\n<li><a href=\"https:\/\/mariangorynia.pl\/?page_id=6479\">Mazury<\/a><\/li>\n\n\n\n<li><a href=\"https:\/\/mariangorynia.pl\/?page_id=6460\">Rodos<\/a><\/li>\n\n\n\n<li><a href=\"https:\/\/mariangorynia.pl\/?page_id=6442\">Tallin<\/a><\/li>\n<\/ul>\n\n\n\n<p><strong>2006<\/strong><\/p>\n\n\n\n<ul class=\"wp-block-list\">\n<li><a href=\"https:\/\/mariangorynia.pl\/?page_id=6414\">Indie<\/a><\/li>\n\n\n\n<li><a href=\"https:\/\/mariangorynia.pl\/?page_id=6395\">Majorka<\/a><\/li>\n\n\n\n<li><a href=\"https:\/\/mariangorynia.pl\/?page_id=6363\">Malezja, Singapur<\/a><\/li>\n\n\n\n<li><a href=\"https:\/\/mariangorynia.pl\/?page_id=6347\">Pekin<\/a><\/li>\n\n\n\n<li><a href=\"https:\/\/mariangorynia.pl\/?page_id=6330\">Rzym<\/a><\/li>\n\n\n\n<li><a href=\"https:\/\/mariangorynia.pl\/?page_id=6304\">Szanghaj, Nankin<\/a><\/li>\n\n\n\n<li><a href=\"https:\/\/mariangorynia.pl\/?page_id=6264\">Toskania<\/a><\/li>\n<\/ul>\n\n\n\n<p><strong>2005<\/strong><\/p>\n\n\n\n<ul class=\"wp-block-list\">\n<li><a href=\"https:\/\/mariangorynia.pl\/?page_id=6250\">Baden Baden<\/a><\/li>\n\n\n\n<li><a href=\"https:\/\/mariangorynia.pl\/?page_id=6231\">Granada, Alhambra<\/a><\/li>\n\n\n\n<li><a href=\"https:\/\/mariangorynia.pl\/?page_id=6217\">Kordoba<\/a><\/li>\n\n\n\n<li><a href=\"https:\/\/mariangorynia.pl\/?page_id=6207\">RPA<\/a><\/li>\n\n\n\n<li><a href=\"https:\/\/mariangorynia.pl\/?page_id=6188\">Sewilla<\/a><\/li>\n\n\n\n<li><a href=\"https:\/\/mariangorynia.pl\/?page_id=6162\">Sycylia<\/a><\/li>\n<\/ul>\n\n\n\n<p><strong>2004<\/strong><\/p>\n\n\n\n<ul class=\"wp-block-list\">\n<li><a href=\"https:\/\/mariangorynia.pl\/?page_id=6097\">Chambery, Annecy<\/a><\/li>\n\n\n\n<li><a href=\"https:\/\/mariangorynia.pl\/?page_id=6142\">Krynica G\u00f3rska<\/a><\/li>\n\n\n\n<li><a href=\"https:\/\/mariangorynia.pl\/?page_id=6125\">Lizbona<\/a><\/li>\n\n\n\n<li><a href=\"https:\/\/mariangorynia.pl\/?page_id=6115\">Ryga<\/a><\/li>\n<\/ul>\n\n\n\n<p><strong>2003<\/strong><\/p>\n\n\n\n<ul class=\"wp-block-list\">\n<li><a href=\"https:\/\/mariangorynia.pl\/?page_id=6088\">Honkong<\/a><\/li>\n\n\n\n<li><a href=\"https:\/\/mariangorynia.pl\/?page_id=6066\">Kreta, Santorini<\/a><\/li>\n\n\n\n<li><a href=\"https:\/\/mariangorynia.pl\/?page_id=6052\">Mielno<\/a><\/li>\n\n\n\n<li><a href=\"https:\/\/mariangorynia.pl\/?page_id=6040\">Strasbourg<\/a><\/li>\n\n\n\n<li><a href=\"https:\/\/mariangorynia.pl\/?page_id=5513\">Vancouver, British Columbia<\/a><\/li>\n\n\n\n<li><a href=\"https:\/\/mariangorynia.pl\/?page_id=5501\">Wietnam<\/a><\/li>\n<\/ul>\n\n\n\n<p><\/p>\n","protected":false},"excerpt":{"rendered":"<p>2016 2015 2014 2013 2012 2011 2010 2009 2008 2007 2006 2005 2004 2003<\/p>\n","protected":false},"author":1,"featured_media":0,"parent":0,"menu_order":0,"comment_status":"closed","ping_status":"closed","template":"","meta":{"footnotes":""},"class_list":["post-8469","page","type-page","status-publish","hentry"],"_links":{"self":[{"href":"https:\/\/mariangorynia.pl\/index.php?rest_route=\/wp\/v2\/pages\/8469"}],"collection":[{"href":"https:\/\/mariangorynia.pl\/index.php?rest_route=\/wp\/v2\/pages"}],"about":[{"href":"https:\/\/mariangorynia.pl\/index.php?rest_route=\/wp\/v2\/types\/page"}],"author":[{"embeddable":true,"href":"https:\/\/mariangorynia.pl\/index.php?rest_route=\/wp\/v2\/users\/1"}],"replies":[{"embeddable":true,"href":"https:\/\/mariangorynia.pl\/index.php?rest_route=%2Fwp%2Fv2%2Fcomments&post=8469"}],"version-history":[{"count":1,"href":"https:\/\/mariangorynia.pl\/index.php?rest_route=\/wp\/v2\/pages\/8469\/revisions"}],"predecessor-version":[{"id":8470,"href":"https:\/\/mariangorynia.pl\/index.php?rest_route=\/wp\/v2\/pages\/8469\/revisions\/8470"}],"wp:attachment":[{"href":"https:\/\/mariangorynia.pl\/index.php?rest_route=%2Fwp%2Fv2%2Fmedia&parent=8469"}],"curies":[{"name":"wp","href":"https:\/\/api.w.org\/{rel}","templated":true}]}}