{"id":8609,"date":"2025-01-06T14:45:04","date_gmt":"2025-01-06T13:45:04","guid":{"rendered":"https:\/\/mariangorynia.pl\/?page_id=8609"},"modified":"2025-01-06T14:45:04","modified_gmt":"2025-01-06T13:45:04","slug":"refleksje","status":"publish","type":"page","link":"https:\/\/mariangorynia.pl\/?page_id=8609","title":{"rendered":"Refleksje"},"content":{"rendered":"\n<ul span style=\"color: black\"><li><em>Gar\u015b\u0107 refleksji absolwenta liceum<\/em> &#8211; Gosty\u0144 2010 <strong><a href=\"https:\/\/mariangorynia.pl\/wp-content\/uploads\/Gorynia_Garsc_refleksji_absolwenta_liceum_ogolnoksztalcacego_w_Gostyniu_2010.pdf\"><span style=\"color: blue\">[pobierz]<\/a><\/strong><\/li><li><em>Jan Kulczyk: przedsi\u0119biorca, filantrop, wizjoner<\/em> <strong><a href=\"https:\/\/mariangorynia.pl\/old\/prasa\/Jan_Kulczyk_tekst_BR.pdf\"><span style=\"color: blue\"> [pobierz]<\/a><\/strong><\/li><\/ul>\n","protected":false},"excerpt":{"rendered":"<p>Gar\u015b\u0107 refleksji absolwenta liceum &#8211; Gosty\u0144 2010 [pobierz] Jan Kulczyk: przedsi\u0119biorca, filantrop, wizjoner [pobierz]<\/p>\n","protected":false},"author":1,"featured_media":0,"parent":0,"menu_order":0,"comment_status":"closed","ping_status":"closed","template":"","meta":{"footnotes":""},"class_list":["post-8609","page","type-page","status-publish","hentry"],"_links":{"self":[{"href":"https:\/\/mariangorynia.pl\/index.php?rest_route=\/wp\/v2\/pages\/8609"}],"collection":[{"href":"https:\/\/mariangorynia.pl\/index.php?rest_route=\/wp\/v2\/pages"}],"about":[{"href":"https:\/\/mariangorynia.pl\/index.php?rest_route=\/wp\/v2\/types\/page"}],"author":[{"embeddable":true,"href":"https:\/\/mariangorynia.pl\/index.php?rest_route=\/wp\/v2\/users\/1"}],"replies":[{"embeddable":true,"href":"https:\/\/mariangorynia.pl\/index.php?rest_route=%2Fwp%2Fv2%2Fcomments&post=8609"}],"version-history":[{"count":1,"href":"https:\/\/mariangorynia.pl\/index.php?rest_route=\/wp\/v2\/pages\/8609\/revisions"}],"predecessor-version":[{"id":8610,"href":"https:\/\/mariangorynia.pl\/index.php?rest_route=\/wp\/v2\/pages\/8609\/revisions\/8610"}],"wp:attachment":[{"href":"https:\/\/mariangorynia.pl\/index.php?rest_route=%2Fwp%2Fv2%2Fmedia&parent=8609"}],"curies":[{"name":"wp","href":"https:\/\/api.w.org\/{rel}","templated":true}]}}