{"id":8694,"date":"2025-04-14T13:39:43","date_gmt":"2025-04-14T11:39:43","guid":{"rendered":"https:\/\/mariangorynia.pl\/?page_id=8694"},"modified":"2025-05-20T10:26:07","modified_gmt":"2025-05-20T08:26:07","slug":"pko-poznan-polmaraton-13-04-2025","status":"publish","type":"page","link":"https:\/\/mariangorynia.pl\/?page_id=8694","title":{"rendered":"PKO Pozna\u0144 P\u00f3\u0142maraton &#8211; 13.04.2025"},"content":{"rendered":"\n<div class=\"wp-block-group\"><div class=\"wp-block-group__inner-container is-layout-constrained wp-block-group-is-layout-constrained\">\n<figure class=\"wp-block-embed is-type-wp-embed is-provider-pozna-p-maraton wp-block-embed-pozna-p-maraton\"><div class=\"wp-block-embed__wrapper\">\n<blockquote class=\"wp-embedded-content\" data-secret=\"Nj7FfR4vz6\"><a href=\"https:\/\/halfmarathon.poznan.pl\/\">Stron g\u0142\u00f3wna<\/a><\/blockquote><iframe loading=\"lazy\" class=\"wp-embedded-content\" sandbox=\"allow-scripts\" security=\"restricted\" style=\"position: absolute; visibility: hidden;\" title=\"&#8222;Stron g\u0142\u00f3wna&#8221; &#8212; Pozna\u0144 P\u00f3\u0142maraton\" src=\"https:\/\/halfmarathon.poznan.pl\/embed\/#?secret=vt6wDnEPvr#?secret=Nj7FfR4vz6\" data-secret=\"Nj7FfR4vz6\" width=\"600\" height=\"338\" frameborder=\"0\" marginwidth=\"0\" marginheight=\"0\" scrolling=\"no\"><\/iframe>\n<\/div><\/figure>\n<\/div><\/div>\n\n\n\n<figure class=\"wp-block-gallery has-nested-images columns-default is-cropped wp-block-gallery-1 is-layout-flex wp-block-gallery-is-layout-flex\">\n<figure class=\"wp-block-image size-large\"><img loading=\"lazy\" decoding=\"async\" width=\"1024\" height=\"684\" data-id=\"8697\" src=\"https:\/\/mariangorynia.pl\/wp-content\/uploads\/120250413_183846-1024x684.jpg\" alt=\"\" class=\"wp-image-8697\" srcset=\"https:\/\/mariangorynia.pl\/wp-content\/uploads\/120250413_183846-1024x684.jpg 1024w, https:\/\/mariangorynia.pl\/wp-content\/uploads\/120250413_183846-300x200.jpg 300w, https:\/\/mariangorynia.pl\/wp-content\/uploads\/120250413_183846-768x513.jpg 768w, https:\/\/mariangorynia.pl\/wp-content\/uploads\/120250413_183846-1536x1026.jpg 1536w, https:\/\/mariangorynia.pl\/wp-content\/uploads\/120250413_183846-360x240.jpg 360w, https:\/\/mariangorynia.pl\/wp-content\/uploads\/120250413_183846.jpg 1641w\" sizes=\"(max-width: 1024px) 100vw, 1024px\" \/><\/figure>\n\n\n\n<figure class=\"wp-block-image size-large\"><img loading=\"lazy\" decoding=\"async\" width=\"1024\" height=\"768\" data-id=\"8699\" src=\"https:\/\/mariangorynia.pl\/wp-content\/uploads\/20250413_095825-1024x768.jpg\" alt=\"\" class=\"wp-image-8699\" srcset=\"https:\/\/mariangorynia.pl\/wp-content\/uploads\/20250413_095825-1024x768.jpg 1024w, https:\/\/mariangorynia.pl\/wp-content\/uploads\/20250413_095825-300x225.jpg 300w, https:\/\/mariangorynia.pl\/wp-content\/uploads\/20250413_095825-768x576.jpg 768w, https:\/\/mariangorynia.pl\/wp-content\/uploads\/20250413_095825-1536x1152.jpg 1536w, https:\/\/mariangorynia.pl\/wp-content\/uploads\/20250413_095825-2048x1536.jpg 2048w, https:\/\/mariangorynia.pl\/wp-content\/uploads\/20250413_095825-360x270.jpg 360w\" sizes=\"(max-width: 1024px) 100vw, 1024px\" \/><\/figure>\n\n\n\n<figure class=\"wp-block-image size-large\"><img loading=\"lazy\" decoding=\"async\" width=\"1024\" height=\"576\" data-id=\"8696\" src=\"https:\/\/mariangorynia.pl\/wp-content\/uploads\/159266d298bfc79f76791cc6f6a252da-172.20.23.120_01_20250413115811711_TIMING-1024x576.jpg\" alt=\"\" class=\"wp-image-8696\" srcset=\"https:\/\/mariangorynia.pl\/wp-content\/uploads\/159266d298bfc79f76791cc6f6a252da-172.20.23.120_01_20250413115811711_TIMING-1024x576.jpg 1024w, https:\/\/mariangorynia.pl\/wp-content\/uploads\/159266d298bfc79f76791cc6f6a252da-172.20.23.120_01_20250413115811711_TIMING-300x169.jpg 300w, https:\/\/mariangorynia.pl\/wp-content\/uploads\/159266d298bfc79f76791cc6f6a252da-172.20.23.120_01_20250413115811711_TIMING-768x432.jpg 768w, https:\/\/mariangorynia.pl\/wp-content\/uploads\/159266d298bfc79f76791cc6f6a252da-172.20.23.120_01_20250413115811711_TIMING-360x203.jpg 360w, https:\/\/mariangorynia.pl\/wp-content\/uploads\/159266d298bfc79f76791cc6f6a252da-172.20.23.120_01_20250413115811711_TIMING.jpg 1280w\" sizes=\"(max-width: 1024px) 100vw, 1024px\" \/><\/figure>\n\n\n\n<figure class=\"wp-block-image size-large\"><img loading=\"lazy\" decoding=\"async\" width=\"1024\" height=\"576\" data-id=\"8698\" src=\"https:\/\/mariangorynia.pl\/wp-content\/uploads\/15c270aefb2ea9f30eebaa5088cd976dc-172.20.23.120_01_20250413115810711_TIMING-1024x576.jpg\" alt=\"\" class=\"wp-image-8698\" srcset=\"https:\/\/mariangorynia.pl\/wp-content\/uploads\/15c270aefb2ea9f30eebaa5088cd976dc-172.20.23.120_01_20250413115810711_TIMING-1024x576.jpg 1024w, https:\/\/mariangorynia.pl\/wp-content\/uploads\/15c270aefb2ea9f30eebaa5088cd976dc-172.20.23.120_01_20250413115810711_TIMING-300x169.jpg 300w, https:\/\/mariangorynia.pl\/wp-content\/uploads\/15c270aefb2ea9f30eebaa5088cd976dc-172.20.23.120_01_20250413115810711_TIMING-768x432.jpg 768w, https:\/\/mariangorynia.pl\/wp-content\/uploads\/15c270aefb2ea9f30eebaa5088cd976dc-172.20.23.120_01_20250413115810711_TIMING-360x203.jpg 360w, https:\/\/mariangorynia.pl\/wp-content\/uploads\/15c270aefb2ea9f30eebaa5088cd976dc-172.20.23.120_01_20250413115810711_TIMING.jpg 1280w\" sizes=\"(max-width: 1024px) 100vw, 1024px\" \/><\/figure>\n\n\n\n<figure class=\"wp-block-image size-large\"><img loading=\"lazy\" decoding=\"async\" width=\"1024\" height=\"576\" data-id=\"8695\" src=\"https:\/\/mariangorynia.pl\/wp-content\/uploads\/1e9dfbc426c867802332104bc6d57e7c0-172.20.23.120_01_20250413115812711_TIMING-1024x576.jpg\" alt=\"\" class=\"wp-image-8695\" srcset=\"https:\/\/mariangorynia.pl\/wp-content\/uploads\/1e9dfbc426c867802332104bc6d57e7c0-172.20.23.120_01_20250413115812711_TIMING-1024x576.jpg 1024w, https:\/\/mariangorynia.pl\/wp-content\/uploads\/1e9dfbc426c867802332104bc6d57e7c0-172.20.23.120_01_20250413115812711_TIMING-300x169.jpg 300w, https:\/\/mariangorynia.pl\/wp-content\/uploads\/1e9dfbc426c867802332104bc6d57e7c0-172.20.23.120_01_20250413115812711_TIMING-768x432.jpg 768w, https:\/\/mariangorynia.pl\/wp-content\/uploads\/1e9dfbc426c867802332104bc6d57e7c0-172.20.23.120_01_20250413115812711_TIMING-360x203.jpg 360w, https:\/\/mariangorynia.pl\/wp-content\/uploads\/1e9dfbc426c867802332104bc6d57e7c0-172.20.23.120_01_20250413115812711_TIMING.jpg 1280w\" sizes=\"(max-width: 1024px) 100vw, 1024px\" \/><\/figure>\n<\/figure>\n\n\n\n<figure class=\"wp-block-image size-large is-resized\"><img loading=\"lazy\" decoding=\"async\" width=\"724\" height=\"1024\" src=\"https:\/\/mariangorynia.pl\/wp-content\/uploads\/dyplom-1-1-724x1024.jpg\" alt=\"\" class=\"wp-image-8731\" style=\"width:388px;height:auto\" srcset=\"https:\/\/mariangorynia.pl\/wp-content\/uploads\/dyplom-1-1-724x1024.jpg 724w, https:\/\/mariangorynia.pl\/wp-content\/uploads\/dyplom-1-1-212x300.jpg 212w, https:\/\/mariangorynia.pl\/wp-content\/uploads\/dyplom-1-1-768x1086.jpg 768w, https:\/\/mariangorynia.pl\/wp-content\/uploads\/dyplom-1-1-1087x1536.jpg 1087w, https:\/\/mariangorynia.pl\/wp-content\/uploads\/dyplom-1-1-191x270.jpg 191w, https:\/\/mariangorynia.pl\/wp-content\/uploads\/dyplom-1-1.jpg 1240w\" sizes=\"(max-width: 724px) 100vw, 724px\" \/><\/figure>\n","protected":false},"excerpt":{"rendered":"","protected":false},"author":1,"featured_media":0,"parent":0,"menu_order":0,"comment_status":"closed","ping_status":"closed","template":"","meta":{"footnotes":""},"class_list":["post-8694","page","type-page","status-publish","hentry"],"_links":{"self":[{"href":"https:\/\/mariangorynia.pl\/index.php?rest_route=\/wp\/v2\/pages\/8694"}],"collection":[{"href":"https:\/\/mariangorynia.pl\/index.php?rest_route=\/wp\/v2\/pages"}],"about":[{"href":"https:\/\/mariangorynia.pl\/index.php?rest_route=\/wp\/v2\/types\/page"}],"author":[{"embeddable":true,"href":"https:\/\/mariangorynia.pl\/index.php?rest_route=\/wp\/v2\/users\/1"}],"replies":[{"embeddable":true,"href":"https:\/\/mariangorynia.pl\/index.php?rest_route=%2Fwp%2Fv2%2Fcomments&post=8694"}],"version-history":[{"count":2,"href":"https:\/\/mariangorynia.pl\/index.php?rest_route=\/wp\/v2\/pages\/8694\/revisions"}],"predecessor-version":[{"id":8732,"href":"https:\/\/mariangorynia.pl\/index.php?rest_route=\/wp\/v2\/pages\/8694\/revisions\/8732"}],"wp:attachment":[{"href":"https:\/\/mariangorynia.pl\/index.php?rest_route=%2Fwp%2Fv2%2Fmedia&parent=8694"}],"curies":[{"name":"wp","href":"https:\/\/api.w.org\/{rel}","templated":true}]}}