{"id":8775,"date":"2025-06-09T14:00:37","date_gmt":"2025-06-09T12:00:37","guid":{"rendered":"https:\/\/mariangorynia.pl\/?page_id=8775"},"modified":"2025-06-09T14:00:37","modified_gmt":"2025-06-09T12:00:37","slug":"bieg-lwa-polmaraton-w-tarnowie-podgornym-24-05-2025","status":"publish","type":"page","link":"https:\/\/mariangorynia.pl\/?page_id=8775","title":{"rendered":"Bieg Lwa &#8211; P\u00f3\u0142maraton w Tarnowie Podg\u00f3rnym &#8211; 24.05.2025"},"content":{"rendered":"\n<p><a href=\"https:\/\/nowa.domtel-sport.pl\/wyniki,zawody,6094\"><strong>WYNIKI<\/strong><\/a><\/p>\n\n\n\n<figure class=\"wp-block-gallery has-nested-images columns-default is-cropped wp-block-gallery-1 is-layout-flex wp-block-gallery-is-layout-flex\">\n<figure class=\"wp-block-image size-large\"><img loading=\"lazy\" decoding=\"async\" width=\"1024\" height=\"537\" data-id=\"8776\" src=\"https:\/\/mariangorynia.pl\/wp-content\/uploads\/30388-1024x537.jpg\" alt=\"\" class=\"wp-image-8776\" srcset=\"https:\/\/mariangorynia.pl\/wp-content\/uploads\/30388-1024x537.jpg 1024w, https:\/\/mariangorynia.pl\/wp-content\/uploads\/30388-300x157.jpg 300w, https:\/\/mariangorynia.pl\/wp-content\/uploads\/30388-768x403.jpg 768w, https:\/\/mariangorynia.pl\/wp-content\/uploads\/30388-360x189.jpg 360w, https:\/\/mariangorynia.pl\/wp-content\/uploads\/30388.jpg 1300w\" sizes=\"(max-width: 1024px) 100vw, 1024px\" \/><\/figure>\n\n\n\n<figure class=\"wp-block-image size-large\"><img loading=\"lazy\" decoding=\"async\" width=\"1024\" height=\"768\" data-id=\"8777\" src=\"https:\/\/mariangorynia.pl\/wp-content\/uploads\/IMG-20250524-WA0016-1024x768.jpg\" alt=\"\" class=\"wp-image-8777\" srcset=\"https:\/\/mariangorynia.pl\/wp-content\/uploads\/IMG-20250524-WA0016-1024x768.jpg 1024w, https:\/\/mariangorynia.pl\/wp-content\/uploads\/IMG-20250524-WA0016-300x225.jpg 300w, https:\/\/mariangorynia.pl\/wp-content\/uploads\/IMG-20250524-WA0016-768x576.jpg 768w, https:\/\/mariangorynia.pl\/wp-content\/uploads\/IMG-20250524-WA0016-1536x1153.jpg 1536w, https:\/\/mariangorynia.pl\/wp-content\/uploads\/IMG-20250524-WA0016-360x270.jpg 360w, https:\/\/mariangorynia.pl\/wp-content\/uploads\/IMG-20250524-WA0016.jpg 1599w\" sizes=\"(max-width: 1024px) 100vw, 1024px\" \/><\/figure>\n\n\n\n<figure class=\"wp-block-image size-large\"><img loading=\"lazy\" decoding=\"async\" width=\"1024\" height=\"577\" data-id=\"8778\" src=\"https:\/\/mariangorynia.pl\/wp-content\/uploads\/20250525_055137-1024x577.jpg\" alt=\"\" class=\"wp-image-8778\" srcset=\"https:\/\/mariangorynia.pl\/wp-content\/uploads\/20250525_055137-1024x577.jpg 1024w, https:\/\/mariangorynia.pl\/wp-content\/uploads\/20250525_055137-300x169.jpg 300w, https:\/\/mariangorynia.pl\/wp-content\/uploads\/20250525_055137-768x432.jpg 768w, https:\/\/mariangorynia.pl\/wp-content\/uploads\/20250525_055137-1536x865.jpg 1536w, https:\/\/mariangorynia.pl\/wp-content\/uploads\/20250525_055137-2048x1153.jpg 2048w, https:\/\/mariangorynia.pl\/wp-content\/uploads\/20250525_055137-360x203.jpg 360w\" sizes=\"(max-width: 1024px) 100vw, 1024px\" \/><\/figure>\n<\/figure>\n\n\n\n<p><\/p>\n","protected":false},"excerpt":{"rendered":"<p>WYNIKI<\/p>\n","protected":false},"author":1,"featured_media":0,"parent":0,"menu_order":0,"comment_status":"closed","ping_status":"closed","template":"","meta":{"footnotes":""},"class_list":["post-8775","page","type-page","status-publish","hentry"],"_links":{"self":[{"href":"https:\/\/mariangorynia.pl\/index.php?rest_route=\/wp\/v2\/pages\/8775"}],"collection":[{"href":"https:\/\/mariangorynia.pl\/index.php?rest_route=\/wp\/v2\/pages"}],"about":[{"href":"https:\/\/mariangorynia.pl\/index.php?rest_route=\/wp\/v2\/types\/page"}],"author":[{"embeddable":true,"href":"https:\/\/mariangorynia.pl\/index.php?rest_route=\/wp\/v2\/users\/1"}],"replies":[{"embeddable":true,"href":"https:\/\/mariangorynia.pl\/index.php?rest_route=%2Fwp%2Fv2%2Fcomments&post=8775"}],"version-history":[{"count":1,"href":"https:\/\/mariangorynia.pl\/index.php?rest_route=\/wp\/v2\/pages\/8775\/revisions"}],"predecessor-version":[{"id":8779,"href":"https:\/\/mariangorynia.pl\/index.php?rest_route=\/wp\/v2\/pages\/8775\/revisions\/8779"}],"wp:attachment":[{"href":"https:\/\/mariangorynia.pl\/index.php?rest_route=%2Fwp%2Fv2%2Fmedia&parent=8775"}],"curies":[{"name":"wp","href":"https:\/\/api.w.org\/{rel}","templated":true}]}}