{"id":892,"date":"2019-11-18T12:53:32","date_gmt":"2019-11-18T11:53:32","guid":{"rendered":"http:\/\/centaur2.ue.poznan.pl\/mgorynia\/?page_id=892"},"modified":"2025-08-11T13:50:28","modified_gmt":"2025-08-11T11:50:28","slug":"strona-glowna-2","status":"publish","type":"page","link":"https:\/\/mariangorynia.pl\/","title":{"rendered":"Witam Pa\u0144stwa na mojej stronie internetowej."},"content":{"rendered":"<div class=\"wp-block-image\">\n<figure class=\"alignleft is-resized\"><img loading=\"lazy\" decoding=\"async\" width=\"647\" height=\"1024\" src=\"http:\/\/centaur2.ue.poznan.pl\/mgorynia\/wp-content\/uploads\/19-21.11.18__0132-647x1024.jpg\" alt=\"\" class=\"wp-image-901\" style=\"width:313px;height:495px\" srcset=\"https:\/\/mariangorynia.pl\/wp-content\/uploads\/19-21.11.18__0132-647x1024.jpg 647w, https:\/\/mariangorynia.pl\/wp-content\/uploads\/19-21.11.18__0132-190x300.jpg 190w, https:\/\/mariangorynia.pl\/wp-content\/uploads\/19-21.11.18__0132-768x1215.jpg 768w, https:\/\/mariangorynia.pl\/wp-content\/uploads\/19-21.11.18__0132-171x270.jpg 171w\" sizes=\"(max-width: 647px) 100vw, 647px\" \/><\/figure><\/div>\n\n\n<h4 class=\"wp-block-heading\"><strong>Biografia<\/strong><\/h4>\n\n\n\n<p span=\"\" style=\"color: #000000\">Studia magisterskie uko\u0144czy\u0142 w 1980 roku na Akademii Ekonomicznej w Poznaniu\n(27 grudnia 2008 roku przemianowanej na Uniwersytet Ekonomiczny w Poznaniu). Od pocz\u0105tku kariery zawodowej nierozerwalnie zwi\u0105zany z Uczelni\u0105, gdzie przeszed\u0142 wszystkie szczeble awansu zawodowego. Swoj\u0105 drog\u0119 zawodow\u0105 rozpocz\u0105\u0142 w 1983 roku od asystentury w Instytucie Mi\u0119dzynarodowych Stosunk\u00f3w Gospodarczych.<br>\nPo obronie doktoratu w 1985 roku awansowa\u0142 na stanowisko starszego asystenta, by rok p\u00f3\u017aniej obj\u0105\u0107 stanowisko adiunkta w tym\u017ce Instytucie.<br>\nPo uzyskaniu stopnia doktora habilitowanego nauk ekonomicznych zosta\u0142 w 1998 roku mianowany na stanowisko profesora Akademii Ekonomicznej w Poznaniu. W 2000 roku uzyska\u0142 tytu\u0142 naukowy profesora nauk ekonomicznych.<br> \nOd 2003 roku zajmuje stanowisko profesora zwyczajnego na Akademii Ekonomicznej w Poznaniu (obecnie Uniwersytet Ekonomiczny w Poznaniu).\n<\/p>\n\n\n\n<p span=\"\" style=\"color: #000000\">W latach 1999-2002 sprawowa\u0142 funkcj\u0119 Prodziekana Wydzia\u0142u Zarz\u0105dzania Akademii Ekonomicznej w Poznaniu. W latach 2002-2008, przez dwie kadencje, by\u0142 Prorektorem ds. Nauki i Wsp\u00f3\u0142pracy z Zagranic\u0105. W latach 2008-2016 pe\u0142ni\u0142 funkcj\u0119 Rektora Uniwersytetu Ekonomicznego w Poznaniu.<\/p>\n\n\n\n<p span=\"\" style=\"color: #000000\">Odby\u0142 sta\u017ce naukowe, wyjazdy konsultacyjne oraz pobyty studyjne w zagranicznych o\u015brodkach naukowych: na Uniwersytecie w Lyonie (Lyon III) we Francji (1987), w Buckinghamshire College of Higher Education oraz w Nottingham Trent University w Wielkiej Brytanii (1990, 1991-1992), na Uniwersytecie Nauk Spo\u0142ecznych w Tuluzie we Francji (1991), w wy\u017cszych szko\u0142ach biznesu w Barcelonie i Lizbonie (1992), w Institut de Gestion des Enterprises w Rennes we Francji (1997) oraz na Uniwersytecie Georga Augusta w Getyndze \u2013 (1997, 1998 i 1999).<\/p>\n\n\n\n<p span=\"\" style=\"color: #000000\">Jest cz\u0142onkiem Komitetu Nauk Ekonomicznych Polskiej Akademii Nauk. Profesor Gorynia jest redaktorem naczelnym \u201eEkonomisty\u201d, wchodzi w sk\u0142ad Komitetu Redakcyjnego \u201eGospodarki Narodowej\u201d, Rady Programowej pisma \u201dProblemy Zarz\u0105dzania\u201d \u2013 Wydzia\u0142 Zarz\u0105dzania Uniwersytetu Warszawskiego oraz komitet\u00f3w redakcyjnych czasopism zagranicznych Journal of Transnational Management, International Journal of Institutional Governance.<\/p>\n\n\n\n<p span=\"\" style=\"color: #000000\">Cz\u0142onek Polskiego Towarzystwa Ekonomicznego, Pozna\u0144skiego Towarzystwa Przyjaci\u00f3\u0142 Nauk, Towarzystwa Naukowego Organizacji i Kierownictwa, Academy of International Business, European International Business Academy, a tak\u017ce International Management Development Association.<\/p>\n\n\n\n<p span=\"\" style=\"color: #000000\">Profesor Marian Gorynia pe\u0142ni\/pe\u0142ni\u0142 r\u00f3\u017cne funkcje zawodowe, honorowe i spo\u0142eczne takie jak:<br>\n<ul><span style=\"color: black\">\n<li><span style=\"color: black\">cz\u0142onek Rady Uczelni Uniwersytetu Ekonomicznego w Poznaniu (2019-2024),<\/li>\n<li><span style=\"color: black\">Przewodnicz\u0105cy Kapitu\u0142y \u201eMedalu za Zas\u0142ugi dla Uniwersytetu Ekonomicznego w Poznaniu\u201d,<\/li>\n<li><span style=\"color: black\">cz\u0142onek Rady Naukowo-Programowej Wielkopolskiej Izby Przemys\u0142owo-Handlowej,<\/li>\n<li><span style=\"color: black\">przewodnicz\u0105cy Rady Teatru Muzycznego w Poznaniu, <\/li>\n<li><span style=\"color: black\">cz\u0142onek Prezydium Komitetu Nauk Ekonomicznych PAN (2020-2024), <\/li>\n<li><span style=\"color: black\">wiceprzewodnicz\u0105cy Rady Doskona\u0142o\u015bci Naukowej, <\/li>\n<li><span style=\"color: black\">cz\u0142onek Rady Akademickiego i Naukowego Poznania, <\/li>\n<li><span style=\"color: black\">prezes Polskiego Towarzystwa Ekonomicznego, <\/li>\n<li><span style=\"color: black\">cz\u0142onek korespondent PAN w Wydziale I Nauk Humanistycznych i Spo\u0142ecznych PAN, <\/li>\n<li><span style=\"color: black\">cz\u0142onek Rady Naukowej Instytutu Nauk Ekonomicznych PAN, <\/li>\n<li><span style=\"color: black\">redaktor naczelny czasopisma &#8222;Ekonomista&#8221;, <\/li>\n<li><span style=\"color: black\">przewodnicz\u0105cy Rady Nadzorczej AQUANET S.A. <\/li><\/ul><\/p>\n\n\n\n<!--<p span=\"\" style=\"color: #000000\">Profesor Marian Gorynia pe\u0142ni\/pe\u0142ni\u0142 r\u00f3\u017cne funkcje zawodowe, honorowe i spo\u0142eczne takie jak:<br>\n<ul><span style=\"color: black\"><li><span style=\"color: black\">radca Wielkopolskiej Izby Przemys\u0142owo-Handlowej (1995-1999),<\/li>\n<li><span style=\"color: black\">cz\u0142onek Komitetu Nauk Ekonomicznych Polskiej Akademii Nauk (kadencje: 2003-2006, 2007-2010, 2011-2014, 2014-2017, 2017-2020, 2020 \u2013 obecnie),<\/li><li><span style=\"color: black\">cz\u0142onek Wielkopolskiego Komitetu Monitoruj\u0105cego Programy Rozwoju Regionalnego (2004-2008),<\/li><li><span style=\"color: black\">cz\u0142onek Rady Naukowej Polskiego Towarzystwa Ekonomicznego (2005- 2021),<\/li><li><span style=\"color: black\">cz\u0142onek Rady Naukowej Instytutu Nauk Ekonomicznych Polskiej Akademii Nauk (2007-2010, 2011-2014),<\/li><li><span style=\"color: black\">przewodnicz\u0105cy Kapitu\u0142y Z\u0142otego Hipolita na rok 2010 i dalsze,<\/li><li><span style=\"color: black\">cz\u0142onek Centralnej Komisji ds. Stopni i Tytu\u0142\u00f3w (2011-2012 oraz 2017-2020),<\/li><li><span style=\"color: black\">cz\u0142onek Krajowej Rady Przedsi\u0119biorczo\u015bci (2013-2015),<\/li><li><span style=\"color: black\">cz\u0142onek kapitu\u0142y konkursu Rzeczpospolitej i Ministerstwa Gospodarki \u2013  S\u0142awa Polski, Or\u0142y Eksportu, Dobra Firma (2013, 2015),<\/li><li><span style=\"color: black\">przewodnicz\u0105cy Rady Naukowo-Programowej Wielkopolskiej Izby Przemys\u0142owo-Handlowej (2008-2016) oraz cz\u0142onek Rady Naukowo-Programowej Wielkopolskiej Izby Przemys\u0142owo-Handlowej (2008 \u2013 obecnie),<\/li><li><span style=\"color: black\">cz\u0142onek Kapitu\u0142y Nagrody Gospodarczej Prezydenta RP (2011-2015),<\/li><li><span style=\"color: black\">cz\u0142onek Wielkopolskiej Rady Trzydziestu (2011-2014),<\/li><li><span style=\"color: black\">przewodnicz\u0105cy Konferencji Rektor\u00f3w Uczelni Ekonomicznych (2012\/2013-2015\/2016),<\/li><li><span style=\"color: black\">wiceprzewodnicz\u0105cy Kolegium Rektor\u00f3w Miasta Poznania (2012-2016),<\/li><li><span style=\"color: black\">przewodnicz\u0105cy Rady Naukowej Polskiego Towarzystwa Ekonomicznego (2015- obecnie),<\/li><li><span style=\"color: black\">cz\u0142onek Rady Teatru Muzycznego w Poznaniu oraz wiceprzewodnicz\u0105cy Rady Teatru Muzycznego w Poznaniu (2016 \u2013 obecnie),<\/li><li><span style=\"color: black\">zast\u0119pca przewodnicz\u0105cego Centralnej Komisji ds. Stopni i Tytu\u0142\u00f3w (2017-2020),<\/li><li><span style=\"color: black\">zast\u0119pca Przewodnicz\u0105cego Komisji ds. Ekonomicznych Konferencji Rektor\u00f3w Akademickich Szk\u00f3\u0142 Polskich (2016-2020),<\/li><li><span style=\"color: black\">cz\u0142onek Komisji ds. Wsp\u00f3\u0142pracy Mi\u0119dzynarodowej Konferencji Akademickich Szk\u00f3\u0142 Polskich (2016-2020),<\/li><li><span style=\"color: black\">cz\u0142onek Prezydium Komitetu Nauk Ekonomicznych PAN (2019 \u2013 obecnie),<\/li><li><span style=\"color: black\">wiceprzewodnicz\u0105cy Rady Doskona\u0142o\u015bci Naukowej (2019 \u2013 obecnie),<\/li><li><span style=\"color: black\">cz\u0142onek Rady Akademickiego i Naukowego Poznania (2021 \u2013 obecnie),<\/li><li><span style=\"color: black\">prezes Polskiego Towarzystwa Ekonomicznego (2021- 2026),<\/li><li><span style=\"color: black\">cz\u0142onek korespondent PAN w Wydziale I Nauk Humanistycznych i Spo\u0142ecznych (2021-obecnie),<\/li><\/ul><\/p>-->\n\n\n\n<hr class=\"wp-block-separator has-css-opacity\"\/>\n\n\n\n<h4 class=\"wp-block-heading\"><strong>Problematyka badawcza<\/strong><br><\/h4>\n\n\n\n<ul span=\"\" style=\"color: #000000\"><li>konkurencyjno\u015b\u0107 przedsi\u0119biorstwa,<\/li><li>strategie przedsi\u0119biorstw w biznesie mi\u0119dzynarodowym,<\/li><li>strategie inwestor\u00f3w zagranicznych w Polsce,<\/li><li>ekspansja firm polskich na rynki mi\u0119dzynarodowe,<\/li><li>mezoekonomia,<\/li><li>polityka wspierania konkurencyjno\u015bci.<\/li><\/ul>\n\n\n\n<hr class=\"wp-block-separator has-css-opacity\"\/>\n\n\n\n<div class=\"wp-block-group is-nowrap is-layout-flex wp-container-core-group-is-layout-1 wp-block-group-is-layout-flex\">\n<figure class=\"wp-block-image size-full is-resized\"><a href=\"mailto:m.gorynia@ue.poznan.pl\"><img loading=\"lazy\" decoding=\"async\" width=\"110\" height=\"112\" src=\"https:\/\/mariangorynia.pl\/wp-content\/uploads\/email.jpg\" alt=\"\" class=\"wp-image-8518\" style=\"width:86px;height:auto\"\/><\/a><\/figure>\n\n\n\n<figure class=\"wp-block-image size-full\"><a href=\"https:\/\/ludzie.nauka.gov.pl\/ln\/profiles\/BMKLpfjZbvq\"><img loading=\"lazy\" decoding=\"async\" width=\"110\" height=\"111\" src=\"https:\/\/mariangorynia.pl\/wp-content\/uploads\/pbn.jpg\" alt=\"\" class=\"wp-image-8519\"\/><\/a><\/figure>\n\n\n\n<figure class=\"wp-block-image size-full\"><a href=\"https:\/\/orcid.org\/0000-0002-7633-8249\"><img loading=\"lazy\" decoding=\"async\" width=\"115\" height=\"110\" src=\"https:\/\/mariangorynia.pl\/wp-content\/uploads\/orcid.jpg\" alt=\"\" class=\"wp-image-8521\"\/><\/a><\/figure>\n\n\n\n<figure class=\"wp-block-image size-full\"><a href=\"https:\/\/www.researchgate.net\/profile\/Marian-Gorynia\"><img loading=\"lazy\" decoding=\"async\" width=\"105\" height=\"110\" src=\"https:\/\/mariangorynia.pl\/wp-content\/uploads\/RG.jpg\" alt=\"\" class=\"wp-image-8522\"\/><\/a><\/figure>\n\n\n\n<figure class=\"wp-block-image size-full\"><a href=\"https:\/\/poznan.academia.edu\/MarianGorynia\"><img loading=\"lazy\" decoding=\"async\" width=\"110\" height=\"109\" src=\"https:\/\/mariangorynia.pl\/wp-content\/uploads\/academia.jpg\" alt=\"\" class=\"wp-image-8523\"\/><\/a><\/figure>\n\n\n\n<figure class=\"wp-block-image size-full\"><a href=\"https:\/\/scholar.google.pl\/citations?user=UZGgJ2sAAAAJ&amp;hl=pl\"><img loading=\"lazy\" decoding=\"async\" width=\"107\" height=\"112\" src=\"https:\/\/mariangorynia.pl\/wp-content\/uploads\/GS.jpg\" alt=\"\" class=\"wp-image-8524\"\/><\/a><\/figure>\n\n\n\n<figure class=\"wp-block-image size-full\"><a href=\"https:\/\/www.scopus.com\/authid\/detail.uri?authorId=6508093667\"><img loading=\"lazy\" decoding=\"async\" width=\"108\" height=\"111\" src=\"https:\/\/mariangorynia.pl\/wp-content\/uploads\/scopus.jpg\" alt=\"\" class=\"wp-image-8525\"\/><\/a><\/figure>\n\n\n\n<figure class=\"wp-block-image size-full is-resized\"><a href=\"https:\/\/www.webofscience.com\/wos\/author\/record\/P-7786-2018\"><img loading=\"lazy\" decoding=\"async\" width=\"416\" height=\"389\" src=\"https:\/\/mariangorynia.pl\/wp-content\/uploads\/wos.jpg\" alt=\"\" class=\"wp-image-8526\" style=\"width:81px;height:auto\" srcset=\"https:\/\/mariangorynia.pl\/wp-content\/uploads\/wos.jpg 416w, https:\/\/mariangorynia.pl\/wp-content\/uploads\/wos-300x281.jpg 300w, https:\/\/mariangorynia.pl\/wp-content\/uploads\/wos-289x270.jpg 289w\" sizes=\"(max-width: 416px) 100vw, 416px\" \/><\/a><\/figure>\n\n\n\n<figure class=\"wp-block-image size-full is-resized\"><a href=\"https:\/\/pl.wikipedia.org\/wiki\/Marian_Gorynia\"><img loading=\"lazy\" decoding=\"async\" width=\"433\" height=\"431\" src=\"https:\/\/mariangorynia.pl\/wp-content\/uploads\/wiki.jpg\" alt=\"\" class=\"wp-image-8527\" style=\"width:93px;height:auto\" srcset=\"https:\/\/mariangorynia.pl\/wp-content\/uploads\/wiki.jpg 433w, https:\/\/mariangorynia.pl\/wp-content\/uploads\/wiki-300x300.jpg 300w, https:\/\/mariangorynia.pl\/wp-content\/uploads\/wiki-150x150.jpg 150w, https:\/\/mariangorynia.pl\/wp-content\/uploads\/wiki-271x270.jpg 271w\" sizes=\"(max-width: 433px) 100vw, 433px\" \/><\/a><\/figure>\n<\/div>\n\n\n\n<p class=\"has-black-color has-text-color has-link-color wp-elements-fb58e33f952c63685f3930cb9cc6f53e\"><strong>KONTAKT<\/strong><br>Uniwersytet Ekonomiczny w Poznaniu<br>Al. Niepodleg\u0142o\u015bci 10 <br>60-875 Pozna\u0144 <br><a href=\"https:\/\/ue.poznan.pl\/pl\/uniwersytet,c13\/instytut-gospodarki-miedzynarodowej,c13034\/\">Instytut Gospodarki Mi\u0119dzynarodowej<\/a> <br>Collegium Altum, VI pi\u0119tro, pok. 612&nbsp; <br>tel. (061) 854-33-14, (061) 854-33-15<\/p>\n\n\n\n<hr class=\"wp-block-separator has-alpha-channel-opacity\"\/>\n\n\n\n<p><\/p>\n","protected":false},"excerpt":{"rendered":"<p>Biografia Studia magisterskie uko\u0144czy\u0142 w 1980 roku na Akademii Ekonomicznej w Poznaniu (27 grudnia 2008 roku przemianowanej na Uniwersytet Ekonomiczny w Poznaniu). Od pocz\u0105tku kariery zawodowej nierozerwalnie zwi\u0105zany z Uczelni\u0105, gdzie przeszed\u0142 wszystkie szczeble awansu zawodowego. Swoj\u0105 drog\u0119 zawodow\u0105 rozpocz\u0105\u0142&hellip;&nbsp;<a href=\"https:\/\/mariangorynia.pl\/\" class=\"more-link\">Read More<\/a><\/p>\n","protected":false},"author":1,"featured_media":0,"parent":0,"menu_order":0,"comment_status":"closed","ping_status":"closed","template":"","meta":{"footnotes":""},"class_list":["post-892","page","type-page","status-publish","hentry"],"_links":{"self":[{"href":"https:\/\/mariangorynia.pl\/index.php?rest_route=\/wp\/v2\/pages\/892"}],"collection":[{"href":"https:\/\/mariangorynia.pl\/index.php?rest_route=\/wp\/v2\/pages"}],"about":[{"href":"https:\/\/mariangorynia.pl\/index.php?rest_route=\/wp\/v2\/types\/page"}],"author":[{"embeddable":true,"href":"https:\/\/mariangorynia.pl\/index.php?rest_route=\/wp\/v2\/users\/1"}],"replies":[{"embeddable":true,"href":"https:\/\/mariangorynia.pl\/index.php?rest_route=%2Fwp%2Fv2%2Fcomments&post=892"}],"version-history":[{"count":46,"href":"https:\/\/mariangorynia.pl\/index.php?rest_route=\/wp\/v2\/pages\/892\/revisions"}],"predecessor-version":[{"id":8850,"href":"https:\/\/mariangorynia.pl\/index.php?rest_route=\/wp\/v2\/pages\/892\/revisions\/8850"}],"wp:attachment":[{"href":"https:\/\/mariangorynia.pl\/index.php?rest_route=%2Fwp%2Fv2%2Fmedia&parent=892"}],"curies":[{"name":"wp","href":"https:\/\/api.w.org\/{rel}","templated":true}]}}